{"id":35861,"date":"2026-05-12T12:10:09","date_gmt":"2026-05-12T10:10:09","guid":{"rendered":"https:\/\/kaotostore.com\/?post_type=product&#038;p=35861"},"modified":"2026-05-13T13:29:49","modified_gmt":"2026-05-13T11:29:49","slug":"bioshock-2-playstation-3","status":"publish","type":"product","link":"https:\/\/kaotostore.com\/en\/product\/bioshock-2-playstation-3\/","title":{"rendered":"Bioshock 2 PLAYSTATION 3"},"content":{"rendered":"<p><strong><span style=\"color: #ff0505;\">Si desea im\u00e1genes adicionales del producto, puede solicitarlas desde el formulario de contacto o en el email kaototienda@gmail.com<\/span><\/strong><\/p>\n<p><strong>-Precintado, nuevo a estrenar<\/strong><\/p>\n<p>Sum\u00e9rgete de nuevo en el espectacular e inolvidable mundo de Rapture con\u00a0<em><strong>BioShock 2<\/strong><\/em>, el segundo juego de la franquicia que ha ganado m\u00e1s de 50 premios al Mejor Juego del A\u00f1o.\u00a0<em><strong>BioShock 2<\/strong><\/em>\u00a0aporta a los jugadores una mezcla de combate explosivo de first person shooter con una profunda narrativa para crear uno de los t\u00edtulos m\u00e1s esperados de 2009.<\/p>\n<p>Vive el poder y la fuerza bruta de los habitantes m\u00e1s temerosos de Rapture mientras que tomas el papel del personaje m\u00e1s ic\u00f3nico y significativo de BioShock: el Big Daddy.<\/p>\n<p>Adem\u00e1s de un rico y profundo modo campa\u00f1a, tambi\u00e9n se le suma el modo multijugador de\u00a0<em><strong>BioShock 2<\/strong><\/em>, que aportar\u00e1 una gran experiencia de juego y que expande la historia de los or\u00edgenes de la ficci\u00f3n de BioShock. Situado en el declive de Rapture, los jugadores tomar\u00e1n el papel de un personaje escogido para probar los nuevos pl\u00e1smidos de Sinclair Solutions, un importante proveedor de pl\u00e1smidos y t\u00f3nicas para la sumergida ciudad de Rapture.<\/p>","protected":false},"excerpt":{"rendered":"<p>Si desea im\u00e1genes adicionales del producto, puede solicitarlas desde el formulario de contacto o en el email kaototienda@gmail.com -Precintado, nuevo a estrenar Sum\u00e9rgete de nuevo en el espectacular e inolvidable mundo de Rapture con\u00a0BioShock 2, el segundo juego de la franquicia que ha ganado m\u00e1s de 50 premios al Mejor Juego del A\u00f1o.\u00a0BioShock 2\u00a0aporta a [&hellip;]<\/p>\n","protected":false},"featured_media":35862,"template":"","meta":{"ocean_post_layout":"","ocean_both_sidebars_style":"","ocean_both_sidebars_content_width":0,"ocean_both_sidebars_sidebars_width":0,"ocean_sidebar":"0","ocean_second_sidebar":"0","ocean_disable_margins":"enable","ocean_add_body_class":"","ocean_shortcode_before_top_bar":"","ocean_shortcode_after_top_bar":"","ocean_shortcode_before_header":"","ocean_shortcode_after_header":"","ocean_has_shortcode":"","ocean_shortcode_after_title":"","ocean_shortcode_before_footer_widgets":"","ocean_shortcode_after_footer_widgets":"","ocean_shortcode_before_footer_bottom":"","ocean_shortcode_after_footer_bottom":"","ocean_display_top_bar":"default","ocean_display_header":"default","ocean_header_style":"","ocean_center_header_left_menu":"0","ocean_custom_header_template":"0","ocean_custom_logo":0,"ocean_custom_retina_logo":0,"ocean_custom_logo_max_width":0,"ocean_custom_logo_tablet_max_width":0,"ocean_custom_logo_mobile_max_width":0,"ocean_custom_logo_max_height":0,"ocean_custom_logo_tablet_max_height":0,"ocean_custom_logo_mobile_max_height":0,"ocean_header_custom_menu":"0","ocean_menu_typo_font_family":"0","ocean_menu_typo_font_subset":"","ocean_menu_typo_font_size":0,"ocean_menu_typo_font_size_tablet":0,"ocean_menu_typo_font_size_mobile":0,"ocean_menu_typo_font_size_unit":"px","ocean_menu_typo_font_weight":"","ocean_menu_typo_font_weight_tablet":"","ocean_menu_typo_font_weight_mobile":"","ocean_menu_typo_transform":"","ocean_menu_typo_transform_tablet":"","ocean_menu_typo_transform_mobile":"","ocean_menu_typo_line_height":0,"ocean_menu_typo_line_height_tablet":0,"ocean_menu_typo_line_height_mobile":0,"ocean_menu_typo_line_height_unit":"","ocean_menu_typo_spacing":0,"ocean_menu_typo_spacing_tablet":0,"ocean_menu_typo_spacing_mobile":0,"ocean_menu_typo_spacing_unit":"","ocean_menu_link_color":"","ocean_menu_link_color_hover":"","ocean_menu_link_color_active":"","ocean_menu_link_background":"","ocean_menu_link_hover_background":"","ocean_menu_link_active_background":"","ocean_menu_social_links_bg":"","ocean_menu_social_hover_links_bg":"","ocean_menu_social_links_color":"","ocean_menu_social_hover_links_color":"","ocean_disable_title":"default","ocean_disable_heading":"default","ocean_post_title":"","ocean_post_subheading":"","ocean_post_title_style":"","ocean_post_title_background_color":"","ocean_post_title_background":0,"ocean_post_title_bg_image_position":"","ocean_post_title_bg_image_attachment":"","ocean_post_title_bg_image_repeat":"","ocean_post_title_bg_image_size":"","ocean_post_title_height":0,"ocean_post_title_bg_overlay":0.5,"ocean_post_title_bg_overlay_color":"","ocean_disable_breadcrumbs":"default","ocean_breadcrumbs_color":"","ocean_breadcrumbs_separator_color":"","ocean_breadcrumbs_links_color":"","ocean_breadcrumbs_links_hover_color":"","ocean_display_footer_widgets":"default","ocean_display_footer_bottom":"default","ocean_custom_footer_template":"0"},"product_brand":[],"product_cat":[106,128],"product_tag":[],"class_list":{"0":"post-35861","1":"product","2":"type-product","3":"status-publish","4":"has-post-thumbnail","6":"product_cat-playstation-3","7":"product_cat-ultimas-entradas","9":"entry","10":"has-media","12":"first","13":"instock","14":"taxable","15":"shipping-taxable","16":"purchasable","17":"product-type-simple","18":"col","19":"span_1_of_3","20":"owp-content-center","21":"owp-thumbs-layout-horizontal","22":"owp-btn-normal","23":"owp-tabs-layout-horizontal","24":"has-no-thumbnails"},"aioseo_notices":[],"_links":{"self":[{"href":"https:\/\/kaotostore.com\/en\/wp-json\/wp\/v2\/product\/35861","targetHints":{"allow":["GET"]}}],"collection":[{"href":"https:\/\/kaotostore.com\/en\/wp-json\/wp\/v2\/product"}],"about":[{"href":"https:\/\/kaotostore.com\/en\/wp-json\/wp\/v2\/types\/product"}],"wp:featuredmedia":[{"embeddable":true,"href":"https:\/\/kaotostore.com\/en\/wp-json\/wp\/v2\/media\/35862"}],"wp:attachment":[{"href":"https:\/\/kaotostore.com\/en\/wp-json\/wp\/v2\/media?parent=35861"}],"wp:term":[{"taxonomy":"product_brand","embeddable":true,"href":"https:\/\/kaotostore.com\/en\/wp-json\/wp\/v2\/product_brand?post=35861"},{"taxonomy":"product_cat","embeddable":true,"href":"https:\/\/kaotostore.com\/en\/wp-json\/wp\/v2\/product_cat?post=35861"},{"taxonomy":"product_tag","embeddable":true,"href":"https:\/\/kaotostore.com\/en\/wp-json\/wp\/v2\/product_tag?post=35861"}],"curies":[{"name":"wp","href":"https:\/\/api.w.org\/{rel}","templated":true}]}}