{"id":35425,"date":"2026-04-28T14:05:44","date_gmt":"2026-04-28T12:05:44","guid":{"rendered":"https:\/\/kaotostore.com\/?post_type=product&#038;p=35425"},"modified":"2026-05-13T18:53:42","modified_gmt":"2026-05-13T16:53:42","slug":"kena-bridge-spirits-deluxe-edition-playstation-5","status":"publish","type":"product","link":"https:\/\/kaotostore.com\/en\/product\/kena-bridge-spirits-deluxe-edition-playstation-5\/","title":{"rendered":"Kena Bridge Spirits Deluxe Edition PLAYSTATION 5"},"content":{"rendered":"<p><strong><span style=\"color: #ff0000;\">Si desea im\u00e1genes adicionales del producto, puede solicitarlas desde el formulario de contacto o en el email kaototienda@gmail.com<\/span><\/strong><\/p>\n<p><strong>-Precintado, nuevo a estrenar<\/strong><\/p>\n<p><strong>La versi\u00f3n f\u00edsica de Kena: Bridge of Spirits \u2013 Deluxe Edition incluye: <\/strong><\/p>\n<ul>\n<li>Juego base<\/li>\n<li>Banda sonora original en formato digital<\/li>\n<li>Bast\u00f3n exclusivo de Kena<\/li>\n<li>Aspecto de Rot dorado<\/li>\n<li>Hoja de pegatinas exclusivas en formato f\u00edsico<\/li>\n<li>Gorros decelebraci\u00f3n para Rots.<\/li>\n<\/ul>\n<p>M\u00e9tete en la piel de Kena, forma un equipo de adorables esp\u00edritus llamados Rot, mejora sus habilidades y aprende nuevas t\u00e9cnicas de manipulaci\u00f3n del entorno.<\/p>\n<p>Kena, una joven gu\u00eda espiritual viaja hasta una aldea abandonada en busca del santuario de la monta\u00f1a sagrada. All\u00ed lucha por desvelar los secretos de esta comunidad olvidada y oculta en un exuberante bosque donde vagan esp\u00edritus cautivos.<\/p>\n<p><strong>Caracter\u00edsticas:<\/p>\n<p>Encuentra a los Rot<\/strong><br \/>\nLos t\u00edmidos e ilusorios esp\u00edritus est\u00e1n dispersos por todo el bosque. Para mantener el equilibrio, descomponen elementos muertos y putrefactos. Crea tu equipo: encuentra y recoge Rot para obtener poderosas habilidades, realizar descubrimientos y transformar el entorno.<\/p>\n<p><strong>Explora<\/strong><br \/>\nUna aldea olvidada y una extra\u00f1a maldici\u00f3n. Haz uso del poder del reino espiritual para restablecer un mundo otrora majestuoso.<\/p>\n<p><strong>Combates fren\u00e9ticos<\/strong><br \/>\nEnfr\u00e9ntate con Kena a esp\u00edritus corruptos que han sido atrapados y son incapaces de escapar.<\/p>\n<p>&nbsp;<\/p>\n<p>&nbsp;<\/p>","protected":false},"excerpt":{"rendered":"<p>Si desea im\u00e1genes adicionales del producto, puede solicitarlas desde el formulario de contacto o en el email kaototienda@gmail.com -Precintado, nuevo a estrenar La versi\u00f3n f\u00edsica de Kena: Bridge of Spirits \u2013 Deluxe Edition incluye: Juego base Banda sonora original en formato digital Bast\u00f3n exclusivo de Kena Aspecto de Rot dorado Hoja de pegatinas exclusivas en [&hellip;]<\/p>\n","protected":false},"featured_media":35426,"template":"","meta":{"ocean_post_layout":"","ocean_both_sidebars_style":"","ocean_both_sidebars_content_width":0,"ocean_both_sidebars_sidebars_width":0,"ocean_sidebar":"0","ocean_second_sidebar":"0","ocean_disable_margins":"enable","ocean_add_body_class":"","ocean_shortcode_before_top_bar":"","ocean_shortcode_after_top_bar":"","ocean_shortcode_before_header":"","ocean_shortcode_after_header":"","ocean_has_shortcode":"","ocean_shortcode_after_title":"","ocean_shortcode_before_footer_widgets":"","ocean_shortcode_after_footer_widgets":"","ocean_shortcode_before_footer_bottom":"","ocean_shortcode_after_footer_bottom":"","ocean_display_top_bar":"default","ocean_display_header":"default","ocean_header_style":"","ocean_center_header_left_menu":"0","ocean_custom_header_template":"0","ocean_custom_logo":0,"ocean_custom_retina_logo":0,"ocean_custom_logo_max_width":0,"ocean_custom_logo_tablet_max_width":0,"ocean_custom_logo_mobile_max_width":0,"ocean_custom_logo_max_height":0,"ocean_custom_logo_tablet_max_height":0,"ocean_custom_logo_mobile_max_height":0,"ocean_header_custom_menu":"0","ocean_menu_typo_font_family":"0","ocean_menu_typo_font_subset":"","ocean_menu_typo_font_size":0,"ocean_menu_typo_font_size_tablet":0,"ocean_menu_typo_font_size_mobile":0,"ocean_menu_typo_font_size_unit":"px","ocean_menu_typo_font_weight":"","ocean_menu_typo_font_weight_tablet":"","ocean_menu_typo_font_weight_mobile":"","ocean_menu_typo_transform":"","ocean_menu_typo_transform_tablet":"","ocean_menu_typo_transform_mobile":"","ocean_menu_typo_line_height":0,"ocean_menu_typo_line_height_tablet":0,"ocean_menu_typo_line_height_mobile":0,"ocean_menu_typo_line_height_unit":"","ocean_menu_typo_spacing":0,"ocean_menu_typo_spacing_tablet":0,"ocean_menu_typo_spacing_mobile":0,"ocean_menu_typo_spacing_unit":"","ocean_menu_link_color":"","ocean_menu_link_color_hover":"","ocean_menu_link_color_active":"","ocean_menu_link_background":"","ocean_menu_link_hover_background":"","ocean_menu_link_active_background":"","ocean_menu_social_links_bg":"","ocean_menu_social_hover_links_bg":"","ocean_menu_social_links_color":"","ocean_menu_social_hover_links_color":"","ocean_disable_title":"default","ocean_disable_heading":"default","ocean_post_title":"","ocean_post_subheading":"","ocean_post_title_style":"","ocean_post_title_background_color":"","ocean_post_title_background":0,"ocean_post_title_bg_image_position":"","ocean_post_title_bg_image_attachment":"","ocean_post_title_bg_image_repeat":"","ocean_post_title_bg_image_size":"","ocean_post_title_height":0,"ocean_post_title_bg_overlay":0.5,"ocean_post_title_bg_overlay_color":"","ocean_disable_breadcrumbs":"default","ocean_breadcrumbs_color":"","ocean_breadcrumbs_separator_color":"","ocean_breadcrumbs_links_color":"","ocean_breadcrumbs_links_hover_color":"","ocean_display_footer_widgets":"default","ocean_display_footer_bottom":"default","ocean_custom_footer_template":"0"},"product_brand":[],"product_cat":[108,128],"product_tag":[],"class_list":{"0":"post-35425","1":"product","2":"type-product","3":"status-publish","4":"has-post-thumbnail","6":"product_cat-playstation-5","7":"product_cat-ultimas-entradas","9":"entry","10":"has-media","12":"first","13":"instock","14":"taxable","15":"shipping-taxable","16":"purchasable","17":"product-type-simple","18":"col","19":"span_1_of_3","20":"owp-content-center","21":"owp-thumbs-layout-horizontal","22":"owp-btn-normal","23":"owp-tabs-layout-horizontal","24":"has-no-thumbnails"},"aioseo_notices":[],"_links":{"self":[{"href":"https:\/\/kaotostore.com\/en\/wp-json\/wp\/v2\/product\/35425","targetHints":{"allow":["GET"]}}],"collection":[{"href":"https:\/\/kaotostore.com\/en\/wp-json\/wp\/v2\/product"}],"about":[{"href":"https:\/\/kaotostore.com\/en\/wp-json\/wp\/v2\/types\/product"}],"wp:featuredmedia":[{"embeddable":true,"href":"https:\/\/kaotostore.com\/en\/wp-json\/wp\/v2\/media\/35426"}],"wp:attachment":[{"href":"https:\/\/kaotostore.com\/en\/wp-json\/wp\/v2\/media?parent=35425"}],"wp:term":[{"taxonomy":"product_brand","embeddable":true,"href":"https:\/\/kaotostore.com\/en\/wp-json\/wp\/v2\/product_brand?post=35425"},{"taxonomy":"product_cat","embeddable":true,"href":"https:\/\/kaotostore.com\/en\/wp-json\/wp\/v2\/product_cat?post=35425"},{"taxonomy":"product_tag","embeddable":true,"href":"https:\/\/kaotostore.com\/en\/wp-json\/wp\/v2\/product_tag?post=35425"}],"curies":[{"name":"wp","href":"https:\/\/api.w.org\/{rel}","templated":true}]}}