{"id":35193,"date":"2026-04-23T14:04:18","date_gmt":"2026-04-23T12:04:18","guid":{"rendered":"https:\/\/kaotostore.com\/?post_type=product&#038;p=35193"},"modified":"2026-04-23T14:20:02","modified_gmt":"2026-04-23T12:20:02","slug":"fatal-frame-ii-crimson-butterfly-remake-playstation-5","status":"publish","type":"product","link":"https:\/\/kaotostore.com\/en\/product\/fatal-frame-ii-crimson-butterfly-remake-playstation-5\/","title":{"rendered":"Fatal Frame II Crimson Butterfly Remake PLAYSTATION 5"},"content":{"rendered":"<p><strong><span style=\"color: #ff0000;\">Si desea im\u00e1genes adicionales del producto, puede solicitarlas desde el formulario de contacto o en el email kaototienda@gmail.com<\/span><\/strong><\/p>\n<p><strong>-Precintado, nuevo a estrenar<\/strong><\/p>\n<p>La \u00fanica forma de defenderse contra ellos es usando la<strong> C\u00e1mara Oscura<\/strong>.<\/p>\n<p>Las <strong>hermanas gemelas, Mio Amakura y Mayu Amakura<\/strong>, han ido a visitar el Arroyo de recuerdos. Pronto, toda esa zona quedar\u00e1 anegada bajo las aguas de una presa\u2026<\/p>\n<p>Mientras Mio se sumerge en la nostalgia, su hermana Mayu es atra\u00edda por una mariposa carmes\u00ed que la conduce hasta un pueblo borrado de los mapas.<\/p>\n<p>Por all\u00ed vagan <strong>esp\u00edritus vengativos, almas atrapadas por toda la eternidad que buscan a las gemelas que huyeron de un ritual sagrado<\/strong>. Atrapada en un lugar donde la noche nunca acaba, Mio se lanza a la b\u00fasqueda de Mayu para escapar del pueblo maldito.<\/p>\n<p>Pero, al hacerlo, repite sin querer el camino de una tragedia pasada<br \/>\ny, en lo m\u00e1s profundo del pueblo, se enfrenta al ritual prohibido que jam\u00e1s deb\u00eda haberse visto\u2026<\/p>\n<p><strong>Mio Amakura<\/strong><br \/>\nVoz de: Yui Kondo<br \/>\nLa menor de las gemelas.<br \/>\nDe car\u00e1cter alegre y llena de vitalidad.<\/p>\n<p>De peque\u00f1as, Mayu se cay\u00f3 por un terrapl\u00e9n y se lesion\u00f3 una pierna. Mio se culpa de ello y, desde entonces, es muy protectora con su hermana.<br \/>\nJuntas, llegan al pueblo de Minakami, un lugar atormentado por esp\u00edritus vengativos. Decidida a salvar a su hermana, Mio busca la manera de escapar del pueblo maldito.<\/p>\n<p><strong>Mayu Amakura<\/strong><br \/>\nVoz de: Haruka Shiraishi<br \/>\nLa mayor de las gemelas.<br \/>\nDe car\u00e1cter tranquilo, reservado e introspectivo.<\/p>\n<p>De ni\u00f1a, se resbal\u00f3 yendo por un sendero de monta\u00f1a y se lesion\u00f3 la pierna derecha. Desde ese d\u00eda, ya no puede correr bien. Eso la hace bastante dependiente de su hermana menor, Mio. Tiene una gran sensibilidad sobrenatural y es pose\u00edda por un esp\u00edritu que la lleva al coraz\u00f3n del pueblo de Minakami.<\/p>\n<p>&nbsp;<\/p>","protected":false},"excerpt":{"rendered":"<p>Si desea im\u00e1genes adicionales del producto, puede solicitarlas desde el formulario de contacto o en el email kaototienda@gmail.com -Precintado, nuevo a estrenar La \u00fanica forma de defenderse contra ellos es usando la C\u00e1mara Oscura. Las hermanas gemelas, Mio Amakura y Mayu Amakura, han ido a visitar el Arroyo de recuerdos. Pronto, toda esa zona quedar\u00e1 [&hellip;]<\/p>\n","protected":false},"featured_media":35198,"template":"","meta":{"ocean_post_layout":"","ocean_both_sidebars_style":"","ocean_both_sidebars_content_width":0,"ocean_both_sidebars_sidebars_width":0,"ocean_sidebar":"0","ocean_second_sidebar":"0","ocean_disable_margins":"enable","ocean_add_body_class":"","ocean_shortcode_before_top_bar":"","ocean_shortcode_after_top_bar":"","ocean_shortcode_before_header":"","ocean_shortcode_after_header":"","ocean_has_shortcode":"","ocean_shortcode_after_title":"","ocean_shortcode_before_footer_widgets":"","ocean_shortcode_after_footer_widgets":"","ocean_shortcode_before_footer_bottom":"","ocean_shortcode_after_footer_bottom":"","ocean_display_top_bar":"default","ocean_display_header":"default","ocean_header_style":"","ocean_center_header_left_menu":"0","ocean_custom_header_template":"0","ocean_custom_logo":0,"ocean_custom_retina_logo":0,"ocean_custom_logo_max_width":0,"ocean_custom_logo_tablet_max_width":0,"ocean_custom_logo_mobile_max_width":0,"ocean_custom_logo_max_height":0,"ocean_custom_logo_tablet_max_height":0,"ocean_custom_logo_mobile_max_height":0,"ocean_header_custom_menu":"0","ocean_menu_typo_font_family":"0","ocean_menu_typo_font_subset":"","ocean_menu_typo_font_size":0,"ocean_menu_typo_font_size_tablet":0,"ocean_menu_typo_font_size_mobile":0,"ocean_menu_typo_font_size_unit":"px","ocean_menu_typo_font_weight":"","ocean_menu_typo_font_weight_tablet":"","ocean_menu_typo_font_weight_mobile":"","ocean_menu_typo_transform":"","ocean_menu_typo_transform_tablet":"","ocean_menu_typo_transform_mobile":"","ocean_menu_typo_line_height":0,"ocean_menu_typo_line_height_tablet":0,"ocean_menu_typo_line_height_mobile":0,"ocean_menu_typo_line_height_unit":"","ocean_menu_typo_spacing":0,"ocean_menu_typo_spacing_tablet":0,"ocean_menu_typo_spacing_mobile":0,"ocean_menu_typo_spacing_unit":"","ocean_menu_link_color":"","ocean_menu_link_color_hover":"","ocean_menu_link_color_active":"","ocean_menu_link_background":"","ocean_menu_link_hover_background":"","ocean_menu_link_active_background":"","ocean_menu_social_links_bg":"","ocean_menu_social_hover_links_bg":"","ocean_menu_social_links_color":"","ocean_menu_social_hover_links_color":"","ocean_disable_title":"default","ocean_disable_heading":"default","ocean_post_title":"","ocean_post_subheading":"","ocean_post_title_style":"","ocean_post_title_background_color":"","ocean_post_title_background":0,"ocean_post_title_bg_image_position":"","ocean_post_title_bg_image_attachment":"","ocean_post_title_bg_image_repeat":"","ocean_post_title_bg_image_size":"","ocean_post_title_height":0,"ocean_post_title_bg_overlay":0.5,"ocean_post_title_bg_overlay_color":"","ocean_disable_breadcrumbs":"default","ocean_breadcrumbs_color":"","ocean_breadcrumbs_separator_color":"","ocean_breadcrumbs_links_color":"","ocean_breadcrumbs_links_hover_color":"","ocean_display_footer_widgets":"default","ocean_display_footer_bottom":"default","ocean_custom_footer_template":"0"},"product_brand":[],"product_cat":[98,108,128],"product_tag":[],"class_list":{"0":"post-35193","1":"product","2":"type-product","3":"status-publish","4":"has-post-thumbnail","6":"product_cat-novedades","7":"product_cat-playstation-5","8":"product_cat-ultimas-entradas","10":"entry","11":"has-media","13":"first","14":"instock","15":"taxable","16":"shipping-taxable","17":"purchasable","18":"product-type-simple","19":"col","20":"span_1_of_3","21":"owp-content-center","22":"owp-thumbs-layout-horizontal","23":"owp-btn-normal","24":"owp-tabs-layout-horizontal"},"aioseo_notices":[],"_links":{"self":[{"href":"https:\/\/kaotostore.com\/en\/wp-json\/wp\/v2\/product\/35193","targetHints":{"allow":["GET"]}}],"collection":[{"href":"https:\/\/kaotostore.com\/en\/wp-json\/wp\/v2\/product"}],"about":[{"href":"https:\/\/kaotostore.com\/en\/wp-json\/wp\/v2\/types\/product"}],"wp:featuredmedia":[{"embeddable":true,"href":"https:\/\/kaotostore.com\/en\/wp-json\/wp\/v2\/media\/35198"}],"wp:attachment":[{"href":"https:\/\/kaotostore.com\/en\/wp-json\/wp\/v2\/media?parent=35193"}],"wp:term":[{"taxonomy":"product_brand","embeddable":true,"href":"https:\/\/kaotostore.com\/en\/wp-json\/wp\/v2\/product_brand?post=35193"},{"taxonomy":"product_cat","embeddable":true,"href":"https:\/\/kaotostore.com\/en\/wp-json\/wp\/v2\/product_cat?post=35193"},{"taxonomy":"product_tag","embeddable":true,"href":"https:\/\/kaotostore.com\/en\/wp-json\/wp\/v2\/product_tag?post=35193"}],"curies":[{"name":"wp","href":"https:\/\/api.w.org\/{rel}","templated":true}]}}