{"id":34932,"date":"2026-04-17T18:42:11","date_gmt":"2026-04-17T16:42:11","guid":{"rendered":"https:\/\/kaotostore.com\/?post_type=product&#038;p=34932"},"modified":"2026-05-07T17:02:01","modified_gmt":"2026-05-07T15:02:01","slug":"castlevania-el-manuscrito-maldito","status":"publish","type":"product","link":"https:\/\/kaotostore.com\/en\/product\/castlevania-el-manuscrito-maldito\/","title":{"rendered":"Castlevania El Manuscrito Maldito"},"content":{"rendered":"<p><strong><span style=\"color: #ff0505;\">Si desea im\u00e1genes adicionales del producto, puede solicitarlas desde el formulario de contacto o en el email kaototienda@gmail.com<\/span><\/strong><\/p>\n<p><strong>-Precintado, nuevo a estrenar<br \/>\n-Libro en castellano<\/strong><\/p>\n<p>Inexorable fatalidad: cada cien a\u00f1os, Dr\u00e1cula, el se\u00f1or de las tinieblas, despierta de su letargo para sumir al mundo en una nueva era oscura. Sin embargo, en cada ocasi\u00f3n se alza frente al conde un valiente miembro de la familia Belmont, eterno antagonista del vampiro, dispuesto a impedir que cumpla sus funestos designios. Y, como cada siglo, un objeto m\u00e1gico \u2014el legendario l\u00e1tigo conocido como Vampire Killer\u2014 vuelve a la acci\u00f3n para acabar con las monstruosidades de la noche, hasta el combate final contra el enemigo hereditario, ligado a una terrible maldici\u00f3n&#8230; Esta historia, sin duda, te resulta familiar. Desde hace casi treinta a\u00f1os, Konami nos relata, a trav\u00e9s de m\u00e1s de una treintena de juegos, esta lucha milenaria y sin cuartel entre el bien y el mal. Descubre en este libro los secretos de la gran saga Castlevania: desde su g\u00e9nesis hasta su argumento, pasando por la evoluci\u00f3n de su jugabilidad, desde el primer t\u00edtulo hasta la trilog\u00eda Lords of Shadow.<\/p>\n<p>&nbsp;<\/p>","protected":false},"excerpt":{"rendered":"<p>Si desea im\u00e1genes adicionales del producto, puede solicitarlas desde el formulario de contacto o en el email kaototienda@gmail.com -Precintado, nuevo a estrenar -Libro en castellano Inexorable fatalidad: cada cien a\u00f1os, Dr\u00e1cula, el se\u00f1or de las tinieblas, despierta de su letargo para sumir al mundo en una nueva era oscura. Sin embargo, en cada ocasi\u00f3n se [&hellip;]<\/p>\n","protected":false},"featured_media":34933,"template":"","meta":{"ocean_post_layout":"","ocean_both_sidebars_style":"","ocean_both_sidebars_content_width":0,"ocean_both_sidebars_sidebars_width":0,"ocean_sidebar":"0","ocean_second_sidebar":"0","ocean_disable_margins":"enable","ocean_add_body_class":"","ocean_shortcode_before_top_bar":"","ocean_shortcode_after_top_bar":"","ocean_shortcode_before_header":"","ocean_shortcode_after_header":"","ocean_has_shortcode":"","ocean_shortcode_after_title":"","ocean_shortcode_before_footer_widgets":"","ocean_shortcode_after_footer_widgets":"","ocean_shortcode_before_footer_bottom":"","ocean_shortcode_after_footer_bottom":"","ocean_display_top_bar":"default","ocean_display_header":"default","ocean_header_style":"","ocean_center_header_left_menu":"0","ocean_custom_header_template":"0","ocean_custom_logo":0,"ocean_custom_retina_logo":0,"ocean_custom_logo_max_width":0,"ocean_custom_logo_tablet_max_width":0,"ocean_custom_logo_mobile_max_width":0,"ocean_custom_logo_max_height":0,"ocean_custom_logo_tablet_max_height":0,"ocean_custom_logo_mobile_max_height":0,"ocean_header_custom_menu":"0","ocean_menu_typo_font_family":"0","ocean_menu_typo_font_subset":"","ocean_menu_typo_font_size":0,"ocean_menu_typo_font_size_tablet":0,"ocean_menu_typo_font_size_mobile":0,"ocean_menu_typo_font_size_unit":"px","ocean_menu_typo_font_weight":"","ocean_menu_typo_font_weight_tablet":"","ocean_menu_typo_font_weight_mobile":"","ocean_menu_typo_transform":"","ocean_menu_typo_transform_tablet":"","ocean_menu_typo_transform_mobile":"","ocean_menu_typo_line_height":0,"ocean_menu_typo_line_height_tablet":0,"ocean_menu_typo_line_height_mobile":0,"ocean_menu_typo_line_height_unit":"","ocean_menu_typo_spacing":0,"ocean_menu_typo_spacing_tablet":0,"ocean_menu_typo_spacing_mobile":0,"ocean_menu_typo_spacing_unit":"","ocean_menu_link_color":"","ocean_menu_link_color_hover":"","ocean_menu_link_color_active":"","ocean_menu_link_background":"","ocean_menu_link_hover_background":"","ocean_menu_link_active_background":"","ocean_menu_social_links_bg":"","ocean_menu_social_hover_links_bg":"","ocean_menu_social_links_color":"","ocean_menu_social_hover_links_color":"","ocean_disable_title":"default","ocean_disable_heading":"default","ocean_post_title":"","ocean_post_subheading":"","ocean_post_title_style":"","ocean_post_title_background_color":"","ocean_post_title_background":0,"ocean_post_title_bg_image_position":"","ocean_post_title_bg_image_attachment":"","ocean_post_title_bg_image_repeat":"","ocean_post_title_bg_image_size":"","ocean_post_title_height":0,"ocean_post_title_bg_overlay":0.5,"ocean_post_title_bg_overlay_color":"","ocean_disable_breadcrumbs":"default","ocean_breadcrumbs_color":"","ocean_breadcrumbs_separator_color":"","ocean_breadcrumbs_links_color":"","ocean_breadcrumbs_links_hover_color":"","ocean_display_footer_widgets":"default","ocean_display_footer_bottom":"default","ocean_custom_footer_template":"0"},"product_brand":[],"product_cat":[71,98,128],"product_tag":[],"class_list":{"0":"post-34932","1":"product","2":"type-product","3":"status-publish","4":"has-post-thumbnail","6":"product_cat-artbooks-libros-de-divulgacion-comic-manga-guias","7":"product_cat-novedades","8":"product_cat-ultimas-entradas","10":"entry","11":"has-media","13":"first","14":"instock","15":"taxable","16":"shipping-taxable","17":"purchasable","18":"product-type-simple","19":"col","20":"span_1_of_3","21":"owp-content-center","22":"owp-thumbs-layout-horizontal","23":"owp-btn-normal","24":"owp-tabs-layout-horizontal"},"aioseo_notices":[],"_links":{"self":[{"href":"https:\/\/kaotostore.com\/en\/wp-json\/wp\/v2\/product\/34932","targetHints":{"allow":["GET"]}}],"collection":[{"href":"https:\/\/kaotostore.com\/en\/wp-json\/wp\/v2\/product"}],"about":[{"href":"https:\/\/kaotostore.com\/en\/wp-json\/wp\/v2\/types\/product"}],"wp:featuredmedia":[{"embeddable":true,"href":"https:\/\/kaotostore.com\/en\/wp-json\/wp\/v2\/media\/34933"}],"wp:attachment":[{"href":"https:\/\/kaotostore.com\/en\/wp-json\/wp\/v2\/media?parent=34932"}],"wp:term":[{"taxonomy":"product_brand","embeddable":true,"href":"https:\/\/kaotostore.com\/en\/wp-json\/wp\/v2\/product_brand?post=34932"},{"taxonomy":"product_cat","embeddable":true,"href":"https:\/\/kaotostore.com\/en\/wp-json\/wp\/v2\/product_cat?post=34932"},{"taxonomy":"product_tag","embeddable":true,"href":"https:\/\/kaotostore.com\/en\/wp-json\/wp\/v2\/product_tag?post=34932"}],"curies":[{"name":"wp","href":"https:\/\/api.w.org\/{rel}","templated":true}]}}