{"id":34892,"date":"2026-04-15T19:02:06","date_gmt":"2026-04-15T17:02:06","guid":{"rendered":"https:\/\/kaotostore.com\/?post_type=product&#038;p=34892"},"modified":"2026-05-11T14:36:32","modified_gmt":"2026-05-11T12:36:32","slug":"minecraft-nintendo-switch-edition-switch","status":"publish","type":"product","link":"https:\/\/kaotostore.com\/en\/product\/minecraft-nintendo-switch-edition-switch\/","title":{"rendered":"Minecraft Nintendo Switch Edition SWITCH"},"content":{"rendered":"<p><strong><span style=\"color: #ff0000;\">Si desea im\u00e1genes adicionales del producto, puede solicitarlas desde el formulario de contacto o en el email kaototienda@gmail.com<\/span><\/strong><\/p>\n<p><strong>-Segunda mano<\/strong><\/p>\n<ul>\n<li>Minecraft es un juego de colocaci\u00f3n de bloques y aventuras. Explora mundos generados aleatoriamente y construye cosas incre\u00edbles, desde el m\u00e1s humilde de los hogares hasta el m\u00e1s espl\u00e9ndido castillo.<\/li>\n<li>Juega en el modo creativo con recursos ilimitados o profundiza en el mundo del juego en el modo supervivencia fabricando armas y armaduras para defenderte.<\/li>\n<li>No tienes por qu\u00e9 explorar o construir solo, hasta ocho jugadores pueden jugar juntos online y cuatro en modo local multijugador en modo TV o sobremesa, compatible con la pantalla partida.<\/li>\n<li>Los fans se alegrar\u00e1n de saber que tambi\u00e9n incluye el Super Mario Mash-Up Pack. Juega y explora en un mundo de personajes y lugares cl\u00e1sicos del universo de Mario.<\/li>\n<li>El \u201cSuper Mario Mash-Up Pack\u201d incluye 40 skins diferentes tematizados de Super Mario que transformar\u00e1n a los personajes del juego en populares h\u00e9roes como Mario, Luigi y la princesa Peach, o incluso en personajes tan problem\u00e1ticos como Bowser, Wario o los siete esbirros de Bowser.<\/li>\n<li>El mundo al completo y las texturas de los objetos en el juego se han reconstruido para darte la oportunidad de crear tus propias localizaciones basadas en el universo Super Mario dentro del mundo de Minecraft.<\/li>\n<li>Mientras construyes, podr\u00e1s disfrutar escuchando los suaves sonidos de 15 piezas musicales de Super Mario 64.<\/li>\n<li>A los constructores de todas las edades les encantar\u00e1 dise\u00f1ar otros mundos usando bloques que est\u00e1n inspirados en una serie tan cercana y reconocible como Super Mario.<\/li>\n<\/ul>\n<p>&nbsp;<\/p>\n<p>&nbsp;<\/p>","protected":false},"excerpt":{"rendered":"<p>Si desea im\u00e1genes adicionales del producto, puede solicitarlas desde el formulario de contacto o en el email kaototienda@gmail.com -Segunda mano Minecraft es un juego de colocaci\u00f3n de bloques y aventuras. Explora mundos generados aleatoriamente y construye cosas incre\u00edbles, desde el m\u00e1s humilde de los hogares hasta el m\u00e1s espl\u00e9ndido castillo. Juega en el modo creativo [&hellip;]<\/p>\n","protected":false},"featured_media":34895,"template":"","meta":{"ocean_post_layout":"","ocean_both_sidebars_style":"","ocean_both_sidebars_content_width":0,"ocean_both_sidebars_sidebars_width":0,"ocean_sidebar":"0","ocean_second_sidebar":"0","ocean_disable_margins":"enable","ocean_add_body_class":"","ocean_shortcode_before_top_bar":"","ocean_shortcode_after_top_bar":"","ocean_shortcode_before_header":"","ocean_shortcode_after_header":"","ocean_has_shortcode":"","ocean_shortcode_after_title":"","ocean_shortcode_before_footer_widgets":"","ocean_shortcode_after_footer_widgets":"","ocean_shortcode_before_footer_bottom":"","ocean_shortcode_after_footer_bottom":"","ocean_display_top_bar":"default","ocean_display_header":"default","ocean_header_style":"","ocean_center_header_left_menu":"0","ocean_custom_header_template":"0","ocean_custom_logo":0,"ocean_custom_retina_logo":0,"ocean_custom_logo_max_width":0,"ocean_custom_logo_tablet_max_width":0,"ocean_custom_logo_mobile_max_width":0,"ocean_custom_logo_max_height":0,"ocean_custom_logo_tablet_max_height":0,"ocean_custom_logo_mobile_max_height":0,"ocean_header_custom_menu":"0","ocean_menu_typo_font_family":"0","ocean_menu_typo_font_subset":"","ocean_menu_typo_font_size":0,"ocean_menu_typo_font_size_tablet":0,"ocean_menu_typo_font_size_mobile":0,"ocean_menu_typo_font_size_unit":"px","ocean_menu_typo_font_weight":"","ocean_menu_typo_font_weight_tablet":"","ocean_menu_typo_font_weight_mobile":"","ocean_menu_typo_transform":"","ocean_menu_typo_transform_tablet":"","ocean_menu_typo_transform_mobile":"","ocean_menu_typo_line_height":0,"ocean_menu_typo_line_height_tablet":0,"ocean_menu_typo_line_height_mobile":0,"ocean_menu_typo_line_height_unit":"","ocean_menu_typo_spacing":0,"ocean_menu_typo_spacing_tablet":0,"ocean_menu_typo_spacing_mobile":0,"ocean_menu_typo_spacing_unit":"","ocean_menu_link_color":"","ocean_menu_link_color_hover":"","ocean_menu_link_color_active":"","ocean_menu_link_background":"","ocean_menu_link_hover_background":"","ocean_menu_link_active_background":"","ocean_menu_social_links_bg":"","ocean_menu_social_hover_links_bg":"","ocean_menu_social_links_color":"","ocean_menu_social_hover_links_color":"","ocean_disable_title":"default","ocean_disable_heading":"default","ocean_post_title":"","ocean_post_subheading":"","ocean_post_title_style":"","ocean_post_title_background_color":"","ocean_post_title_background":0,"ocean_post_title_bg_image_position":"","ocean_post_title_bg_image_attachment":"","ocean_post_title_bg_image_repeat":"","ocean_post_title_bg_image_size":"","ocean_post_title_height":0,"ocean_post_title_bg_overlay":0.5,"ocean_post_title_bg_overlay_color":"","ocean_disable_breadcrumbs":"default","ocean_breadcrumbs_color":"","ocean_breadcrumbs_separator_color":"","ocean_breadcrumbs_links_color":"","ocean_breadcrumbs_links_hover_color":"","ocean_display_footer_widgets":"default","ocean_display_footer_bottom":"default","ocean_custom_footer_template":"0"},"product_brand":[],"product_cat":[124,128],"product_tag":[],"class_list":{"0":"post-34892","1":"product","2":"type-product","3":"status-publish","4":"has-post-thumbnail","6":"product_cat-switch","7":"product_cat-ultimas-entradas","9":"entry","10":"has-media","12":"first","13":"instock","14":"taxable","15":"shipping-taxable","16":"purchasable","17":"product-type-simple","18":"col","19":"span_1_of_3","20":"owp-content-center","21":"owp-thumbs-layout-horizontal","22":"owp-btn-normal","23":"owp-tabs-layout-horizontal","24":"has-no-thumbnails"},"aioseo_notices":[],"_links":{"self":[{"href":"https:\/\/kaotostore.com\/en\/wp-json\/wp\/v2\/product\/34892","targetHints":{"allow":["GET"]}}],"collection":[{"href":"https:\/\/kaotostore.com\/en\/wp-json\/wp\/v2\/product"}],"about":[{"href":"https:\/\/kaotostore.com\/en\/wp-json\/wp\/v2\/types\/product"}],"wp:featuredmedia":[{"embeddable":true,"href":"https:\/\/kaotostore.com\/en\/wp-json\/wp\/v2\/media\/34895"}],"wp:attachment":[{"href":"https:\/\/kaotostore.com\/en\/wp-json\/wp\/v2\/media?parent=34892"}],"wp:term":[{"taxonomy":"product_brand","embeddable":true,"href":"https:\/\/kaotostore.com\/en\/wp-json\/wp\/v2\/product_brand?post=34892"},{"taxonomy":"product_cat","embeddable":true,"href":"https:\/\/kaotostore.com\/en\/wp-json\/wp\/v2\/product_cat?post=34892"},{"taxonomy":"product_tag","embeddable":true,"href":"https:\/\/kaotostore.com\/en\/wp-json\/wp\/v2\/product_tag?post=34892"}],"curies":[{"name":"wp","href":"https:\/\/api.w.org\/{rel}","templated":true}]}}