{"id":34870,"date":"2026-04-15T18:17:03","date_gmt":"2026-04-15T16:17:03","guid":{"rendered":"https:\/\/kaotostore.com\/?post_type=product&#038;p=34870"},"modified":"2026-04-15T18:25:23","modified_gmt":"2026-04-15T16:25:23","slug":"the-legend-of-zelda-links-awakening-switch","status":"publish","type":"product","link":"https:\/\/kaotostore.com\/en\/product\/the-legend-of-zelda-links-awakening-switch\/","title":{"rendered":"The Legend of Zelda Link&#8217;s Awakening SWITCH"},"content":{"rendered":"<p><strong><span style=\"color: #ff0000;\">Si desea im\u00e1genes adicionales del producto, puede solicitarlas desde el formulario de contacto o en el email kaototienda@gmail.com<\/span><\/strong><\/p>\n<p><strong>-Precintado, nuevo a estrenar<\/strong><\/p>\n<h4>Te aguardan muchos enigmas en la isla koholint<\/h4>\n<p>Ayuda a Link a escapar de una tierra extra\u00f1a en <em><strong>The Legend of Zelda: Link&#8217;s Awakening<\/strong><\/em>. Entabla amistad con un elenco de personajes de lo m\u00e1s variopinto, combate montones de monstruos y explora peligrosas mazmorras en esta aventura cl\u00e1sica con un estilo art\u00edstico.<\/p>\n<p>Por culpa de una terrible tormenta, Link naufraga y es arrastrado por la corriente hasta la costa de una extra\u00f1a isla tropical habitada por lugare\u00f1os muy curiosos.<\/p>\n<h4>Emb\u00e1rcate en una aventura Cl\u00e1sica<\/h4>\n<p>En su aventura para despertar al Pez del Viento, Link deber\u00e1 viajar hasta distintas mazmorras dispersas por toda la isla. Recorre cada sala de estos laberintos mientras resuelves puzles complejos, sorteas trampas y te enfrentas a los terribles monstruos que all\u00ed te aguardan.<\/p>\n<p>Al conseguir equipamiento y otros objetos durante el viaje, Link podr\u00e1 explorar m\u00e1s zonas de la isla y desvelar muchos m\u00e1s secretos. Algunos objetos se pueden intercambiar con los lugare\u00f1os.<\/p>\n<p>Aqu\u00ed tienes una peque\u00f1a muestra de las herramientas y tesoros \u00fanicos de la isla.<\/p>\n<h4>Entretenimiento asegurado<\/h4>\n<p>Desde tiendas hasta minijuegos, pasando por mil cosas m\u00e1s. \u00a1La vida del n\u00e1ufrago en la isla Koholint es de todo menos aburrida!<\/p>\n<h4>Crea mazmorras y a\u00f1\u00e1deles puzles<\/h4>\n<p>Durante su periplo, Link conseguir\u00e1 objetos m\u00edsticos llamados \u00abpiedras salizas\u00bb, a partir de las cuales se pueden obtener salas que organizar a tu gusto para crear mazmorras.<\/p>\n<p>Mezcla distintas salas como te apetezca &#8211; coloca una entrada, a\u00f1ade algunos puzles, llaves, combates contra jefes y cualquier cosa que se te antoje. Cuando la mazmorra de salas est\u00e9 lista, \u00a1podr\u00e1s intentar completarla y hacerte con recompensas!<\/p>\n<p>&nbsp;<\/p>","protected":false},"excerpt":{"rendered":"<p>Si desea im\u00e1genes adicionales del producto, puede solicitarlas desde el formulario de contacto o en el email kaototienda@gmail.com -Precintado, nuevo a estrenar Te aguardan muchos enigmas en la isla koholint Ayuda a Link a escapar de una tierra extra\u00f1a en The Legend of Zelda: Link&#8217;s Awakening. Entabla amistad con un elenco de personajes de lo [&hellip;]<\/p>\n","protected":false},"featured_media":34871,"template":"","meta":{"ocean_post_layout":"","ocean_both_sidebars_style":"","ocean_both_sidebars_content_width":0,"ocean_both_sidebars_sidebars_width":0,"ocean_sidebar":"0","ocean_second_sidebar":"0","ocean_disable_margins":"enable","ocean_add_body_class":"","ocean_shortcode_before_top_bar":"","ocean_shortcode_after_top_bar":"","ocean_shortcode_before_header":"","ocean_shortcode_after_header":"","ocean_has_shortcode":"","ocean_shortcode_after_title":"","ocean_shortcode_before_footer_widgets":"","ocean_shortcode_after_footer_widgets":"","ocean_shortcode_before_footer_bottom":"","ocean_shortcode_after_footer_bottom":"","ocean_display_top_bar":"default","ocean_display_header":"default","ocean_header_style":"","ocean_center_header_left_menu":"0","ocean_custom_header_template":"0","ocean_custom_logo":0,"ocean_custom_retina_logo":0,"ocean_custom_logo_max_width":0,"ocean_custom_logo_tablet_max_width":0,"ocean_custom_logo_mobile_max_width":0,"ocean_custom_logo_max_height":0,"ocean_custom_logo_tablet_max_height":0,"ocean_custom_logo_mobile_max_height":0,"ocean_header_custom_menu":"0","ocean_menu_typo_font_family":"0","ocean_menu_typo_font_subset":"","ocean_menu_typo_font_size":0,"ocean_menu_typo_font_size_tablet":0,"ocean_menu_typo_font_size_mobile":0,"ocean_menu_typo_font_size_unit":"px","ocean_menu_typo_font_weight":"","ocean_menu_typo_font_weight_tablet":"","ocean_menu_typo_font_weight_mobile":"","ocean_menu_typo_transform":"","ocean_menu_typo_transform_tablet":"","ocean_menu_typo_transform_mobile":"","ocean_menu_typo_line_height":0,"ocean_menu_typo_line_height_tablet":0,"ocean_menu_typo_line_height_mobile":0,"ocean_menu_typo_line_height_unit":"","ocean_menu_typo_spacing":0,"ocean_menu_typo_spacing_tablet":0,"ocean_menu_typo_spacing_mobile":0,"ocean_menu_typo_spacing_unit":"","ocean_menu_link_color":"","ocean_menu_link_color_hover":"","ocean_menu_link_color_active":"","ocean_menu_link_background":"","ocean_menu_link_hover_background":"","ocean_menu_link_active_background":"","ocean_menu_social_links_bg":"","ocean_menu_social_hover_links_bg":"","ocean_menu_social_links_color":"","ocean_menu_social_hover_links_color":"","ocean_disable_title":"default","ocean_disable_heading":"default","ocean_post_title":"","ocean_post_subheading":"","ocean_post_title_style":"","ocean_post_title_background_color":"","ocean_post_title_background":0,"ocean_post_title_bg_image_position":"","ocean_post_title_bg_image_attachment":"","ocean_post_title_bg_image_repeat":"","ocean_post_title_bg_image_size":"","ocean_post_title_height":0,"ocean_post_title_bg_overlay":0.5,"ocean_post_title_bg_overlay_color":"","ocean_disable_breadcrumbs":"default","ocean_breadcrumbs_color":"","ocean_breadcrumbs_separator_color":"","ocean_breadcrumbs_links_color":"","ocean_breadcrumbs_links_hover_color":"","ocean_display_footer_widgets":"default","ocean_display_footer_bottom":"default","ocean_custom_footer_template":"0"},"product_brand":[],"product_cat":[124,128],"product_tag":[],"class_list":{"0":"post-34870","1":"product","2":"type-product","3":"status-publish","4":"has-post-thumbnail","6":"product_cat-switch","7":"product_cat-ultimas-entradas","9":"entry","10":"has-media","12":"first","13":"instock","14":"taxable","15":"shipping-taxable","16":"purchasable","17":"product-type-simple","18":"col","19":"span_1_of_3","20":"owp-content-center","21":"owp-thumbs-layout-horizontal","22":"owp-btn-normal","23":"owp-tabs-layout-horizontal","24":"has-no-thumbnails"},"aioseo_notices":[],"_links":{"self":[{"href":"https:\/\/kaotostore.com\/en\/wp-json\/wp\/v2\/product\/34870","targetHints":{"allow":["GET"]}}],"collection":[{"href":"https:\/\/kaotostore.com\/en\/wp-json\/wp\/v2\/product"}],"about":[{"href":"https:\/\/kaotostore.com\/en\/wp-json\/wp\/v2\/types\/product"}],"wp:featuredmedia":[{"embeddable":true,"href":"https:\/\/kaotostore.com\/en\/wp-json\/wp\/v2\/media\/34871"}],"wp:attachment":[{"href":"https:\/\/kaotostore.com\/en\/wp-json\/wp\/v2\/media?parent=34870"}],"wp:term":[{"taxonomy":"product_brand","embeddable":true,"href":"https:\/\/kaotostore.com\/en\/wp-json\/wp\/v2\/product_brand?post=34870"},{"taxonomy":"product_cat","embeddable":true,"href":"https:\/\/kaotostore.com\/en\/wp-json\/wp\/v2\/product_cat?post=34870"},{"taxonomy":"product_tag","embeddable":true,"href":"https:\/\/kaotostore.com\/en\/wp-json\/wp\/v2\/product_tag?post=34870"}],"curies":[{"name":"wp","href":"https:\/\/api.w.org\/{rel}","templated":true}]}}