{"id":34857,"date":"2026-04-15T17:58:27","date_gmt":"2026-04-15T15:58:27","guid":{"rendered":"https:\/\/kaotostore.com\/?post_type=product&#038;p=34857"},"modified":"2026-04-15T18:08:45","modified_gmt":"2026-04-15T16:08:45","slug":"the-legend-of-zelda-skyward-sword-hd-switch","status":"publish","type":"product","link":"https:\/\/kaotostore.com\/en\/product\/the-legend-of-zelda-skyward-sword-hd-switch\/","title":{"rendered":"The Legend of Zelda Skyward Sword HD SWITCH"},"content":{"rendered":"<p><strong><span style=\"color: #ff0000;\">Si desea im\u00e1genes adicionales del producto, puede solicitarlas desde el formulario de contacto o en el email kaototienda@gmail.com<\/span><\/strong><\/p>\n<p><strong>-Precintado, nuevo a estrenar<\/strong><\/p>\n<p><strong>Descubre los or\u00edgenes de la Espada Maestra<\/strong> en The Legend of Zelda: Skyward Sword HD para Nintendo Switch. <strong>Esta aventura cl\u00e1sica sali\u00f3 originalmente para Wii en 2011 y se ha optimizado para Nintendo Switch<\/strong>: adem\u00e1s de contar con controles de movimiento m\u00e1s suaves, tambi\u00e9n es posible jugar usando los botones.<\/p>\n<p><strong>En el relato m\u00e1s antiguo de la l\u00ednea temporal de Zelda,<\/strong> Link debe viajar desde un mundo que se halla por encima de las nubes hasta tierras desconocidas en busca de su amiga de la infancia, Zelda. Armado con su fiel espada y su escudo, Link les plantar\u00e1 cara a enemigos formidables, resolver\u00e1 puzles enrevesados y surcar\u00e1 los cielos a lomos de un inmenso p\u00e1jaro conocido como pel\u00edcaro.<\/p>\n<p><strong>Si juegas con dos mandos Joy-Con, controlar\u00e1s con cada uno la espada y el escudo respectivamente.<\/strong> Mueve el Joy-Con derecho para que Link use la espada; por otro lado, con el Joy-Con izquierdo podr\u00e1s levantar el escudo para protegerte de los ataques enemigos. Estos controles tambi\u00e9n sirven para usar diferentes herramientas y objetos, como, por ejemplo, el arco y la flecha, o para arrojar bombas.<\/p>\n<p>Adem\u00e1s, por primera vez se puede disfrutar de esta aventura usando los botones, lo que te permite jugarla en modo port\u00e1til o en Nintendo Switch Lite. En este caso, puedes controlar la espada de Link inclinando la palanca derecha en la direcci\u00f3n que quieras<\/p>\n<p>&nbsp;<\/p>\n<p>&nbsp;<\/p>","protected":false},"excerpt":{"rendered":"<p>Si desea im\u00e1genes adicionales del producto, puede solicitarlas desde el formulario de contacto o en el email kaototienda@gmail.com -Precintado, nuevo a estrenar Descubre los or\u00edgenes de la Espada Maestra en The Legend of Zelda: Skyward Sword HD para Nintendo Switch. Esta aventura cl\u00e1sica sali\u00f3 originalmente para Wii en 2011 y se ha optimizado para Nintendo [&hellip;]<\/p>\n","protected":false},"featured_media":34858,"template":"","meta":{"ocean_post_layout":"","ocean_both_sidebars_style":"","ocean_both_sidebars_content_width":0,"ocean_both_sidebars_sidebars_width":0,"ocean_sidebar":"0","ocean_second_sidebar":"0","ocean_disable_margins":"enable","ocean_add_body_class":"","ocean_shortcode_before_top_bar":"","ocean_shortcode_after_top_bar":"","ocean_shortcode_before_header":"","ocean_shortcode_after_header":"","ocean_has_shortcode":"","ocean_shortcode_after_title":"","ocean_shortcode_before_footer_widgets":"","ocean_shortcode_after_footer_widgets":"","ocean_shortcode_before_footer_bottom":"","ocean_shortcode_after_footer_bottom":"","ocean_display_top_bar":"default","ocean_display_header":"default","ocean_header_style":"","ocean_center_header_left_menu":"0","ocean_custom_header_template":"0","ocean_custom_logo":0,"ocean_custom_retina_logo":0,"ocean_custom_logo_max_width":0,"ocean_custom_logo_tablet_max_width":0,"ocean_custom_logo_mobile_max_width":0,"ocean_custom_logo_max_height":0,"ocean_custom_logo_tablet_max_height":0,"ocean_custom_logo_mobile_max_height":0,"ocean_header_custom_menu":"0","ocean_menu_typo_font_family":"0","ocean_menu_typo_font_subset":"","ocean_menu_typo_font_size":0,"ocean_menu_typo_font_size_tablet":0,"ocean_menu_typo_font_size_mobile":0,"ocean_menu_typo_font_size_unit":"px","ocean_menu_typo_font_weight":"","ocean_menu_typo_font_weight_tablet":"","ocean_menu_typo_font_weight_mobile":"","ocean_menu_typo_transform":"","ocean_menu_typo_transform_tablet":"","ocean_menu_typo_transform_mobile":"","ocean_menu_typo_line_height":0,"ocean_menu_typo_line_height_tablet":0,"ocean_menu_typo_line_height_mobile":0,"ocean_menu_typo_line_height_unit":"","ocean_menu_typo_spacing":0,"ocean_menu_typo_spacing_tablet":0,"ocean_menu_typo_spacing_mobile":0,"ocean_menu_typo_spacing_unit":"","ocean_menu_link_color":"","ocean_menu_link_color_hover":"","ocean_menu_link_color_active":"","ocean_menu_link_background":"","ocean_menu_link_hover_background":"","ocean_menu_link_active_background":"","ocean_menu_social_links_bg":"","ocean_menu_social_hover_links_bg":"","ocean_menu_social_links_color":"","ocean_menu_social_hover_links_color":"","ocean_disable_title":"default","ocean_disable_heading":"default","ocean_post_title":"","ocean_post_subheading":"","ocean_post_title_style":"","ocean_post_title_background_color":"","ocean_post_title_background":0,"ocean_post_title_bg_image_position":"","ocean_post_title_bg_image_attachment":"","ocean_post_title_bg_image_repeat":"","ocean_post_title_bg_image_size":"","ocean_post_title_height":0,"ocean_post_title_bg_overlay":0.5,"ocean_post_title_bg_overlay_color":"","ocean_disable_breadcrumbs":"default","ocean_breadcrumbs_color":"","ocean_breadcrumbs_separator_color":"","ocean_breadcrumbs_links_color":"","ocean_breadcrumbs_links_hover_color":"","ocean_display_footer_widgets":"default","ocean_display_footer_bottom":"default","ocean_custom_footer_template":"0"},"product_brand":[],"product_cat":[124,128],"product_tag":[],"class_list":{"0":"post-34857","1":"product","2":"type-product","3":"status-publish","4":"has-post-thumbnail","6":"product_cat-switch","7":"product_cat-ultimas-entradas","9":"entry","10":"has-media","12":"first","13":"instock","14":"taxable","15":"shipping-taxable","16":"purchasable","17":"product-type-simple","18":"col","19":"span_1_of_3","20":"owp-content-center","21":"owp-thumbs-layout-horizontal","22":"owp-btn-normal","23":"owp-tabs-layout-horizontal","24":"has-no-thumbnails"},"aioseo_notices":[],"_links":{"self":[{"href":"https:\/\/kaotostore.com\/en\/wp-json\/wp\/v2\/product\/34857","targetHints":{"allow":["GET"]}}],"collection":[{"href":"https:\/\/kaotostore.com\/en\/wp-json\/wp\/v2\/product"}],"about":[{"href":"https:\/\/kaotostore.com\/en\/wp-json\/wp\/v2\/types\/product"}],"wp:featuredmedia":[{"embeddable":true,"href":"https:\/\/kaotostore.com\/en\/wp-json\/wp\/v2\/media\/34858"}],"wp:attachment":[{"href":"https:\/\/kaotostore.com\/en\/wp-json\/wp\/v2\/media?parent=34857"}],"wp:term":[{"taxonomy":"product_brand","embeddable":true,"href":"https:\/\/kaotostore.com\/en\/wp-json\/wp\/v2\/product_brand?post=34857"},{"taxonomy":"product_cat","embeddable":true,"href":"https:\/\/kaotostore.com\/en\/wp-json\/wp\/v2\/product_cat?post=34857"},{"taxonomy":"product_tag","embeddable":true,"href":"https:\/\/kaotostore.com\/en\/wp-json\/wp\/v2\/product_tag?post=34857"}],"curies":[{"name":"wp","href":"https:\/\/api.w.org\/{rel}","templated":true}]}}