{"id":33930,"date":"2026-03-24T11:46:46","date_gmt":"2026-03-24T10:46:46","guid":{"rendered":"https:\/\/kaotostore.com\/producto\/yurukill-calumniation-games-deluxe-playstation-4\/"},"modified":"2026-05-04T23:37:10","modified_gmt":"2026-05-04T21:37:10","slug":"yurukill-calumniation-games-deluxe-playstation-4","status":"publish","type":"product","link":"https:\/\/kaotostore.com\/en\/product\/yurukill-calumniation-games-deluxe-playstation-4\/","title":{"rendered":"Yurukill Calumniation Games Deluxe PLAYSTATION 4"},"content":{"rendered":"<div id=\"productDescription\" class=\"a-section a-spacing-small\">\n<div id=\"productDescription_feature_div\" class=\"celwidget flavor-3399\" data-feature-name=\"productDescription\" data-csa-c-type=\"widget\" data-csa-c-content-id=\"productDescription\" data-csa-c-slot-id=\"productDescription_feature_div\" data-csa-c-asin=\"\" data-csa-c-is-in-initial-active-row=\"false\" data-csa-c-id=\"pxqdwr-r620aq-jw3rll-on1yrf\" data-cel-widget=\"productDescription_feature_div\">\n<div>\n<div data-feature-name=\"productDescription\" data-template-name=\"productDescription\" id=\"productDescription_feature_div\" class=\"a-row feature\" data-cel-widget=\"productDescription_feature_div\">\n<div id=\"productDescription\" class=\"a-section a-spacing-small\">\n<p><span><strong><span style=\"color: rgb(255, 5, 5);\">Si desea im\u00e1genes adicionales del producto, puede solicitarlas desde el formulario de contacto o en el email kaototienda@gmail.com<\/span><\/strong><\/p>\n<p>El famoso autor Homura Kawamoto (Kakegurui) nos ofrece una historia enrevesada y profunda con Yurukill. En \u00e9l, su protagonista, Sengoku Shunju, es acusado de provocar incendios y de asesinar a 21 personas, por lo que se ve obligado a luchar por su libertad y demostrar su inocencia. Como uno de los seis Prisioneros tendr\u00e1 que unir fuerzas con una de las cinco v\u00edctimas (conocidas como los Ejecutores) para sobrevivir en los confines del extra\u00f1o parque de atracciones conocido como Yurukill Land. Cada uno de los cinco equipos (Mass Murderers, Death Dealing Duo, Crafty Killers, Sly Stalkers y Peeping Toms) tendr\u00e1 que afrontar las llamadas \u00abatracciones\u00bb de dicho centro de entretenimiento con el fin de obtener lo que desean. Si los Prisioneros triunfan, sus cr\u00edmenes ser\u00e1n perdonados. En cambio, si ganan los Ejecutores, podr\u00e1n vengar a los seres queridos que han perdido.<\/span><\/p>\n<\/div>\n<\/div>\n<\/div>\n<\/div>\n<div id=\"sims-themis-sponsored-products-2_feature_div\" class=\"celwidget\" data-feature-name=\"sims-themis-sponsored-products-2\" data-csa-c-type=\"widget\" data-csa-c-content-id=\"sims-themis-sponsored-products-2\" data-csa-c-slot-id=\"sims-themis-sponsored-products-2_feature_div\" data-csa-c-asin=\"\" data-csa-c-is-in-initial-active-row=\"false\" data-csa-c-id=\"4gpiui-rwkqa3-jr0608-pn5ogl\" data-cel-widget=\"sims-themis-sponsored-products-2_feature_div\">\n<div id=\"sims-consolidated-4_feature_div\">\n<div id=\"sims-consolidated-4_feature_div\">\n<div class=\"celwidget\" data-csa-c-id=\"8p8y5x-y9fkss-qtb8kz-8hhvlh\" data-cel-widget=\"sims-consolidated-4_csm_instrumentation_wrapper\"><\/div>\n<\/div>\n<\/div>\n<\/div>\n<div id=\"climatePledgeFriendlyBTF_feature_div\" class=\"celwidget\" data-feature-name=\"climatePledgeFriendlyBTF\" data-csa-c-type=\"widget\" data-csa-c-content-id=\"climatePledgeFriendlyBTF\" data-csa-c-slot-id=\"climatePledgeFriendlyBTF_feature_div\" data-csa-c-asin=\"\" data-csa-c-is-in-initial-active-row=\"false\" data-csa-c-id=\"pbxzz3-otxr9b-aaggaz-8zu5bd\" data-cel-widget=\"climatePledgeFriendlyBTF_feature_div\"><\/div>\n<div id=\"aplus_feature_div\" class=\"celwidget\" data-feature-name=\"aplus\" data-csa-c-type=\"widget\" data-csa-c-content-id=\"aplus\" data-csa-c-slot-id=\"aplus_feature_div\" data-csa-c-asin=\"\" data-csa-c-is-in-initial-active-row=\"false\" data-csa-c-id=\"vx67p0-q2rh9p-w6sfyc-88p9zh\" data-cel-widget=\"aplus_feature_div\"><\/div>\n<div id=\"aplusBrandStory_feature_div\" class=\"celwidget flavor-2239\" data-feature-name=\"aplusBrandStory\" data-csa-c-type=\"widget\" data-csa-c-content-id=\"aplusBrandStory\" data-csa-c-slot-id=\"aplusBrandStory_feature_div\" data-csa-c-asin=\"\" data-csa-c-is-in-initial-active-row=\"false\" data-csa-c-id=\"w3yfa7-b18obc-6oaqsl-2bmupa\" data-cel-widget=\"aplusBrandStory_feature_div\"><\/div>\n<div id=\"aplusSustainabilityStory_feature_div\" class=\"celwidget\" data-feature-name=\"aplusSustainabilityStory\" data-csa-c-type=\"widget\" data-csa-c-content-id=\"aplusSustainabilityStory\" data-csa-c-slot-id=\"aplusSustainabilityStory_feature_div\" data-csa-c-asin=\"\" data-csa-c-is-in-initial-active-row=\"false\" data-csa-c-id=\"4ryst3-4xh3dw-ea1wbo-3a1scp\" data-cel-widget=\"aplusSustainabilityStory_feature_div\"><\/div>\n<div id=\"renewedProgramDescriptionBtf_feature_div\" class=\"celwidget flavor-4858\" data-feature-name=\"renewedProgramDescriptionBtf\" data-csa-c-type=\"widget\" data-csa-c-content-id=\"renewedProgramDescriptionBtf\" data-csa-c-slot-id=\"renewedProgramDescriptionBtf_feature_div\" data-csa-c-asin=\"\" data-csa-c-is-in-initial-active-row=\"false\" data-csa-c-id=\"ldm8nx-rrcflo-stata3-y65uuy\" data-cel-widget=\"renewedProgramDescriptionBtf_feature_div\"><\/div>\n<div id=\"similarities_feature_div\" class=\"celwidget\" data-feature-name=\"similarities\" data-csa-c-type=\"widget\" data-csa-c-content-id=\"similarities\" data-csa-c-slot-id=\"similarities_feature_div\" data-csa-c-asin=\"\" data-csa-c-is-in-initial-active-row=\"false\" data-csa-c-id=\"g6fgd4-3g9zg1-xwvn4m-p2fygh\" data-cel-widget=\"similarities_feature_div\">\n<div id=\"sims-consolidated-5_feature_div\">\n<div id=\"sims-consolidated-5_feature_div\">\n<div class=\"celwidget\" data-csa-c-id=\"jtjnz9-11myyt-953t5v-b4arxy\" data-cel-widget=\"sims-consolidated-5_csm_instrumentation_wrapper\">\n<div id=\"DPSims_sims-container_desktop-dp-sims_2_container\">\n<div class=\"widget-html-container\">\n<div class=\"celwidget pd_rd_w-0Ohw7 content-id-amzn1.sym.7d8190a3-4976-4a6e-a163-4b93400f9ccc pf_rd_p-7d8190a3-4976-4a6e-a163-4b93400f9ccc pf_rd_r-1S68BN77P2QGM3R3J7DT pd_rd_wg-0X26d pd_rd_r-520c0dcf-524c-4c7f-ad7e-543f7edadc0f c-f\" data-csa-op-log-render=\"\" data-csa-c-content-id=\"amzn1.sym.7d8190a3-4976-4a6e-a163-4b93400f9ccc\" data-csa-c-slot-id=\"sims-container-3\" data-csa-c-type=\"widget\" data-csa-c-painter=\"p13n-desktop-carousel-cards\" data-csa-c-id=\"qju6wx-i68hi6-qddye1-uwlvrv\" data-cel-widget=\"p13n-desktop-carousel_DPSims_2\">\n<div id=\"CardInstancevYPmNlPa4vg0qbvJhAWhBA\" data-card-metrics-id=\"p13n-desktop-carousel_DPSims_2\" data-acp-tracking='{\"pd_rd_w\":\"0Ohw7\",\"content-id\":\"amzn1.sym.7d8190a3-4976-4a6e-a163-4b93400f9ccc\",\"pf_rd_p\":\"7d8190a3-4976-4a6e-a163-4b93400f9ccc\",\"pf_rd_r\":\"1S68BN77P2QGM3R3J7DT\",\"pd_rd_wg\":\"0X26d\",\"pd_rd_r\":\"520c0dcf-524c-4c7f-ad7e-543f7edadc0f\",\"ref_\":\"pd_sim\"}' data-mix-claimed=\"true\">\n<hr aria-hidden=\"true\" class=\"a-divider-normal bucketDivider\"><\/div>\n<\/div>\n<\/div>\n<\/div>\n<\/div>\n<\/div>\n<\/div>\n<\/div>\n<p><span><br \/><\/span><\/p>\n<\/div>","protected":false},"excerpt":{"rendered":"<p>Si desea im\u00e1genes adicionales del producto, puede solicitarlas desde el formulario de contacto o en el email kaototienda@gmail.com El famoso autor Homura Kawamoto (Kakegurui) nos ofrece una historia enrevesada y profunda con Yurukill. En \u00e9l, su protagonista, Sengoku Shunju, es acusado de provocar incendios y de asesinar a 21 personas, por lo que se ve [&hellip;]<\/p>\n","protected":false},"featured_media":24631,"template":"","meta":{"ocean_post_layout":"","ocean_both_sidebars_style":"","ocean_both_sidebars_content_width":0,"ocean_both_sidebars_sidebars_width":0,"ocean_sidebar":"","ocean_second_sidebar":"","ocean_disable_margins":"enable","ocean_add_body_class":"","ocean_shortcode_before_top_bar":"","ocean_shortcode_after_top_bar":"","ocean_shortcode_before_header":"","ocean_shortcode_after_header":"","ocean_has_shortcode":"","ocean_shortcode_after_title":"","ocean_shortcode_before_footer_widgets":"","ocean_shortcode_after_footer_widgets":"","ocean_shortcode_before_footer_bottom":"","ocean_shortcode_after_footer_bottom":"","ocean_display_top_bar":"default","ocean_display_header":"default","ocean_header_style":"","ocean_center_header_left_menu":"","ocean_custom_header_template":"","ocean_custom_logo":0,"ocean_custom_retina_logo":0,"ocean_custom_logo_max_width":0,"ocean_custom_logo_tablet_max_width":0,"ocean_custom_logo_mobile_max_width":0,"ocean_custom_logo_max_height":0,"ocean_custom_logo_tablet_max_height":0,"ocean_custom_logo_mobile_max_height":0,"ocean_header_custom_menu":"","ocean_menu_typo_font_family":"","ocean_menu_typo_font_subset":"","ocean_menu_typo_font_size":0,"ocean_menu_typo_font_size_tablet":0,"ocean_menu_typo_font_size_mobile":0,"ocean_menu_typo_font_size_unit":"px","ocean_menu_typo_font_weight":"","ocean_menu_typo_font_weight_tablet":"","ocean_menu_typo_font_weight_mobile":"","ocean_menu_typo_transform":"","ocean_menu_typo_transform_tablet":"","ocean_menu_typo_transform_mobile":"","ocean_menu_typo_line_height":0,"ocean_menu_typo_line_height_tablet":0,"ocean_menu_typo_line_height_mobile":0,"ocean_menu_typo_line_height_unit":"","ocean_menu_typo_spacing":0,"ocean_menu_typo_spacing_tablet":0,"ocean_menu_typo_spacing_mobile":0,"ocean_menu_typo_spacing_unit":"","ocean_menu_link_color":"","ocean_menu_link_color_hover":"","ocean_menu_link_color_active":"","ocean_menu_link_background":"","ocean_menu_link_hover_background":"","ocean_menu_link_active_background":"","ocean_menu_social_links_bg":"","ocean_menu_social_hover_links_bg":"","ocean_menu_social_links_color":"","ocean_menu_social_hover_links_color":"","ocean_disable_title":"default","ocean_disable_heading":"default","ocean_post_title":"","ocean_post_subheading":"","ocean_post_title_style":"","ocean_post_title_background_color":"","ocean_post_title_background":0,"ocean_post_title_bg_image_position":"","ocean_post_title_bg_image_attachment":"","ocean_post_title_bg_image_repeat":"","ocean_post_title_bg_image_size":"","ocean_post_title_height":0,"ocean_post_title_bg_overlay":0.5,"ocean_post_title_bg_overlay_color":"","ocean_disable_breadcrumbs":"default","ocean_breadcrumbs_color":"","ocean_breadcrumbs_separator_color":"","ocean_breadcrumbs_links_color":"","ocean_breadcrumbs_links_hover_color":"","ocean_display_footer_widgets":"default","ocean_display_footer_bottom":"default","ocean_custom_footer_template":""},"product_brand":[],"product_cat":[107,128],"product_tag":[],"class_list":{"0":"post-33930","1":"product","2":"type-product","3":"status-publish","4":"has-post-thumbnail","6":"product_cat-playstation-4","7":"product_cat-ultimas-entradas","9":"entry","10":"has-media","12":"first","13":"instock","14":"taxable","15":"shipping-taxable","16":"purchasable","17":"product-type-simple","18":"col","19":"span_1_of_3","20":"owp-content-center","21":"owp-thumbs-layout-horizontal","22":"owp-btn-normal","23":"owp-tabs-layout-horizontal"},"aioseo_notices":[],"_links":{"self":[{"href":"https:\/\/kaotostore.com\/en\/wp-json\/wp\/v2\/product\/33930","targetHints":{"allow":["GET"]}}],"collection":[{"href":"https:\/\/kaotostore.com\/en\/wp-json\/wp\/v2\/product"}],"about":[{"href":"https:\/\/kaotostore.com\/en\/wp-json\/wp\/v2\/types\/product"}],"wp:featuredmedia":[{"embeddable":true,"href":"https:\/\/kaotostore.com\/en\/wp-json\/wp\/v2\/media\/24631"}],"wp:attachment":[{"href":"https:\/\/kaotostore.com\/en\/wp-json\/wp\/v2\/media?parent=33930"}],"wp:term":[{"taxonomy":"product_brand","embeddable":true,"href":"https:\/\/kaotostore.com\/en\/wp-json\/wp\/v2\/product_brand?post=33930"},{"taxonomy":"product_cat","embeddable":true,"href":"https:\/\/kaotostore.com\/en\/wp-json\/wp\/v2\/product_cat?post=33930"},{"taxonomy":"product_tag","embeddable":true,"href":"https:\/\/kaotostore.com\/en\/wp-json\/wp\/v2\/product_tag?post=33930"}],"curies":[{"name":"wp","href":"https:\/\/api.w.org\/{rel}","templated":true}]}}