{"id":33870,"date":"2026-03-24T11:46:24","date_gmt":"2026-03-24T10:46:24","guid":{"rendered":"https:\/\/kaotostore.com\/producto\/yo-kai-watch-nintendo-3ds\/"},"modified":"2026-04-01T17:24:20","modified_gmt":"2026-04-01T15:24:20","slug":"yo-kai-watch-nintendo-3ds","status":"publish","type":"product","link":"https:\/\/kaotostore.com\/en\/product\/yo-kai-watch-nintendo-3ds\/","title":{"rendered":"Yo-Kai Watch NINTENDO 3DS"},"content":{"rendered":"<div>\n<div>\n<strong><em>Yo-Kai Watch<\/em><\/strong> es un fen\u00f3meno cultural en Jap\u00f3n, una franquicia que trata sobre centenares de Yo-kai, unos seres que habitan nuestro mundo y que a veces son simp\u00e1ticos, otras dan un poco de miedo y, en general, son bastante traviesos. En la historia, un ni\u00f1o obtiene un reloj especial que le permite, no solo ver a los Yo-kai invisibles para el resto de los mortales, sino tambi\u00e9n hacerse amigo de ellos y ayudarles a resolver sus problemas, mientras encuentra m\u00e1s Yo-kai en el camino, batalla para hacerse con ellos y resuelve un sinf\u00edn de retos que le propone el juego. Pero \u00bfqu\u00e9 son exactamente los Yo-kai de <strong><em>Yo-Kai Watch<\/em><\/strong>? No son estrictamente fantasmas, ni monstruos, ni criaturas salvajes. Los Yo-kai son, simplemente, Yo-kai. Igual que las criaturas de la mitolog\u00eda japonesa, est\u00e1n en todas partes y su origen puede ser muy diverso. Pueden haber nacido del alma de un humano fallecido o de un objeto inanimado que de repente descubre un sentido para su vida. Los Yo-kai sienten y tienen personalidad, igual que las personas. Por eso, deber\u00e1s cuidarlos si quieres mantenerlos contigo. Gracias a tu Yo-kai Watch, por fin puedes ver a los invisibles Yo-kai dondequiera que se oculten en tu ciudad. Muchos de ellos causan problemas a la gente en su vida diaria, as\u00ed que tendr\u00e1s que formar un equipo de seis Yo-kai en tu Yo-kai Wheel e invocarlos siempre que necesites su ayuda. Cada Yo-kai tiene personalidad y habilidades \u00fanicas, as\u00ed que requerir\u00e1 cierta estrategia formar y modificar tu equipo para que puedan resolver problemas diversos y luchar contra los Yo-kai malvados.<\/div>\n<\/div>\n<p><!----><\/p>","protected":false},"excerpt":{"rendered":"<p>Yo-Kai Watch es un fen\u00f3meno cultural en Jap\u00f3n, una franquicia que trata sobre centenares de Yo-kai, unos seres que habitan nuestro mundo y que a veces son simp\u00e1ticos, otras dan un poco de miedo y, en general, son bastante traviesos. En la historia, un ni\u00f1o obtiene un reloj especial que le permite, no solo ver [&hellip;]<\/p>\n","protected":false},"featured_media":24525,"template":"","meta":{"ocean_post_layout":"","ocean_both_sidebars_style":"","ocean_both_sidebars_content_width":0,"ocean_both_sidebars_sidebars_width":0,"ocean_sidebar":"","ocean_second_sidebar":"","ocean_disable_margins":"enable","ocean_add_body_class":"","ocean_shortcode_before_top_bar":"","ocean_shortcode_after_top_bar":"","ocean_shortcode_before_header":"","ocean_shortcode_after_header":"","ocean_has_shortcode":"","ocean_shortcode_after_title":"","ocean_shortcode_before_footer_widgets":"","ocean_shortcode_after_footer_widgets":"","ocean_shortcode_before_footer_bottom":"","ocean_shortcode_after_footer_bottom":"","ocean_display_top_bar":"default","ocean_display_header":"default","ocean_header_style":"","ocean_center_header_left_menu":"","ocean_custom_header_template":"","ocean_custom_logo":0,"ocean_custom_retina_logo":0,"ocean_custom_logo_max_width":0,"ocean_custom_logo_tablet_max_width":0,"ocean_custom_logo_mobile_max_width":0,"ocean_custom_logo_max_height":0,"ocean_custom_logo_tablet_max_height":0,"ocean_custom_logo_mobile_max_height":0,"ocean_header_custom_menu":"","ocean_menu_typo_font_family":"","ocean_menu_typo_font_subset":"","ocean_menu_typo_font_size":0,"ocean_menu_typo_font_size_tablet":0,"ocean_menu_typo_font_size_mobile":0,"ocean_menu_typo_font_size_unit":"px","ocean_menu_typo_font_weight":"","ocean_menu_typo_font_weight_tablet":"","ocean_menu_typo_font_weight_mobile":"","ocean_menu_typo_transform":"","ocean_menu_typo_transform_tablet":"","ocean_menu_typo_transform_mobile":"","ocean_menu_typo_line_height":0,"ocean_menu_typo_line_height_tablet":0,"ocean_menu_typo_line_height_mobile":0,"ocean_menu_typo_line_height_unit":"","ocean_menu_typo_spacing":0,"ocean_menu_typo_spacing_tablet":0,"ocean_menu_typo_spacing_mobile":0,"ocean_menu_typo_spacing_unit":"","ocean_menu_link_color":"","ocean_menu_link_color_hover":"","ocean_menu_link_color_active":"","ocean_menu_link_background":"","ocean_menu_link_hover_background":"","ocean_menu_link_active_background":"","ocean_menu_social_links_bg":"","ocean_menu_social_hover_links_bg":"","ocean_menu_social_links_color":"","ocean_menu_social_hover_links_color":"","ocean_disable_title":"default","ocean_disable_heading":"default","ocean_post_title":"","ocean_post_subheading":"","ocean_post_title_style":"","ocean_post_title_background_color":"","ocean_post_title_background":0,"ocean_post_title_bg_image_position":"","ocean_post_title_bg_image_attachment":"","ocean_post_title_bg_image_repeat":"","ocean_post_title_bg_image_size":"","ocean_post_title_height":0,"ocean_post_title_bg_overlay":0.5,"ocean_post_title_bg_overlay_color":"","ocean_disable_breadcrumbs":"default","ocean_breadcrumbs_color":"","ocean_breadcrumbs_separator_color":"","ocean_breadcrumbs_links_color":"","ocean_breadcrumbs_links_hover_color":"","ocean_display_footer_widgets":"default","ocean_display_footer_bottom":"default","ocean_custom_footer_template":""},"product_brand":[],"product_cat":[94,128],"product_tag":[],"class_list":{"0":"post-33870","1":"product","2":"type-product","3":"status-publish","4":"has-post-thumbnail","6":"product_cat-nintendo-3ds","7":"product_cat-ultimas-entradas","9":"entry","10":"has-media","12":"first","13":"instock","14":"taxable","15":"shipping-taxable","16":"purchasable","17":"product-type-variable","18":"col","19":"span_1_of_3","20":"owp-content-center","21":"owp-thumbs-layout-horizontal","22":"owp-btn-normal","23":"owp-tabs-layout-horizontal","24":"has-no-thumbnails"},"aioseo_notices":[],"_links":{"self":[{"href":"https:\/\/kaotostore.com\/en\/wp-json\/wp\/v2\/product\/33870","targetHints":{"allow":["GET"]}}],"collection":[{"href":"https:\/\/kaotostore.com\/en\/wp-json\/wp\/v2\/product"}],"about":[{"href":"https:\/\/kaotostore.com\/en\/wp-json\/wp\/v2\/types\/product"}],"wp:featuredmedia":[{"embeddable":true,"href":"https:\/\/kaotostore.com\/en\/wp-json\/wp\/v2\/media\/24525"}],"wp:attachment":[{"href":"https:\/\/kaotostore.com\/en\/wp-json\/wp\/v2\/media?parent=33870"}],"wp:term":[{"taxonomy":"product_brand","embeddable":true,"href":"https:\/\/kaotostore.com\/en\/wp-json\/wp\/v2\/product_brand?post=33870"},{"taxonomy":"product_cat","embeddable":true,"href":"https:\/\/kaotostore.com\/en\/wp-json\/wp\/v2\/product_cat?post=33870"},{"taxonomy":"product_tag","embeddable":true,"href":"https:\/\/kaotostore.com\/en\/wp-json\/wp\/v2\/product_tag?post=33870"}],"curies":[{"name":"wp","href":"https:\/\/api.w.org\/{rel}","templated":true}]}}