{"id":33856,"date":"2026-03-24T11:46:17","date_gmt":"2026-03-24T10:46:17","guid":{"rendered":"https:\/\/kaotostore.com\/producto\/yakuza-6-the-song-of-life-launch-edition-playstation-4\/"},"modified":"2026-04-09T15:34:46","modified_gmt":"2026-04-09T13:34:46","slug":"yakuza-6-the-song-of-life-launch-edition-playstation-4","status":"publish","type":"product","link":"https:\/\/kaotostore.com\/en\/product\/yakuza-6-the-song-of-life-launch-edition-playstation-4\/","title":{"rendered":"Yakuza 6 The Song of Life Launch Edition PLAYSTATION 4"},"content":{"rendered":"<div class=\"rte\">\n<p><strong><span style=\"color: rgb(255, 5, 5);\">Si desea im\u00e1genes adicionales del producto, puede solicitarlas desde el formulario de contacto o en el email kaototienda@gmail.com<br \/><\/span><\/strong><\/p>\n<div><\/div>\n<div>\n<div>\n<div>\n<h4>\u00bfHasta d\u00f3nde llegar\u00edas por tu familia?<\/h4>\n<p>El legendario Drag\u00f3n de Dojima regresa en el juego de rol y peleas callejeras <em><strong>Yakuza 6: The Song of Life<\/strong><\/em>.<\/p>\n<h4>Una paz hecha a\u00f1icos&#8230;<\/h4>\n<p>Tres a\u00f1os despu\u00e9s de los eventos de <em>Yakuza 5<\/em>, Kazuma Kiryu, el Drag\u00f3n de Dojima, sue\u00f1a con vivir una vida pac\u00edfica lejos de su violento pasado.<\/p>\n<p>Sin embargo, esa tranquilidad tendr\u00e1 que esperar, ya que Kiryu descubre que Haruka, su protegida, ha ca\u00eddo en coma tras un extra\u00f1o accidente y ha dejado solo a su hijo peque\u00f1o, Haruto.<\/p>\n<p>Ponte en la piel de Kazuma Kiryu una vez m\u00e1s y viaja a Onomichi, Hiroshima, para desvelar la verdad tras el misterioso accidente de Haruka y enfrentarte a una nueva y letal amenaza yakuza.<\/p>\n<p>Contin\u00faa la leyenda del Drag\u00f3n de Dojima con la acci\u00f3n beat &#8217;em up caracter\u00edstica de la saga combinada con minijuegos basados en la vida real y una historia de cr\u00edmenes y suspense.<\/p>\n<\/div>\n<p><\/p>\n<\/div>\n<\/div>\n<\/div>","protected":false},"excerpt":{"rendered":"<p>Si desea im\u00e1genes adicionales del producto, puede solicitarlas desde el formulario de contacto o en el email kaototienda@gmail.com \u00bfHasta d\u00f3nde llegar\u00edas por tu familia? El legendario Drag\u00f3n de Dojima regresa en el juego de rol y peleas callejeras Yakuza 6: The Song of Life. Una paz hecha a\u00f1icos&#8230; Tres a\u00f1os despu\u00e9s de los eventos de [&hellip;]<\/p>\n","protected":false},"featured_media":24508,"template":"","meta":{"ocean_post_layout":"","ocean_both_sidebars_style":"","ocean_both_sidebars_content_width":0,"ocean_both_sidebars_sidebars_width":0,"ocean_sidebar":"","ocean_second_sidebar":"","ocean_disable_margins":"enable","ocean_add_body_class":"","ocean_shortcode_before_top_bar":"","ocean_shortcode_after_top_bar":"","ocean_shortcode_before_header":"","ocean_shortcode_after_header":"","ocean_has_shortcode":"","ocean_shortcode_after_title":"","ocean_shortcode_before_footer_widgets":"","ocean_shortcode_after_footer_widgets":"","ocean_shortcode_before_footer_bottom":"","ocean_shortcode_after_footer_bottom":"","ocean_display_top_bar":"default","ocean_display_header":"default","ocean_header_style":"","ocean_center_header_left_menu":"","ocean_custom_header_template":"","ocean_custom_logo":0,"ocean_custom_retina_logo":0,"ocean_custom_logo_max_width":0,"ocean_custom_logo_tablet_max_width":0,"ocean_custom_logo_mobile_max_width":0,"ocean_custom_logo_max_height":0,"ocean_custom_logo_tablet_max_height":0,"ocean_custom_logo_mobile_max_height":0,"ocean_header_custom_menu":"","ocean_menu_typo_font_family":"","ocean_menu_typo_font_subset":"","ocean_menu_typo_font_size":0,"ocean_menu_typo_font_size_tablet":0,"ocean_menu_typo_font_size_mobile":0,"ocean_menu_typo_font_size_unit":"px","ocean_menu_typo_font_weight":"","ocean_menu_typo_font_weight_tablet":"","ocean_menu_typo_font_weight_mobile":"","ocean_menu_typo_transform":"","ocean_menu_typo_transform_tablet":"","ocean_menu_typo_transform_mobile":"","ocean_menu_typo_line_height":0,"ocean_menu_typo_line_height_tablet":0,"ocean_menu_typo_line_height_mobile":0,"ocean_menu_typo_line_height_unit":"","ocean_menu_typo_spacing":0,"ocean_menu_typo_spacing_tablet":0,"ocean_menu_typo_spacing_mobile":0,"ocean_menu_typo_spacing_unit":"","ocean_menu_link_color":"","ocean_menu_link_color_hover":"","ocean_menu_link_color_active":"","ocean_menu_link_background":"","ocean_menu_link_hover_background":"","ocean_menu_link_active_background":"","ocean_menu_social_links_bg":"","ocean_menu_social_hover_links_bg":"","ocean_menu_social_links_color":"","ocean_menu_social_hover_links_color":"","ocean_disable_title":"default","ocean_disable_heading":"default","ocean_post_title":"","ocean_post_subheading":"","ocean_post_title_style":"","ocean_post_title_background_color":"","ocean_post_title_background":0,"ocean_post_title_bg_image_position":"","ocean_post_title_bg_image_attachment":"","ocean_post_title_bg_image_repeat":"","ocean_post_title_bg_image_size":"","ocean_post_title_height":0,"ocean_post_title_bg_overlay":0.5,"ocean_post_title_bg_overlay_color":"","ocean_disable_breadcrumbs":"default","ocean_breadcrumbs_color":"","ocean_breadcrumbs_separator_color":"","ocean_breadcrumbs_links_color":"","ocean_breadcrumbs_links_hover_color":"","ocean_display_footer_widgets":"default","ocean_display_footer_bottom":"default","ocean_custom_footer_template":""},"product_brand":[],"product_cat":[107,128],"product_tag":[],"class_list":{"0":"post-33856","1":"product","2":"type-product","3":"status-publish","4":"has-post-thumbnail","6":"product_cat-playstation-4","7":"product_cat-ultimas-entradas","9":"entry","10":"has-media","12":"first","13":"outofstock","14":"taxable","15":"shipping-taxable","16":"purchasable","17":"product-type-simple","18":"col","19":"span_1_of_3","20":"owp-content-center","21":"owp-thumbs-layout-horizontal","22":"owp-btn-normal","23":"owp-tabs-layout-horizontal","24":"has-no-thumbnails"},"aioseo_notices":[],"_links":{"self":[{"href":"https:\/\/kaotostore.com\/en\/wp-json\/wp\/v2\/product\/33856","targetHints":{"allow":["GET"]}}],"collection":[{"href":"https:\/\/kaotostore.com\/en\/wp-json\/wp\/v2\/product"}],"about":[{"href":"https:\/\/kaotostore.com\/en\/wp-json\/wp\/v2\/types\/product"}],"wp:featuredmedia":[{"embeddable":true,"href":"https:\/\/kaotostore.com\/en\/wp-json\/wp\/v2\/media\/24508"}],"wp:attachment":[{"href":"https:\/\/kaotostore.com\/en\/wp-json\/wp\/v2\/media?parent=33856"}],"wp:term":[{"taxonomy":"product_brand","embeddable":true,"href":"https:\/\/kaotostore.com\/en\/wp-json\/wp\/v2\/product_brand?post=33856"},{"taxonomy":"product_cat","embeddable":true,"href":"https:\/\/kaotostore.com\/en\/wp-json\/wp\/v2\/product_cat?post=33856"},{"taxonomy":"product_tag","embeddable":true,"href":"https:\/\/kaotostore.com\/en\/wp-json\/wp\/v2\/product_tag?post=33856"}],"curies":[{"name":"wp","href":"https:\/\/api.w.org\/{rel}","templated":true}]}}