{"id":33851,"date":"2026-03-24T11:46:12","date_gmt":"2026-03-24T10:46:12","guid":{"rendered":"https:\/\/kaotostore.com\/producto\/yabai-grandes-videojuegos-que-se-quedaron-en-japon-no02\/"},"modified":"2026-05-06T15:18:09","modified_gmt":"2026-05-06T13:18:09","slug":"yabai-grandes-videojuegos-que-se-quedaron-en-japon-no02","status":"publish","type":"product","link":"https:\/\/kaotostore.com\/en\/product\/yabai-grandes-videojuegos-que-se-quedaron-en-japon-no02\/","title":{"rendered":"Yabai Grandes Videojuegos que se Quedaron en Jap\u00f3n N\u00ba02"},"content":{"rendered":"<p><strong>-Libro en castellano<\/strong><\/p>\n<div class=\"av_promobox av-k4mqomu3-f844351c262b0e2803e99596238a56bb avia-button-yes  avia-builder-el-21  el_after_av_hr  el_before_av_hr\">\n<div class=\"avia-promocontent\"><\/div>\n<div class=\"avia-button-wrap av-k4mqomu3-dca8eb8e8b9f1a1515914c35cd629cbf-wrap avia-button-right\"><\/div>\n<\/div>\n<div class=\"hr av-k4mqtv6q-4-55f4dd7cfd6f4bd953ce720d106d63c1 hr-custom  avia-builder-el-22  el_after_av_promobox  el_before_av_one_full  hr-center hr-icon-no\">\n<span class=\"hr-inner inner-border-av-border-thin\"><span class=\"hr-inner-style\"><\/span><\/span>\n<\/div>\n<div class=\"flex_column av-3ocrbr-4026a1861abed1b446652b0d0a24bf83 av_one_full  avia-builder-el-23  el_after_av_hr  el_before_av_one_half  first flex_column_div av-zero-column-padding\">\n<section class=\"av_textblock_section av-zg2vuf-6f0bc0891d770ad4f32bf72db197d79e\" itemscope=\"itemscope\" itemtype=\"https:\/\/schema.org\/CreativeWork\">\n<div class=\"avia_textblock\" itemprop=\"text\">\n<p><span>Aunque no es el pa\u00eds que los vio nacer, Jap\u00f3n es por m\u00e9ritos propios la cuna del videojuego. Mitos como Pac-Man o space Invaders dieron forma a la industria tal y como la conocemos, y desarrollado como Nintendo, ir em, Capcom, Konami o Hudson soft, entre muchas otras, contribuyeron al progreso tecnol\u00f3gico del videojuego durante los a\u00f1os 80 y 90, creando obras maravillosas que se exportar\u00edan a todo el mundo. Pero, \u00bfqu\u00e9 hay de todos esos t\u00edtulos que nunca salieron de Jap\u00f3n? En el segundo volumen de yabai!, David bosc\u00e1 contin\u00faa su viaje a trav\u00e9s del lado m\u00e1s desconocido para el jugador occidental del cat\u00e1logo de sistemas tan m\u00edticos como la primera PlayStation, la Dreamcast de SEGA o la port\u00e1til neo-geo pocket, entre otros. Un recorrido tan ameno como exhaustivo con el que el lector descubrir\u00e1 una enorme selecci\u00f3n de t\u00edtulos que llevan a\u00f1os en las estancias nipona esperando a ser disfrutados.<\/span><\/p>\n<\/div>\n<\/section>\n<\/div>\n<p><!----><\/p>","protected":false},"excerpt":{"rendered":"<p>-Libro en castellano Aunque no es el pa\u00eds que los vio nacer, Jap\u00f3n es por m\u00e9ritos propios la cuna del videojuego. Mitos como Pac-Man o space Invaders dieron forma a la industria tal y como la conocemos, y desarrollado como Nintendo, ir em, Capcom, Konami o Hudson soft, entre muchas otras, contribuyeron al progreso tecnol\u00f3gico [&hellip;]<\/p>\n","protected":false},"featured_media":24499,"template":"","meta":{"ocean_post_layout":"","ocean_both_sidebars_style":"","ocean_both_sidebars_content_width":0,"ocean_both_sidebars_sidebars_width":0,"ocean_sidebar":"","ocean_second_sidebar":"","ocean_disable_margins":"enable","ocean_add_body_class":"","ocean_shortcode_before_top_bar":"","ocean_shortcode_after_top_bar":"","ocean_shortcode_before_header":"","ocean_shortcode_after_header":"","ocean_has_shortcode":"","ocean_shortcode_after_title":"","ocean_shortcode_before_footer_widgets":"","ocean_shortcode_after_footer_widgets":"","ocean_shortcode_before_footer_bottom":"","ocean_shortcode_after_footer_bottom":"","ocean_display_top_bar":"default","ocean_display_header":"default","ocean_header_style":"","ocean_center_header_left_menu":"","ocean_custom_header_template":"","ocean_custom_logo":0,"ocean_custom_retina_logo":0,"ocean_custom_logo_max_width":0,"ocean_custom_logo_tablet_max_width":0,"ocean_custom_logo_mobile_max_width":0,"ocean_custom_logo_max_height":0,"ocean_custom_logo_tablet_max_height":0,"ocean_custom_logo_mobile_max_height":0,"ocean_header_custom_menu":"","ocean_menu_typo_font_family":"","ocean_menu_typo_font_subset":"","ocean_menu_typo_font_size":0,"ocean_menu_typo_font_size_tablet":0,"ocean_menu_typo_font_size_mobile":0,"ocean_menu_typo_font_size_unit":"px","ocean_menu_typo_font_weight":"","ocean_menu_typo_font_weight_tablet":"","ocean_menu_typo_font_weight_mobile":"","ocean_menu_typo_transform":"","ocean_menu_typo_transform_tablet":"","ocean_menu_typo_transform_mobile":"","ocean_menu_typo_line_height":0,"ocean_menu_typo_line_height_tablet":0,"ocean_menu_typo_line_height_mobile":0,"ocean_menu_typo_line_height_unit":"","ocean_menu_typo_spacing":0,"ocean_menu_typo_spacing_tablet":0,"ocean_menu_typo_spacing_mobile":0,"ocean_menu_typo_spacing_unit":"","ocean_menu_link_color":"","ocean_menu_link_color_hover":"","ocean_menu_link_color_active":"","ocean_menu_link_background":"","ocean_menu_link_hover_background":"","ocean_menu_link_active_background":"","ocean_menu_social_links_bg":"","ocean_menu_social_hover_links_bg":"","ocean_menu_social_links_color":"","ocean_menu_social_hover_links_color":"","ocean_disable_title":"default","ocean_disable_heading":"default","ocean_post_title":"","ocean_post_subheading":"","ocean_post_title_style":"","ocean_post_title_background_color":"","ocean_post_title_background":0,"ocean_post_title_bg_image_position":"","ocean_post_title_bg_image_attachment":"","ocean_post_title_bg_image_repeat":"","ocean_post_title_bg_image_size":"","ocean_post_title_height":0,"ocean_post_title_bg_overlay":0.5,"ocean_post_title_bg_overlay_color":"","ocean_disable_breadcrumbs":"default","ocean_breadcrumbs_color":"","ocean_breadcrumbs_separator_color":"","ocean_breadcrumbs_links_color":"","ocean_breadcrumbs_links_hover_color":"","ocean_display_footer_widgets":"default","ocean_display_footer_bottom":"default","ocean_custom_footer_template":""},"product_brand":[],"product_cat":[71,128],"product_tag":[],"class_list":{"0":"post-33851","1":"product","2":"type-product","3":"status-publish","4":"has-post-thumbnail","6":"product_cat-artbooks-libros-de-divulgacion-comic-manga-guias","7":"product_cat-ultimas-entradas","9":"entry","10":"has-media","12":"first","13":"outofstock","14":"taxable","15":"shipping-taxable","16":"purchasable","17":"product-type-simple","18":"col","19":"span_1_of_3","20":"owp-content-center","21":"owp-thumbs-layout-horizontal","22":"owp-btn-normal","23":"owp-tabs-layout-horizontal","24":"has-no-thumbnails"},"aioseo_notices":[],"_links":{"self":[{"href":"https:\/\/kaotostore.com\/en\/wp-json\/wp\/v2\/product\/33851","targetHints":{"allow":["GET"]}}],"collection":[{"href":"https:\/\/kaotostore.com\/en\/wp-json\/wp\/v2\/product"}],"about":[{"href":"https:\/\/kaotostore.com\/en\/wp-json\/wp\/v2\/types\/product"}],"wp:featuredmedia":[{"embeddable":true,"href":"https:\/\/kaotostore.com\/en\/wp-json\/wp\/v2\/media\/24499"}],"wp:attachment":[{"href":"https:\/\/kaotostore.com\/en\/wp-json\/wp\/v2\/media?parent=33851"}],"wp:term":[{"taxonomy":"product_brand","embeddable":true,"href":"https:\/\/kaotostore.com\/en\/wp-json\/wp\/v2\/product_brand?post=33851"},{"taxonomy":"product_cat","embeddable":true,"href":"https:\/\/kaotostore.com\/en\/wp-json\/wp\/v2\/product_cat?post=33851"},{"taxonomy":"product_tag","embeddable":true,"href":"https:\/\/kaotostore.com\/en\/wp-json\/wp\/v2\/product_tag?post=33851"}],"curies":[{"name":"wp","href":"https:\/\/api.w.org\/{rel}","templated":true}]}}