{"id":33828,"date":"2026-03-24T11:46:04","date_gmt":"2026-03-24T10:46:04","guid":{"rendered":"https:\/\/kaotostore.com\/producto\/x-men-legends-gamecube\/"},"modified":"2026-03-24T11:46:04","modified_gmt":"2026-03-24T10:46:04","slug":"x-men-legends-gamecube","status":"publish","type":"product","link":"https:\/\/kaotostore.com\/en\/product\/x-men-legends-gamecube\/","title":{"rendered":"X-Men Legends GAMECUBE"},"content":{"rendered":"<p><span><strong><span style=\"color: rgb(255, 5, 5);\"><span id=\"ContentPlaceHolder1_lblSinopsis\">Si desea im\u00e1genes adicionales del producto, puede solicitarlas desde el formulario de contacto o en el email kaototienda@gmail.com<br \/><\/span><\/span><\/strong><\/p>\n<p><\/span><strong><em>X-Men Legends<\/em><\/strong> es el \u00fanico juego RPG de acci\u00f3n \u00e9pica en el que los jugadores pueden elegir y personalizar un equipo de lucha X-Men, y por primera vez, experimentar los asombrosos poderes de los X-Men jugando en equipo para combatir el mal y proteger el futuro de la humanidad.<\/p>\n<div>\n<p>La historia comienza cuando los X-Men se enteran de que Magneto, su principal adversario, ha tramado un plan para potenciar los poderes de los mutantes con el prop\u00f3sito de esclavizar a la humanidad. Ante esta situaci\u00f3n, los X-Men se ven empujados a luchar contra la Hermandad de Mutantes de Magneto con el objetivo de detener el caos global e impedir que los humanos acaben siendo prisioneros. Para salvar al mundo de este destino, los jugadores podr\u00e1n elegir entre una lista compuesta por m\u00e1s de doce populares personajes de X-Men, entre los que figuran Wolverine, Gambit y Storm, para crear, personalizar y controlar equipos de cuatro en un RPG de acci\u00f3n real.<\/p>\n<p>Creado por los antiguos escritores de los c\u00f3mic X-Men, el gui\u00f3n original est\u00e1 plagado de intrigas y giros de tuerca que consiguen sumergir a los jugadores en el juego de X-Men m\u00e1s envolvente jam\u00e1s creado.<\/p>\n<p>Los jugadores podr\u00e1n enfrentarse a la Hermandad de mutantes luchando individualmente contra los malvados o jugando con un amigo para experimentar el juego de 4 jugadores en modo cooperativo, donde cada jugador controla a dos mutantes que forman un escuadr\u00f3n de X-Men poderosos. Gracias a la Incorporaci\u00f3n din\u00e1mica, los jugadores pueden saltar a la acci\u00f3n en cualquier momento.<\/p>\n<\/div>\n<p><span><br \/><\/span><\/p>\n<p><!----><\/p>","protected":false},"excerpt":{"rendered":"<p>Si desea im\u00e1genes adicionales del producto, puede solicitarlas desde el formulario de contacto o en el email kaototienda@gmail.com X-Men Legends es el \u00fanico juego RPG de acci\u00f3n \u00e9pica en el que los jugadores pueden elegir y personalizar un equipo de lucha X-Men, y por primera vez, experimentar los asombrosos poderes de los X-Men jugando en [&hellip;]<\/p>\n","protected":false},"featured_media":24457,"template":"","meta":{"ocean_post_layout":"","ocean_both_sidebars_style":"","ocean_both_sidebars_content_width":0,"ocean_both_sidebars_sidebars_width":0,"ocean_sidebar":"","ocean_second_sidebar":"","ocean_disable_margins":"enable","ocean_add_body_class":"","ocean_shortcode_before_top_bar":"","ocean_shortcode_after_top_bar":"","ocean_shortcode_before_header":"","ocean_shortcode_after_header":"","ocean_has_shortcode":"","ocean_shortcode_after_title":"","ocean_shortcode_before_footer_widgets":"","ocean_shortcode_after_footer_widgets":"","ocean_shortcode_before_footer_bottom":"","ocean_shortcode_after_footer_bottom":"","ocean_display_top_bar":"default","ocean_display_header":"default","ocean_header_style":"","ocean_center_header_left_menu":"","ocean_custom_header_template":"","ocean_custom_logo":0,"ocean_custom_retina_logo":0,"ocean_custom_logo_max_width":0,"ocean_custom_logo_tablet_max_width":0,"ocean_custom_logo_mobile_max_width":0,"ocean_custom_logo_max_height":0,"ocean_custom_logo_tablet_max_height":0,"ocean_custom_logo_mobile_max_height":0,"ocean_header_custom_menu":"","ocean_menu_typo_font_family":"","ocean_menu_typo_font_subset":"","ocean_menu_typo_font_size":0,"ocean_menu_typo_font_size_tablet":0,"ocean_menu_typo_font_size_mobile":0,"ocean_menu_typo_font_size_unit":"px","ocean_menu_typo_font_weight":"","ocean_menu_typo_font_weight_tablet":"","ocean_menu_typo_font_weight_mobile":"","ocean_menu_typo_transform":"","ocean_menu_typo_transform_tablet":"","ocean_menu_typo_transform_mobile":"","ocean_menu_typo_line_height":0,"ocean_menu_typo_line_height_tablet":0,"ocean_menu_typo_line_height_mobile":0,"ocean_menu_typo_line_height_unit":"","ocean_menu_typo_spacing":0,"ocean_menu_typo_spacing_tablet":0,"ocean_menu_typo_spacing_mobile":0,"ocean_menu_typo_spacing_unit":"","ocean_menu_link_color":"","ocean_menu_link_color_hover":"","ocean_menu_link_color_active":"","ocean_menu_link_background":"","ocean_menu_link_hover_background":"","ocean_menu_link_active_background":"","ocean_menu_social_links_bg":"","ocean_menu_social_hover_links_bg":"","ocean_menu_social_links_color":"","ocean_menu_social_hover_links_color":"","ocean_disable_title":"default","ocean_disable_heading":"default","ocean_post_title":"","ocean_post_subheading":"","ocean_post_title_style":"","ocean_post_title_background_color":"","ocean_post_title_background":0,"ocean_post_title_bg_image_position":"","ocean_post_title_bg_image_attachment":"","ocean_post_title_bg_image_repeat":"","ocean_post_title_bg_image_size":"","ocean_post_title_height":0,"ocean_post_title_bg_overlay":0.5,"ocean_post_title_bg_overlay_color":"","ocean_disable_breadcrumbs":"default","ocean_breadcrumbs_color":"","ocean_breadcrumbs_separator_color":"","ocean_breadcrumbs_links_color":"","ocean_breadcrumbs_links_hover_color":"","ocean_display_footer_widgets":"default","ocean_display_footer_bottom":"default","ocean_custom_footer_template":""},"product_brand":[],"product_cat":[84,128],"product_tag":[],"class_list":{"0":"post-33828","1":"product","2":"type-product","3":"status-publish","4":"has-post-thumbnail","6":"product_cat-gamecube","7":"product_cat-ultimas-entradas","9":"entry","10":"has-media","12":"first","13":"instock","14":"taxable","15":"shipping-taxable","16":"purchasable","17":"product-type-simple","18":"col","19":"span_1_of_3","20":"owp-content-center","21":"owp-thumbs-layout-horizontal","22":"owp-btn-normal","23":"owp-tabs-layout-horizontal","24":"has-no-thumbnails"},"aioseo_notices":[],"_links":{"self":[{"href":"https:\/\/kaotostore.com\/en\/wp-json\/wp\/v2\/product\/33828","targetHints":{"allow":["GET"]}}],"collection":[{"href":"https:\/\/kaotostore.com\/en\/wp-json\/wp\/v2\/product"}],"about":[{"href":"https:\/\/kaotostore.com\/en\/wp-json\/wp\/v2\/types\/product"}],"wp:featuredmedia":[{"embeddable":true,"href":"https:\/\/kaotostore.com\/en\/wp-json\/wp\/v2\/media\/24457"}],"wp:attachment":[{"href":"https:\/\/kaotostore.com\/en\/wp-json\/wp\/v2\/media?parent=33828"}],"wp:term":[{"taxonomy":"product_brand","embeddable":true,"href":"https:\/\/kaotostore.com\/en\/wp-json\/wp\/v2\/product_brand?post=33828"},{"taxonomy":"product_cat","embeddable":true,"href":"https:\/\/kaotostore.com\/en\/wp-json\/wp\/v2\/product_cat?post=33828"},{"taxonomy":"product_tag","embeddable":true,"href":"https:\/\/kaotostore.com\/en\/wp-json\/wp\/v2\/product_tag?post=33828"}],"curies":[{"name":"wp","href":"https:\/\/api.w.org\/{rel}","templated":true}]}}