{"id":33802,"date":"2026-03-24T11:45:54","date_gmt":"2026-03-24T10:45:54","guid":{"rendered":"https:\/\/kaotostore.com\/producto\/world-tour-soccer-psp\/"},"modified":"2026-04-09T11:31:05","modified_gmt":"2026-04-09T09:31:05","slug":"world-tour-soccer-psp","status":"publish","type":"product","link":"https:\/\/kaotostore.com\/en\/product\/world-tour-soccer-psp\/","title":{"rendered":"World Tour Soccer PSP"},"content":{"rendered":"<div>\n<h4><span class=\"a-list-item\"><span style=\"color: rgb(255, 5, 5);\">Si desea im\u00e1genes adicionales del producto, puede solicitarlas desde el formulario de contacto o en el email kaototienda@gmail.com<\/span><\/span><\/h4>\n<p>\u00a0<\/p>\n<div>\n<div>\n<div>\n<div>\n<p>\u00bfSabes c\u00f3mo acariciar el bal\u00f3n y pasarlo con precisi\u00f3n? \u00bfDefiendes como si te fuera la vida en ello? \u00bfMarcas goles por pura diversi\u00f3n? \u00bfEres capaz de sumar puntos y ganar medallas en el modo de desaf\u00edo como recompensa por jugar un f\u00fatbol de calidad? \u00bfEst\u00e1s preparado para hacer gala de tus habilidades con el bal\u00f3n en el modo de exhibici\u00f3n? \u00bfDe verdad eres la leyenda del deporte rey que crees ser? Demu\u00e9stralo&#8230;<\/p>\n<p>Con <em><strong>World Tour Soccer <\/strong><\/em>tendr\u00e1s la oportunidad de probar que tienes las habilidades para equipararte al mejor del mundo. Elige entre m\u00e1s de 150 clubes y equipos internacionales, con los nombres y las apariencias f\u00edsicas de jugadores con todas las licencias, incluyendo todos los equipos oficiales de la LFP (Liga de F\u00fatbol profesional), e intenta ganar el campeonato con ellos. Cuanto mejor lo hagas, mayores ser\u00e1n tus posibilidades de acceder a nuevos apartados del club, equipos especiales, estadios adicionales y diversas competiciones, a medida que vayas sumando \u00e9xitos en los diversos modos de juego.<\/p>\n<p><em><strong>World Tour Soccer <\/strong><\/em>te permite pasear tus habilidades por todo el mundo. Gracias al sistema Wifi, recibir\u00e1s una alerta de otros jugadores que se encuentren en tu red Wifi con los que podr\u00e1s disfrutar de desaf\u00edos inmediatos. Ser\u00e1 muy sencillo retar a una partida a otros usuarios que se encuentren en los alrededores.<\/p>\n<p>Si has visto f\u00fatbol durante el fin de semana y est\u00e1s harto de la actuaci\u00f3n de tu equipo, \u00bfqu\u00e9 mejor manera de pasar el rato mientras vas a trabajar el lunes por la ma\u00f1ana? No tienes m\u00e1s que coger y revivir toda la jornada. \u00a1Ser\u00e1s el centrocampista, el goleador y el portero para asegurarte de que tu equipo hace, por una vez, lo que t\u00fa quieres que haga!.<\/p>\n<\/div>\n<\/div>\n<\/div>\n<\/div>\n<\/div>","protected":false},"excerpt":{"rendered":"<p>Si desea im\u00e1genes adicionales del producto, puede solicitarlas desde el formulario de contacto o en el email kaototienda@gmail.com \u00a0 \u00bfSabes c\u00f3mo acariciar el bal\u00f3n y pasarlo con precisi\u00f3n? \u00bfDefiendes como si te fuera la vida en ello? \u00bfMarcas goles por pura diversi\u00f3n? \u00bfEres capaz de sumar puntos y ganar medallas en el modo de desaf\u00edo [&hellip;]<\/p>\n","protected":false},"featured_media":24419,"template":"","meta":{"ocean_post_layout":"","ocean_both_sidebars_style":"","ocean_both_sidebars_content_width":0,"ocean_both_sidebars_sidebars_width":0,"ocean_sidebar":"","ocean_second_sidebar":"","ocean_disable_margins":"enable","ocean_add_body_class":"","ocean_shortcode_before_top_bar":"","ocean_shortcode_after_top_bar":"","ocean_shortcode_before_header":"","ocean_shortcode_after_header":"","ocean_has_shortcode":"","ocean_shortcode_after_title":"","ocean_shortcode_before_footer_widgets":"","ocean_shortcode_after_footer_widgets":"","ocean_shortcode_before_footer_bottom":"","ocean_shortcode_after_footer_bottom":"","ocean_display_top_bar":"default","ocean_display_header":"default","ocean_header_style":"","ocean_center_header_left_menu":"","ocean_custom_header_template":"","ocean_custom_logo":0,"ocean_custom_retina_logo":0,"ocean_custom_logo_max_width":0,"ocean_custom_logo_tablet_max_width":0,"ocean_custom_logo_mobile_max_width":0,"ocean_custom_logo_max_height":0,"ocean_custom_logo_tablet_max_height":0,"ocean_custom_logo_mobile_max_height":0,"ocean_header_custom_menu":"","ocean_menu_typo_font_family":"","ocean_menu_typo_font_subset":"","ocean_menu_typo_font_size":0,"ocean_menu_typo_font_size_tablet":0,"ocean_menu_typo_font_size_mobile":0,"ocean_menu_typo_font_size_unit":"px","ocean_menu_typo_font_weight":"","ocean_menu_typo_font_weight_tablet":"","ocean_menu_typo_font_weight_mobile":"","ocean_menu_typo_transform":"","ocean_menu_typo_transform_tablet":"","ocean_menu_typo_transform_mobile":"","ocean_menu_typo_line_height":0,"ocean_menu_typo_line_height_tablet":0,"ocean_menu_typo_line_height_mobile":0,"ocean_menu_typo_line_height_unit":"","ocean_menu_typo_spacing":0,"ocean_menu_typo_spacing_tablet":0,"ocean_menu_typo_spacing_mobile":0,"ocean_menu_typo_spacing_unit":"","ocean_menu_link_color":"","ocean_menu_link_color_hover":"","ocean_menu_link_color_active":"","ocean_menu_link_background":"","ocean_menu_link_hover_background":"","ocean_menu_link_active_background":"","ocean_menu_social_links_bg":"","ocean_menu_social_hover_links_bg":"","ocean_menu_social_links_color":"","ocean_menu_social_hover_links_color":"","ocean_disable_title":"default","ocean_disable_heading":"default","ocean_post_title":"","ocean_post_subheading":"","ocean_post_title_style":"","ocean_post_title_background_color":"","ocean_post_title_background":0,"ocean_post_title_bg_image_position":"","ocean_post_title_bg_image_attachment":"","ocean_post_title_bg_image_repeat":"","ocean_post_title_bg_image_size":"","ocean_post_title_height":0,"ocean_post_title_bg_overlay":0.5,"ocean_post_title_bg_overlay_color":"","ocean_disable_breadcrumbs":"default","ocean_breadcrumbs_color":"","ocean_breadcrumbs_separator_color":"","ocean_breadcrumbs_links_color":"","ocean_breadcrumbs_links_hover_color":"","ocean_display_footer_widgets":"default","ocean_display_footer_bottom":"default","ocean_custom_footer_template":""},"product_brand":[],"product_cat":[109,128],"product_tag":[],"class_list":{"0":"post-33802","1":"product","2":"type-product","3":"status-publish","4":"has-post-thumbnail","6":"product_cat-psp","7":"product_cat-ultimas-entradas","9":"entry","10":"has-media","12":"first","13":"instock","14":"taxable","15":"shipping-taxable","16":"purchasable","17":"product-type-simple","18":"col","19":"span_1_of_3","20":"owp-content-center","21":"owp-thumbs-layout-horizontal","22":"owp-btn-normal","23":"owp-tabs-layout-horizontal","24":"has-no-thumbnails"},"aioseo_notices":[],"_links":{"self":[{"href":"https:\/\/kaotostore.com\/en\/wp-json\/wp\/v2\/product\/33802","targetHints":{"allow":["GET"]}}],"collection":[{"href":"https:\/\/kaotostore.com\/en\/wp-json\/wp\/v2\/product"}],"about":[{"href":"https:\/\/kaotostore.com\/en\/wp-json\/wp\/v2\/types\/product"}],"wp:featuredmedia":[{"embeddable":true,"href":"https:\/\/kaotostore.com\/en\/wp-json\/wp\/v2\/media\/24419"}],"wp:attachment":[{"href":"https:\/\/kaotostore.com\/en\/wp-json\/wp\/v2\/media?parent=33802"}],"wp:term":[{"taxonomy":"product_brand","embeddable":true,"href":"https:\/\/kaotostore.com\/en\/wp-json\/wp\/v2\/product_brand?post=33802"},{"taxonomy":"product_cat","embeddable":true,"href":"https:\/\/kaotostore.com\/en\/wp-json\/wp\/v2\/product_cat?post=33802"},{"taxonomy":"product_tag","embeddable":true,"href":"https:\/\/kaotostore.com\/en\/wp-json\/wp\/v2\/product_tag?post=33802"}],"curies":[{"name":"wp","href":"https:\/\/api.w.org\/{rel}","templated":true}]}}