{"id":33797,"date":"2026-03-24T11:45:52","date_gmt":"2026-03-24T10:45:52","guid":{"rendered":"https:\/\/kaotostore.com\/producto\/world-of-warcraft-midnight-edicion-coleccionista-pc\/"},"modified":"2026-05-05T12:00:08","modified_gmt":"2026-05-05T10:00:08","slug":"world-of-warcraft-midnight-edicion-coleccionista-pc","status":"publish","type":"product","link":"https:\/\/kaotostore.com\/en\/product\/world-of-warcraft-midnight-edicion-coleccionista-pc\/","title":{"rendered":"World of Warcraft Midnight Edicion Coleccionista PC"},"content":{"rendered":"<h4><span style=\"color: rgb(255, 5, 5);\">Si desea im\u00e1genes adicionales del producto, puede solicitarlas desde el formulario de contacto o en el email kaototienda@gmail.com<\/span><\/h4>\n<p><strong><br \/><\/strong>LA AVENTURA TE LLAMA A CASA<\/p>\n<p>Azeroth se erige sobre el precipicio de la oscuridad en Midnight\u2122 (disponible en 2026), el segundo cap\u00edtulo de la \u00e9pica Worldsoul Saga\u2122, que se inicia con la aclamada expansi\u00f3n The War Within\u2122.<\/p>\n<p>Explora tierras inexploradas, vuelve al legendario reino de los elfos, que ahora renace con gloria renovada, forja nuevas alianzas con una nueva raza jugable y bioluminiscente, y conquista cavernas, mazmorras y raids, que esconden un inmenso poder tras incontables peligros.<\/p>\n<p>Y cuando tu jornada de aventura haya terminado, es el momento de relajarse con el nuevo sistema de casas de Midnight, que te ofrece la capacidad de imaginar, construir y personalizar tu fant\u00e1stico hogar, dulce hogar.<\/p>\n<p>*Informaci\u00f3n importante: World of Warcraft\u00ae: Midnight estar\u00e1 disponible el 30 de junio de 2026 o antes. Solo versi\u00f3n digital, no incluye disco, se requiere descarga. La compra o adquisici\u00f3n de estos art\u00edculos constituye una licencia. Canjea la clave del sobre que se proporciona por separado para acceder al contenido. El acceso a World of Warcraft\u00ae: Midnight no incluye acceso a futuras expansiones. El acceso anticipado de 3 d\u00edas a Midnight puede verse afectado por las fechas de env\u00edo y est\u00e1 sujeto a cambios. Solo por tiempo limitado. El tiempo de juego est\u00e1 sujeto a posibles interrupciones y diferencias de zona horaria. Algunas funciones de Midnight no estar\u00e1n disponibles durante el per\u00edodo de acceso anticipado. Si quieres disfrutar de los art\u00edculos digitales de Midnight y de cualquier acceso disponible antes de recibir tu Edici\u00f3n coleccionista, puedes comprar Midnight en la tienda de Battle.net. Si compras Midnight (Base, Heroic o Epic) en la tienda de Battle.net y luego canjeas un c\u00f3digo de Edici\u00f3n del coleccionista, se te abonar\u00e1 autom\u00e1ticamente el coste de tu compra digital original en el saldo de Battle.net, siempre que canjees el c\u00f3digo de Collector&#8217;s Edition antes del 31 de diciembre de 2026. Si has comprado un producto de actualizaci\u00f3n en caja (por ejemplo, de Base Edition a Epic Edition), esta actualizaci\u00f3n no se reembolsar\u00e1 autom\u00e1ticamente. En ese caso, puedes ponerte en contacto con el Soporte t\u00e9cnico de Blizzard a trav\u00e9s de Battle.net para solicitar un reembolso de tu producto de actualizaci\u00f3n en caja. Si ya tienes World of Warcraft: The War Within en tu cuenta, la expansi\u00f3n no se otorgar\u00e1 de nuevo. Los art\u00edculos del juego y la mejora del personaje de nivel 80 no est\u00e1n disponibles en World of Warcraft Classic. La mejora del personaje de nivel 80 solo se puede usar en la cuenta de World of Warcraft en la que se canjea. Se requiere una suscripci\u00f3n a World of Warcraft\u00ae o tiempo de juego (se venden por separado), conexi\u00f3n a internet, cuenta de Battle.net\u00ae y la aplicaci\u00f3n de escritorio Battle.net\u00ae para jugar. Registra una cuenta de Battle.net en battle.net sin coste alguno y canjea la licencia de World of Warcraft: Midnight en la cuenta. Las cuentas de Battle.net no son transferibles<strong><br \/><\/strong><\/p>","protected":false},"excerpt":{"rendered":"<p>Si desea im\u00e1genes adicionales del producto, puede solicitarlas desde el formulario de contacto o en el email kaototienda@gmail.com LA AVENTURA TE LLAMA A CASA Azeroth se erige sobre el precipicio de la oscuridad en Midnight\u2122 (disponible en 2026), el segundo cap\u00edtulo de la \u00e9pica Worldsoul Saga\u2122, que se inicia con la aclamada expansi\u00f3n The War [&hellip;]<\/p>\n","protected":false},"featured_media":33971,"template":"","meta":{"ocean_post_layout":"","ocean_both_sidebars_style":"","ocean_both_sidebars_content_width":0,"ocean_both_sidebars_sidebars_width":0,"ocean_sidebar":"","ocean_second_sidebar":"","ocean_disable_margins":"enable","ocean_add_body_class":"","ocean_shortcode_before_top_bar":"","ocean_shortcode_after_top_bar":"","ocean_shortcode_before_header":"","ocean_shortcode_after_header":"","ocean_has_shortcode":"","ocean_shortcode_after_title":"","ocean_shortcode_before_footer_widgets":"","ocean_shortcode_after_footer_widgets":"","ocean_shortcode_before_footer_bottom":"","ocean_shortcode_after_footer_bottom":"","ocean_display_top_bar":"default","ocean_display_header":"default","ocean_header_style":"","ocean_center_header_left_menu":"","ocean_custom_header_template":"","ocean_custom_logo":0,"ocean_custom_retina_logo":0,"ocean_custom_logo_max_width":0,"ocean_custom_logo_tablet_max_width":0,"ocean_custom_logo_mobile_max_width":0,"ocean_custom_logo_max_height":0,"ocean_custom_logo_tablet_max_height":0,"ocean_custom_logo_mobile_max_height":0,"ocean_header_custom_menu":"","ocean_menu_typo_font_family":"","ocean_menu_typo_font_subset":"","ocean_menu_typo_font_size":0,"ocean_menu_typo_font_size_tablet":0,"ocean_menu_typo_font_size_mobile":0,"ocean_menu_typo_font_size_unit":"px","ocean_menu_typo_font_weight":"","ocean_menu_typo_font_weight_tablet":"","ocean_menu_typo_font_weight_mobile":"","ocean_menu_typo_transform":"","ocean_menu_typo_transform_tablet":"","ocean_menu_typo_transform_mobile":"","ocean_menu_typo_line_height":0,"ocean_menu_typo_line_height_tablet":0,"ocean_menu_typo_line_height_mobile":0,"ocean_menu_typo_line_height_unit":"","ocean_menu_typo_spacing":0,"ocean_menu_typo_spacing_tablet":0,"ocean_menu_typo_spacing_mobile":0,"ocean_menu_typo_spacing_unit":"","ocean_menu_link_color":"","ocean_menu_link_color_hover":"","ocean_menu_link_color_active":"","ocean_menu_link_background":"","ocean_menu_link_hover_background":"","ocean_menu_link_active_background":"","ocean_menu_social_links_bg":"","ocean_menu_social_hover_links_bg":"","ocean_menu_social_links_color":"","ocean_menu_social_hover_links_color":"","ocean_disable_title":"default","ocean_disable_heading":"default","ocean_post_title":"","ocean_post_subheading":"","ocean_post_title_style":"","ocean_post_title_background_color":"","ocean_post_title_background":0,"ocean_post_title_bg_image_position":"","ocean_post_title_bg_image_attachment":"","ocean_post_title_bg_image_repeat":"","ocean_post_title_bg_image_size":"","ocean_post_title_height":0,"ocean_post_title_bg_overlay":0.5,"ocean_post_title_bg_overlay_color":"","ocean_disable_breadcrumbs":"default","ocean_breadcrumbs_color":"","ocean_breadcrumbs_separator_color":"","ocean_breadcrumbs_links_color":"","ocean_breadcrumbs_links_hover_color":"","ocean_display_footer_widgets":"default","ocean_display_footer_bottom":"default","ocean_custom_footer_template":""},"product_brand":[],"product_cat":[15],"product_tag":[],"class_list":{"0":"post-33797","1":"product","2":"type-product","3":"status-publish","4":"has-post-thumbnail","6":"product_cat-sin-categorizar","8":"entry","9":"has-media","11":"first","12":"instock","13":"taxable","14":"shipping-taxable","15":"purchasable","16":"product-type-simple","17":"col","18":"span_1_of_3","19":"owp-content-center","20":"owp-thumbs-layout-horizontal","21":"owp-btn-normal","22":"owp-tabs-layout-horizontal"},"aioseo_notices":[],"_links":{"self":[{"href":"https:\/\/kaotostore.com\/en\/wp-json\/wp\/v2\/product\/33797","targetHints":{"allow":["GET"]}}],"collection":[{"href":"https:\/\/kaotostore.com\/en\/wp-json\/wp\/v2\/product"}],"about":[{"href":"https:\/\/kaotostore.com\/en\/wp-json\/wp\/v2\/types\/product"}],"wp:featuredmedia":[{"embeddable":true,"href":"https:\/\/kaotostore.com\/en\/wp-json\/wp\/v2\/media\/33971"}],"wp:attachment":[{"href":"https:\/\/kaotostore.com\/en\/wp-json\/wp\/v2\/media?parent=33797"}],"wp:term":[{"taxonomy":"product_brand","embeddable":true,"href":"https:\/\/kaotostore.com\/en\/wp-json\/wp\/v2\/product_brand?post=33797"},{"taxonomy":"product_cat","embeddable":true,"href":"https:\/\/kaotostore.com\/en\/wp-json\/wp\/v2\/product_cat?post=33797"},{"taxonomy":"product_tag","embeddable":true,"href":"https:\/\/kaotostore.com\/en\/wp-json\/wp\/v2\/product_tag?post=33797"}],"curies":[{"name":"wp","href":"https:\/\/api.w.org\/{rel}","templated":true}]}}