{"id":33767,"date":"2026-03-24T11:45:43","date_gmt":"2026-03-24T10:45:43","guid":{"rendered":"https:\/\/kaotostore.com\/producto\/wonder-boy-collection-switch\/"},"modified":"2026-04-09T12:11:49","modified_gmt":"2026-04-09T10:11:49","slug":"wonder-boy-collection-switch","status":"publish","type":"product","link":"https:\/\/kaotostore.com\/en\/product\/wonder-boy-collection-switch\/","title":{"rendered":"Wonder Boy Collection SWITCH"},"content":{"rendered":"<div class=\"row row-content\">\n<div class=\"col-xs-12 content\">\n<p>Una colecci\u00f3n cuidadosamente seleccionada de los lanzamientos esenciales de Wonder Boy que incluye cuatro obras maestras de SEGA de la era dorada de los juegos de plataformas. Este cuarteto de aclamados juegos tiene algo para todos con su mezcla de plataformeo cl\u00e1sico y mec\u00e1nicas de un RPG de acci\u00f3n. Ya seas un fan de la serie o un reci\u00e9n llegado que quiere experimentar una leyenda de los videojuegos, \u00a1la <em><strong>Wonder Boy Collection<\/strong><\/em> te trae la antolog\u00eda de Wonder Boy perfecta!<\/p>\n<p>A\u00fana cuatro de los mejores juegos de Wonder Boy, desde la versi\u00f3n arcade original de 1986 hasta Monster World IV de 1994 &#8211; esta extraordinaria colecci\u00f3n te brinda la oportunidad de experimentar una de las series m\u00e1s influentes de la historia de los videojuegos. A lo largo de las d\u00e9cadas de 1980 y 1990, los juegos de Wonder Boy consiguieron una gran cantidad de seguidores con su deslumbrante mezcla de plataformeo energ\u00e9tico y elementos de los RPG de acci\u00f3n. Sin embargo, y a diferencia de otros titanes del g\u00e9nero de las plataformas, los juegos de Wonder Boy han visto un lanzamiento muy limitado en Occidente en sistemas de juego modernos. \u00a1Hasta ahora!<\/p>\n<p>Los juegos de Wonder Boy est\u00e1n dise\u00f1ados para ser f\u00e1ciles de aprender y jugar para jugadores de cualquier habilidad, pero contienen la profundidad y retos suficientes para mantener ocupados a los jugadores m\u00e1s habilidosos. Y ahora se han actualizado con caracter\u00edsticas modernas, como la habilidad de rebobinar la partida en cualquier momento. As\u00ed que no importa si pruebas esta serie ic\u00f3nica de los videojuegos primera vez, si vuelves a tiempos de juventud jugando a Wonder Boy o si a\u00f1ades un juego de plataformas refrescantemente distinto a tu colecci\u00f3n, \u00a1la <em><strong>Wonder Boy Collection <\/strong><\/em>es la antolog\u00eda perfecta para ti!<\/p>\n<p><span><span class=\"a-list-item\"><br \/><\/span><\/span>\n<\/div>\n<\/div>\n<p><!----><\/p>","protected":false},"excerpt":{"rendered":"<p>Una colecci\u00f3n cuidadosamente seleccionada de los lanzamientos esenciales de Wonder Boy que incluye cuatro obras maestras de SEGA de la era dorada de los juegos de plataformas. Este cuarteto de aclamados juegos tiene algo para todos con su mezcla de plataformeo cl\u00e1sico y mec\u00e1nicas de un RPG de acci\u00f3n. Ya seas un fan de la [&hellip;]<\/p>\n","protected":false},"featured_media":24367,"template":"","meta":{"ocean_post_layout":"","ocean_both_sidebars_style":"","ocean_both_sidebars_content_width":0,"ocean_both_sidebars_sidebars_width":0,"ocean_sidebar":"","ocean_second_sidebar":"","ocean_disable_margins":"enable","ocean_add_body_class":"","ocean_shortcode_before_top_bar":"","ocean_shortcode_after_top_bar":"","ocean_shortcode_before_header":"","ocean_shortcode_after_header":"","ocean_has_shortcode":"","ocean_shortcode_after_title":"","ocean_shortcode_before_footer_widgets":"","ocean_shortcode_after_footer_widgets":"","ocean_shortcode_before_footer_bottom":"","ocean_shortcode_after_footer_bottom":"","ocean_display_top_bar":"default","ocean_display_header":"default","ocean_header_style":"","ocean_center_header_left_menu":"","ocean_custom_header_template":"","ocean_custom_logo":0,"ocean_custom_retina_logo":0,"ocean_custom_logo_max_width":0,"ocean_custom_logo_tablet_max_width":0,"ocean_custom_logo_mobile_max_width":0,"ocean_custom_logo_max_height":0,"ocean_custom_logo_tablet_max_height":0,"ocean_custom_logo_mobile_max_height":0,"ocean_header_custom_menu":"","ocean_menu_typo_font_family":"","ocean_menu_typo_font_subset":"","ocean_menu_typo_font_size":0,"ocean_menu_typo_font_size_tablet":0,"ocean_menu_typo_font_size_mobile":0,"ocean_menu_typo_font_size_unit":"px","ocean_menu_typo_font_weight":"","ocean_menu_typo_font_weight_tablet":"","ocean_menu_typo_font_weight_mobile":"","ocean_menu_typo_transform":"","ocean_menu_typo_transform_tablet":"","ocean_menu_typo_transform_mobile":"","ocean_menu_typo_line_height":0,"ocean_menu_typo_line_height_tablet":0,"ocean_menu_typo_line_height_mobile":0,"ocean_menu_typo_line_height_unit":"","ocean_menu_typo_spacing":0,"ocean_menu_typo_spacing_tablet":0,"ocean_menu_typo_spacing_mobile":0,"ocean_menu_typo_spacing_unit":"","ocean_menu_link_color":"","ocean_menu_link_color_hover":"","ocean_menu_link_color_active":"","ocean_menu_link_background":"","ocean_menu_link_hover_background":"","ocean_menu_link_active_background":"","ocean_menu_social_links_bg":"","ocean_menu_social_hover_links_bg":"","ocean_menu_social_links_color":"","ocean_menu_social_hover_links_color":"","ocean_disable_title":"default","ocean_disable_heading":"default","ocean_post_title":"","ocean_post_subheading":"","ocean_post_title_style":"","ocean_post_title_background_color":"","ocean_post_title_background":0,"ocean_post_title_bg_image_position":"","ocean_post_title_bg_image_attachment":"","ocean_post_title_bg_image_repeat":"","ocean_post_title_bg_image_size":"","ocean_post_title_height":0,"ocean_post_title_bg_overlay":0.5,"ocean_post_title_bg_overlay_color":"","ocean_disable_breadcrumbs":"default","ocean_breadcrumbs_color":"","ocean_breadcrumbs_separator_color":"","ocean_breadcrumbs_links_color":"","ocean_breadcrumbs_links_hover_color":"","ocean_display_footer_widgets":"default","ocean_display_footer_bottom":"default","ocean_custom_footer_template":""},"product_brand":[],"product_cat":[124,128],"product_tag":[],"class_list":{"0":"post-33767","1":"product","2":"type-product","3":"status-publish","4":"has-post-thumbnail","6":"product_cat-switch","7":"product_cat-ultimas-entradas","9":"entry","10":"has-media","12":"first","13":"instock","14":"taxable","15":"shipping-taxable","16":"purchasable","17":"product-type-simple","18":"col","19":"span_1_of_3","20":"owp-content-center","21":"owp-thumbs-layout-horizontal","22":"owp-btn-normal","23":"owp-tabs-layout-horizontal","24":"has-no-thumbnails"},"aioseo_notices":[],"_links":{"self":[{"href":"https:\/\/kaotostore.com\/en\/wp-json\/wp\/v2\/product\/33767","targetHints":{"allow":["GET"]}}],"collection":[{"href":"https:\/\/kaotostore.com\/en\/wp-json\/wp\/v2\/product"}],"about":[{"href":"https:\/\/kaotostore.com\/en\/wp-json\/wp\/v2\/types\/product"}],"wp:featuredmedia":[{"embeddable":true,"href":"https:\/\/kaotostore.com\/en\/wp-json\/wp\/v2\/media\/24367"}],"wp:attachment":[{"href":"https:\/\/kaotostore.com\/en\/wp-json\/wp\/v2\/media?parent=33767"}],"wp:term":[{"taxonomy":"product_brand","embeddable":true,"href":"https:\/\/kaotostore.com\/en\/wp-json\/wp\/v2\/product_brand?post=33767"},{"taxonomy":"product_cat","embeddable":true,"href":"https:\/\/kaotostore.com\/en\/wp-json\/wp\/v2\/product_cat?post=33767"},{"taxonomy":"product_tag","embeddable":true,"href":"https:\/\/kaotostore.com\/en\/wp-json\/wp\/v2\/product_tag?post=33767"}],"curies":[{"name":"wp","href":"https:\/\/api.w.org\/{rel}","templated":true}]}}