{"id":33671,"date":"2026-03-24T11:45:11","date_gmt":"2026-03-24T10:45:11","guid":{"rendered":"https:\/\/kaotostore.com\/producto\/wario-ware-gold-nintendo-3ds\/"},"modified":"2026-04-09T15:34:44","modified_gmt":"2026-04-09T13:34:44","slug":"wario-ware-gold-nintendo-3ds","status":"publish","type":"product","link":"https:\/\/kaotostore.com\/en\/product\/wario-ware-gold-nintendo-3ds\/","title":{"rendered":"Wario Ware Gold NINTENDO 3DS"},"content":{"rendered":"<h4><span><span class=\"a-list-item\"><strong><span style=\"color: rgb(255, 5, 5);\">Si desea im\u00e1genes adicionales del producto, puede solicitarlas desde el formulario de contacto o en el email kaototienda@gmail.com<\/span><\/strong><\/span><\/span><\/h4>\n<p>\u00a0<\/p>\n<p>Vuelven las risas, vuelve el disparate, vuelve la locura. Acompa\u00f1a a Wario y a su cuadrilla de Diamond City en m\u00e1s de 300 hilarantes y demenciales microjuegos. Despu\u00e9s de varios a\u00f1os, la saga de Wario Ware vuelve en la edici\u00f3n con m\u00e1s contenido. Abre tu mente y prep\u00e1rate para liberar endorfinas en cualquier parte.<\/p>\n<h4>Venga, al l\u00edo<\/h4>\n<p><em><strong>WarioWare Gold<\/strong><\/em><span>\u00a0<\/span>tiene 300 desternillantes microjuegos (m\u00e1s que ninguno de sus predecesores), y entre ellos hay novedades, pero tambi\u00e9n aut\u00e9nticos cl\u00e1sicos. Como siempre, la variedad est\u00e1 garantizada, hay que inflar un globo hasta que explote, dar con la puerta en las narices a gentuza que se autoinvita a los sitios, hacer flexiones, arrancar pelos de una nariz y muchas otras cosas absurdas.<span>\u00a0<\/span><em><strong>WarioWare Gold<\/strong><\/em><span>\u00a0<\/span>tiene diversi\u00f3n para todos para los veteranos y para los que no conoc\u00edan a Wario hasta ahora. Aviso a los veteranos encontrar\u00e9is microjuegos que ya salieron en WarioWare, Inc &#8211; Minigame Mania, Warioware &#8211; Twisted!, WarioWare &#8211; Touched! y WarioWare &#8211; Smooth Moves, podr\u00eda tocaros la fibra nost\u00e1lgica.<\/p>\n<h4>Soy yo, Wario<\/h4>\n<p>Wario ha vuelto. Esta vez con WarioWare Gold, para la familia de consolas Nintendo 3DS. En este t\u00edtulo encontrar\u00e1s a los personajes m\u00e1s populares de otras series, y 300 desternillantes microjuegos en los que usar\u00e1s todos tus recursos y los de la consola para intentar hacerte con la victoria.<\/p>\n<h4>Dinero f\u00e1cil<\/h4>\n<p>Wario se ha quedado sin blanca, pero ya tiene un plan para enriquecerse por la cara &#8211; celebrar el mayor torneo de juegos de la historia, cobrar un dineral por la entrada y poner un premio &#8220;gancho&#8221; que, por supuesto, va a ganar \u00e9l.<\/p>\n<h4>Que d\u00e9 comienzo el Trono Wario<\/h4>\n<p>La competici\u00f3n ser\u00e1 dura, pero tranquilidad, que est\u00e1 todo pensado para que la gente se anime a pagar la entrada, as\u00ed que tambi\u00e9n hay modos en los que podr\u00e1s entrenarte, misiones en las que ganar\u00e1s recompensas, el modo Combate, que te permitir\u00e1 competir con amigos.<\/p>","protected":false},"excerpt":{"rendered":"<p>Si desea im\u00e1genes adicionales del producto, puede solicitarlas desde el formulario de contacto o en el email kaototienda@gmail.com \u00a0 Vuelven las risas, vuelve el disparate, vuelve la locura. Acompa\u00f1a a Wario y a su cuadrilla de Diamond City en m\u00e1s de 300 hilarantes y demenciales microjuegos. Despu\u00e9s de varios a\u00f1os, la saga de Wario Ware [&hellip;]<\/p>\n","protected":false},"featured_media":24213,"template":"","meta":{"ocean_post_layout":"","ocean_both_sidebars_style":"","ocean_both_sidebars_content_width":0,"ocean_both_sidebars_sidebars_width":0,"ocean_sidebar":"","ocean_second_sidebar":"","ocean_disable_margins":"enable","ocean_add_body_class":"","ocean_shortcode_before_top_bar":"","ocean_shortcode_after_top_bar":"","ocean_shortcode_before_header":"","ocean_shortcode_after_header":"","ocean_has_shortcode":"","ocean_shortcode_after_title":"","ocean_shortcode_before_footer_widgets":"","ocean_shortcode_after_footer_widgets":"","ocean_shortcode_before_footer_bottom":"","ocean_shortcode_after_footer_bottom":"","ocean_display_top_bar":"default","ocean_display_header":"default","ocean_header_style":"","ocean_center_header_left_menu":"","ocean_custom_header_template":"","ocean_custom_logo":0,"ocean_custom_retina_logo":0,"ocean_custom_logo_max_width":0,"ocean_custom_logo_tablet_max_width":0,"ocean_custom_logo_mobile_max_width":0,"ocean_custom_logo_max_height":0,"ocean_custom_logo_tablet_max_height":0,"ocean_custom_logo_mobile_max_height":0,"ocean_header_custom_menu":"","ocean_menu_typo_font_family":"","ocean_menu_typo_font_subset":"","ocean_menu_typo_font_size":0,"ocean_menu_typo_font_size_tablet":0,"ocean_menu_typo_font_size_mobile":0,"ocean_menu_typo_font_size_unit":"px","ocean_menu_typo_font_weight":"","ocean_menu_typo_font_weight_tablet":"","ocean_menu_typo_font_weight_mobile":"","ocean_menu_typo_transform":"","ocean_menu_typo_transform_tablet":"","ocean_menu_typo_transform_mobile":"","ocean_menu_typo_line_height":0,"ocean_menu_typo_line_height_tablet":0,"ocean_menu_typo_line_height_mobile":0,"ocean_menu_typo_line_height_unit":"","ocean_menu_typo_spacing":0,"ocean_menu_typo_spacing_tablet":0,"ocean_menu_typo_spacing_mobile":0,"ocean_menu_typo_spacing_unit":"","ocean_menu_link_color":"","ocean_menu_link_color_hover":"","ocean_menu_link_color_active":"","ocean_menu_link_background":"","ocean_menu_link_hover_background":"","ocean_menu_link_active_background":"","ocean_menu_social_links_bg":"","ocean_menu_social_hover_links_bg":"","ocean_menu_social_links_color":"","ocean_menu_social_hover_links_color":"","ocean_disable_title":"default","ocean_disable_heading":"default","ocean_post_title":"","ocean_post_subheading":"","ocean_post_title_style":"","ocean_post_title_background_color":"","ocean_post_title_background":0,"ocean_post_title_bg_image_position":"","ocean_post_title_bg_image_attachment":"","ocean_post_title_bg_image_repeat":"","ocean_post_title_bg_image_size":"","ocean_post_title_height":0,"ocean_post_title_bg_overlay":0.5,"ocean_post_title_bg_overlay_color":"","ocean_disable_breadcrumbs":"default","ocean_breadcrumbs_color":"","ocean_breadcrumbs_separator_color":"","ocean_breadcrumbs_links_color":"","ocean_breadcrumbs_links_hover_color":"","ocean_display_footer_widgets":"default","ocean_display_footer_bottom":"default","ocean_custom_footer_template":""},"product_brand":[],"product_cat":[94,128],"product_tag":[],"class_list":{"0":"post-33671","1":"product","2":"type-product","3":"status-publish","4":"has-post-thumbnail","6":"product_cat-nintendo-3ds","7":"product_cat-ultimas-entradas","9":"entry","10":"has-media","12":"first","13":"outofstock","14":"taxable","15":"shipping-taxable","16":"purchasable","17":"product-type-simple","18":"col","19":"span_1_of_3","20":"owp-content-center","21":"owp-thumbs-layout-horizontal","22":"owp-btn-normal","23":"owp-tabs-layout-horizontal","24":"has-no-thumbnails"},"aioseo_notices":[],"_links":{"self":[{"href":"https:\/\/kaotostore.com\/en\/wp-json\/wp\/v2\/product\/33671","targetHints":{"allow":["GET"]}}],"collection":[{"href":"https:\/\/kaotostore.com\/en\/wp-json\/wp\/v2\/product"}],"about":[{"href":"https:\/\/kaotostore.com\/en\/wp-json\/wp\/v2\/types\/product"}],"wp:featuredmedia":[{"embeddable":true,"href":"https:\/\/kaotostore.com\/en\/wp-json\/wp\/v2\/media\/24213"}],"wp:attachment":[{"href":"https:\/\/kaotostore.com\/en\/wp-json\/wp\/v2\/media?parent=33671"}],"wp:term":[{"taxonomy":"product_brand","embeddable":true,"href":"https:\/\/kaotostore.com\/en\/wp-json\/wp\/v2\/product_brand?post=33671"},{"taxonomy":"product_cat","embeddable":true,"href":"https:\/\/kaotostore.com\/en\/wp-json\/wp\/v2\/product_cat?post=33671"},{"taxonomy":"product_tag","embeddable":true,"href":"https:\/\/kaotostore.com\/en\/wp-json\/wp\/v2\/product_tag?post=33671"}],"curies":[{"name":"wp","href":"https:\/\/api.w.org\/{rel}","templated":true}]}}