{"id":33588,"date":"2026-03-24T11:44:42","date_gmt":"2026-03-24T10:44:42","guid":{"rendered":"https:\/\/kaotostore.com\/producto\/venus-vacation-prism-dead-or-alive-extreme-playstation-5-importacion-asiatica\/"},"modified":"2026-03-24T11:44:42","modified_gmt":"2026-03-24T10:44:42","slug":"venus-vacation-prism-dead-or-alive-extreme-playstation-5-importacion-asiatica","status":"publish","type":"product","link":"https:\/\/kaotostore.com\/en\/product\/venus-vacation-prism-dead-or-alive-extreme-playstation-5-importacion-asiatica\/","title":{"rendered":"Venus Vacation Prism Dead or Alive Extreme PLAYSTATION 5 (Importaci\u00f3n asi\u00e1tica)"},"content":{"rendered":"<p><span><strong><span style=\"color: rgb(255, 5, 5);\">Si desea im\u00e1genes adicionales del producto, puede solicitarlas desde el formulario de contacto o en el email kaototienda@gmail.com<\/span><\/strong><\/span><\/p>\n<p><strong><span style=\"color: rgb(255, 5, 5);\">Si desea im\u00e1genes adicionales del producto, puede solicitarlas desde el formulario de contacto o en el email kaototienda@gmail.com<\/p>\n<p><\/span><\/strong><\/p>\n<p><b>-Juego en ingl\u00e9s<\/b><\/p>\n<p>\u00a0<\/p>\n<p>En esta isla, el momento del amor.<\/p>\n<p>El primer juego rom\u00e1ntico completo de la serie &#8220;DEAD OR ALIVE Xtreme&#8221;, \u00a1que ofrece encuentros rom\u00e1nticos con seis chicas adorables y encantadoras!<\/p>\n<p>&#8211; \u00a1Experimenta el verdadero romance y una emocionante sensaci\u00f3n de cercan\u00eda!<br \/>Como jefe de las Islas Venus, donde el verano es eterno, interactuar\u00e1s con las chicas que conozcas. Tu historia con ellas se desarrollar\u00e1 seg\u00fan tus decisiones, con diversos desenlaces. La emoci\u00f3n que te provocan los gestos casuales, la emoci\u00f3n al acercarte a tu inter\u00e9s amoroso, la preocupaci\u00f3n por qu\u00e9 chica elegir&#8230; \u00bfListo para vivir el verdadero romance en las islas del verano eterno?<\/p>\n<p>&#8211; \u00a1Crea recuerdos de citas especiales en un mundo solo para ustedes dos!<br \/>Interactuar varias veces con cada chica a veces te har\u00e1 conseguir invitaciones a citas. Im\u00e1genes v\u00edvidas y magn\u00edficas, y animaciones con voces har\u00e1n de cada cita una experiencia inolvidable, como si estuvieran en su propio mundo. El rostro sonriente de una chica despreocupada, su perfil mientras contempla las olas del mar al atardecer, sus ojos mir\u00e1ndote t\u00edmidamente: \u00a1cada uno de estos momentos inesperados puede ser fotografiado por ti durante tus citas! Recuerda guardar tu foto favorita como recuerdo.<\/p>\n<p><\/p>","protected":false},"excerpt":{"rendered":"<p>Si desea im\u00e1genes adicionales del producto, puede solicitarlas desde el formulario de contacto o en el email kaototienda@gmail.com Si desea im\u00e1genes adicionales del producto, puede solicitarlas desde el formulario de contacto o en el email kaototienda@gmail.com -Juego en ingl\u00e9s \u00a0 En esta isla, el momento del amor. El primer juego rom\u00e1ntico completo de la serie [&hellip;]<\/p>\n","protected":false},"featured_media":24099,"template":"","meta":{"ocean_post_layout":"","ocean_both_sidebars_style":"","ocean_both_sidebars_content_width":0,"ocean_both_sidebars_sidebars_width":0,"ocean_sidebar":"","ocean_second_sidebar":"","ocean_disable_margins":"enable","ocean_add_body_class":"","ocean_shortcode_before_top_bar":"","ocean_shortcode_after_top_bar":"","ocean_shortcode_before_header":"","ocean_shortcode_after_header":"","ocean_has_shortcode":"","ocean_shortcode_after_title":"","ocean_shortcode_before_footer_widgets":"","ocean_shortcode_after_footer_widgets":"","ocean_shortcode_before_footer_bottom":"","ocean_shortcode_after_footer_bottom":"","ocean_display_top_bar":"default","ocean_display_header":"default","ocean_header_style":"","ocean_center_header_left_menu":"","ocean_custom_header_template":"","ocean_custom_logo":0,"ocean_custom_retina_logo":0,"ocean_custom_logo_max_width":0,"ocean_custom_logo_tablet_max_width":0,"ocean_custom_logo_mobile_max_width":0,"ocean_custom_logo_max_height":0,"ocean_custom_logo_tablet_max_height":0,"ocean_custom_logo_mobile_max_height":0,"ocean_header_custom_menu":"","ocean_menu_typo_font_family":"","ocean_menu_typo_font_subset":"","ocean_menu_typo_font_size":0,"ocean_menu_typo_font_size_tablet":0,"ocean_menu_typo_font_size_mobile":0,"ocean_menu_typo_font_size_unit":"px","ocean_menu_typo_font_weight":"","ocean_menu_typo_font_weight_tablet":"","ocean_menu_typo_font_weight_mobile":"","ocean_menu_typo_transform":"","ocean_menu_typo_transform_tablet":"","ocean_menu_typo_transform_mobile":"","ocean_menu_typo_line_height":0,"ocean_menu_typo_line_height_tablet":0,"ocean_menu_typo_line_height_mobile":0,"ocean_menu_typo_line_height_unit":"","ocean_menu_typo_spacing":0,"ocean_menu_typo_spacing_tablet":0,"ocean_menu_typo_spacing_mobile":0,"ocean_menu_typo_spacing_unit":"","ocean_menu_link_color":"","ocean_menu_link_color_hover":"","ocean_menu_link_color_active":"","ocean_menu_link_background":"","ocean_menu_link_hover_background":"","ocean_menu_link_active_background":"","ocean_menu_social_links_bg":"","ocean_menu_social_hover_links_bg":"","ocean_menu_social_links_color":"","ocean_menu_social_hover_links_color":"","ocean_disable_title":"default","ocean_disable_heading":"default","ocean_post_title":"","ocean_post_subheading":"","ocean_post_title_style":"","ocean_post_title_background_color":"","ocean_post_title_background":0,"ocean_post_title_bg_image_position":"","ocean_post_title_bg_image_attachment":"","ocean_post_title_bg_image_repeat":"","ocean_post_title_bg_image_size":"","ocean_post_title_height":0,"ocean_post_title_bg_overlay":0.5,"ocean_post_title_bg_overlay_color":"","ocean_disable_breadcrumbs":"default","ocean_breadcrumbs_color":"","ocean_breadcrumbs_separator_color":"","ocean_breadcrumbs_links_color":"","ocean_breadcrumbs_links_hover_color":"","ocean_display_footer_widgets":"default","ocean_display_footer_bottom":"default","ocean_custom_footer_template":""},"product_brand":[],"product_cat":[98,108,128],"product_tag":[],"class_list":{"0":"post-33588","1":"product","2":"type-product","3":"status-publish","4":"has-post-thumbnail","6":"product_cat-novedades","7":"product_cat-playstation-5","8":"product_cat-ultimas-entradas","10":"entry","11":"has-media","13":"first","14":"instock","15":"taxable","16":"shipping-taxable","17":"purchasable","18":"product-type-simple","19":"col","20":"span_1_of_3","21":"owp-content-center","22":"owp-thumbs-layout-horizontal","23":"owp-btn-normal","24":"owp-tabs-layout-horizontal"},"aioseo_notices":[],"_links":{"self":[{"href":"https:\/\/kaotostore.com\/en\/wp-json\/wp\/v2\/product\/33588","targetHints":{"allow":["GET"]}}],"collection":[{"href":"https:\/\/kaotostore.com\/en\/wp-json\/wp\/v2\/product"}],"about":[{"href":"https:\/\/kaotostore.com\/en\/wp-json\/wp\/v2\/types\/product"}],"wp:featuredmedia":[{"embeddable":true,"href":"https:\/\/kaotostore.com\/en\/wp-json\/wp\/v2\/media\/24099"}],"wp:attachment":[{"href":"https:\/\/kaotostore.com\/en\/wp-json\/wp\/v2\/media?parent=33588"}],"wp:term":[{"taxonomy":"product_brand","embeddable":true,"href":"https:\/\/kaotostore.com\/en\/wp-json\/wp\/v2\/product_brand?post=33588"},{"taxonomy":"product_cat","embeddable":true,"href":"https:\/\/kaotostore.com\/en\/wp-json\/wp\/v2\/product_cat?post=33588"},{"taxonomy":"product_tag","embeddable":true,"href":"https:\/\/kaotostore.com\/en\/wp-json\/wp\/v2\/product_tag?post=33588"}],"curies":[{"name":"wp","href":"https:\/\/api.w.org\/{rel}","templated":true}]}}