{"id":33427,"date":"2026-03-24T11:43:35","date_gmt":"2026-03-24T10:43:35","guid":{"rendered":"https:\/\/kaotostore.com\/producto\/trigger-witch-limited-edition-switch-importacion-asiatica\/"},"modified":"2026-04-09T12:12:20","modified_gmt":"2026-04-09T10:12:20","slug":"trigger-witch-limited-edition-switch-importacion-asiatica","status":"publish","type":"product","link":"https:\/\/kaotostore.com\/en\/product\/trigger-witch-limited-edition-switch-importacion-asiatica\/","title":{"rendered":"Trigger Witch Limited Edition SWITCH (Importaci\u00f3n asi\u00e1tica)"},"content":{"rendered":"<p><strong><span style=\"color: rgb(255, 5, 5);\">Si desea im\u00e1genes adicionales del producto, puede solicitarlas desde el formulario de contacto o en el email kaototienda@gmail.com<\/p>\n<p><\/span><\/strong><\/p>\n<div class=\"row row-content\">\n<div class=\"col-xs-12 content\">\n<p>Con un estilo visual y una jugabilidad intuitiva que recuerda a las cl\u00e1sicas aventuras de 16 bits, Trigger Witch le da un giro ultraviolento a sus simp\u00e1ticos y coloridos gr\u00e1ficos en pixel art. Descubre una historia que te atrapar\u00e1 desde el principio hasta su sangriento final, con una narrativa intensa y novedosa, muchos entornos y puzles para explorar y resolver, una banda sonora din\u00e1mica, mec\u00e1nicas de twin stick shooter y un amplio elenco de enemigos para volar en mil pedazos.<\/p>\n<p>Trigger Witch es un estilizado twin stick shooter en 2D creado por los autores de Reverie. La historia se desarrolla en un extra\u00f1o mundo abierto en el que la magia ha pasado de moda y las armas de fuego forman parte de la vida cotidiana. Los jugadores asumen el papel de Colette, una estudiante de Stock, la academia de Brujer\u00eda y Punter\u00eda. Cuando un hombre misterioso invade su reino, se desencadena una serie de eventos que cambian completamente la vida de Colette y la transforman en la \u00fanica hero\u00edna con suficiente poder de fuego para restaurar la paz.<\/p>\n<p>Caracter\u00edsticas:<\/p>\n<p>\u2022 \u00a1Explora un mundo abierto al estilo de los juegos cl\u00e1sicos de acci\u00f3n y aventura!<\/p>\n<p>\u2022 Utiliza y mejora nuevas armas a medida que avanzas.<\/p>\n<p>\u2022 Conoce y mant\u00e9n entretenidos di\u00e1logos con personajes tan extra\u00f1os como entra\u00f1ables.<\/p>\n<p>\u2022 \u00a1Dispara a los monstruos y env\u00edalos en un sangriento viaje de regreso a su plano de existencia original!<\/p>\n<p>\u2022 Resuelve puzles de entorno y usa tu ingenio para superar los obst\u00e1culos.<\/p>\n<p>\u2022 Juega en solitario o en modo multijugador, incluido el modo cooperativo local de acceso inmediato.<\/p>\n<\/div>\n<\/div>\n<p><strong><span style=\"color: rgb(255, 5, 5);\"><br \/><\/span><\/strong><\/p>","protected":false},"excerpt":{"rendered":"<p>Si desea im\u00e1genes adicionales del producto, puede solicitarlas desde el formulario de contacto o en el email kaototienda@gmail.com Con un estilo visual y una jugabilidad intuitiva que recuerda a las cl\u00e1sicas aventuras de 16 bits, Trigger Witch le da un giro ultraviolento a sus simp\u00e1ticos y coloridos gr\u00e1ficos en pixel art. Descubre una historia que [&hellip;]<\/p>\n","protected":false},"featured_media":23832,"template":"","meta":{"ocean_post_layout":"","ocean_both_sidebars_style":"","ocean_both_sidebars_content_width":0,"ocean_both_sidebars_sidebars_width":0,"ocean_sidebar":"","ocean_second_sidebar":"","ocean_disable_margins":"enable","ocean_add_body_class":"","ocean_shortcode_before_top_bar":"","ocean_shortcode_after_top_bar":"","ocean_shortcode_before_header":"","ocean_shortcode_after_header":"","ocean_has_shortcode":"","ocean_shortcode_after_title":"","ocean_shortcode_before_footer_widgets":"","ocean_shortcode_after_footer_widgets":"","ocean_shortcode_before_footer_bottom":"","ocean_shortcode_after_footer_bottom":"","ocean_display_top_bar":"default","ocean_display_header":"default","ocean_header_style":"","ocean_center_header_left_menu":"","ocean_custom_header_template":"","ocean_custom_logo":0,"ocean_custom_retina_logo":0,"ocean_custom_logo_max_width":0,"ocean_custom_logo_tablet_max_width":0,"ocean_custom_logo_mobile_max_width":0,"ocean_custom_logo_max_height":0,"ocean_custom_logo_tablet_max_height":0,"ocean_custom_logo_mobile_max_height":0,"ocean_header_custom_menu":"","ocean_menu_typo_font_family":"","ocean_menu_typo_font_subset":"","ocean_menu_typo_font_size":0,"ocean_menu_typo_font_size_tablet":0,"ocean_menu_typo_font_size_mobile":0,"ocean_menu_typo_font_size_unit":"px","ocean_menu_typo_font_weight":"","ocean_menu_typo_font_weight_tablet":"","ocean_menu_typo_font_weight_mobile":"","ocean_menu_typo_transform":"","ocean_menu_typo_transform_tablet":"","ocean_menu_typo_transform_mobile":"","ocean_menu_typo_line_height":0,"ocean_menu_typo_line_height_tablet":0,"ocean_menu_typo_line_height_mobile":0,"ocean_menu_typo_line_height_unit":"","ocean_menu_typo_spacing":0,"ocean_menu_typo_spacing_tablet":0,"ocean_menu_typo_spacing_mobile":0,"ocean_menu_typo_spacing_unit":"","ocean_menu_link_color":"","ocean_menu_link_color_hover":"","ocean_menu_link_color_active":"","ocean_menu_link_background":"","ocean_menu_link_hover_background":"","ocean_menu_link_active_background":"","ocean_menu_social_links_bg":"","ocean_menu_social_hover_links_bg":"","ocean_menu_social_links_color":"","ocean_menu_social_hover_links_color":"","ocean_disable_title":"default","ocean_disable_heading":"default","ocean_post_title":"","ocean_post_subheading":"","ocean_post_title_style":"","ocean_post_title_background_color":"","ocean_post_title_background":0,"ocean_post_title_bg_image_position":"","ocean_post_title_bg_image_attachment":"","ocean_post_title_bg_image_repeat":"","ocean_post_title_bg_image_size":"","ocean_post_title_height":0,"ocean_post_title_bg_overlay":0.5,"ocean_post_title_bg_overlay_color":"","ocean_disable_breadcrumbs":"default","ocean_breadcrumbs_color":"","ocean_breadcrumbs_separator_color":"","ocean_breadcrumbs_links_color":"","ocean_breadcrumbs_links_hover_color":"","ocean_display_footer_widgets":"default","ocean_display_footer_bottom":"default","ocean_custom_footer_template":""},"product_brand":[],"product_cat":[124,128],"product_tag":[],"class_list":{"0":"post-33427","1":"product","2":"type-product","3":"status-publish","4":"has-post-thumbnail","6":"product_cat-switch","7":"product_cat-ultimas-entradas","9":"entry","10":"has-media","12":"first","13":"instock","14":"taxable","15":"shipping-taxable","16":"purchasable","17":"product-type-simple","18":"col","19":"span_1_of_3","20":"owp-content-center","21":"owp-thumbs-layout-horizontal","22":"owp-btn-normal","23":"owp-tabs-layout-horizontal","24":"has-no-thumbnails"},"aioseo_notices":[],"_links":{"self":[{"href":"https:\/\/kaotostore.com\/en\/wp-json\/wp\/v2\/product\/33427","targetHints":{"allow":["GET"]}}],"collection":[{"href":"https:\/\/kaotostore.com\/en\/wp-json\/wp\/v2\/product"}],"about":[{"href":"https:\/\/kaotostore.com\/en\/wp-json\/wp\/v2\/types\/product"}],"wp:featuredmedia":[{"embeddable":true,"href":"https:\/\/kaotostore.com\/en\/wp-json\/wp\/v2\/media\/23832"}],"wp:attachment":[{"href":"https:\/\/kaotostore.com\/en\/wp-json\/wp\/v2\/media?parent=33427"}],"wp:term":[{"taxonomy":"product_brand","embeddable":true,"href":"https:\/\/kaotostore.com\/en\/wp-json\/wp\/v2\/product_brand?post=33427"},{"taxonomy":"product_cat","embeddable":true,"href":"https:\/\/kaotostore.com\/en\/wp-json\/wp\/v2\/product_cat?post=33427"},{"taxonomy":"product_tag","embeddable":true,"href":"https:\/\/kaotostore.com\/en\/wp-json\/wp\/v2\/product_tag?post=33427"}],"curies":[{"name":"wp","href":"https:\/\/api.w.org\/{rel}","templated":true}]}}