{"id":33412,"date":"2026-03-24T11:43:29","date_gmt":"2026-03-24T10:43:29","guid":{"rendered":"https:\/\/kaotostore.com\/producto\/transformers-playstation-2\/"},"modified":"2026-04-09T12:12:39","modified_gmt":"2026-04-09T10:12:39","slug":"transformers-playstation-2","status":"publish","type":"product","link":"https:\/\/kaotostore.com\/en\/product\/transformers-playstation-2\/","title":{"rendered":"Transformers PLAYSTATION 2"},"content":{"rendered":"<h4><span class=\"a-list-item\"><span style=\"color: rgb(255, 5, 5);\">Si desea im\u00e1genes adicionales del producto, puede solicitarlas desde el formulario de contacto o en el email kaototienda@gmail.com<\/p>\n<p><\/span><\/span><\/h4>\n<div>\n<p><strong><em>Transformers<\/em><\/strong><span>\u00a0<\/span>es el futuro de los shooters de acci\u00f3n. Prep\u00e1rate para este impresionante shooter, prepr\u00e1rate para oir c\u00f3mo rechinan los metales. Utiliza un arsenal de armas s\u00faper poderosas y la habilidad de transformarte a voluntad.<\/p>\n<p>Hace un mill\u00f3n de a\u00f1os&#8230; Cybertron es un mundo en guerra,enzarzado en una interminable lucha entre los heroicos Autobots y los malvados Decepticons. Ninguna de las dos ancestrales culturas de m\u00e1quinas est\u00e1 dispuesta a ceder,de modo que solo podr\u00e1 haber paz cuando un bando se procl ame vencedor tras destruir al otro. Atrapados en la lucha entre estas dos poderosas maquinarias de guerra se halla una tercera raza de diminutas herramientas inteligentes<span>\u00a0<\/span><strong><em>Transformers<\/em><\/strong>, llamados robots MINI-CON .Estos robots tienen la capacidad de combinarse con<span>\u00a0<\/span><strong><em>Transformers<\/em><\/strong><span>\u00a0<\/span>m\u00e1s grandes, potenciando en gran medida la capacidad de combate de los mismos.<\/p>\n<p>Antes de que su planeta acabe destruido,los robots MI NI-CON deciden tomar las riendas de la situaci\u00f3n y construyen en secreto un arca de evacuaci\u00f3n.Se apagan y encierran en paneles de estasis y abandonan su hogar asolado por la guerra.Solo unos cuantos robots MI NI-CON permanecen activos para tripular el arca en las profundidades del espacio interestelar.Tras incontables a\u00f1os de b\u00fasqueda,un asteroide suelto choca de repente con el arca, destrozando sus sistemas de direcci\u00f3n.La nave atraviesa un rec\u00f3ndito sistema solar en direcci\u00f3n a un planeta alien\u00edgena. Al topar con la enorme e inerte luna del planeta, el arca se rompe en m\u00faltiples fragmentos, muchos de los cuales prosiguen su solitario viaje por el espacio,con su preciada carga MINI-CON eternamente atrapada en animaci\u00f3n suspendida.<\/p>\n<p>Sin embargo, parte de los fragmentos caen a la superficie de ese mundo azul verdoso. Docenas de paneles MINI-CON chocan con la superficie del planeta y se dispersan por remotos lugares. Quedan enterrados,perdidos y olvidados, hasta que un hal l azgo casual un mi l l\u00f3n de a\u00f1os despu\u00e9s despierta a un peque\u00f1o grupo de robots MI NI-CON y activa una antigua se\u00f1al de socorro&#8230;<\/p>\n<p>\u00a0<\/p>\n<\/div>\n<p><!----><\/p>","protected":false},"excerpt":{"rendered":"<p>Si desea im\u00e1genes adicionales del producto, puede solicitarlas desde el formulario de contacto o en el email kaototienda@gmail.com Transformers\u00a0es el futuro de los shooters de acci\u00f3n. Prep\u00e1rate para este impresionante shooter, prepr\u00e1rate para oir c\u00f3mo rechinan los metales. Utiliza un arsenal de armas s\u00faper poderosas y la habilidad de transformarte a voluntad. Hace un mill\u00f3n [&hellip;]<\/p>\n","protected":false},"featured_media":33963,"template":"","meta":{"ocean_post_layout":"","ocean_both_sidebars_style":"","ocean_both_sidebars_content_width":0,"ocean_both_sidebars_sidebars_width":0,"ocean_sidebar":"","ocean_second_sidebar":"","ocean_disable_margins":"enable","ocean_add_body_class":"","ocean_shortcode_before_top_bar":"","ocean_shortcode_after_top_bar":"","ocean_shortcode_before_header":"","ocean_shortcode_after_header":"","ocean_has_shortcode":"","ocean_shortcode_after_title":"","ocean_shortcode_before_footer_widgets":"","ocean_shortcode_after_footer_widgets":"","ocean_shortcode_before_footer_bottom":"","ocean_shortcode_after_footer_bottom":"","ocean_display_top_bar":"default","ocean_display_header":"default","ocean_header_style":"","ocean_center_header_left_menu":"","ocean_custom_header_template":"","ocean_custom_logo":0,"ocean_custom_retina_logo":0,"ocean_custom_logo_max_width":0,"ocean_custom_logo_tablet_max_width":0,"ocean_custom_logo_mobile_max_width":0,"ocean_custom_logo_max_height":0,"ocean_custom_logo_tablet_max_height":0,"ocean_custom_logo_mobile_max_height":0,"ocean_header_custom_menu":"","ocean_menu_typo_font_family":"","ocean_menu_typo_font_subset":"","ocean_menu_typo_font_size":0,"ocean_menu_typo_font_size_tablet":0,"ocean_menu_typo_font_size_mobile":0,"ocean_menu_typo_font_size_unit":"px","ocean_menu_typo_font_weight":"","ocean_menu_typo_font_weight_tablet":"","ocean_menu_typo_font_weight_mobile":"","ocean_menu_typo_transform":"","ocean_menu_typo_transform_tablet":"","ocean_menu_typo_transform_mobile":"","ocean_menu_typo_line_height":0,"ocean_menu_typo_line_height_tablet":0,"ocean_menu_typo_line_height_mobile":0,"ocean_menu_typo_line_height_unit":"","ocean_menu_typo_spacing":0,"ocean_menu_typo_spacing_tablet":0,"ocean_menu_typo_spacing_mobile":0,"ocean_menu_typo_spacing_unit":"","ocean_menu_link_color":"","ocean_menu_link_color_hover":"","ocean_menu_link_color_active":"","ocean_menu_link_background":"","ocean_menu_link_hover_background":"","ocean_menu_link_active_background":"","ocean_menu_social_links_bg":"","ocean_menu_social_hover_links_bg":"","ocean_menu_social_links_color":"","ocean_menu_social_hover_links_color":"","ocean_disable_title":"default","ocean_disable_heading":"default","ocean_post_title":"","ocean_post_subheading":"","ocean_post_title_style":"","ocean_post_title_background_color":"","ocean_post_title_background":0,"ocean_post_title_bg_image_position":"","ocean_post_title_bg_image_attachment":"","ocean_post_title_bg_image_repeat":"","ocean_post_title_bg_image_size":"","ocean_post_title_height":0,"ocean_post_title_bg_overlay":0.5,"ocean_post_title_bg_overlay_color":"","ocean_disable_breadcrumbs":"default","ocean_breadcrumbs_color":"","ocean_breadcrumbs_separator_color":"","ocean_breadcrumbs_links_color":"","ocean_breadcrumbs_links_hover_color":"","ocean_display_footer_widgets":"default","ocean_display_footer_bottom":"default","ocean_custom_footer_template":""},"product_brand":[],"product_cat":[15],"product_tag":[],"class_list":{"0":"post-33412","1":"product","2":"type-product","3":"status-publish","4":"has-post-thumbnail","6":"product_cat-sin-categorizar","8":"entry","9":"has-media","11":"first","12":"instock","13":"taxable","14":"shipping-taxable","15":"purchasable","16":"product-type-simple","17":"col","18":"span_1_of_3","19":"owp-content-center","20":"owp-thumbs-layout-horizontal","21":"owp-btn-normal","22":"owp-tabs-layout-horizontal","23":"has-no-thumbnails"},"aioseo_notices":[],"_links":{"self":[{"href":"https:\/\/kaotostore.com\/en\/wp-json\/wp\/v2\/product\/33412","targetHints":{"allow":["GET"]}}],"collection":[{"href":"https:\/\/kaotostore.com\/en\/wp-json\/wp\/v2\/product"}],"about":[{"href":"https:\/\/kaotostore.com\/en\/wp-json\/wp\/v2\/types\/product"}],"wp:featuredmedia":[{"embeddable":true,"href":"https:\/\/kaotostore.com\/en\/wp-json\/wp\/v2\/media\/33963"}],"wp:attachment":[{"href":"https:\/\/kaotostore.com\/en\/wp-json\/wp\/v2\/media?parent=33412"}],"wp:term":[{"taxonomy":"product_brand","embeddable":true,"href":"https:\/\/kaotostore.com\/en\/wp-json\/wp\/v2\/product_brand?post=33412"},{"taxonomy":"product_cat","embeddable":true,"href":"https:\/\/kaotostore.com\/en\/wp-json\/wp\/v2\/product_cat?post=33412"},{"taxonomy":"product_tag","embeddable":true,"href":"https:\/\/kaotostore.com\/en\/wp-json\/wp\/v2\/product_tag?post=33412"}],"curies":[{"name":"wp","href":"https:\/\/api.w.org\/{rel}","templated":true}]}}