{"id":33392,"date":"2026-03-24T11:43:22","date_gmt":"2026-03-24T10:43:22","guid":{"rendered":"https:\/\/kaotostore.com\/producto\/touch-my-katamari-vita-importacion-francesa\/"},"modified":"2026-04-09T11:31:21","modified_gmt":"2026-04-09T09:31:21","slug":"touch-my-katamari-vita-importacion-francesa","status":"publish","type":"product","link":"https:\/\/kaotostore.com\/en\/product\/touch-my-katamari-vita-importacion-francesa\/","title":{"rendered":"Touch my Katamari VITA (Importaci\u00f3n francesa)"},"content":{"rendered":"<div>\n<p><strong>-Juego en ingl\u00e9s<\/strong><\/p>\n<p><strong>La \u00faltima entrega de la serie Katamari<\/strong>, Touch My Katamari, es el debut de la franquicia en PlayStation\u00aeVita. El Rey de Todo el Cosmos tiene preparadas un mont\u00f3n de nuevas y maravillosas misiones mientras que t\u00fa tomas otra vez el papel de su hijo, el pr\u00edncipe. <strong>Utiliza el control de la pantalla t\u00e1ctil de PlayStation\u00aeVita<\/strong> para hacer rodar tu bola Katamari por los escenarios mientras recoges todos los objetos posibles para hacerla crecer. El Rey te enviar\u00e1 a las cuatro esquinas del mundo para completar tus extra\u00f1as misiones y restaurar el universo a su particular orden Katamari.<\/p>\n<p><strong>Innovadora jugabilidad<\/strong> \u2013 Haz rodar el Katamari en cualquier direcci\u00f3n utilizando la pantalla multit\u00e1ctil de PS\u00aeVita, mientras que por primera vez la superficie t\u00e1ctil trasera de la consola te permite estirar o compactar el Katamari para recoger m\u00e1s objetos a la vez o para entrar a trav\u00e9s de espacios estrechos.<\/p>\n<p><strong>Ve de compras<\/strong> \u2013 Colecciona caramelos y util\u00edzalos como dinero para comprar elementos para el Rey, consigue pistas musicales extra y desbloquea nuevos modos de juego.<\/p>\n<p><strong>Misi\u00f3n Bonus del Rey<\/strong> \u2013 Jugable una vez al d\u00eda, repite una de las misiones para conseguir montones de caramelos extra.<\/p>\n<p><strong>Membership System<\/strong> \u2013 Rankings ordenan jugadores en funci\u00f3n de la cantidad de caramelos que han ganado en las \u00faltimas tres semanas.<\/p>\n<p><strong>Funcionalidades NEAR<\/strong> \u2013 Con el sistema de comunicaci\u00f3n virtual NEAR para PS\u00aeVita, intercambia informaci\u00f3n con otros jugadores y recibe \u201cBuddy Requests\u201d. \u00a1Intenta vencer las mejores puntuaciones de otros jugadores y consigue caramelos extra!<\/p>\n<\/div>\n<p>&nbsp;<\/p>\n<p>&nbsp;<\/p>","protected":false},"excerpt":{"rendered":"<p>-Juego en ingl\u00e9s La \u00faltima entrega de la serie Katamari, Touch My Katamari, es el debut de la franquicia en PlayStation\u00aeVita. El Rey de Todo el Cosmos tiene preparadas un mont\u00f3n de nuevas y maravillosas misiones mientras que t\u00fa tomas otra vez el papel de su hijo, el pr\u00edncipe. Utiliza el control de la pantalla [&hellip;]<\/p>\n","protected":false},"featured_media":23784,"template":"","meta":{"ocean_post_layout":"","ocean_both_sidebars_style":"","ocean_both_sidebars_content_width":0,"ocean_both_sidebars_sidebars_width":0,"ocean_sidebar":"0","ocean_second_sidebar":"0","ocean_disable_margins":"enable","ocean_add_body_class":"","ocean_shortcode_before_top_bar":"","ocean_shortcode_after_top_bar":"","ocean_shortcode_before_header":"","ocean_shortcode_after_header":"","ocean_has_shortcode":"","ocean_shortcode_after_title":"","ocean_shortcode_before_footer_widgets":"","ocean_shortcode_after_footer_widgets":"","ocean_shortcode_before_footer_bottom":"","ocean_shortcode_after_footer_bottom":"","ocean_display_top_bar":"default","ocean_display_header":"default","ocean_header_style":"","ocean_center_header_left_menu":"0","ocean_custom_header_template":"0","ocean_custom_logo":0,"ocean_custom_retina_logo":0,"ocean_custom_logo_max_width":0,"ocean_custom_logo_tablet_max_width":0,"ocean_custom_logo_mobile_max_width":0,"ocean_custom_logo_max_height":0,"ocean_custom_logo_tablet_max_height":0,"ocean_custom_logo_mobile_max_height":0,"ocean_header_custom_menu":"0","ocean_menu_typo_font_family":"0","ocean_menu_typo_font_subset":"","ocean_menu_typo_font_size":0,"ocean_menu_typo_font_size_tablet":0,"ocean_menu_typo_font_size_mobile":0,"ocean_menu_typo_font_size_unit":"px","ocean_menu_typo_font_weight":"","ocean_menu_typo_font_weight_tablet":"","ocean_menu_typo_font_weight_mobile":"","ocean_menu_typo_transform":"","ocean_menu_typo_transform_tablet":"","ocean_menu_typo_transform_mobile":"","ocean_menu_typo_line_height":0,"ocean_menu_typo_line_height_tablet":0,"ocean_menu_typo_line_height_mobile":0,"ocean_menu_typo_line_height_unit":"","ocean_menu_typo_spacing":0,"ocean_menu_typo_spacing_tablet":0,"ocean_menu_typo_spacing_mobile":0,"ocean_menu_typo_spacing_unit":"","ocean_menu_link_color":"","ocean_menu_link_color_hover":"","ocean_menu_link_color_active":"","ocean_menu_link_background":"","ocean_menu_link_hover_background":"","ocean_menu_link_active_background":"","ocean_menu_social_links_bg":"","ocean_menu_social_hover_links_bg":"","ocean_menu_social_links_color":"","ocean_menu_social_hover_links_color":"","ocean_disable_title":"default","ocean_disable_heading":"default","ocean_post_title":"","ocean_post_subheading":"","ocean_post_title_style":"","ocean_post_title_background_color":"","ocean_post_title_background":0,"ocean_post_title_bg_image_position":"","ocean_post_title_bg_image_attachment":"","ocean_post_title_bg_image_repeat":"","ocean_post_title_bg_image_size":"","ocean_post_title_height":0,"ocean_post_title_bg_overlay":0.5,"ocean_post_title_bg_overlay_color":"","ocean_disable_breadcrumbs":"default","ocean_breadcrumbs_color":"","ocean_breadcrumbs_separator_color":"","ocean_breadcrumbs_links_color":"","ocean_breadcrumbs_links_hover_color":"","ocean_display_footer_widgets":"default","ocean_display_footer_bottom":"default","ocean_custom_footer_template":"0"},"product_brand":[],"product_cat":[128,131],"product_tag":[],"class_list":{"0":"post-33392","1":"product","2":"type-product","3":"status-publish","4":"has-post-thumbnail","6":"product_cat-ultimas-entradas","7":"product_cat-vita","9":"entry","10":"has-media","12":"first","13":"outofstock","14":"taxable","15":"shipping-taxable","16":"purchasable","17":"product-type-simple","18":"col","19":"span_1_of_3","20":"owp-content-center","21":"owp-thumbs-layout-horizontal","22":"owp-btn-normal","23":"owp-tabs-layout-horizontal"},"aioseo_notices":[],"_links":{"self":[{"href":"https:\/\/kaotostore.com\/en\/wp-json\/wp\/v2\/product\/33392","targetHints":{"allow":["GET"]}}],"collection":[{"href":"https:\/\/kaotostore.com\/en\/wp-json\/wp\/v2\/product"}],"about":[{"href":"https:\/\/kaotostore.com\/en\/wp-json\/wp\/v2\/types\/product"}],"wp:featuredmedia":[{"embeddable":true,"href":"https:\/\/kaotostore.com\/en\/wp-json\/wp\/v2\/media\/23784"}],"wp:attachment":[{"href":"https:\/\/kaotostore.com\/en\/wp-json\/wp\/v2\/media?parent=33392"}],"wp:term":[{"taxonomy":"product_brand","embeddable":true,"href":"https:\/\/kaotostore.com\/en\/wp-json\/wp\/v2\/product_brand?post=33392"},{"taxonomy":"product_cat","embeddable":true,"href":"https:\/\/kaotostore.com\/en\/wp-json\/wp\/v2\/product_cat?post=33392"},{"taxonomy":"product_tag","embeddable":true,"href":"https:\/\/kaotostore.com\/en\/wp-json\/wp\/v2\/product_tag?post=33392"}],"curies":[{"name":"wp","href":"https:\/\/api.w.org\/{rel}","templated":true}]}}