{"id":33236,"date":"2026-03-24T11:41:08","date_gmt":"2026-03-24T10:41:08","guid":{"rendered":"https:\/\/kaotostore.com\/producto\/tokyo-xtreme-racer-playstation-5-importacion-japonesa\/"},"modified":"2026-04-09T11:31:30","modified_gmt":"2026-04-09T09:31:30","slug":"tokyo-xtreme-racer-playstation-5-importacion-japonesa","status":"publish","type":"product","link":"https:\/\/kaotostore.com\/en\/product\/tokyo-xtreme-racer-playstation-5-importacion-japonesa\/","title":{"rendered":"Tokyo Xtreme Racer PLAYSTATION 5 (Importaci\u00f3n japonesa)"},"content":{"rendered":"<p><span><strong><span style=\"color: rgb(255, 5, 5);\">Si desea im\u00e1genes adicionales del producto, puede solicitarlas desde el formulario de contacto o en el email kaototienda@gmail.com<\/p>\n<p><\/span><\/strong><\/span><\/p>\n<p><b>-Juego en castellano<\/b><\/p>\n<p>\u00a0<\/p>\n<p>Incontables almas vagan por la circunvalaci\u00f3n nocturna.<br \/>El t\u00edtulo de \u201cel m\u00e1s r\u00e1pido\u201d nunca pierde su brillo, aunque cambien los tiempos.<\/p>\n<p>El escenario de batalla es un Tokio futurista sellado.<br \/>Recorre las autopistas nocturnas que atraviesan la ciudad con tu coche personalizado.<br \/>Derrota a los numerosos rivales y convi\u00e9rtete en el m\u00e1s r\u00e1pido de la Autopista Metropolitana.<\/p>\n<p>\u30fbUna Batalla SP \u00fanica<br \/>Un sistema exclusivo que se distingue de otros juegos de carreras.<br \/>En combates donde los pilotos reducen los \u201cPuntos de Esp\u00edritu\u201d, una representaci\u00f3n num\u00e9rica de la fortaleza mental, la velocidad por s\u00ed sola no garantiza la victoria.<br \/>Se requiere estrategia para desgastar al rival \u2014 una experiencia donde solo cuentan las reglas para ganar.<\/p>\n<p>\u30fbUna experiencia realista conectada con la realidad<br \/>Incluye m\u00e1s de 30 fabricantes con licencia oficial, con veh\u00edculos y piezas aerodin\u00e1micas reales.<br \/>Disfruta de la velocidad en circuitos fielmente recreados de la Autopista Metropolitana.<\/p>\n<p>\u30fbPersonaliza a tu gusto<br \/>Mejora el rendimiento con la puesta a punto y ajusta la sensaci\u00f3n de conducci\u00f3n con configuraciones detalladas para crear tu m\u00e1quina ideal.<br \/>Personaliza tu coche con gr\u00e1ficos de vinilo, pegatinas, colores de carrocer\u00eda y m\u00e1s.<\/p>\n<p>\u30fbHistorias de rivales \u00fanicos<br \/>Un mundo donde m\u00e1s de 450 rivales compiten por la cima.<br \/>Incluso quienes luchan por el primer puesto muestran su verdadero rostro durante breves momentos de descanso en las \u00e1reas de estacionamiento.<br \/>Las almas que buscan ser \u201clas m\u00e1s r\u00e1pidas\u201d se atraen, chocan y crean su propio ritmo.<br \/>Descubre con tus propios ojos el nacimiento de una nueva \u201cleyenda\u201d.<\/p>\n<p>\u30fbNuevo elemento en esta entrega: el sistema \u201cPERK\u201d<br \/>Un sistema en forma de \u00e1rbol que permite desbloquear diversas funciones utilizando BP obtenidos al ganar batallas.<br \/>Mejora de forma permanente las habilidades del piloto, aumenta las recompensas y mejora la comodidad.<\/p>\n<p><\/p>","protected":false},"excerpt":{"rendered":"<p>Si desea im\u00e1genes adicionales del producto, puede solicitarlas desde el formulario de contacto o en el email kaototienda@gmail.com -Juego en castellano \u00a0 Incontables almas vagan por la circunvalaci\u00f3n nocturna.El t\u00edtulo de \u201cel m\u00e1s r\u00e1pido\u201d nunca pierde su brillo, aunque cambien los tiempos. El escenario de batalla es un Tokio futurista sellado.Recorre las autopistas nocturnas que [&hellip;]<\/p>\n","protected":false},"featured_media":33239,"template":"","meta":{"ocean_post_layout":"","ocean_both_sidebars_style":"","ocean_both_sidebars_content_width":0,"ocean_both_sidebars_sidebars_width":0,"ocean_sidebar":"","ocean_second_sidebar":"","ocean_disable_margins":"enable","ocean_add_body_class":"","ocean_shortcode_before_top_bar":"","ocean_shortcode_after_top_bar":"","ocean_shortcode_before_header":"","ocean_shortcode_after_header":"","ocean_has_shortcode":"","ocean_shortcode_after_title":"","ocean_shortcode_before_footer_widgets":"","ocean_shortcode_after_footer_widgets":"","ocean_shortcode_before_footer_bottom":"","ocean_shortcode_after_footer_bottom":"","ocean_display_top_bar":"default","ocean_display_header":"default","ocean_header_style":"","ocean_center_header_left_menu":"","ocean_custom_header_template":"","ocean_custom_logo":0,"ocean_custom_retina_logo":0,"ocean_custom_logo_max_width":0,"ocean_custom_logo_tablet_max_width":0,"ocean_custom_logo_mobile_max_width":0,"ocean_custom_logo_max_height":0,"ocean_custom_logo_tablet_max_height":0,"ocean_custom_logo_mobile_max_height":0,"ocean_header_custom_menu":"","ocean_menu_typo_font_family":"","ocean_menu_typo_font_subset":"","ocean_menu_typo_font_size":0,"ocean_menu_typo_font_size_tablet":0,"ocean_menu_typo_font_size_mobile":0,"ocean_menu_typo_font_size_unit":"px","ocean_menu_typo_font_weight":"","ocean_menu_typo_font_weight_tablet":"","ocean_menu_typo_font_weight_mobile":"","ocean_menu_typo_transform":"","ocean_menu_typo_transform_tablet":"","ocean_menu_typo_transform_mobile":"","ocean_menu_typo_line_height":0,"ocean_menu_typo_line_height_tablet":0,"ocean_menu_typo_line_height_mobile":0,"ocean_menu_typo_line_height_unit":"","ocean_menu_typo_spacing":0,"ocean_menu_typo_spacing_tablet":0,"ocean_menu_typo_spacing_mobile":0,"ocean_menu_typo_spacing_unit":"","ocean_menu_link_color":"","ocean_menu_link_color_hover":"","ocean_menu_link_color_active":"","ocean_menu_link_background":"","ocean_menu_link_hover_background":"","ocean_menu_link_active_background":"","ocean_menu_social_links_bg":"","ocean_menu_social_hover_links_bg":"","ocean_menu_social_links_color":"","ocean_menu_social_hover_links_color":"","ocean_disable_title":"default","ocean_disable_heading":"default","ocean_post_title":"","ocean_post_subheading":"","ocean_post_title_style":"","ocean_post_title_background_color":"","ocean_post_title_background":0,"ocean_post_title_bg_image_position":"","ocean_post_title_bg_image_attachment":"","ocean_post_title_bg_image_repeat":"","ocean_post_title_bg_image_size":"","ocean_post_title_height":0,"ocean_post_title_bg_overlay":0.5,"ocean_post_title_bg_overlay_color":"","ocean_disable_breadcrumbs":"default","ocean_breadcrumbs_color":"","ocean_breadcrumbs_separator_color":"","ocean_breadcrumbs_links_color":"","ocean_breadcrumbs_links_hover_color":"","ocean_display_footer_widgets":"default","ocean_display_footer_bottom":"default","ocean_custom_footer_template":""},"product_brand":[],"product_cat":[15],"product_tag":[],"class_list":{"0":"post-33236","1":"product","2":"type-product","3":"status-publish","4":"has-post-thumbnail","6":"product_cat-sin-categorizar","8":"entry","9":"has-media","11":"first","12":"instock","13":"taxable","14":"shipping-taxable","15":"purchasable","16":"product-type-simple","17":"col","18":"span_1_of_3","19":"owp-content-center","20":"owp-thumbs-layout-horizontal","21":"owp-btn-normal","22":"owp-tabs-layout-horizontal"},"aioseo_notices":[],"_links":{"self":[{"href":"https:\/\/kaotostore.com\/en\/wp-json\/wp\/v2\/product\/33236","targetHints":{"allow":["GET"]}}],"collection":[{"href":"https:\/\/kaotostore.com\/en\/wp-json\/wp\/v2\/product"}],"about":[{"href":"https:\/\/kaotostore.com\/en\/wp-json\/wp\/v2\/types\/product"}],"wp:featuredmedia":[{"embeddable":true,"href":"https:\/\/kaotostore.com\/en\/wp-json\/wp\/v2\/media\/33239"}],"wp:attachment":[{"href":"https:\/\/kaotostore.com\/en\/wp-json\/wp\/v2\/media?parent=33236"}],"wp:term":[{"taxonomy":"product_brand","embeddable":true,"href":"https:\/\/kaotostore.com\/en\/wp-json\/wp\/v2\/product_brand?post=33236"},{"taxonomy":"product_cat","embeddable":true,"href":"https:\/\/kaotostore.com\/en\/wp-json\/wp\/v2\/product_cat?post=33236"},{"taxonomy":"product_tag","embeddable":true,"href":"https:\/\/kaotostore.com\/en\/wp-json\/wp\/v2\/product_tag?post=33236"}],"curies":[{"name":"wp","href":"https:\/\/api.w.org\/{rel}","templated":true}]}}