{"id":33232,"date":"2026-03-24T11:41:03","date_gmt":"2026-03-24T10:41:03","guid":{"rendered":"https:\/\/kaotostore.com\/producto\/tokyo-mirage-sessions-fe-wiiu-importacion-inglesa\/"},"modified":"2026-04-09T11:31:30","modified_gmt":"2026-04-09T09:31:30","slug":"tokyo-mirage-sessions-fe-wiiu-importacion-inglesa","status":"publish","type":"product","link":"https:\/\/kaotostore.com\/en\/product\/tokyo-mirage-sessions-fe-wiiu-importacion-inglesa\/","title":{"rendered":"Tokyo Mirage Sessions #FE WIIU (Importaci\u00f3n inglesa)"},"content":{"rendered":"<p><strong>-Juego en ingl\u00e9s<\/strong><\/p>\n<p>Lo creativo, la moda y la m\u00fasica se unen al peligro de una fuerza siniestra en este RPG \u00fanico del desarrollador Atlus. Una siniestra fuerza de otra dimensi\u00f3n ha invadido el Tokio moderno y el resultado es un juego \u00fanico con una mezcla fant\u00e1stica de estilo, moda, m\u00fasica y, por supuesto, peligro. En Tokyo Mirage Sessions #FE matar\u00e1s monstruos como una estrella del rock en un nuevo RPG del aclamado desarrollador Atlus.<br \/>\nVarios personajes j\u00f3venes cruzan sus caminos para dar lugar a un relato \u00e9pico junto con h\u00e9roes de un mundo alternativo, los \u201cmirages\u201d, que han comenzado a invadir nuestro mundo. En el conflicto entre los mundos de la oscuridad y el glamour, estos j\u00f3venes h\u00e9roes deben demostrar que est\u00e1n a la altura de las circunstancias.<br \/>\nAlgunos son malvados, pero otros sienten inter\u00e9s por los humanos con gran potencial creativo y comparten sus poderes para proteger a la humanidad. Estos h\u00e9roes luchar\u00e1n como Mirage Masters, pero sin abandonar sus sue\u00f1os de convertirse en grandes artistas. No solo deber\u00e1n enfrentarse a los Mirage invasores, sino que tambi\u00e9n tendr\u00e1n que hacerse valer en el mundo del espect\u00e1culo para llegar al estrellato.<\/p>\n<p>&nbsp;<\/p>","protected":false},"excerpt":{"rendered":"<p>-Juego en ingl\u00e9s Lo creativo, la moda y la m\u00fasica se unen al peligro de una fuerza siniestra en este RPG \u00fanico del desarrollador Atlus. Una siniestra fuerza de otra dimensi\u00f3n ha invadido el Tokio moderno y el resultado es un juego \u00fanico con una mezcla fant\u00e1stica de estilo, moda, m\u00fasica y, por supuesto, peligro. [&hellip;]<\/p>\n","protected":false},"featured_media":23583,"template":"","meta":{"ocean_post_layout":"","ocean_both_sidebars_style":"","ocean_both_sidebars_content_width":0,"ocean_both_sidebars_sidebars_width":0,"ocean_sidebar":"0","ocean_second_sidebar":"0","ocean_disable_margins":"enable","ocean_add_body_class":"","ocean_shortcode_before_top_bar":"","ocean_shortcode_after_top_bar":"","ocean_shortcode_before_header":"","ocean_shortcode_after_header":"","ocean_has_shortcode":"","ocean_shortcode_after_title":"","ocean_shortcode_before_footer_widgets":"","ocean_shortcode_after_footer_widgets":"","ocean_shortcode_before_footer_bottom":"","ocean_shortcode_after_footer_bottom":"","ocean_display_top_bar":"default","ocean_display_header":"default","ocean_header_style":"","ocean_center_header_left_menu":"0","ocean_custom_header_template":"0","ocean_custom_logo":0,"ocean_custom_retina_logo":0,"ocean_custom_logo_max_width":0,"ocean_custom_logo_tablet_max_width":0,"ocean_custom_logo_mobile_max_width":0,"ocean_custom_logo_max_height":0,"ocean_custom_logo_tablet_max_height":0,"ocean_custom_logo_mobile_max_height":0,"ocean_header_custom_menu":"0","ocean_menu_typo_font_family":"0","ocean_menu_typo_font_subset":"","ocean_menu_typo_font_size":0,"ocean_menu_typo_font_size_tablet":0,"ocean_menu_typo_font_size_mobile":0,"ocean_menu_typo_font_size_unit":"px","ocean_menu_typo_font_weight":"","ocean_menu_typo_font_weight_tablet":"","ocean_menu_typo_font_weight_mobile":"","ocean_menu_typo_transform":"","ocean_menu_typo_transform_tablet":"","ocean_menu_typo_transform_mobile":"","ocean_menu_typo_line_height":0,"ocean_menu_typo_line_height_tablet":0,"ocean_menu_typo_line_height_mobile":0,"ocean_menu_typo_line_height_unit":"","ocean_menu_typo_spacing":0,"ocean_menu_typo_spacing_tablet":0,"ocean_menu_typo_spacing_mobile":0,"ocean_menu_typo_spacing_unit":"","ocean_menu_link_color":"","ocean_menu_link_color_hover":"","ocean_menu_link_color_active":"","ocean_menu_link_background":"","ocean_menu_link_hover_background":"","ocean_menu_link_active_background":"","ocean_menu_social_links_bg":"","ocean_menu_social_hover_links_bg":"","ocean_menu_social_links_color":"","ocean_menu_social_hover_links_color":"","ocean_disable_title":"default","ocean_disable_heading":"default","ocean_post_title":"","ocean_post_subheading":"","ocean_post_title_style":"","ocean_post_title_background_color":"","ocean_post_title_background":0,"ocean_post_title_bg_image_position":"","ocean_post_title_bg_image_attachment":"","ocean_post_title_bg_image_repeat":"","ocean_post_title_bg_image_size":"","ocean_post_title_height":0,"ocean_post_title_bg_overlay":0.5,"ocean_post_title_bg_overlay_color":"","ocean_disable_breadcrumbs":"default","ocean_breadcrumbs_color":"","ocean_breadcrumbs_separator_color":"","ocean_breadcrumbs_links_color":"","ocean_breadcrumbs_links_hover_color":"","ocean_display_footer_widgets":"default","ocean_display_footer_bottom":"default","ocean_custom_footer_template":"0"},"product_brand":[],"product_cat":[128,133],"product_tag":[],"class_list":{"0":"post-33232","1":"product","2":"type-product","3":"status-publish","4":"has-post-thumbnail","6":"product_cat-ultimas-entradas","7":"product_cat-wiiu","9":"entry","10":"has-media","12":"first","13":"instock","14":"taxable","15":"shipping-taxable","16":"purchasable","17":"product-type-simple","18":"col","19":"span_1_of_3","20":"owp-content-center","21":"owp-thumbs-layout-horizontal","22":"owp-btn-normal","23":"owp-tabs-layout-horizontal","24":"has-no-thumbnails"},"aioseo_notices":[],"_links":{"self":[{"href":"https:\/\/kaotostore.com\/en\/wp-json\/wp\/v2\/product\/33232","targetHints":{"allow":["GET"]}}],"collection":[{"href":"https:\/\/kaotostore.com\/en\/wp-json\/wp\/v2\/product"}],"about":[{"href":"https:\/\/kaotostore.com\/en\/wp-json\/wp\/v2\/types\/product"}],"wp:featuredmedia":[{"embeddable":true,"href":"https:\/\/kaotostore.com\/en\/wp-json\/wp\/v2\/media\/23583"}],"wp:attachment":[{"href":"https:\/\/kaotostore.com\/en\/wp-json\/wp\/v2\/media?parent=33232"}],"wp:term":[{"taxonomy":"product_brand","embeddable":true,"href":"https:\/\/kaotostore.com\/en\/wp-json\/wp\/v2\/product_brand?post=33232"},{"taxonomy":"product_cat","embeddable":true,"href":"https:\/\/kaotostore.com\/en\/wp-json\/wp\/v2\/product_cat?post=33232"},{"taxonomy":"product_tag","embeddable":true,"href":"https:\/\/kaotostore.com\/en\/wp-json\/wp\/v2\/product_tag?post=33232"}],"curies":[{"name":"wp","href":"https:\/\/api.w.org\/{rel}","templated":true}]}}