{"id":33215,"date":"2026-03-24T11:40:45","date_gmt":"2026-03-24T10:40:45","guid":{"rendered":"https:\/\/kaotostore.com\/producto\/tmnt-shredders-revenge-switch\/"},"modified":"2026-05-06T01:34:02","modified_gmt":"2026-05-05T23:34:02","slug":"tmnt-shredders-revenge-switch","status":"publish","type":"product","link":"https:\/\/kaotostore.com\/en\/product\/tmnt-shredders-revenge-switch\/","title":{"rendered":"TMNT Shredders Revenge SWITCH"},"content":{"rendered":"<div data-cel-widget=\"productDescription_feature_div\" data-csa-c-id=\"vf3nwx-5155p4-aisp73-hxx7g0\" data-csa-c-is-in-initial-active-row=\"false\" data-csa-c-asin=\"\" data-csa-c-slot-id=\"productDescription_feature_div\" data-csa-c-content-id=\"productDescription\" data-csa-c-type=\"widget\" data-feature-name=\"productDescription\" class=\"celwidget\" id=\"productDescription_feature_div\">\n<div data-cel-widget=\"productDescription_feature_div\" class=\"a-row feature\" id=\"productDescription_feature_div\" data-template-name=\"productDescription\" data-feature-name=\"productDescription\">\n<div class=\"a-section a-spacing-small\" id=\"productDescription\">\n<div data-cel-widget=\"productDescription_feature_div\" data-csa-c-id=\"7qmgo3-jtxro8-lg6uxx-dp5lze\" data-csa-c-is-in-initial-active-row=\"false\" data-csa-c-asin=\"\" data-csa-c-slot-id=\"productDescription_feature_div\" data-csa-c-content-id=\"productDescription\" data-csa-c-type=\"widget\" data-feature-name=\"productDescription\" class=\"celwidget\" id=\"productDescription_feature_div\">\n<div data-cel-widget=\"productDescription_feature_div\" class=\"a-row feature\" id=\"productDescription_feature_div\" data-template-name=\"productDescription\" data-feature-name=\"productDescription\">\n<div class=\"a-section a-spacing-small\" id=\"productDescription\">\n<div data-cel-widget=\"productDescription_feature_div\" data-csa-c-id=\"ckeqze-4cwq8v-813wcj-k9f619\" data-csa-c-is-in-initial-active-row=\"false\" data-csa-c-asin=\"\" data-csa-c-slot-id=\"productDescription_feature_div\" data-csa-c-content-id=\"productDescription\" data-csa-c-type=\"widget\" data-feature-name=\"productDescription\" class=\"celwidget\" id=\"productDescription_feature_div\">\n<div data-cel-widget=\"productDescription_feature_div\" class=\"a-row feature\" id=\"productDescription_feature_div\" data-template-name=\"productDescription\" data-feature-name=\"productDescription\">\n<div class=\"a-section a-spacing-small\" id=\"productDescription\">\n<div data-cel-widget=\"productDescription_feature_div\" data-csa-c-id=\"sda6l-z9aizs-c47eek-jlmk2t\" data-csa-c-is-in-initial-active-row=\"false\" data-csa-c-asin=\"\" data-csa-c-slot-id=\"productDescription_feature_div\" data-csa-c-content-id=\"productDescription\" data-csa-c-type=\"widget\" data-feature-name=\"productDescription\" class=\"celwidget\" id=\"productDescription_feature_div\">\n<div>\n<div data-cel-widget=\"productDescription_feature_div\" class=\"a-row feature\" id=\"productDescription_feature_div\" data-template-name=\"productDescription\" data-feature-name=\"productDescription\">\n<div class=\"a-section a-spacing-small\" id=\"productDescription\">\n<p><strong><span style=\"color: rgb(255, 5, 5);\">Si desea im\u00e1genes adicionales del producto, puede solicitarlas desde el formulario de contacto o en el email kaototienda@gmail.com<\/span><\/strong><em><strong><\/p>\n<p>Teenage Mutant Ninja Turtles: Shredder\u2019s Revenge<\/strong><\/em><span>\u00a0<\/span>presenta un estilo de juego rompedor, enraizado en las mec\u00e1nicas cl\u00e1sicas e intemporales de los juego de lucha callejera, cortes\u00eda de los expertos en el g\u00e9nero beat \u2019em up de Dotemu (Streets of Rage 4) y Tribute Games. \u00c1brete paso a golpes por preciosos entornos pixelados y mata a toneladas de enemigos letales con tu tortuga favorita, cada una de ellas con sus propias habilidades y movimientos, \u00a1por lo que cada partida es \u00fanica! Elige un luchador, usa combos radicales para derrotar a tus rivales y experimenta intensos combates cargados de acci\u00f3n trepidante y extravagantes habilidades ninja. Mantente alerta en tu enfrentamiento en solitario con Shredder y su fiel Clan del Pie, \u00a1o \u00fanete a tus mejores amigos para jugar con hasta cuatro jugadores a la vez!<\/p>\n<\/div>\n<\/div>\n<\/div>\n<\/div>\n<\/div>\n<\/div>\n<\/div>\n<\/div>\n<\/div>\n<\/div>\n<div data-cel-widget=\"climatePledgeFriendlyBTF_feature_div\" data-csa-c-id=\"acgz2z-bw2uc5-xot72r-mdnw91\" data-csa-c-is-in-initial-active-row=\"false\" data-csa-c-asin=\"\" data-csa-c-slot-id=\"climatePledgeFriendlyBTF_feature_div\" data-csa-c-content-id=\"climatePledgeFriendlyBTF\" data-csa-c-type=\"widget\" data-feature-name=\"climatePledgeFriendlyBTF\" class=\"celwidget\" id=\"climatePledgeFriendlyBTF_feature_div\"><\/div>\n<div data-cel-widget=\"aplus_feature_div\" data-csa-c-id=\"oz8mje-y7dcou-phugsv-x3beep\" data-csa-c-is-in-initial-active-row=\"false\" data-csa-c-asin=\"\" data-csa-c-slot-id=\"aplus_feature_div\" data-csa-c-content-id=\"aplus\" data-csa-c-type=\"widget\" data-feature-name=\"aplus\" class=\"celwidget\" id=\"aplus_feature_div\"><\/div>\n<div data-cel-widget=\"aplusBrandStory_feature_div\" data-csa-c-id=\"up6oal-500gm1-6dg4pi-8zt1zd\" data-csa-c-is-in-initial-active-row=\"false\" data-csa-c-asin=\"\" data-csa-c-slot-id=\"aplusBrandStory_feature_div\" data-csa-c-content-id=\"aplusBrandStory\" data-csa-c-type=\"widget\" data-feature-name=\"aplusBrandStory\" class=\"celwidget\" id=\"aplusBrandStory_feature_div\"><\/div>\n<div data-cel-widget=\"aplusSustainabilityStory_feature_div\" data-csa-c-id=\"8kmils-nypjji-h0yqkz-5iihv7\" data-csa-c-is-in-initial-active-row=\"false\" data-csa-c-asin=\"\" data-csa-c-slot-id=\"aplusSustainabilityStory_feature_div\" data-csa-c-content-id=\"aplusSustainabilityStory\" data-csa-c-type=\"widget\" data-feature-name=\"aplusSustainabilityStory\" class=\"celwidget\" id=\"aplusSustainabilityStory_feature_div\"><\/div>\n<div data-cel-widget=\"renewedProgramDescriptionBtf_feature_div\" data-csa-c-id=\"bimlf5-ro4qx9-gkxt0d-k34v8h\" data-csa-c-is-in-initial-active-row=\"false\" data-csa-c-asin=\"\" data-csa-c-slot-id=\"renewedProgramDescriptionBtf_feature_div\" data-csa-c-content-id=\"renewedProgramDescriptionBtf\" data-csa-c-type=\"widget\" data-feature-name=\"renewedProgramDescriptionBtf\" class=\"celwidget\" id=\"renewedProgramDescriptionBtf_feature_div\"><\/div>\n<div data-cel-widget=\"similarities_feature_div\" data-csa-c-id=\"xlhhjo-xccq5q-piirf0-kvfaoj\" data-csa-c-is-in-initial-active-row=\"false\" data-csa-c-asin=\"\" data-csa-c-slot-id=\"similarities_feature_div\" data-csa-c-content-id=\"similarities\" data-csa-c-type=\"widget\" data-feature-name=\"similarities\" class=\"celwidget\" id=\"similarities_feature_div\">\n<div id=\"sims-consolidated-5_feature_div\">\n<div id=\"sims-consolidated-5_feature_div\"><\/div>\n<\/div>\n<\/div>\n<div data-cel-widget=\"dp-ads-center-promo_feature_div\" data-csa-c-id=\"4vxnfe-2i8ilt-447iz7-7pw5rt\" data-csa-c-is-in-initial-active-row=\"false\" data-csa-c-asin=\"\" data-csa-c-slot-id=\"dp-ads-center-promo_feature_div\" data-csa-c-content-id=\"dp-ads-center-promo\" data-csa-c-type=\"widget\" data-feature-name=\"dp-ads-center-promo\" class=\"celwidget\" id=\"dp-ads-center-promo_feature_div\">\n<div id=\"dp-ads-center-promo_feature_div\">\n<div id=\"dp-ads-center-promo_feature_div\"><\/div>\n<\/div>\n<\/div>\n<\/div>\n<\/div>\n<\/div>\n<div data-cel-widget=\"climatePledgeFriendlyBTF_feature_div\" data-csa-c-id=\"cqunoi-rxqyn1-wdpth7-r55ga\" data-csa-c-is-in-initial-active-row=\"false\" data-csa-c-asin=\"\" data-csa-c-slot-id=\"climatePledgeFriendlyBTF_feature_div\" data-csa-c-content-id=\"climatePledgeFriendlyBTF\" data-csa-c-type=\"widget\" data-feature-name=\"climatePledgeFriendlyBTF\" class=\"celwidget\" id=\"climatePledgeFriendlyBTF_feature_div\"><\/div>\n<div data-cel-widget=\"aplus_feature_div\" data-csa-c-id=\"t0awqk-uhfh8v-l7f9g4-eftn84\" data-csa-c-is-in-initial-active-row=\"false\" data-csa-c-asin=\"\" data-csa-c-slot-id=\"aplus_feature_div\" data-csa-c-content-id=\"aplus\" data-csa-c-type=\"widget\" data-feature-name=\"aplus\" class=\"celwidget\" id=\"aplus_feature_div\"><\/div>\n<div data-cel-widget=\"aplusBrandStory_feature_div\" data-csa-c-id=\"25q328-bm3g3a-7bg4ux-rrorzk\" data-csa-c-is-in-initial-active-row=\"false\" data-csa-c-asin=\"\" data-csa-c-slot-id=\"aplusBrandStory_feature_div\" data-csa-c-content-id=\"aplusBrandStory\" data-csa-c-type=\"widget\" data-feature-name=\"aplusBrandStory\" class=\"celwidget\" id=\"aplusBrandStory_feature_div\"><\/div>\n<div data-cel-widget=\"aplusSustainabilityStory_feature_div\" data-csa-c-id=\"73to7l-wtlus9-9cvwke-uyicmo\" data-csa-c-is-in-initial-active-row=\"false\" data-csa-c-asin=\"\" data-csa-c-slot-id=\"aplusSustainabilityStory_feature_div\" data-csa-c-content-id=\"aplusSustainabilityStory\" data-csa-c-type=\"widget\" data-feature-name=\"aplusSustainabilityStory\" class=\"celwidget\" id=\"aplusSustainabilityStory_feature_div\"><\/div>\n<div data-cel-widget=\"renewedProgramDescriptionBtf_feature_div\" data-csa-c-id=\"a32o16-6h4wu5-phjlix-h1ecrf\" data-csa-c-is-in-initial-active-row=\"false\" data-csa-c-asin=\"\" data-csa-c-slot-id=\"renewedProgramDescriptionBtf_feature_div\" data-csa-c-content-id=\"renewedProgramDescriptionBtf\" data-csa-c-type=\"widget\" data-feature-name=\"renewedProgramDescriptionBtf\" class=\"celwidget\" id=\"renewedProgramDescriptionBtf_feature_div\"><\/div>\n<div data-cel-widget=\"similarities_feature_div\" data-csa-c-id=\"k91pi4-843wep-i864h4-ren7ni\" data-csa-c-is-in-initial-active-row=\"false\" data-csa-c-asin=\"\" data-csa-c-slot-id=\"similarities_feature_div\" data-csa-c-content-id=\"similarities\" data-csa-c-type=\"widget\" data-feature-name=\"similarities\" class=\"celwidget\" id=\"similarities_feature_div\"><\/div>\n<div data-cel-widget=\"dp-ads-center-promo_feature_div\" data-csa-c-id=\"vtyjbv-gfqqi1-2qos5c-fzo9aw\" data-csa-c-is-in-initial-active-row=\"false\" data-csa-c-asin=\"\" data-csa-c-slot-id=\"dp-ads-center-promo_feature_div\" data-csa-c-content-id=\"dp-ads-center-promo\" data-csa-c-type=\"widget\" data-feature-name=\"dp-ads-center-promo\" class=\"celwidget\" id=\"dp-ads-center-promo_feature_div\"><\/div>","protected":false},"excerpt":{"rendered":"<p>Si desea im\u00e1genes adicionales del producto, puede solicitarlas desde el formulario de contacto o en el email kaototienda@gmail.com Teenage Mutant Ninja Turtles: Shredder\u2019s Revenge\u00a0presenta un estilo de juego rompedor, enraizado en las mec\u00e1nicas cl\u00e1sicas e intemporales de los juego de lucha callejera, cortes\u00eda de los expertos en el g\u00e9nero beat \u2019em up de Dotemu (Streets [&hellip;]<\/p>\n","protected":false},"featured_media":23561,"template":"","meta":{"ocean_post_layout":"","ocean_both_sidebars_style":"","ocean_both_sidebars_content_width":0,"ocean_both_sidebars_sidebars_width":0,"ocean_sidebar":"","ocean_second_sidebar":"","ocean_disable_margins":"enable","ocean_add_body_class":"","ocean_shortcode_before_top_bar":"","ocean_shortcode_after_top_bar":"","ocean_shortcode_before_header":"","ocean_shortcode_after_header":"","ocean_has_shortcode":"","ocean_shortcode_after_title":"","ocean_shortcode_before_footer_widgets":"","ocean_shortcode_after_footer_widgets":"","ocean_shortcode_before_footer_bottom":"","ocean_shortcode_after_footer_bottom":"","ocean_display_top_bar":"default","ocean_display_header":"default","ocean_header_style":"","ocean_center_header_left_menu":"","ocean_custom_header_template":"","ocean_custom_logo":0,"ocean_custom_retina_logo":0,"ocean_custom_logo_max_width":0,"ocean_custom_logo_tablet_max_width":0,"ocean_custom_logo_mobile_max_width":0,"ocean_custom_logo_max_height":0,"ocean_custom_logo_tablet_max_height":0,"ocean_custom_logo_mobile_max_height":0,"ocean_header_custom_menu":"","ocean_menu_typo_font_family":"","ocean_menu_typo_font_subset":"","ocean_menu_typo_font_size":0,"ocean_menu_typo_font_size_tablet":0,"ocean_menu_typo_font_size_mobile":0,"ocean_menu_typo_font_size_unit":"px","ocean_menu_typo_font_weight":"","ocean_menu_typo_font_weight_tablet":"","ocean_menu_typo_font_weight_mobile":"","ocean_menu_typo_transform":"","ocean_menu_typo_transform_tablet":"","ocean_menu_typo_transform_mobile":"","ocean_menu_typo_line_height":0,"ocean_menu_typo_line_height_tablet":0,"ocean_menu_typo_line_height_mobile":0,"ocean_menu_typo_line_height_unit":"","ocean_menu_typo_spacing":0,"ocean_menu_typo_spacing_tablet":0,"ocean_menu_typo_spacing_mobile":0,"ocean_menu_typo_spacing_unit":"","ocean_menu_link_color":"","ocean_menu_link_color_hover":"","ocean_menu_link_color_active":"","ocean_menu_link_background":"","ocean_menu_link_hover_background":"","ocean_menu_link_active_background":"","ocean_menu_social_links_bg":"","ocean_menu_social_hover_links_bg":"","ocean_menu_social_links_color":"","ocean_menu_social_hover_links_color":"","ocean_disable_title":"default","ocean_disable_heading":"default","ocean_post_title":"","ocean_post_subheading":"","ocean_post_title_style":"","ocean_post_title_background_color":"","ocean_post_title_background":0,"ocean_post_title_bg_image_position":"","ocean_post_title_bg_image_attachment":"","ocean_post_title_bg_image_repeat":"","ocean_post_title_bg_image_size":"","ocean_post_title_height":0,"ocean_post_title_bg_overlay":0.5,"ocean_post_title_bg_overlay_color":"","ocean_disable_breadcrumbs":"default","ocean_breadcrumbs_color":"","ocean_breadcrumbs_separator_color":"","ocean_breadcrumbs_links_color":"","ocean_breadcrumbs_links_hover_color":"","ocean_display_footer_widgets":"default","ocean_display_footer_bottom":"default","ocean_custom_footer_template":""},"product_brand":[],"product_cat":[124,128],"product_tag":[],"class_list":{"0":"post-33215","1":"product","2":"type-product","3":"status-publish","4":"has-post-thumbnail","6":"product_cat-switch","7":"product_cat-ultimas-entradas","9":"entry","10":"has-media","12":"first","13":"instock","14":"sale","15":"taxable","16":"shipping-taxable","17":"purchasable","18":"product-type-simple","19":"col","20":"span_1_of_3","21":"owp-content-center","22":"owp-thumbs-layout-horizontal","23":"owp-btn-normal","24":"owp-tabs-layout-horizontal","25":"has-no-thumbnails"},"aioseo_notices":[],"_links":{"self":[{"href":"https:\/\/kaotostore.com\/en\/wp-json\/wp\/v2\/product\/33215","targetHints":{"allow":["GET"]}}],"collection":[{"href":"https:\/\/kaotostore.com\/en\/wp-json\/wp\/v2\/product"}],"about":[{"href":"https:\/\/kaotostore.com\/en\/wp-json\/wp\/v2\/types\/product"}],"wp:featuredmedia":[{"embeddable":true,"href":"https:\/\/kaotostore.com\/en\/wp-json\/wp\/v2\/media\/23561"}],"wp:attachment":[{"href":"https:\/\/kaotostore.com\/en\/wp-json\/wp\/v2\/media?parent=33215"}],"wp:term":[{"taxonomy":"product_brand","embeddable":true,"href":"https:\/\/kaotostore.com\/en\/wp-json\/wp\/v2\/product_brand?post=33215"},{"taxonomy":"product_cat","embeddable":true,"href":"https:\/\/kaotostore.com\/en\/wp-json\/wp\/v2\/product_cat?post=33215"},{"taxonomy":"product_tag","embeddable":true,"href":"https:\/\/kaotostore.com\/en\/wp-json\/wp\/v2\/product_tag?post=33215"}],"curies":[{"name":"wp","href":"https:\/\/api.w.org\/{rel}","templated":true}]}}