{"id":33210,"date":"2026-03-24T11:40:39","date_gmt":"2026-03-24T10:40:39","guid":{"rendered":"https:\/\/kaotostore.com\/producto\/tmnt-playstation-2\/"},"modified":"2026-04-09T12:13:24","modified_gmt":"2026-04-09T10:13:24","slug":"tmnt-playstation-2","status":"publish","type":"product","link":"https:\/\/kaotostore.com\/en\/product\/tmnt-playstation-2\/","title":{"rendered":"TMNT PLAYSTATION 2"},"content":{"rendered":"<div>\n<p>Juego basado en la pel\u00edcula de Warner \u00abTortugas Ninja J\u00f3venes Mutantes\u00bb El v\u00eddeojuego sigue los puntos claves de la pel\u00edcula. Los personajes al igual que en la peli desarrollar\u00e1n sus propias t\u00e9cnicas de combate y se unir\u00e1n en equipo para luchar.<\/p>\n<p>Se representan las 4 personalidades de las Tortugas, (Leonardo, Raphael, Donatello y Michelangelo) Con destrezas de combate y movimientos \u00fanicos.<\/p>\n<p>Comienzo juego 1 solo personaje para m\u00e1s tarde reagrupar la familia y pelear en equipo (opci\u00f3n de movimientos de combate en colaboraci\u00f3n).<\/p>\n<p>Combate enemigos (los de la peli y el comic)<\/p>\n<p>\u00a1AAAACCI\u00d3N!: Saltos acrob\u00e1ticos desde los tejados+ escala edificios+ Bucear por las alcantarillas+ Volar con Nunchacos&#8230;<\/p>\n<p>Gui\u00f3n &#8211; Mientras estaba fuera Leonardo en una misi\u00f3n de entrenamiento especial, sus hermanos Michelangelo, Donatello &amp; Raphael se dispersan y pierden el rumbo. Con la ciudad a punto del caos, depender\u00e1 de Leonardo y el mentor ZEN, Splinter la unidad de la familia y la disciplina de las Tortugas para tener de nuevo la fuerza que s\u00f3lo los hermanos Tortugas pueden tener.<\/p>\n<\/div>","protected":false},"excerpt":{"rendered":"<p>Juego basado en la pel\u00edcula de Warner \u00abTortugas Ninja J\u00f3venes Mutantes\u00bb El v\u00eddeojuego sigue los puntos claves de la pel\u00edcula. Los personajes al igual que en la peli desarrollar\u00e1n sus propias t\u00e9cnicas de combate y se unir\u00e1n en equipo para luchar. Se representan las 4 personalidades de las Tortugas, (Leonardo, Raphael, Donatello y Michelangelo) Con [&hellip;]<\/p>\n","protected":false},"featured_media":23548,"template":"","meta":{"ocean_post_layout":"","ocean_both_sidebars_style":"","ocean_both_sidebars_content_width":0,"ocean_both_sidebars_sidebars_width":0,"ocean_sidebar":"","ocean_second_sidebar":"","ocean_disable_margins":"enable","ocean_add_body_class":"","ocean_shortcode_before_top_bar":"","ocean_shortcode_after_top_bar":"","ocean_shortcode_before_header":"","ocean_shortcode_after_header":"","ocean_has_shortcode":"","ocean_shortcode_after_title":"","ocean_shortcode_before_footer_widgets":"","ocean_shortcode_after_footer_widgets":"","ocean_shortcode_before_footer_bottom":"","ocean_shortcode_after_footer_bottom":"","ocean_display_top_bar":"default","ocean_display_header":"default","ocean_header_style":"","ocean_center_header_left_menu":"","ocean_custom_header_template":"","ocean_custom_logo":0,"ocean_custom_retina_logo":0,"ocean_custom_logo_max_width":0,"ocean_custom_logo_tablet_max_width":0,"ocean_custom_logo_mobile_max_width":0,"ocean_custom_logo_max_height":0,"ocean_custom_logo_tablet_max_height":0,"ocean_custom_logo_mobile_max_height":0,"ocean_header_custom_menu":"","ocean_menu_typo_font_family":"","ocean_menu_typo_font_subset":"","ocean_menu_typo_font_size":0,"ocean_menu_typo_font_size_tablet":0,"ocean_menu_typo_font_size_mobile":0,"ocean_menu_typo_font_size_unit":"px","ocean_menu_typo_font_weight":"","ocean_menu_typo_font_weight_tablet":"","ocean_menu_typo_font_weight_mobile":"","ocean_menu_typo_transform":"","ocean_menu_typo_transform_tablet":"","ocean_menu_typo_transform_mobile":"","ocean_menu_typo_line_height":0,"ocean_menu_typo_line_height_tablet":0,"ocean_menu_typo_line_height_mobile":0,"ocean_menu_typo_line_height_unit":"","ocean_menu_typo_spacing":0,"ocean_menu_typo_spacing_tablet":0,"ocean_menu_typo_spacing_mobile":0,"ocean_menu_typo_spacing_unit":"","ocean_menu_link_color":"","ocean_menu_link_color_hover":"","ocean_menu_link_color_active":"","ocean_menu_link_background":"","ocean_menu_link_hover_background":"","ocean_menu_link_active_background":"","ocean_menu_social_links_bg":"","ocean_menu_social_hover_links_bg":"","ocean_menu_social_links_color":"","ocean_menu_social_hover_links_color":"","ocean_disable_title":"default","ocean_disable_heading":"default","ocean_post_title":"","ocean_post_subheading":"","ocean_post_title_style":"","ocean_post_title_background_color":"","ocean_post_title_background":0,"ocean_post_title_bg_image_position":"","ocean_post_title_bg_image_attachment":"","ocean_post_title_bg_image_repeat":"","ocean_post_title_bg_image_size":"","ocean_post_title_height":0,"ocean_post_title_bg_overlay":0.5,"ocean_post_title_bg_overlay_color":"","ocean_disable_breadcrumbs":"default","ocean_breadcrumbs_color":"","ocean_breadcrumbs_separator_color":"","ocean_breadcrumbs_links_color":"","ocean_breadcrumbs_links_hover_color":"","ocean_display_footer_widgets":"default","ocean_display_footer_bottom":"default","ocean_custom_footer_template":""},"product_brand":[],"product_cat":[105,128],"product_tag":[],"class_list":{"0":"post-33210","1":"product","2":"type-product","3":"status-publish","4":"has-post-thumbnail","6":"product_cat-playstation-2","7":"product_cat-ultimas-entradas","9":"entry","10":"has-media","12":"first","13":"instock","14":"taxable","15":"shipping-taxable","16":"purchasable","17":"product-type-simple","18":"col","19":"span_1_of_3","20":"owp-content-center","21":"owp-thumbs-layout-horizontal","22":"owp-btn-normal","23":"owp-tabs-layout-horizontal","24":"has-no-thumbnails"},"aioseo_notices":[],"_links":{"self":[{"href":"https:\/\/kaotostore.com\/en\/wp-json\/wp\/v2\/product\/33210","targetHints":{"allow":["GET"]}}],"collection":[{"href":"https:\/\/kaotostore.com\/en\/wp-json\/wp\/v2\/product"}],"about":[{"href":"https:\/\/kaotostore.com\/en\/wp-json\/wp\/v2\/types\/product"}],"wp:featuredmedia":[{"embeddable":true,"href":"https:\/\/kaotostore.com\/en\/wp-json\/wp\/v2\/media\/23548"}],"wp:attachment":[{"href":"https:\/\/kaotostore.com\/en\/wp-json\/wp\/v2\/media?parent=33210"}],"wp:term":[{"taxonomy":"product_brand","embeddable":true,"href":"https:\/\/kaotostore.com\/en\/wp-json\/wp\/v2\/product_brand?post=33210"},{"taxonomy":"product_cat","embeddable":true,"href":"https:\/\/kaotostore.com\/en\/wp-json\/wp\/v2\/product_cat?post=33210"},{"taxonomy":"product_tag","embeddable":true,"href":"https:\/\/kaotostore.com\/en\/wp-json\/wp\/v2\/product_tag?post=33210"}],"curies":[{"name":"wp","href":"https:\/\/api.w.org\/{rel}","templated":true}]}}