{"id":33188,"date":"2026-03-24T11:40:24","date_gmt":"2026-03-24T10:40:24","guid":{"rendered":"https:\/\/kaotostore.com\/producto\/time-crisis-3-playstation-2\/"},"modified":"2026-04-09T15:34:41","modified_gmt":"2026-04-09T13:34:41","slug":"time-crisis-3-playstation-2","status":"publish","type":"product","link":"https:\/\/kaotostore.com\/en\/product\/time-crisis-3-playstation-2\/","title":{"rendered":"Time Crisis 3 PLAYSTATION 2"},"content":{"rendered":"<h4><span class=\"a-list-item\"><span style=\"color: rgb(255, 5, 5);\">Si desea im\u00e1genes adicionales del producto, puede solicitarlas desde el formulario de contacto o en el email kaototienda@gmail.com<\/span><\/span><\/h4>\n<p>\u00a0<\/p>\n<div>\n<p>Time Crisis, el juego a la medida de tu G-Con, hizo su primera aparici\u00f3n en 1998. Desarrollado a partir de la versi\u00f3n arcade de Namco, Time Crisis no tard\u00f3 en convertirse en el punto de referencia del resto de los juegos de punter\u00eda. La resoluci\u00f3n de los problemas t\u00e9cnicos en la segunda entrega llev\u00f3 a pensar que Namco no podr\u00eda ofrecer nada mejor. Sin embargo, el lanzamiento de <em><strong>Time Crisis 3<\/strong><\/em> demuestra lo contrario mediante un extraordinario conjunto de novedades, entre las cuales se incluye la posibilidad de intercambiar armas. Ha nacido un nuevo juego de punter\u00eda&#8230;<\/p>\n<p>El argumento sigue siendo de lo m\u00e1s simple (una historia sobre una isla del Mediterr\u00e1neo asediada por una corporaci\u00f3n funesta), pero no hay ning\u00fan motivo por el que inundar la acci\u00f3n con multitud de detalles y escenas interminables cuando lo mejor es poder disfrutar de este g\u00e9nero cl\u00e1sico por lo que en realidad es: una muestra magistral de acci\u00f3n a punta de pistola. <em><strong>Time Crisis 3<\/strong><\/em> introduce la posibilidad de intercambiar las armas adquiridas apuntando fuera de la pantalla y alternar entre cuatro opciones. Tienes a tu disposici\u00f3n una pistola, un rifle, una ametralladora y un incre\u00edble lanzagranadas, que te resultar\u00e1 muy \u00fatil para eliminar los tanques blindados, helic\u00f3pteros, jeeps y a los terroristas ninja.<\/p>\n<p>Acompa\u00f1ado de tu pareja en la lucha contra el crimen (ya sea de carne y hueso o la CPU), entablar\u00e1s feroces combates de fuego en numerosas ubicaciones, incluyendo el escenario costero del nivel inicial y multitud de ambientes llenos de objetivos para que calmes las ansias de apretar el gatillo. Asimismo, observar\u00e1s que la tercera entrega de Namco incluye una barra de salud para algunos matones; de hecho, requieren m\u00e1s atenci\u00f3n que los enemigos normales, ya que debes disparar tres veces para que caigan, como suele ocurrir con los chicos malos.<\/p>\n<p>Adem\u00e1s del modo arcade est\u00e1ndar, se han incorporado los modos Rescate y Crisis para que puedas seguir disparando mucho tiempo despu\u00e9s de salir de los apuros. Adem\u00e1s, es la primera vez que una encantadora dama entra en escena con m\u00e1s protagonismo que un simple reh\u00e9n. Alicia es miembro de un grupo de resistencia local y parece tener su &#8220;propio plan&#8221;, jugar\u00e1s en su piel durante un breve espacio de tiempo para confundir un poco el ambiente. Esta obra maestra de Namco es tan buena que te enganchar\u00e1 desde el primer momento&#8230;<\/p>\n<\/div>\n<p><!----><\/p>","protected":false},"excerpt":{"rendered":"<p>Si desea im\u00e1genes adicionales del producto, puede solicitarlas desde el formulario de contacto o en el email kaototienda@gmail.com \u00a0 Time Crisis, el juego a la medida de tu G-Con, hizo su primera aparici\u00f3n en 1998. Desarrollado a partir de la versi\u00f3n arcade de Namco, Time Crisis no tard\u00f3 en convertirse en el punto de referencia [&hellip;]<\/p>\n","protected":false},"featured_media":23530,"template":"","meta":{"ocean_post_layout":"","ocean_both_sidebars_style":"","ocean_both_sidebars_content_width":0,"ocean_both_sidebars_sidebars_width":0,"ocean_sidebar":"","ocean_second_sidebar":"","ocean_disable_margins":"enable","ocean_add_body_class":"","ocean_shortcode_before_top_bar":"","ocean_shortcode_after_top_bar":"","ocean_shortcode_before_header":"","ocean_shortcode_after_header":"","ocean_has_shortcode":"","ocean_shortcode_after_title":"","ocean_shortcode_before_footer_widgets":"","ocean_shortcode_after_footer_widgets":"","ocean_shortcode_before_footer_bottom":"","ocean_shortcode_after_footer_bottom":"","ocean_display_top_bar":"default","ocean_display_header":"default","ocean_header_style":"","ocean_center_header_left_menu":"","ocean_custom_header_template":"","ocean_custom_logo":0,"ocean_custom_retina_logo":0,"ocean_custom_logo_max_width":0,"ocean_custom_logo_tablet_max_width":0,"ocean_custom_logo_mobile_max_width":0,"ocean_custom_logo_max_height":0,"ocean_custom_logo_tablet_max_height":0,"ocean_custom_logo_mobile_max_height":0,"ocean_header_custom_menu":"","ocean_menu_typo_font_family":"","ocean_menu_typo_font_subset":"","ocean_menu_typo_font_size":0,"ocean_menu_typo_font_size_tablet":0,"ocean_menu_typo_font_size_mobile":0,"ocean_menu_typo_font_size_unit":"px","ocean_menu_typo_font_weight":"","ocean_menu_typo_font_weight_tablet":"","ocean_menu_typo_font_weight_mobile":"","ocean_menu_typo_transform":"","ocean_menu_typo_transform_tablet":"","ocean_menu_typo_transform_mobile":"","ocean_menu_typo_line_height":0,"ocean_menu_typo_line_height_tablet":0,"ocean_menu_typo_line_height_mobile":0,"ocean_menu_typo_line_height_unit":"","ocean_menu_typo_spacing":0,"ocean_menu_typo_spacing_tablet":0,"ocean_menu_typo_spacing_mobile":0,"ocean_menu_typo_spacing_unit":"","ocean_menu_link_color":"","ocean_menu_link_color_hover":"","ocean_menu_link_color_active":"","ocean_menu_link_background":"","ocean_menu_link_hover_background":"","ocean_menu_link_active_background":"","ocean_menu_social_links_bg":"","ocean_menu_social_hover_links_bg":"","ocean_menu_social_links_color":"","ocean_menu_social_hover_links_color":"","ocean_disable_title":"default","ocean_disable_heading":"default","ocean_post_title":"","ocean_post_subheading":"","ocean_post_title_style":"","ocean_post_title_background_color":"","ocean_post_title_background":0,"ocean_post_title_bg_image_position":"","ocean_post_title_bg_image_attachment":"","ocean_post_title_bg_image_repeat":"","ocean_post_title_bg_image_size":"","ocean_post_title_height":0,"ocean_post_title_bg_overlay":0.5,"ocean_post_title_bg_overlay_color":"","ocean_disable_breadcrumbs":"default","ocean_breadcrumbs_color":"","ocean_breadcrumbs_separator_color":"","ocean_breadcrumbs_links_color":"","ocean_breadcrumbs_links_hover_color":"","ocean_display_footer_widgets":"default","ocean_display_footer_bottom":"default","ocean_custom_footer_template":""},"product_brand":[],"product_cat":[105,128],"product_tag":[],"class_list":{"0":"post-33188","1":"product","2":"type-product","3":"status-publish","4":"has-post-thumbnail","6":"product_cat-playstation-2","7":"product_cat-ultimas-entradas","9":"entry","10":"has-media","12":"first","13":"outofstock","14":"taxable","15":"shipping-taxable","16":"purchasable","17":"product-type-simple","18":"col","19":"span_1_of_3","20":"owp-content-center","21":"owp-thumbs-layout-horizontal","22":"owp-btn-normal","23":"owp-tabs-layout-horizontal","24":"has-no-thumbnails"},"aioseo_notices":[],"_links":{"self":[{"href":"https:\/\/kaotostore.com\/en\/wp-json\/wp\/v2\/product\/33188","targetHints":{"allow":["GET"]}}],"collection":[{"href":"https:\/\/kaotostore.com\/en\/wp-json\/wp\/v2\/product"}],"about":[{"href":"https:\/\/kaotostore.com\/en\/wp-json\/wp\/v2\/types\/product"}],"wp:featuredmedia":[{"embeddable":true,"href":"https:\/\/kaotostore.com\/en\/wp-json\/wp\/v2\/media\/23530"}],"wp:attachment":[{"href":"https:\/\/kaotostore.com\/en\/wp-json\/wp\/v2\/media?parent=33188"}],"wp:term":[{"taxonomy":"product_brand","embeddable":true,"href":"https:\/\/kaotostore.com\/en\/wp-json\/wp\/v2\/product_brand?post=33188"},{"taxonomy":"product_cat","embeddable":true,"href":"https:\/\/kaotostore.com\/en\/wp-json\/wp\/v2\/product_cat?post=33188"},{"taxonomy":"product_tag","embeddable":true,"href":"https:\/\/kaotostore.com\/en\/wp-json\/wp\/v2\/product_tag?post=33188"}],"curies":[{"name":"wp","href":"https:\/\/api.w.org\/{rel}","templated":true}]}}