{"id":33170,"date":"2026-03-24T11:40:06","date_gmt":"2026-03-24T10:40:06","guid":{"rendered":"https:\/\/kaotostore.com\/producto\/theatrhythm-final-fantasy-curtain-nintendo-3ds-importacion-alemana\/"},"modified":"2026-05-06T01:33:52","modified_gmt":"2026-05-05T23:33:52","slug":"theatrhythm-final-fantasy-curtain-nintendo-3ds-importacion-alemana","status":"publish","type":"product","link":"https:\/\/kaotostore.com\/en\/product\/theatrhythm-final-fantasy-curtain-nintendo-3ds-importacion-alemana\/","title":{"rendered":"Theatrhythm Final Fantasy Curtain NINTENDO 3DS (Importaci\u00f3n alemana)"},"content":{"rendered":"<p><strong>-Juego en castellano<\/strong><\/p>\n<p>\u00a0<\/p>\n<p><strong><em>Theatrhythm Final Fantasy<\/em><\/strong><span>\u00a0<\/span>Curtain Call es la continuaci\u00f3n de<strong><em><span>\u00a0<\/span>Theatrhythm Final Fantasy<\/em><\/strong><span>\u00a0<\/span>que sali\u00f3 a la venta en Julio de 2012, e incluye el triple de canciones y el doble de personajes jugables que su predecessor. Adem\u00e1s, esta nueva entrega presenta dos nuevos modos de juego Quest Medleys, en el que los jugadores tendr\u00e1n que completar varios niveles de tema del mundo y niveles de tema de batalla, y Versus Mode , en el que podr\u00e1n retar a sus amigos y a otros jugadores . El juego tambi\u00e9n cuenta con los elementos de personalizaci\u00f3n y desarrollo de personajes que caracterizan a la serie<em><span>\u00a0<\/span>Final Fantasy<\/em>.<\/p>\n<p>Los m\u00e1s de 200 temas y 60 personajes jugables que componen el universo de este juego proceden de diversos t\u00edtulos de esta Saga extraordinaria y as\u00ed los jugadores podr\u00e1n volver a vivir sus momentos favoritos de la serie mientras se abren camino por las escenas, mundos y batallas m\u00e1s emblem\u00e1ticas de<em>Final Fantasy<\/em>.<\/p>","protected":false},"excerpt":{"rendered":"<p>-Juego en castellano \u00a0 Theatrhythm Final Fantasy\u00a0Curtain Call es la continuaci\u00f3n de\u00a0Theatrhythm Final Fantasy\u00a0que sali\u00f3 a la venta en Julio de 2012, e incluye el triple de canciones y el doble de personajes jugables que su predecessor. Adem\u00e1s, esta nueva entrega presenta dos nuevos modos de juego Quest Medleys, en el que los jugadores tendr\u00e1n [&hellip;]<\/p>\n","protected":false},"featured_media":23505,"template":"","meta":{"ocean_post_layout":"","ocean_both_sidebars_style":"","ocean_both_sidebars_content_width":0,"ocean_both_sidebars_sidebars_width":0,"ocean_sidebar":"","ocean_second_sidebar":"","ocean_disable_margins":"enable","ocean_add_body_class":"","ocean_shortcode_before_top_bar":"","ocean_shortcode_after_top_bar":"","ocean_shortcode_before_header":"","ocean_shortcode_after_header":"","ocean_has_shortcode":"","ocean_shortcode_after_title":"","ocean_shortcode_before_footer_widgets":"","ocean_shortcode_after_footer_widgets":"","ocean_shortcode_before_footer_bottom":"","ocean_shortcode_after_footer_bottom":"","ocean_display_top_bar":"default","ocean_display_header":"default","ocean_header_style":"","ocean_center_header_left_menu":"","ocean_custom_header_template":"","ocean_custom_logo":0,"ocean_custom_retina_logo":0,"ocean_custom_logo_max_width":0,"ocean_custom_logo_tablet_max_width":0,"ocean_custom_logo_mobile_max_width":0,"ocean_custom_logo_max_height":0,"ocean_custom_logo_tablet_max_height":0,"ocean_custom_logo_mobile_max_height":0,"ocean_header_custom_menu":"","ocean_menu_typo_font_family":"","ocean_menu_typo_font_subset":"","ocean_menu_typo_font_size":0,"ocean_menu_typo_font_size_tablet":0,"ocean_menu_typo_font_size_mobile":0,"ocean_menu_typo_font_size_unit":"px","ocean_menu_typo_font_weight":"","ocean_menu_typo_font_weight_tablet":"","ocean_menu_typo_font_weight_mobile":"","ocean_menu_typo_transform":"","ocean_menu_typo_transform_tablet":"","ocean_menu_typo_transform_mobile":"","ocean_menu_typo_line_height":0,"ocean_menu_typo_line_height_tablet":0,"ocean_menu_typo_line_height_mobile":0,"ocean_menu_typo_line_height_unit":"","ocean_menu_typo_spacing":0,"ocean_menu_typo_spacing_tablet":0,"ocean_menu_typo_spacing_mobile":0,"ocean_menu_typo_spacing_unit":"","ocean_menu_link_color":"","ocean_menu_link_color_hover":"","ocean_menu_link_color_active":"","ocean_menu_link_background":"","ocean_menu_link_hover_background":"","ocean_menu_link_active_background":"","ocean_menu_social_links_bg":"","ocean_menu_social_hover_links_bg":"","ocean_menu_social_links_color":"","ocean_menu_social_hover_links_color":"","ocean_disable_title":"default","ocean_disable_heading":"default","ocean_post_title":"","ocean_post_subheading":"","ocean_post_title_style":"","ocean_post_title_background_color":"","ocean_post_title_background":0,"ocean_post_title_bg_image_position":"","ocean_post_title_bg_image_attachment":"","ocean_post_title_bg_image_repeat":"","ocean_post_title_bg_image_size":"","ocean_post_title_height":0,"ocean_post_title_bg_overlay":0.5,"ocean_post_title_bg_overlay_color":"","ocean_disable_breadcrumbs":"default","ocean_breadcrumbs_color":"","ocean_breadcrumbs_separator_color":"","ocean_breadcrumbs_links_color":"","ocean_breadcrumbs_links_hover_color":"","ocean_display_footer_widgets":"default","ocean_display_footer_bottom":"default","ocean_custom_footer_template":""},"product_brand":[],"product_cat":[94,128],"product_tag":[],"class_list":{"0":"post-33170","1":"product","2":"type-product","3":"status-publish","4":"has-post-thumbnail","6":"product_cat-nintendo-3ds","7":"product_cat-ultimas-entradas","9":"entry","10":"has-media","12":"first","13":"outofstock","14":"taxable","15":"shipping-taxable","16":"purchasable","17":"product-type-simple","18":"col","19":"span_1_of_3","20":"owp-content-center","21":"owp-thumbs-layout-horizontal","22":"owp-btn-normal","23":"owp-tabs-layout-horizontal","24":"has-no-thumbnails"},"aioseo_notices":[],"_links":{"self":[{"href":"https:\/\/kaotostore.com\/en\/wp-json\/wp\/v2\/product\/33170","targetHints":{"allow":["GET"]}}],"collection":[{"href":"https:\/\/kaotostore.com\/en\/wp-json\/wp\/v2\/product"}],"about":[{"href":"https:\/\/kaotostore.com\/en\/wp-json\/wp\/v2\/types\/product"}],"wp:featuredmedia":[{"embeddable":true,"href":"https:\/\/kaotostore.com\/en\/wp-json\/wp\/v2\/media\/23505"}],"wp:attachment":[{"href":"https:\/\/kaotostore.com\/en\/wp-json\/wp\/v2\/media?parent=33170"}],"wp:term":[{"taxonomy":"product_brand","embeddable":true,"href":"https:\/\/kaotostore.com\/en\/wp-json\/wp\/v2\/product_brand?post=33170"},{"taxonomy":"product_cat","embeddable":true,"href":"https:\/\/kaotostore.com\/en\/wp-json\/wp\/v2\/product_cat?post=33170"},{"taxonomy":"product_tag","embeddable":true,"href":"https:\/\/kaotostore.com\/en\/wp-json\/wp\/v2\/product_tag?post=33170"}],"curies":[{"name":"wp","href":"https:\/\/api.w.org\/{rel}","templated":true}]}}