{"id":33159,"date":"2026-03-24T11:39:54","date_gmt":"2026-03-24T10:39:54","guid":{"rendered":"https:\/\/kaotostore.com\/producto\/the-wonderful-101-remastered-switch\/"},"modified":"2026-04-09T12:13:33","modified_gmt":"2026-04-09T10:13:33","slug":"the-wonderful-101-remastered-switch","status":"publish","type":"product","link":"https:\/\/kaotostore.com\/en\/product\/the-wonderful-101-remastered-switch\/","title":{"rendered":"The Wonderful 101 Remastered SWITCH"},"content":{"rendered":"<p><span class=\"a-list-item\">De Platinum Games, creadores de la serie Bayonetta, ASTRAL CHAIN, NieR: Automata y Metal Gear Rising: Revengeance, llega The Wonderful 101: Remastered; este juego ser\u00e1 el primer t\u00edtulo auto-publicado de Platinum Games, y es una versi\u00f3n mejorada de The Wonderful 101, originalmente lanzado por Nintendo el 15 de septiembre de 2013 como exclusivo de Wii U<\/span><\/p>\n<p><span class=\"a-list-item\">En este juego de acci\u00f3n tomar\u00e1s el control de Wonder-Red y reclutar\u00e1s a expertos h\u00e9roes para tu equipo. \u00a1Gu\u00edalos hacia la batalla como el h\u00e9roe n\u00famero 101! Podr\u00e1s incluso transformar a ciudadanos desesperados en poderosos h\u00e9roes para aumentar tus cifras; derrota a tus enemigos gracias a la superioridad num\u00e9rica, reclutando a todos los soldados que puedas; cuantos m\u00e1s tengas en tu ej\u00e9rcito, m\u00e1s poderosos ser\u00e1n tus ataques<\/span><\/p>\n<p><span class=\"a-list-item\">The Wonderful 101: Remastered ofrece la capacidad sin precedentes de controlar 100 h\u00e9roes a la vez, con los controles fluidos y la acci\u00f3n din\u00e1mica que son el sello distintivo de Platinum Games; todo se combina con una historia palpitante de valent\u00eda heroica y amistad en pie contra el mal, y es la oferta m\u00e1s ambiciosa de Platinum Games hasta la fecha<\/span><\/p>\n<p><span class=\"a-list-item\">Hideki Kamiya, director de The Wonderful 101, ha supervisado este remaster y ha agregado numerosas mejoras para garantizar que este juego pueda ser disfrutado de manera m\u00e1s f\u00e1cil y completa por todos y en varias plataformas, y con visuales mejorados, velocidad de cuadros y tiempo de carga para una experiencia mejorada en todos los frentes.<\/span><\/p>","protected":false},"excerpt":{"rendered":"<p>De Platinum Games, creadores de la serie Bayonetta, ASTRAL CHAIN, NieR: Automata y Metal Gear Rising: Revengeance, llega The Wonderful 101: Remastered; este juego ser\u00e1 el primer t\u00edtulo auto-publicado de Platinum Games, y es una versi\u00f3n mejorada de The Wonderful 101, originalmente lanzado por Nintendo el 15 de septiembre de 2013 como exclusivo de Wii [&hellip;]<\/p>\n","protected":false},"featured_media":23487,"template":"","meta":{"ocean_post_layout":"","ocean_both_sidebars_style":"","ocean_both_sidebars_content_width":0,"ocean_both_sidebars_sidebars_width":0,"ocean_sidebar":"","ocean_second_sidebar":"","ocean_disable_margins":"enable","ocean_add_body_class":"","ocean_shortcode_before_top_bar":"","ocean_shortcode_after_top_bar":"","ocean_shortcode_before_header":"","ocean_shortcode_after_header":"","ocean_has_shortcode":"","ocean_shortcode_after_title":"","ocean_shortcode_before_footer_widgets":"","ocean_shortcode_after_footer_widgets":"","ocean_shortcode_before_footer_bottom":"","ocean_shortcode_after_footer_bottom":"","ocean_display_top_bar":"default","ocean_display_header":"default","ocean_header_style":"","ocean_center_header_left_menu":"","ocean_custom_header_template":"","ocean_custom_logo":0,"ocean_custom_retina_logo":0,"ocean_custom_logo_max_width":0,"ocean_custom_logo_tablet_max_width":0,"ocean_custom_logo_mobile_max_width":0,"ocean_custom_logo_max_height":0,"ocean_custom_logo_tablet_max_height":0,"ocean_custom_logo_mobile_max_height":0,"ocean_header_custom_menu":"","ocean_menu_typo_font_family":"","ocean_menu_typo_font_subset":"","ocean_menu_typo_font_size":0,"ocean_menu_typo_font_size_tablet":0,"ocean_menu_typo_font_size_mobile":0,"ocean_menu_typo_font_size_unit":"px","ocean_menu_typo_font_weight":"","ocean_menu_typo_font_weight_tablet":"","ocean_menu_typo_font_weight_mobile":"","ocean_menu_typo_transform":"","ocean_menu_typo_transform_tablet":"","ocean_menu_typo_transform_mobile":"","ocean_menu_typo_line_height":0,"ocean_menu_typo_line_height_tablet":0,"ocean_menu_typo_line_height_mobile":0,"ocean_menu_typo_line_height_unit":"","ocean_menu_typo_spacing":0,"ocean_menu_typo_spacing_tablet":0,"ocean_menu_typo_spacing_mobile":0,"ocean_menu_typo_spacing_unit":"","ocean_menu_link_color":"","ocean_menu_link_color_hover":"","ocean_menu_link_color_active":"","ocean_menu_link_background":"","ocean_menu_link_hover_background":"","ocean_menu_link_active_background":"","ocean_menu_social_links_bg":"","ocean_menu_social_hover_links_bg":"","ocean_menu_social_links_color":"","ocean_menu_social_hover_links_color":"","ocean_disable_title":"default","ocean_disable_heading":"default","ocean_post_title":"","ocean_post_subheading":"","ocean_post_title_style":"","ocean_post_title_background_color":"","ocean_post_title_background":0,"ocean_post_title_bg_image_position":"","ocean_post_title_bg_image_attachment":"","ocean_post_title_bg_image_repeat":"","ocean_post_title_bg_image_size":"","ocean_post_title_height":0,"ocean_post_title_bg_overlay":0.5,"ocean_post_title_bg_overlay_color":"","ocean_disable_breadcrumbs":"default","ocean_breadcrumbs_color":"","ocean_breadcrumbs_separator_color":"","ocean_breadcrumbs_links_color":"","ocean_breadcrumbs_links_hover_color":"","ocean_display_footer_widgets":"default","ocean_display_footer_bottom":"default","ocean_custom_footer_template":""},"product_brand":[],"product_cat":[124,128],"product_tag":[],"class_list":{"0":"post-33159","1":"product","2":"type-product","3":"status-publish","4":"has-post-thumbnail","6":"product_cat-switch","7":"product_cat-ultimas-entradas","9":"entry","10":"has-media","12":"first","13":"instock","14":"taxable","15":"shipping-taxable","16":"purchasable","17":"product-type-simple","18":"col","19":"span_1_of_3","20":"owp-content-center","21":"owp-thumbs-layout-horizontal","22":"owp-btn-normal","23":"owp-tabs-layout-horizontal","24":"has-no-thumbnails"},"aioseo_notices":[],"_links":{"self":[{"href":"https:\/\/kaotostore.com\/en\/wp-json\/wp\/v2\/product\/33159","targetHints":{"allow":["GET"]}}],"collection":[{"href":"https:\/\/kaotostore.com\/en\/wp-json\/wp\/v2\/product"}],"about":[{"href":"https:\/\/kaotostore.com\/en\/wp-json\/wp\/v2\/types\/product"}],"wp:featuredmedia":[{"embeddable":true,"href":"https:\/\/kaotostore.com\/en\/wp-json\/wp\/v2\/media\/23487"}],"wp:attachment":[{"href":"https:\/\/kaotostore.com\/en\/wp-json\/wp\/v2\/media?parent=33159"}],"wp:term":[{"taxonomy":"product_brand","embeddable":true,"href":"https:\/\/kaotostore.com\/en\/wp-json\/wp\/v2\/product_brand?post=33159"},{"taxonomy":"product_cat","embeddable":true,"href":"https:\/\/kaotostore.com\/en\/wp-json\/wp\/v2\/product_cat?post=33159"},{"taxonomy":"product_tag","embeddable":true,"href":"https:\/\/kaotostore.com\/en\/wp-json\/wp\/v2\/product_tag?post=33159"}],"curies":[{"name":"wp","href":"https:\/\/api.w.org\/{rel}","templated":true}]}}