{"id":33154,"date":"2026-03-24T11:39:47","date_gmt":"2026-03-24T10:39:47","guid":{"rendered":"https:\/\/kaotostore.com\/producto\/the-witcher-3-complete-edition-playstation-5\/"},"modified":"2026-04-09T12:13:43","modified_gmt":"2026-04-09T10:13:43","slug":"the-witcher-3-complete-edition-playstation-5","status":"publish","type":"product","link":"https:\/\/kaotostore.com\/en\/product\/the-witcher-3-complete-edition-playstation-5\/","title":{"rendered":"The Witcher 3 Complete Edition PLAYSTATION 5"},"content":{"rendered":"<p><strong><span style=\"color: rgb(255, 5, 5);\">Si desea im\u00e1genes adicionales del producto, puede solicitarlas desde el formulario de contacto o en el email kaototienda@gmail.com<\/span><\/strong><\/p>\n<p>En un continente devastado por la guerra e infestado de criaturas, tu misi\u00f3n es encontrar a <strong>Ciri<\/strong>, la ni\u00f1a de la profec\u00eda, un<strong> arma viviente <\/strong>que puede alterar el mundo tal y como lo conocemos.<\/p>\n<p><strong>La Complete Edition incluye<\/strong>:<br \/>\u00a0<\/p>\n<ul>\n<li>\n<strong>El juego base<\/strong>, que ofrece una descomunal aventura en un mundo abierto de m\u00e1s de 100 horas de duraci\u00f3n<\/li>\n<li>\n<strong>Dos enormes expansiones de historia<\/strong>: Hearts of Stone y Blood and Wine, \u00a1con m\u00e1s de 50 horas adicionales de juego!<\/li>\n<\/ul>\n<p>Esta edici\u00f3n de The Witcher 3: Wild Hunt ha sido mejorada con <strong>numerosos efectos visuales y mejoras t\u00e9cnicas<\/strong>, incluidos un nivel de detalle perfeccionado, tiempos de carga m\u00e1s r\u00e1pidos, una gran variedad de mods creados y reci\u00e9n desarrollados por la comunidad, trazado de rayos en tiempo real, compatibilidad con sonido 3D y mucho m\u00e1s, todo ello implementado pensando en la potencia de PlayStation 5.<\/p>\n<p>El juego tambi\u00e9n emplea<strong> funciones \u00fanicas del mando DualSense<\/strong>, como su avanzada retroalimentaci\u00f3n h\u00e1ptica y los gatillos adaptativos, que logran que te sumerjas en la aventura a\u00fan m\u00e1s.<\/p>\n<p><strong>Caracter\u00edsticas:<\/strong><\/p>\n<p><strong>Convi\u00e9rtete en un experto cazador de monstruos a sueldo<\/strong><br \/>\u00a0<\/p>\n<ul>\n<li>Adiestrados desde su infancia y mutados para obtener habilidades, fuerza y reflejos sobrehumanos, los brujos sirven como contrapeso al mundo infestado de monstruos en el que viven.<\/li>\n<li>Destruye a tus enemigos de formas espantosas como cazador de monstruos profesional, armado con una gran variedad de armas mejorables, pociones de mutaci\u00f3n y magia de combate.<\/li>\n<li>Da caza a una amplia gama de monstruos ex\u00f3ticos: desde bestias salvajes que merodean por los pasos de monta\u00f1a, hasta astutos depredadores sobrenaturales que acechan en las sombras de los callejones de ciudades densamente pobladas.<\/li>\n<li>Invierte tus recompensas en mejorar tus armas y comprar armaduras personalizadas, o g\u00e1statelas en carreras de caballos, juegos de cartas, peleas a pu\u00f1etazos y otros placeres que te ofrece la vida.<\/li>\n<\/ul>\n<p><strong>Explora un mundo abierto de fantas\u00eda de moral ambigua<\/strong><br \/>\u00a0<\/p>\n<ul>\n<li>Creado para vivir aventuras interminables, el enorme mundo abierto de The Witcher establece un nuevo est\u00e1ndar en cuanto a tama\u00f1o, profundidad y complejidad.<\/li>\n<li>Recorre un mundo abierto fant\u00e1stico: explora ruinas olvidadas, cuevas y naufragios, comercia con mercaderes y herreros enanos en las ciudades, y caza en llanuras, monta\u00f1as y mares.<\/li>\n<li>Trata con generales traicioneros, brujas retorcidas y miembros de la realeza corruptos para prestar servicios siniestros y peligrosos.<\/li>\n<li>Toma decisiones que van m\u00e1s all\u00e1 del bien y el mal, y afronta sus trascendentales consecuencias.<\/li>\n<\/ul>\n<p><strong>Busca a la ni\u00f1a de la profec\u00eda<\/strong><br \/>\u00a0<\/p>\n<ul>\n<li>Acepta el contrato m\u00e1s importante de tu vida: buscar a la ni\u00f1a de la profec\u00eda, la clave para salvar o destruir el mundo.<\/li>\n<li>En tiempos de guerra, encuentra a la ni\u00f1a de la profec\u00eda, un arma viviente profetizada por antiguas leyendas \u00e9lficas.<\/li>\n<li>Lucha contra fieros gobernantes, esp\u00edritus de la naturaleza e incluso contra una amenaza de otra dimensi\u00f3n, todos dispuestos a controlar este mundo.<\/li>\n<li>Define tu destino en un mundo que tal vez no merezca la pena salvar.<\/li>\n<\/ul>","protected":false},"excerpt":{"rendered":"<p>Si desea im\u00e1genes adicionales del producto, puede solicitarlas desde el formulario de contacto o en el email kaototienda@gmail.com En un continente devastado por la guerra e infestado de criaturas, tu misi\u00f3n es encontrar a Ciri, la ni\u00f1a de la profec\u00eda, un arma viviente que puede alterar el mundo tal y como lo conocemos. La Complete [&hellip;]<\/p>\n","protected":false},"featured_media":23470,"template":"","meta":{"ocean_post_layout":"","ocean_both_sidebars_style":"","ocean_both_sidebars_content_width":0,"ocean_both_sidebars_sidebars_width":0,"ocean_sidebar":"","ocean_second_sidebar":"","ocean_disable_margins":"enable","ocean_add_body_class":"","ocean_shortcode_before_top_bar":"","ocean_shortcode_after_top_bar":"","ocean_shortcode_before_header":"","ocean_shortcode_after_header":"","ocean_has_shortcode":"","ocean_shortcode_after_title":"","ocean_shortcode_before_footer_widgets":"","ocean_shortcode_after_footer_widgets":"","ocean_shortcode_before_footer_bottom":"","ocean_shortcode_after_footer_bottom":"","ocean_display_top_bar":"default","ocean_display_header":"default","ocean_header_style":"","ocean_center_header_left_menu":"","ocean_custom_header_template":"","ocean_custom_logo":0,"ocean_custom_retina_logo":0,"ocean_custom_logo_max_width":0,"ocean_custom_logo_tablet_max_width":0,"ocean_custom_logo_mobile_max_width":0,"ocean_custom_logo_max_height":0,"ocean_custom_logo_tablet_max_height":0,"ocean_custom_logo_mobile_max_height":0,"ocean_header_custom_menu":"","ocean_menu_typo_font_family":"","ocean_menu_typo_font_subset":"","ocean_menu_typo_font_size":0,"ocean_menu_typo_font_size_tablet":0,"ocean_menu_typo_font_size_mobile":0,"ocean_menu_typo_font_size_unit":"px","ocean_menu_typo_font_weight":"","ocean_menu_typo_font_weight_tablet":"","ocean_menu_typo_font_weight_mobile":"","ocean_menu_typo_transform":"","ocean_menu_typo_transform_tablet":"","ocean_menu_typo_transform_mobile":"","ocean_menu_typo_line_height":0,"ocean_menu_typo_line_height_tablet":0,"ocean_menu_typo_line_height_mobile":0,"ocean_menu_typo_line_height_unit":"","ocean_menu_typo_spacing":0,"ocean_menu_typo_spacing_tablet":0,"ocean_menu_typo_spacing_mobile":0,"ocean_menu_typo_spacing_unit":"","ocean_menu_link_color":"","ocean_menu_link_color_hover":"","ocean_menu_link_color_active":"","ocean_menu_link_background":"","ocean_menu_link_hover_background":"","ocean_menu_link_active_background":"","ocean_menu_social_links_bg":"","ocean_menu_social_hover_links_bg":"","ocean_menu_social_links_color":"","ocean_menu_social_hover_links_color":"","ocean_disable_title":"default","ocean_disable_heading":"default","ocean_post_title":"","ocean_post_subheading":"","ocean_post_title_style":"","ocean_post_title_background_color":"","ocean_post_title_background":0,"ocean_post_title_bg_image_position":"","ocean_post_title_bg_image_attachment":"","ocean_post_title_bg_image_repeat":"","ocean_post_title_bg_image_size":"","ocean_post_title_height":0,"ocean_post_title_bg_overlay":0.5,"ocean_post_title_bg_overlay_color":"","ocean_disable_breadcrumbs":"default","ocean_breadcrumbs_color":"","ocean_breadcrumbs_separator_color":"","ocean_breadcrumbs_links_color":"","ocean_breadcrumbs_links_hover_color":"","ocean_display_footer_widgets":"default","ocean_display_footer_bottom":"default","ocean_custom_footer_template":""},"product_brand":[],"product_cat":[108,128],"product_tag":[],"class_list":{"0":"post-33154","1":"product","2":"type-product","3":"status-publish","4":"has-post-thumbnail","6":"product_cat-playstation-5","7":"product_cat-ultimas-entradas","9":"entry","10":"has-media","12":"first","13":"instock","14":"taxable","15":"shipping-taxable","16":"purchasable","17":"product-type-simple","18":"col","19":"span_1_of_3","20":"owp-content-center","21":"owp-thumbs-layout-horizontal","22":"owp-btn-normal","23":"owp-tabs-layout-horizontal"},"aioseo_notices":[],"_links":{"self":[{"href":"https:\/\/kaotostore.com\/en\/wp-json\/wp\/v2\/product\/33154","targetHints":{"allow":["GET"]}}],"collection":[{"href":"https:\/\/kaotostore.com\/en\/wp-json\/wp\/v2\/product"}],"about":[{"href":"https:\/\/kaotostore.com\/en\/wp-json\/wp\/v2\/types\/product"}],"wp:featuredmedia":[{"embeddable":true,"href":"https:\/\/kaotostore.com\/en\/wp-json\/wp\/v2\/media\/23470"}],"wp:attachment":[{"href":"https:\/\/kaotostore.com\/en\/wp-json\/wp\/v2\/media?parent=33154"}],"wp:term":[{"taxonomy":"product_brand","embeddable":true,"href":"https:\/\/kaotostore.com\/en\/wp-json\/wp\/v2\/product_brand?post=33154"},{"taxonomy":"product_cat","embeddable":true,"href":"https:\/\/kaotostore.com\/en\/wp-json\/wp\/v2\/product_cat?post=33154"},{"taxonomy":"product_tag","embeddable":true,"href":"https:\/\/kaotostore.com\/en\/wp-json\/wp\/v2\/product_tag?post=33154"}],"curies":[{"name":"wp","href":"https:\/\/api.w.org\/{rel}","templated":true}]}}