{"id":33152,"date":"2026-03-24T11:39:44","date_gmt":"2026-03-24T10:39:44","guid":{"rendered":"https:\/\/kaotostore.com\/producto\/the-witcher-2-enhanced-edition-classics-xbox-360\/"},"modified":"2026-04-09T12:13:44","modified_gmt":"2026-04-09T10:13:44","slug":"the-witcher-2-enhanced-edition-classics-xbox-360","status":"publish","type":"product","link":"https:\/\/kaotostore.com\/en\/product\/the-witcher-2-enhanced-edition-classics-xbox-360\/","title":{"rendered":"The Witcher 2 Enhanced Edition Classics XBOX 360"},"content":{"rendered":"<p><em><span><strong><span style=\"color: rgb(255, 5, 5);\">Si desea im\u00e1genes adicionales del producto, puede solicitarlas desde el formulario de contacto o en el email kaototienda@gmail.com<\/span><\/strong><\/span><\/em><\/p>\n<p>\u00a0<\/p>\n<p><span>El jugador se pone en la piel de\u00a0<\/span><strong>Geralt de Rivia<\/strong><span>, un cazador de monstruos profesional, un brujo. Inmerso en los conflictos pol\u00edticos que afectan a todo Temeria, Geralt ayud\u00f3 a sofocar la rebeli\u00f3n de la Orden de la Rosa Ardiente. Poco despu\u00e9s, salv\u00f3 la vida del rey Foltest cuando el monarca fue atacado por un asesino similar a un brujo.\u00a0<\/span><\/p>\n<p><span>Geralt seguir\u00e1 protegiendo al rey, haciendo las veces de guardaespaldas, mientras Foltest luchar por traer la paz a su reino. Los \u00faltimos bastiones de la Orden han cedido ante el ej\u00e9rcito real, aunque a\u00fan<\/span><strong>\u00a0hay una \u00faltima tarea por realizar: la baronesa La Valette ha anunciado su secesi\u00f3n del reino<\/strong><span>, y es preciso tomar su fortaleza. Un mes despu\u00e9s del intento de asesinato, los ej\u00e9rcitos de Foltest se encuentran ante las puertas del castillo La Valette, preparados para un \u00faltimo asalto. Geralt est\u00e1 entre ellos, todav\u00eda al lado de Foltest, incapaz de iniciar su aventura personal para descubrir el origen y la identidad del misterioso asesino\u2026<\/span><\/p>\n<p><span>Gracias al\u00a0<\/span><strong>nuevo y ultramoderno REDengine<\/strong><span>, The Witcher 2: Assassins of Kings\u00a0<\/span><strong>cuenta con bellos gr\u00e1ficos y sofisticadas mec\u00e1nicas de juego<\/strong><span>, sumergiendo al jugador en el mundo m\u00e1s vivo y cre\u00edble jam\u00e1s visto en un videojuego. The Witcher 2 para Xbox 360 es una experiencia visual completamente envolvente y, posiblemente, el RPG m\u00e1s bello que jam\u00e1s se haya visto en una consola.<\/span><\/p>\n<p><strong>The Witcher 2 define nuevos est\u00e1ndares de narrativa realista<\/strong><span>\u00a0y no lineal, lo cual unido a su historia, madura y que incita al jugador a pensar, conforma el juego de rol m\u00e1s complejo y \u00fanico que se haya visto nunca en una consola. Adem\u00e1s de su historia \u00e9pica, el juego ofrece un complejo sistema de combate que combina la acci\u00f3n din\u00e1mica con la profundidad t\u00e1ctica.<\/span><\/p>","protected":false},"excerpt":{"rendered":"<p>Si desea im\u00e1genes adicionales del producto, puede solicitarlas desde el formulario de contacto o en el email kaototienda@gmail.com \u00a0 El jugador se pone en la piel de\u00a0Geralt de Rivia, un cazador de monstruos profesional, un brujo. Inmerso en los conflictos pol\u00edticos que afectan a todo Temeria, Geralt ayud\u00f3 a sofocar la rebeli\u00f3n de la Orden [&hellip;]<\/p>\n","protected":false},"featured_media":23468,"template":"","meta":{"ocean_post_layout":"","ocean_both_sidebars_style":"","ocean_both_sidebars_content_width":0,"ocean_both_sidebars_sidebars_width":0,"ocean_sidebar":"","ocean_second_sidebar":"","ocean_disable_margins":"enable","ocean_add_body_class":"","ocean_shortcode_before_top_bar":"","ocean_shortcode_after_top_bar":"","ocean_shortcode_before_header":"","ocean_shortcode_after_header":"","ocean_has_shortcode":"","ocean_shortcode_after_title":"","ocean_shortcode_before_footer_widgets":"","ocean_shortcode_after_footer_widgets":"","ocean_shortcode_before_footer_bottom":"","ocean_shortcode_after_footer_bottom":"","ocean_display_top_bar":"default","ocean_display_header":"default","ocean_header_style":"","ocean_center_header_left_menu":"","ocean_custom_header_template":"","ocean_custom_logo":0,"ocean_custom_retina_logo":0,"ocean_custom_logo_max_width":0,"ocean_custom_logo_tablet_max_width":0,"ocean_custom_logo_mobile_max_width":0,"ocean_custom_logo_max_height":0,"ocean_custom_logo_tablet_max_height":0,"ocean_custom_logo_mobile_max_height":0,"ocean_header_custom_menu":"","ocean_menu_typo_font_family":"","ocean_menu_typo_font_subset":"","ocean_menu_typo_font_size":0,"ocean_menu_typo_font_size_tablet":0,"ocean_menu_typo_font_size_mobile":0,"ocean_menu_typo_font_size_unit":"px","ocean_menu_typo_font_weight":"","ocean_menu_typo_font_weight_tablet":"","ocean_menu_typo_font_weight_mobile":"","ocean_menu_typo_transform":"","ocean_menu_typo_transform_tablet":"","ocean_menu_typo_transform_mobile":"","ocean_menu_typo_line_height":0,"ocean_menu_typo_line_height_tablet":0,"ocean_menu_typo_line_height_mobile":0,"ocean_menu_typo_line_height_unit":"","ocean_menu_typo_spacing":0,"ocean_menu_typo_spacing_tablet":0,"ocean_menu_typo_spacing_mobile":0,"ocean_menu_typo_spacing_unit":"","ocean_menu_link_color":"","ocean_menu_link_color_hover":"","ocean_menu_link_color_active":"","ocean_menu_link_background":"","ocean_menu_link_hover_background":"","ocean_menu_link_active_background":"","ocean_menu_social_links_bg":"","ocean_menu_social_hover_links_bg":"","ocean_menu_social_links_color":"","ocean_menu_social_hover_links_color":"","ocean_disable_title":"default","ocean_disable_heading":"default","ocean_post_title":"","ocean_post_subheading":"","ocean_post_title_style":"","ocean_post_title_background_color":"","ocean_post_title_background":0,"ocean_post_title_bg_image_position":"","ocean_post_title_bg_image_attachment":"","ocean_post_title_bg_image_repeat":"","ocean_post_title_bg_image_size":"","ocean_post_title_height":0,"ocean_post_title_bg_overlay":0.5,"ocean_post_title_bg_overlay_color":"","ocean_disable_breadcrumbs":"default","ocean_breadcrumbs_color":"","ocean_breadcrumbs_separator_color":"","ocean_breadcrumbs_links_color":"","ocean_breadcrumbs_links_hover_color":"","ocean_display_footer_widgets":"default","ocean_display_footer_bottom":"default","ocean_custom_footer_template":""},"product_brand":[],"product_cat":[128],"product_tag":[],"class_list":{"0":"post-33152","1":"product","2":"type-product","3":"status-publish","4":"has-post-thumbnail","6":"product_cat-ultimas-entradas","8":"entry","9":"has-media","11":"first","12":"instock","13":"taxable","14":"shipping-taxable","15":"purchasable","16":"product-type-simple","17":"col","18":"span_1_of_3","19":"owp-content-center","20":"owp-thumbs-layout-horizontal","21":"owp-btn-normal","22":"owp-tabs-layout-horizontal","23":"has-no-thumbnails"},"aioseo_notices":[],"_links":{"self":[{"href":"https:\/\/kaotostore.com\/en\/wp-json\/wp\/v2\/product\/33152","targetHints":{"allow":["GET"]}}],"collection":[{"href":"https:\/\/kaotostore.com\/en\/wp-json\/wp\/v2\/product"}],"about":[{"href":"https:\/\/kaotostore.com\/en\/wp-json\/wp\/v2\/types\/product"}],"wp:featuredmedia":[{"embeddable":true,"href":"https:\/\/kaotostore.com\/en\/wp-json\/wp\/v2\/media\/23468"}],"wp:attachment":[{"href":"https:\/\/kaotostore.com\/en\/wp-json\/wp\/v2\/media?parent=33152"}],"wp:term":[{"taxonomy":"product_brand","embeddable":true,"href":"https:\/\/kaotostore.com\/en\/wp-json\/wp\/v2\/product_brand?post=33152"},{"taxonomy":"product_cat","embeddable":true,"href":"https:\/\/kaotostore.com\/en\/wp-json\/wp\/v2\/product_cat?post=33152"},{"taxonomy":"product_tag","embeddable":true,"href":"https:\/\/kaotostore.com\/en\/wp-json\/wp\/v2\/product_tag?post=33152"}],"curies":[{"name":"wp","href":"https:\/\/api.w.org\/{rel}","templated":true}]}}