{"id":33150,"date":"2026-03-24T11:39:42","date_gmt":"2026-03-24T10:39:42","guid":{"rendered":"https:\/\/kaotostore.com\/producto\/the-walking-dead-xbox-360\/"},"modified":"2026-04-09T11:31:42","modified_gmt":"2026-04-09T09:31:42","slug":"the-walking-dead-xbox-360","status":"publish","type":"product","link":"https:\/\/kaotostore.com\/en\/product\/the-walking-dead-xbox-360\/","title":{"rendered":"The Walking Dead XBOX 360"},"content":{"rendered":"<p><strong><span style=\"color: #ff0505;\">Si desea im\u00e1genes adicionales del producto, puede solicitarlas desde el formulario de contacto o en el email kaototienda@gmail.com<\/p>\n<p><\/span><\/strong><\/p>\n<ul>\n<li>Edici\u00f3n f\u00edsica del juego por episodios descargables, que incluye los cinco episodios del videojuego desarrollado por Telltale Games, basado en el c\u00f3mic original y la serie televisiva apocal\u00edptica sobre muertos vivientes,\u00a0<em><strong>The Walking Dead<\/strong><\/em>.<\/li>\n<li>Este juego ha sido ganador de m\u00faltiples nominaciones y premios a juego del a\u00f1o 2012, as\u00ed como muy bien recibido por la prensa especializada y los aficionados de todo el mundo.<\/li>\n<li>Cuenta con la supervisi\u00f3n directa del autor de la obra, es fiel a la trama desarrollada en el comic, y seg\u00fan el mismo Robert Kirkman, en vez de basarse en la acci\u00f3n como lo hacen los juegos t\u00edpicos de zombies, se centra m\u00e1s en el crecimiento de los personajes y las emociones.<\/li>\n<li>Los fans y seguidores de la serie ver\u00e1n representadas situaciones y personajes del universo de\u00a0<em><strong>The Walking Dead<\/strong><\/em>\u00a0con todo lujo de detalles, pero esta vez las decisiones y las acciones del jugador tendr\u00e1n consecuencias en el desarrollo de la historia.<\/li>\n<li>El jugador toma el rol de Lee Everet, h\u00e9roe y protagonista. La aventura se sit\u00faa en el universo del c\u00f3mic, sirviendo como precuela a varios aspectos de la serie. Personajes conocidos como Glenn, Hershel Greene y Lilly Caul hacen aparici\u00f3n en el mismo y forman parte de la trama.<\/li>\n<\/ul>","protected":false},"excerpt":{"rendered":"<p>Si desea im\u00e1genes adicionales del producto, puede solicitarlas desde el formulario de contacto o en el email kaototienda@gmail.com Edici\u00f3n f\u00edsica del juego por episodios descargables, que incluye los cinco episodios del videojuego desarrollado por Telltale Games, basado en el c\u00f3mic original y la serie televisiva apocal\u00edptica sobre muertos vivientes,\u00a0The Walking Dead. Este juego ha sido [&hellip;]<\/p>\n","protected":false},"featured_media":23466,"template":"","meta":{"ocean_post_layout":"","ocean_both_sidebars_style":"","ocean_both_sidebars_content_width":0,"ocean_both_sidebars_sidebars_width":0,"ocean_sidebar":"0","ocean_second_sidebar":"0","ocean_disable_margins":"enable","ocean_add_body_class":"","ocean_shortcode_before_top_bar":"","ocean_shortcode_after_top_bar":"","ocean_shortcode_before_header":"","ocean_shortcode_after_header":"","ocean_has_shortcode":"","ocean_shortcode_after_title":"","ocean_shortcode_before_footer_widgets":"","ocean_shortcode_after_footer_widgets":"","ocean_shortcode_before_footer_bottom":"","ocean_shortcode_after_footer_bottom":"","ocean_display_top_bar":"default","ocean_display_header":"default","ocean_header_style":"","ocean_center_header_left_menu":"0","ocean_custom_header_template":"0","ocean_custom_logo":0,"ocean_custom_retina_logo":0,"ocean_custom_logo_max_width":0,"ocean_custom_logo_tablet_max_width":0,"ocean_custom_logo_mobile_max_width":0,"ocean_custom_logo_max_height":0,"ocean_custom_logo_tablet_max_height":0,"ocean_custom_logo_mobile_max_height":0,"ocean_header_custom_menu":"0","ocean_menu_typo_font_family":"0","ocean_menu_typo_font_subset":"","ocean_menu_typo_font_size":0,"ocean_menu_typo_font_size_tablet":0,"ocean_menu_typo_font_size_mobile":0,"ocean_menu_typo_font_size_unit":"px","ocean_menu_typo_font_weight":"","ocean_menu_typo_font_weight_tablet":"","ocean_menu_typo_font_weight_mobile":"","ocean_menu_typo_transform":"","ocean_menu_typo_transform_tablet":"","ocean_menu_typo_transform_mobile":"","ocean_menu_typo_line_height":0,"ocean_menu_typo_line_height_tablet":0,"ocean_menu_typo_line_height_mobile":0,"ocean_menu_typo_line_height_unit":"","ocean_menu_typo_spacing":0,"ocean_menu_typo_spacing_tablet":0,"ocean_menu_typo_spacing_mobile":0,"ocean_menu_typo_spacing_unit":"","ocean_menu_link_color":"","ocean_menu_link_color_hover":"","ocean_menu_link_color_active":"","ocean_menu_link_background":"","ocean_menu_link_hover_background":"","ocean_menu_link_active_background":"","ocean_menu_social_links_bg":"","ocean_menu_social_hover_links_bg":"","ocean_menu_social_links_color":"","ocean_menu_social_hover_links_color":"","ocean_disable_title":"default","ocean_disable_heading":"default","ocean_post_title":"","ocean_post_subheading":"","ocean_post_title_style":"","ocean_post_title_background_color":"","ocean_post_title_background":0,"ocean_post_title_bg_image_position":"","ocean_post_title_bg_image_attachment":"","ocean_post_title_bg_image_repeat":"","ocean_post_title_bg_image_size":"","ocean_post_title_height":0,"ocean_post_title_bg_overlay":0.5,"ocean_post_title_bg_overlay_color":"","ocean_disable_breadcrumbs":"default","ocean_breadcrumbs_color":"","ocean_breadcrumbs_separator_color":"","ocean_breadcrumbs_links_color":"","ocean_breadcrumbs_links_hover_color":"","ocean_display_footer_widgets":"default","ocean_display_footer_bottom":"default","ocean_custom_footer_template":"0"},"product_brand":[],"product_cat":[128,137],"product_tag":[],"class_list":{"0":"post-33150","1":"product","2":"type-product","3":"status-publish","4":"has-post-thumbnail","6":"product_cat-ultimas-entradas","7":"product_cat-xbox-360","9":"entry","10":"has-media","12":"first","13":"outofstock","14":"taxable","15":"shipping-taxable","16":"purchasable","17":"product-type-simple","18":"col","19":"span_1_of_3","20":"owp-content-center","21":"owp-thumbs-layout-horizontal","22":"owp-btn-normal","23":"owp-tabs-layout-horizontal","24":"has-no-thumbnails"},"aioseo_notices":[],"_links":{"self":[{"href":"https:\/\/kaotostore.com\/en\/wp-json\/wp\/v2\/product\/33150","targetHints":{"allow":["GET"]}}],"collection":[{"href":"https:\/\/kaotostore.com\/en\/wp-json\/wp\/v2\/product"}],"about":[{"href":"https:\/\/kaotostore.com\/en\/wp-json\/wp\/v2\/types\/product"}],"wp:featuredmedia":[{"embeddable":true,"href":"https:\/\/kaotostore.com\/en\/wp-json\/wp\/v2\/media\/23466"}],"wp:attachment":[{"href":"https:\/\/kaotostore.com\/en\/wp-json\/wp\/v2\/media?parent=33150"}],"wp:term":[{"taxonomy":"product_brand","embeddable":true,"href":"https:\/\/kaotostore.com\/en\/wp-json\/wp\/v2\/product_brand?post=33150"},{"taxonomy":"product_cat","embeddable":true,"href":"https:\/\/kaotostore.com\/en\/wp-json\/wp\/v2\/product_cat?post=33150"},{"taxonomy":"product_tag","embeddable":true,"href":"https:\/\/kaotostore.com\/en\/wp-json\/wp\/v2\/product_tag?post=33150"}],"curies":[{"name":"wp","href":"https:\/\/api.w.org\/{rel}","templated":true}]}}