{"id":33081,"date":"2026-03-24T11:38:43","date_gmt":"2026-03-24T10:38:43","guid":{"rendered":"https:\/\/kaotostore.com\/producto\/the-legend-of-zelda-twilight-princess-wii\/"},"modified":"2026-04-09T11:32:56","modified_gmt":"2026-04-09T09:32:56","slug":"the-legend-of-zelda-twilight-princess-wii","status":"publish","type":"product","link":"https:\/\/kaotostore.com\/en\/product\/the-legend-of-zelda-twilight-princess-wii\/","title":{"rendered":"The Legend of Zelda Twilight Princess WII"},"content":{"rendered":"<p><span><strong><span style=\"color: rgb(255, 5, 5);\">Si desea im\u00e1genes adicionales del producto, puede solicitarlas desde el formulario de contacto o en el email kaototienda@gmail.com<br \/><\/span><\/strong><br \/>The Legend of Zelda:Twilight Princess.<\/span><\/p>\n<p><span>Vuelve el h\u00e9roe m\u00e1s querido, en su aventura m\u00e1s deseada. La espera ha finalizado.<\/span><\/p>\n<p><span>Desde el lanzamiento de la anterior consola de sobremesa, Nintendo GameCube, los jugadores han estado esperando ansiosos por tener una aventura de estilo gr\u00e1fico adulto, digna del elfo m\u00e1s querido por todos los jugadores: Link, protagonista de la saga \u201cThe Legend of Zelda\u201d. Sigeru Miyamoto, creador de la serie, dio su palabra de que tal juego existir\u00eda alg\u00fan d\u00eda. En 2006 por fin se har\u00e1 realidad el sue\u00f1o de muchos jugadores y el juego ser\u00e1 lanzado, con unos gr\u00e1ficos impresionantes, una jugabilidad como nunca vista hasta ahora y una historia cautivadora. Pero, esta vez lo har\u00e1 por partida doble, con una versi\u00f3n para Nintendo GameCube y otra para Wii, convirti\u00e9ndose as\u00ed en el primer t\u00edtulo de la saga que acompa\u00f1a el lanzamiento de una consola.<\/span><\/p>\n<p><span>\u201cThe Legend of Zelda: Twilight Princess\u201d lleva a los jugadores a una larga y profunda aventura que tiene lugar en la tierra conocida como Hyrule. Cuando una fuerza maligna se apodera de las tierras de Hyrule, el joven campesino Link se ve obligado a despertar al h\u00e9roe -y el animal- que lleva dentro. Una vez que Link penetra en el mundo de las sombras, se transforma en un lobo y debe recorrer los entornos con la ayuda de una misteriosa ni\u00f1a llamada Midna.<\/span><\/p>\n<p><span>La potencia de la consola Wii permite disfrutar de maravillosos gr\u00e1ficos con la opci\u00f3n de pantalla panor\u00e1mica (16:9) y gracias al mando de Wii podremos apuntar con precisi\u00f3n milim\u00e9trica. El mando de Wii se utiliza, junto con el mando complementario Nunchuk, para realizar una enorme variedad de actividades, incluyendo la pesca o el uso de armas, como el arco, el bumer\u00e1n o los impresionantes ataques con la espada. Los jugadores entablan batallas contra criaturas descomunales armados con el mando de Wii y el Nunchuk, que les servir\u00e1n de espada y escudo, para intentar derrotar a un mont\u00f3n de terribles enemigos que les dejar\u00e1n sin aliento.<\/span><\/p>","protected":false},"excerpt":{"rendered":"<p>Si desea im\u00e1genes adicionales del producto, puede solicitarlas desde el formulario de contacto o en el email kaototienda@gmail.comThe Legend of Zelda:Twilight Princess. Vuelve el h\u00e9roe m\u00e1s querido, en su aventura m\u00e1s deseada. La espera ha finalizado. Desde el lanzamiento de la anterior consola de sobremesa, Nintendo GameCube, los jugadores han estado esperando ansiosos por tener [&hellip;]<\/p>\n","protected":false},"featured_media":33086,"template":"","meta":{"ocean_post_layout":"","ocean_both_sidebars_style":"","ocean_both_sidebars_content_width":0,"ocean_both_sidebars_sidebars_width":0,"ocean_sidebar":"","ocean_second_sidebar":"","ocean_disable_margins":"enable","ocean_add_body_class":"","ocean_shortcode_before_top_bar":"","ocean_shortcode_after_top_bar":"","ocean_shortcode_before_header":"","ocean_shortcode_after_header":"","ocean_has_shortcode":"","ocean_shortcode_after_title":"","ocean_shortcode_before_footer_widgets":"","ocean_shortcode_after_footer_widgets":"","ocean_shortcode_before_footer_bottom":"","ocean_shortcode_after_footer_bottom":"","ocean_display_top_bar":"default","ocean_display_header":"default","ocean_header_style":"","ocean_center_header_left_menu":"","ocean_custom_header_template":"","ocean_custom_logo":0,"ocean_custom_retina_logo":0,"ocean_custom_logo_max_width":0,"ocean_custom_logo_tablet_max_width":0,"ocean_custom_logo_mobile_max_width":0,"ocean_custom_logo_max_height":0,"ocean_custom_logo_tablet_max_height":0,"ocean_custom_logo_mobile_max_height":0,"ocean_header_custom_menu":"","ocean_menu_typo_font_family":"","ocean_menu_typo_font_subset":"","ocean_menu_typo_font_size":0,"ocean_menu_typo_font_size_tablet":0,"ocean_menu_typo_font_size_mobile":0,"ocean_menu_typo_font_size_unit":"px","ocean_menu_typo_font_weight":"","ocean_menu_typo_font_weight_tablet":"","ocean_menu_typo_font_weight_mobile":"","ocean_menu_typo_transform":"","ocean_menu_typo_transform_tablet":"","ocean_menu_typo_transform_mobile":"","ocean_menu_typo_line_height":0,"ocean_menu_typo_line_height_tablet":0,"ocean_menu_typo_line_height_mobile":0,"ocean_menu_typo_line_height_unit":"","ocean_menu_typo_spacing":0,"ocean_menu_typo_spacing_tablet":0,"ocean_menu_typo_spacing_mobile":0,"ocean_menu_typo_spacing_unit":"","ocean_menu_link_color":"","ocean_menu_link_color_hover":"","ocean_menu_link_color_active":"","ocean_menu_link_background":"","ocean_menu_link_hover_background":"","ocean_menu_link_active_background":"","ocean_menu_social_links_bg":"","ocean_menu_social_hover_links_bg":"","ocean_menu_social_links_color":"","ocean_menu_social_hover_links_color":"","ocean_disable_title":"default","ocean_disable_heading":"default","ocean_post_title":"","ocean_post_subheading":"","ocean_post_title_style":"","ocean_post_title_background_color":"","ocean_post_title_background":0,"ocean_post_title_bg_image_position":"","ocean_post_title_bg_image_attachment":"","ocean_post_title_bg_image_repeat":"","ocean_post_title_bg_image_size":"","ocean_post_title_height":0,"ocean_post_title_bg_overlay":0.5,"ocean_post_title_bg_overlay_color":"","ocean_disable_breadcrumbs":"default","ocean_breadcrumbs_color":"","ocean_breadcrumbs_separator_color":"","ocean_breadcrumbs_links_color":"","ocean_breadcrumbs_links_hover_color":"","ocean_display_footer_widgets":"default","ocean_display_footer_bottom":"default","ocean_custom_footer_template":""},"product_brand":[],"product_cat":[128],"product_tag":[],"class_list":{"0":"post-33081","1":"product","2":"type-product","3":"status-publish","4":"has-post-thumbnail","6":"product_cat-ultimas-entradas","8":"entry","9":"has-media","11":"first","12":"instock","13":"taxable","14":"shipping-taxable","15":"purchasable","16":"product-type-simple","17":"col","18":"span_1_of_3","19":"owp-content-center","20":"owp-thumbs-layout-horizontal","21":"owp-btn-normal","22":"owp-tabs-layout-horizontal","23":"has-no-thumbnails"},"aioseo_notices":[],"_links":{"self":[{"href":"https:\/\/kaotostore.com\/en\/wp-json\/wp\/v2\/product\/33081","targetHints":{"allow":["GET"]}}],"collection":[{"href":"https:\/\/kaotostore.com\/en\/wp-json\/wp\/v2\/product"}],"about":[{"href":"https:\/\/kaotostore.com\/en\/wp-json\/wp\/v2\/types\/product"}],"wp:featuredmedia":[{"embeddable":true,"href":"https:\/\/kaotostore.com\/en\/wp-json\/wp\/v2\/media\/33086"}],"wp:attachment":[{"href":"https:\/\/kaotostore.com\/en\/wp-json\/wp\/v2\/media?parent=33081"}],"wp:term":[{"taxonomy":"product_brand","embeddable":true,"href":"https:\/\/kaotostore.com\/en\/wp-json\/wp\/v2\/product_brand?post=33081"},{"taxonomy":"product_cat","embeddable":true,"href":"https:\/\/kaotostore.com\/en\/wp-json\/wp\/v2\/product_cat?post=33081"},{"taxonomy":"product_tag","embeddable":true,"href":"https:\/\/kaotostore.com\/en\/wp-json\/wp\/v2\/product_tag?post=33081"}],"curies":[{"name":"wp","href":"https:\/\/api.w.org\/{rel}","templated":true}]}}