{"id":33022,"date":"2026-03-24T11:37:45","date_gmt":"2026-03-24T10:37:45","guid":{"rendered":"https:\/\/kaotostore.com\/producto\/the-legend-of-zelda-a-link-between-worlds-nintendo-3ds\/"},"modified":"2026-04-09T15:34:58","modified_gmt":"2026-04-09T13:34:58","slug":"the-legend-of-zelda-a-link-between-worlds-nintendo-3ds","status":"publish","type":"product","link":"https:\/\/kaotostore.com\/en\/product\/the-legend-of-zelda-a-link-between-worlds-nintendo-3ds\/","title":{"rendered":"The Legend of Zelda A Link Between Worlds NINTENDO 3DS"},"content":{"rendered":"<p><span><span class=\"a-list-item\"><strong><span style=\"color: rgb(255, 5, 5);\">Si desea im\u00e1genes adicionales del producto, puede solicitarlas desde el formulario de contacto o en el email kaototienda@gmail.com<br \/><\/span><\/strong><\/span><\/span><\/p>\n<p><span>A\u00f1os despu\u00e9s de Link encerrara al malvado Ganondorf en A Link to The Past, lanzado para Super Nintendo en 1992, comienza la nueva aventura de The Legend of Zelda: A Link Between Worlds.<\/span><\/p>\n<p><span>Una nueva historia del reino de Hyrule y una nueva colecci\u00f3n de puzles y mazmorras, con nuevas habilidades, un nuevo enfoque en la exploraci\u00f3n&#8230; una aventura \u00fanica, solo para la familia de consolas Nintendo 3DS.<\/span><\/p>\n<h4><span>Caracter\u00edsticas<\/span><\/h4>\n<ul class=\"a-unordered-list a-vertical\">\n<li><span class=\"a-list-item\"><span>La aventura contin\u00faa donde terminaba en el cl\u00e1sico de los a\u00f1os noventa.<\/span><\/span><\/li>\n<li><span class=\"a-list-item\"><span>El jugador deber\u00e1 poner su materia gris en marcha, porque en The Legend of Zelda: la va a tener que utilizar todo el rato. Y no s\u00f3lo para resolver los acertijos con los que te topes. Tambi\u00e9n para vencer a tus enemigos. Incluso las tenebrosas mazmorras son puzles camuflados.<\/span><\/span><\/li>\n<li><span class=\"a-list-item\"><span>Este t\u00edtulo ofrece una mayor libertad a la hora de decidir c\u00f3mo quieres progresar en el juego: el jugador deber\u00e1 superar complejas mazmorras como siempre, pero ser\u00e1 \u00e9l quien decida en qu\u00e9 orden.<\/span><\/span><\/li>\n<li><span class=\"a-list-item\"><span>Las cosas desde arriba se ven mucho mejor. As\u00ed que la vista cenital de a Link Between Worlds te va a venir de perlas para explorar las mazmorras y resolver los puzzles a los que te enfrentas.<\/span><\/span><\/li>\n<li><span class=\"a-list-item\"><span>Entre otras muchas sorpresas, Link contar\u00e1 con la habilidad de moverse por paredes y muros como si estuvierapintado sobre ellos. El jugador tendr\u00e1 que poner a trabajar su ingenio, y cuando no veas salida, convertir a Link en un dibujo (como los de los antiguos egipcios) y buscar \u201cotra salida\u201d.<\/span><\/span><\/li>\n<\/ul>","protected":false},"excerpt":{"rendered":"<p>Si desea im\u00e1genes adicionales del producto, puede solicitarlas desde el formulario de contacto o en el email kaototienda@gmail.com A\u00f1os despu\u00e9s de Link encerrara al malvado Ganondorf en A Link to The Past, lanzado para Super Nintendo en 1992, comienza la nueva aventura de The Legend of Zelda: A Link Between Worlds. Una nueva historia del [&hellip;]<\/p>\n","protected":false},"featured_media":23255,"template":"","meta":{"ocean_post_layout":"","ocean_both_sidebars_style":"","ocean_both_sidebars_content_width":0,"ocean_both_sidebars_sidebars_width":0,"ocean_sidebar":"","ocean_second_sidebar":"","ocean_disable_margins":"enable","ocean_add_body_class":"","ocean_shortcode_before_top_bar":"","ocean_shortcode_after_top_bar":"","ocean_shortcode_before_header":"","ocean_shortcode_after_header":"","ocean_has_shortcode":"","ocean_shortcode_after_title":"","ocean_shortcode_before_footer_widgets":"","ocean_shortcode_after_footer_widgets":"","ocean_shortcode_before_footer_bottom":"","ocean_shortcode_after_footer_bottom":"","ocean_display_top_bar":"default","ocean_display_header":"default","ocean_header_style":"","ocean_center_header_left_menu":"","ocean_custom_header_template":"","ocean_custom_logo":0,"ocean_custom_retina_logo":0,"ocean_custom_logo_max_width":0,"ocean_custom_logo_tablet_max_width":0,"ocean_custom_logo_mobile_max_width":0,"ocean_custom_logo_max_height":0,"ocean_custom_logo_tablet_max_height":0,"ocean_custom_logo_mobile_max_height":0,"ocean_header_custom_menu":"","ocean_menu_typo_font_family":"","ocean_menu_typo_font_subset":"","ocean_menu_typo_font_size":0,"ocean_menu_typo_font_size_tablet":0,"ocean_menu_typo_font_size_mobile":0,"ocean_menu_typo_font_size_unit":"px","ocean_menu_typo_font_weight":"","ocean_menu_typo_font_weight_tablet":"","ocean_menu_typo_font_weight_mobile":"","ocean_menu_typo_transform":"","ocean_menu_typo_transform_tablet":"","ocean_menu_typo_transform_mobile":"","ocean_menu_typo_line_height":0,"ocean_menu_typo_line_height_tablet":0,"ocean_menu_typo_line_height_mobile":0,"ocean_menu_typo_line_height_unit":"","ocean_menu_typo_spacing":0,"ocean_menu_typo_spacing_tablet":0,"ocean_menu_typo_spacing_mobile":0,"ocean_menu_typo_spacing_unit":"","ocean_menu_link_color":"","ocean_menu_link_color_hover":"","ocean_menu_link_color_active":"","ocean_menu_link_background":"","ocean_menu_link_hover_background":"","ocean_menu_link_active_background":"","ocean_menu_social_links_bg":"","ocean_menu_social_hover_links_bg":"","ocean_menu_social_links_color":"","ocean_menu_social_hover_links_color":"","ocean_disable_title":"default","ocean_disable_heading":"default","ocean_post_title":"","ocean_post_subheading":"","ocean_post_title_style":"","ocean_post_title_background_color":"","ocean_post_title_background":0,"ocean_post_title_bg_image_position":"","ocean_post_title_bg_image_attachment":"","ocean_post_title_bg_image_repeat":"","ocean_post_title_bg_image_size":"","ocean_post_title_height":0,"ocean_post_title_bg_overlay":0.5,"ocean_post_title_bg_overlay_color":"","ocean_disable_breadcrumbs":"default","ocean_breadcrumbs_color":"","ocean_breadcrumbs_separator_color":"","ocean_breadcrumbs_links_color":"","ocean_breadcrumbs_links_hover_color":"","ocean_display_footer_widgets":"default","ocean_display_footer_bottom":"default","ocean_custom_footer_template":""},"product_brand":[],"product_cat":[94,128],"product_tag":[],"class_list":{"0":"post-33022","1":"product","2":"type-product","3":"status-publish","4":"has-post-thumbnail","6":"product_cat-nintendo-3ds","7":"product_cat-ultimas-entradas","9":"entry","10":"has-media","12":"first","13":"outofstock","14":"taxable","15":"shipping-taxable","16":"purchasable","17":"product-type-simple","18":"col","19":"span_1_of_3","20":"owp-content-center","21":"owp-thumbs-layout-horizontal","22":"owp-btn-normal","23":"owp-tabs-layout-horizontal"},"aioseo_notices":[],"_links":{"self":[{"href":"https:\/\/kaotostore.com\/en\/wp-json\/wp\/v2\/product\/33022","targetHints":{"allow":["GET"]}}],"collection":[{"href":"https:\/\/kaotostore.com\/en\/wp-json\/wp\/v2\/product"}],"about":[{"href":"https:\/\/kaotostore.com\/en\/wp-json\/wp\/v2\/types\/product"}],"wp:featuredmedia":[{"embeddable":true,"href":"https:\/\/kaotostore.com\/en\/wp-json\/wp\/v2\/media\/23255"}],"wp:attachment":[{"href":"https:\/\/kaotostore.com\/en\/wp-json\/wp\/v2\/media?parent=33022"}],"wp:term":[{"taxonomy":"product_brand","embeddable":true,"href":"https:\/\/kaotostore.com\/en\/wp-json\/wp\/v2\/product_brand?post=33022"},{"taxonomy":"product_cat","embeddable":true,"href":"https:\/\/kaotostore.com\/en\/wp-json\/wp\/v2\/product_cat?post=33022"},{"taxonomy":"product_tag","embeddable":true,"href":"https:\/\/kaotostore.com\/en\/wp-json\/wp\/v2\/product_tag?post=33022"}],"curies":[{"name":"wp","href":"https:\/\/api.w.org\/{rel}","templated":true}]}}