{"id":33008,"date":"2026-03-24T11:37:29","date_gmt":"2026-03-24T10:37:29","guid":{"rendered":"https:\/\/kaotostore.com\/producto\/the-legend-of-heroes-trails-into-reverie-switch\/"},"modified":"2026-04-09T15:34:58","modified_gmt":"2026-04-09T13:34:58","slug":"the-legend-of-heroes-trails-into-reverie-switch","status":"publish","type":"product","link":"https:\/\/kaotostore.com\/en\/product\/the-legend-of-heroes-trails-into-reverie-switch\/","title":{"rendered":"The Legend of Heroes Trails into Reverie SWITCH"},"content":{"rendered":"<div class=\"row row-content\">\n<div class=\"col-xs-12 content\">\n<h4>\n<span style=\"color: rgb(255, 5, 5);\">Si desea im\u00e1genes adicionales del producto, puede solicitarlas desde el formulario de contacto o en el email kaototienda@gmail.com<br \/><\/span><br \/>\n<\/h4>\n<p><span>Donde un camino termina, otro comienza\u2026 \u00a1Los destinos entrelazados de tres figuras en Zemuria ser\u00e1n decididos en este culminante cap\u00edtulo de la saga The Legend of Heroes! Sigue los pasos del h\u00e9roe de guerra Rean Schwarzer, el liberador Lloyd Bannings y el enigm\u00e1tico enmascarado \u201cC\u201d, y cambia entre cada uno de sus caminos libremente con el sistema de cruce de caminos. -Lloyd Bannings, l\u00edder de la Secci\u00f3n de Apoyo Especial del Departamento de Polic\u00eda de Crossbell, se encuentra luchando por la libertad de su ciudad una vez m\u00e1s despu\u00e9s de que las celebraciones por la independencia de Crossbell sean interrumpidas de repente por la reaparici\u00f3n repentina de una vieja amenaza. -Siguiendo a los eventos del Gran Crep\u00fasculo, el h\u00e9roe Ereboniano Rean Schwarzer y sus estudiantes regresan a la vida en el campus. Sin embargo, esta paz es interrumpida por la aparici\u00f3n de una nueva amenaza. -Cuando el anterior gobernador general de Crossbell regresa de repente y reclama la ciudad-estado, cuatro individuos llevan a cabo una misi\u00f3n secreta para investigar sus acciones. Su l\u00edder es \u201cC\u201d, un individuo enmascarado que parece estar usando el mismo nombre en clave que el l\u00edder del Frente de Liberaci\u00f3n Imperial. \u00bfPero para qu\u00e9 fin?<\/span><\/p>\n<\/div>\n<\/div>\n<p><!----><\/p>","protected":false},"excerpt":{"rendered":"<p>Si desea im\u00e1genes adicionales del producto, puede solicitarlas desde el formulario de contacto o en el email kaototienda@gmail.com Donde un camino termina, otro comienza\u2026 \u00a1Los destinos entrelazados de tres figuras en Zemuria ser\u00e1n decididos en este culminante cap\u00edtulo de la saga The Legend of Heroes! Sigue los pasos del h\u00e9roe de guerra Rean Schwarzer, el [&hellip;]<\/p>\n","protected":false},"featured_media":23226,"template":"","meta":{"ocean_post_layout":"","ocean_both_sidebars_style":"","ocean_both_sidebars_content_width":0,"ocean_both_sidebars_sidebars_width":0,"ocean_sidebar":"","ocean_second_sidebar":"","ocean_disable_margins":"enable","ocean_add_body_class":"","ocean_shortcode_before_top_bar":"","ocean_shortcode_after_top_bar":"","ocean_shortcode_before_header":"","ocean_shortcode_after_header":"","ocean_has_shortcode":"","ocean_shortcode_after_title":"","ocean_shortcode_before_footer_widgets":"","ocean_shortcode_after_footer_widgets":"","ocean_shortcode_before_footer_bottom":"","ocean_shortcode_after_footer_bottom":"","ocean_display_top_bar":"default","ocean_display_header":"default","ocean_header_style":"","ocean_center_header_left_menu":"","ocean_custom_header_template":"","ocean_custom_logo":0,"ocean_custom_retina_logo":0,"ocean_custom_logo_max_width":0,"ocean_custom_logo_tablet_max_width":0,"ocean_custom_logo_mobile_max_width":0,"ocean_custom_logo_max_height":0,"ocean_custom_logo_tablet_max_height":0,"ocean_custom_logo_mobile_max_height":0,"ocean_header_custom_menu":"","ocean_menu_typo_font_family":"","ocean_menu_typo_font_subset":"","ocean_menu_typo_font_size":0,"ocean_menu_typo_font_size_tablet":0,"ocean_menu_typo_font_size_mobile":0,"ocean_menu_typo_font_size_unit":"px","ocean_menu_typo_font_weight":"","ocean_menu_typo_font_weight_tablet":"","ocean_menu_typo_font_weight_mobile":"","ocean_menu_typo_transform":"","ocean_menu_typo_transform_tablet":"","ocean_menu_typo_transform_mobile":"","ocean_menu_typo_line_height":0,"ocean_menu_typo_line_height_tablet":0,"ocean_menu_typo_line_height_mobile":0,"ocean_menu_typo_line_height_unit":"","ocean_menu_typo_spacing":0,"ocean_menu_typo_spacing_tablet":0,"ocean_menu_typo_spacing_mobile":0,"ocean_menu_typo_spacing_unit":"","ocean_menu_link_color":"","ocean_menu_link_color_hover":"","ocean_menu_link_color_active":"","ocean_menu_link_background":"","ocean_menu_link_hover_background":"","ocean_menu_link_active_background":"","ocean_menu_social_links_bg":"","ocean_menu_social_hover_links_bg":"","ocean_menu_social_links_color":"","ocean_menu_social_hover_links_color":"","ocean_disable_title":"default","ocean_disable_heading":"default","ocean_post_title":"","ocean_post_subheading":"","ocean_post_title_style":"","ocean_post_title_background_color":"","ocean_post_title_background":0,"ocean_post_title_bg_image_position":"","ocean_post_title_bg_image_attachment":"","ocean_post_title_bg_image_repeat":"","ocean_post_title_bg_image_size":"","ocean_post_title_height":0,"ocean_post_title_bg_overlay":0.5,"ocean_post_title_bg_overlay_color":"","ocean_disable_breadcrumbs":"default","ocean_breadcrumbs_color":"","ocean_breadcrumbs_separator_color":"","ocean_breadcrumbs_links_color":"","ocean_breadcrumbs_links_hover_color":"","ocean_display_footer_widgets":"default","ocean_display_footer_bottom":"default","ocean_custom_footer_template":""},"product_brand":[],"product_cat":[124,128],"product_tag":[],"class_list":{"0":"post-33008","1":"product","2":"type-product","3":"status-publish","4":"has-post-thumbnail","6":"product_cat-switch","7":"product_cat-ultimas-entradas","9":"entry","10":"has-media","12":"first","13":"outofstock","14":"taxable","15":"shipping-taxable","16":"purchasable","17":"product-type-simple","18":"col","19":"span_1_of_3","20":"owp-content-center","21":"owp-thumbs-layout-horizontal","22":"owp-btn-normal","23":"owp-tabs-layout-horizontal"},"aioseo_notices":[],"_links":{"self":[{"href":"https:\/\/kaotostore.com\/en\/wp-json\/wp\/v2\/product\/33008","targetHints":{"allow":["GET"]}}],"collection":[{"href":"https:\/\/kaotostore.com\/en\/wp-json\/wp\/v2\/product"}],"about":[{"href":"https:\/\/kaotostore.com\/en\/wp-json\/wp\/v2\/types\/product"}],"wp:featuredmedia":[{"embeddable":true,"href":"https:\/\/kaotostore.com\/en\/wp-json\/wp\/v2\/media\/23226"}],"wp:attachment":[{"href":"https:\/\/kaotostore.com\/en\/wp-json\/wp\/v2\/media?parent=33008"}],"wp:term":[{"taxonomy":"product_brand","embeddable":true,"href":"https:\/\/kaotostore.com\/en\/wp-json\/wp\/v2\/product_brand?post=33008"},{"taxonomy":"product_cat","embeddable":true,"href":"https:\/\/kaotostore.com\/en\/wp-json\/wp\/v2\/product_cat?post=33008"},{"taxonomy":"product_tag","embeddable":true,"href":"https:\/\/kaotostore.com\/en\/wp-json\/wp\/v2\/product_tag?post=33008"}],"curies":[{"name":"wp","href":"https:\/\/api.w.org\/{rel}","templated":true}]}}