{"id":33003,"date":"2026-03-24T11:37:24","date_gmt":"2026-03-24T10:37:24","guid":{"rendered":"https:\/\/kaotostore.com\/producto\/the-last-story-wii\/"},"modified":"2026-04-09T11:31:50","modified_gmt":"2026-04-09T09:31:50","slug":"the-last-story-wii","status":"publish","type":"product","link":"https:\/\/kaotostore.com\/en\/product\/the-last-story-wii\/","title":{"rendered":"The Last Story WII"},"content":{"rendered":"<p><strong><em>The Last Story<\/em><\/strong><span>\u00a0<\/span>nos pone al mando de una banda de mercenarios que llegan a la ciudad de Lazulis, uno de los \u00faltimos reductos de prosperidad que quedan en un mundo devastado por la plaga y la miseria, con la ambici\u00f3n de convertirse en caballeros y dejar atr\u00e1s una vida de penurias y dificultades.<\/p>\n<p>Los mercenarios, liderados por Dargan y Zael, comienzan a hacer encargos para el Conde Arganan, m\u00e1ximo mandatario de Lazulis. Tras un par de misiones, Zael recibe un poder sobrenatural de un ente misterioso y el grupo se topa con Calista, la sobrina del Conde, que vaga de inc\u00f3gnito por la ciudad y revela que su t\u00edo pretende casarla con un arrogante noble para extender su poder dentro del Imperio.<\/p>\n<p>Zael y la banda empiezan a ganar popularidad entre el pueblo de Lazulis muy r\u00e1pidamente, pero tambi\u00e9n despiertan recelos, agitando as\u00ed un panorama pol\u00edtico ya de por s\u00ed muy convulso en una regi\u00f3n azotada tanto por las conspiraciones internas como por una guerra contra una raza de bestias inteligentes cuyas intenciones verdaderas se desconocen.<\/p>\n<p><!----><\/p>","protected":false},"excerpt":{"rendered":"<p>The Last Story\u00a0nos pone al mando de una banda de mercenarios que llegan a la ciudad de Lazulis, uno de los \u00faltimos reductos de prosperidad que quedan en un mundo devastado por la plaga y la miseria, con la ambici\u00f3n de convertirse en caballeros y dejar atr\u00e1s una vida de penurias y dificultades. Los mercenarios, [&hellip;]<\/p>\n","protected":false},"featured_media":23221,"template":"","meta":{"ocean_post_layout":"","ocean_both_sidebars_style":"","ocean_both_sidebars_content_width":0,"ocean_both_sidebars_sidebars_width":0,"ocean_sidebar":"","ocean_second_sidebar":"","ocean_disable_margins":"enable","ocean_add_body_class":"","ocean_shortcode_before_top_bar":"","ocean_shortcode_after_top_bar":"","ocean_shortcode_before_header":"","ocean_shortcode_after_header":"","ocean_has_shortcode":"","ocean_shortcode_after_title":"","ocean_shortcode_before_footer_widgets":"","ocean_shortcode_after_footer_widgets":"","ocean_shortcode_before_footer_bottom":"","ocean_shortcode_after_footer_bottom":"","ocean_display_top_bar":"default","ocean_display_header":"default","ocean_header_style":"","ocean_center_header_left_menu":"","ocean_custom_header_template":"","ocean_custom_logo":0,"ocean_custom_retina_logo":0,"ocean_custom_logo_max_width":0,"ocean_custom_logo_tablet_max_width":0,"ocean_custom_logo_mobile_max_width":0,"ocean_custom_logo_max_height":0,"ocean_custom_logo_tablet_max_height":0,"ocean_custom_logo_mobile_max_height":0,"ocean_header_custom_menu":"","ocean_menu_typo_font_family":"","ocean_menu_typo_font_subset":"","ocean_menu_typo_font_size":0,"ocean_menu_typo_font_size_tablet":0,"ocean_menu_typo_font_size_mobile":0,"ocean_menu_typo_font_size_unit":"px","ocean_menu_typo_font_weight":"","ocean_menu_typo_font_weight_tablet":"","ocean_menu_typo_font_weight_mobile":"","ocean_menu_typo_transform":"","ocean_menu_typo_transform_tablet":"","ocean_menu_typo_transform_mobile":"","ocean_menu_typo_line_height":0,"ocean_menu_typo_line_height_tablet":0,"ocean_menu_typo_line_height_mobile":0,"ocean_menu_typo_line_height_unit":"","ocean_menu_typo_spacing":0,"ocean_menu_typo_spacing_tablet":0,"ocean_menu_typo_spacing_mobile":0,"ocean_menu_typo_spacing_unit":"","ocean_menu_link_color":"","ocean_menu_link_color_hover":"","ocean_menu_link_color_active":"","ocean_menu_link_background":"","ocean_menu_link_hover_background":"","ocean_menu_link_active_background":"","ocean_menu_social_links_bg":"","ocean_menu_social_hover_links_bg":"","ocean_menu_social_links_color":"","ocean_menu_social_hover_links_color":"","ocean_disable_title":"default","ocean_disable_heading":"default","ocean_post_title":"","ocean_post_subheading":"","ocean_post_title_style":"","ocean_post_title_background_color":"","ocean_post_title_background":0,"ocean_post_title_bg_image_position":"","ocean_post_title_bg_image_attachment":"","ocean_post_title_bg_image_repeat":"","ocean_post_title_bg_image_size":"","ocean_post_title_height":0,"ocean_post_title_bg_overlay":0.5,"ocean_post_title_bg_overlay_color":"","ocean_disable_breadcrumbs":"default","ocean_breadcrumbs_color":"","ocean_breadcrumbs_separator_color":"","ocean_breadcrumbs_links_color":"","ocean_breadcrumbs_links_hover_color":"","ocean_display_footer_widgets":"default","ocean_display_footer_bottom":"default","ocean_custom_footer_template":""},"product_brand":[],"product_cat":[15],"product_tag":[],"class_list":{"0":"post-33003","1":"product","2":"type-product","3":"status-publish","4":"has-post-thumbnail","6":"product_cat-sin-categorizar","8":"entry","9":"has-media","11":"first","12":"outofstock","13":"taxable","14":"shipping-taxable","15":"purchasable","16":"product-type-simple","17":"col","18":"span_1_of_3","19":"owp-content-center","20":"owp-thumbs-layout-horizontal","21":"owp-btn-normal","22":"owp-tabs-layout-horizontal","23":"has-no-thumbnails"},"aioseo_notices":[],"_links":{"self":[{"href":"https:\/\/kaotostore.com\/en\/wp-json\/wp\/v2\/product\/33003","targetHints":{"allow":["GET"]}}],"collection":[{"href":"https:\/\/kaotostore.com\/en\/wp-json\/wp\/v2\/product"}],"about":[{"href":"https:\/\/kaotostore.com\/en\/wp-json\/wp\/v2\/types\/product"}],"wp:featuredmedia":[{"embeddable":true,"href":"https:\/\/kaotostore.com\/en\/wp-json\/wp\/v2\/media\/23221"}],"wp:attachment":[{"href":"https:\/\/kaotostore.com\/en\/wp-json\/wp\/v2\/media?parent=33003"}],"wp:term":[{"taxonomy":"product_brand","embeddable":true,"href":"https:\/\/kaotostore.com\/en\/wp-json\/wp\/v2\/product_brand?post=33003"},{"taxonomy":"product_cat","embeddable":true,"href":"https:\/\/kaotostore.com\/en\/wp-json\/wp\/v2\/product_cat?post=33003"},{"taxonomy":"product_tag","embeddable":true,"href":"https:\/\/kaotostore.com\/en\/wp-json\/wp\/v2\/product_tag?post=33003"}],"curies":[{"name":"wp","href":"https:\/\/api.w.org\/{rel}","templated":true}]}}