{"id":32992,"date":"2026-03-24T11:37:08","date_gmt":"2026-03-24T10:37:08","guid":{"rendered":"https:\/\/kaotostore.com\/producto\/the-last-faith-switch\/"},"modified":"2026-04-09T11:31:51","modified_gmt":"2026-04-09T09:31:51","slug":"the-last-faith-switch","status":"publish","type":"product","link":"https:\/\/kaotostore.com\/en\/product\/the-last-faith-switch\/","title":{"rendered":"The Last Faith SWITCH"},"content":{"rendered":"<div style=\"max-height: 250px;\" data-jsmaxheight=\"250\" data-jsbtn=\"button\" data-jstarget=\"div\" class=\"product-text too-big show-all\">\n<div>\n<p>The Last Faith es una diab\u00f3lica mezcla de metroidvania y soulslike que suele ser brutal y en\u00e9rgica.<\/p>\n<p>The Last Faith destaca por sus despiadados y precisos combates, con una gran variedad de acciones personalizadas.<\/p>\n<p>Descubre un formidable arsenal de armas cuerpo a cuerpo, misteriosos conjuros y armas de fuego de largo alcance, que te permitir\u00e1n abrirte camino a tu manera.<\/p>\n<p>La exploraci\u00f3n no lineal es el eje central de The Last Faith. El magn\u00edfico dise\u00f1o pixelado muestra un imponente paisaje g\u00f3tico. Viaja por monta\u00f1as nevadas y castillos que reciben la luz de la luna. Descubre y mejora una formidable gama de herramientas para la destrucci\u00f3n.<\/p>\n<p>Participa en el devastado mundo de The Last Faith como Eryk, que se despierta sin recordar su pasado m\u00e1s reciente. Enseguida descubrir\u00e1 que se encuentra en una carrera contrarreloj mientras su mente y su conciencia comienzan a degradarse. Su deseo de salvarse de esta aflicci\u00f3n lo lleva a una misi\u00f3n maldita que se entremezcla con antiguas religiones y divinidades<\/p>\n<\/div>\n<\/div>","protected":false},"excerpt":{"rendered":"<p>The Last Faith es una diab\u00f3lica mezcla de metroidvania y soulslike que suele ser brutal y en\u00e9rgica. The Last Faith destaca por sus despiadados y precisos combates, con una gran variedad de acciones personalizadas. Descubre un formidable arsenal de armas cuerpo a cuerpo, misteriosos conjuros y armas de fuego de largo alcance, que te permitir\u00e1n [&hellip;]<\/p>\n","protected":false},"featured_media":23193,"template":"","meta":{"ocean_post_layout":"","ocean_both_sidebars_style":"","ocean_both_sidebars_content_width":0,"ocean_both_sidebars_sidebars_width":0,"ocean_sidebar":"","ocean_second_sidebar":"","ocean_disable_margins":"enable","ocean_add_body_class":"","ocean_shortcode_before_top_bar":"","ocean_shortcode_after_top_bar":"","ocean_shortcode_before_header":"","ocean_shortcode_after_header":"","ocean_has_shortcode":"","ocean_shortcode_after_title":"","ocean_shortcode_before_footer_widgets":"","ocean_shortcode_after_footer_widgets":"","ocean_shortcode_before_footer_bottom":"","ocean_shortcode_after_footer_bottom":"","ocean_display_top_bar":"default","ocean_display_header":"default","ocean_header_style":"","ocean_center_header_left_menu":"","ocean_custom_header_template":"","ocean_custom_logo":0,"ocean_custom_retina_logo":0,"ocean_custom_logo_max_width":0,"ocean_custom_logo_tablet_max_width":0,"ocean_custom_logo_mobile_max_width":0,"ocean_custom_logo_max_height":0,"ocean_custom_logo_tablet_max_height":0,"ocean_custom_logo_mobile_max_height":0,"ocean_header_custom_menu":"","ocean_menu_typo_font_family":"","ocean_menu_typo_font_subset":"","ocean_menu_typo_font_size":0,"ocean_menu_typo_font_size_tablet":0,"ocean_menu_typo_font_size_mobile":0,"ocean_menu_typo_font_size_unit":"px","ocean_menu_typo_font_weight":"","ocean_menu_typo_font_weight_tablet":"","ocean_menu_typo_font_weight_mobile":"","ocean_menu_typo_transform":"","ocean_menu_typo_transform_tablet":"","ocean_menu_typo_transform_mobile":"","ocean_menu_typo_line_height":0,"ocean_menu_typo_line_height_tablet":0,"ocean_menu_typo_line_height_mobile":0,"ocean_menu_typo_line_height_unit":"","ocean_menu_typo_spacing":0,"ocean_menu_typo_spacing_tablet":0,"ocean_menu_typo_spacing_mobile":0,"ocean_menu_typo_spacing_unit":"","ocean_menu_link_color":"","ocean_menu_link_color_hover":"","ocean_menu_link_color_active":"","ocean_menu_link_background":"","ocean_menu_link_hover_background":"","ocean_menu_link_active_background":"","ocean_menu_social_links_bg":"","ocean_menu_social_hover_links_bg":"","ocean_menu_social_links_color":"","ocean_menu_social_hover_links_color":"","ocean_disable_title":"default","ocean_disable_heading":"default","ocean_post_title":"","ocean_post_subheading":"","ocean_post_title_style":"","ocean_post_title_background_color":"","ocean_post_title_background":0,"ocean_post_title_bg_image_position":"","ocean_post_title_bg_image_attachment":"","ocean_post_title_bg_image_repeat":"","ocean_post_title_bg_image_size":"","ocean_post_title_height":0,"ocean_post_title_bg_overlay":0.5,"ocean_post_title_bg_overlay_color":"","ocean_disable_breadcrumbs":"default","ocean_breadcrumbs_color":"","ocean_breadcrumbs_separator_color":"","ocean_breadcrumbs_links_color":"","ocean_breadcrumbs_links_hover_color":"","ocean_display_footer_widgets":"default","ocean_display_footer_bottom":"default","ocean_custom_footer_template":""},"product_brand":[],"product_cat":[98,124,128],"product_tag":[],"class_list":{"0":"post-32992","1":"product","2":"type-product","3":"status-publish","4":"has-post-thumbnail","6":"product_cat-novedades","7":"product_cat-switch","8":"product_cat-ultimas-entradas","10":"entry","11":"has-media","13":"first","14":"outofstock","15":"taxable","16":"shipping-taxable","17":"purchasable","18":"product-type-simple","19":"col","20":"span_1_of_3","21":"owp-content-center","22":"owp-thumbs-layout-horizontal","23":"owp-btn-normal","24":"owp-tabs-layout-horizontal","25":"has-no-thumbnails"},"aioseo_notices":[],"_links":{"self":[{"href":"https:\/\/kaotostore.com\/en\/wp-json\/wp\/v2\/product\/32992","targetHints":{"allow":["GET"]}}],"collection":[{"href":"https:\/\/kaotostore.com\/en\/wp-json\/wp\/v2\/product"}],"about":[{"href":"https:\/\/kaotostore.com\/en\/wp-json\/wp\/v2\/types\/product"}],"wp:featuredmedia":[{"embeddable":true,"href":"https:\/\/kaotostore.com\/en\/wp-json\/wp\/v2\/media\/23193"}],"wp:attachment":[{"href":"https:\/\/kaotostore.com\/en\/wp-json\/wp\/v2\/media?parent=32992"}],"wp:term":[{"taxonomy":"product_brand","embeddable":true,"href":"https:\/\/kaotostore.com\/en\/wp-json\/wp\/v2\/product_brand?post=32992"},{"taxonomy":"product_cat","embeddable":true,"href":"https:\/\/kaotostore.com\/en\/wp-json\/wp\/v2\/product_cat?post=32992"},{"taxonomy":"product_tag","embeddable":true,"href":"https:\/\/kaotostore.com\/en\/wp-json\/wp\/v2\/product_tag?post=32992"}],"curies":[{"name":"wp","href":"https:\/\/api.w.org\/{rel}","templated":true}]}}