{"id":32983,"date":"2026-03-24T11:36:57","date_gmt":"2026-03-24T10:36:57","guid":{"rendered":"https:\/\/kaotostore.com\/producto\/the-knight-witch-deluxe-edition-playstation-4\/"},"modified":"2026-04-09T11:31:51","modified_gmt":"2026-04-09T09:31:51","slug":"the-knight-witch-deluxe-edition-playstation-4","status":"publish","type":"product","link":"https:\/\/kaotostore.com\/en\/product\/the-knight-witch-deluxe-edition-playstation-4\/","title":{"rendered":"The Knight Witch Deluxe Edition PLAYSTATION 4"},"content":{"rendered":"<p>The Knight Witch es una aventura shoot&#8217;em up con toques de metroidvania, ambientada en un hermoso mundo dibujado a mano. Lanza hechizos devastadores con las cartas, forja v\u00ednculos y toma decisiones en tu misi\u00f3n por salvar tu hogar y descubrir qui\u00e9n se esconde tras la invasi\u00f3n de los g\u00f3lems. En tu paso por Dungeonidas, tus proezas y esfuerzos no pasar\u00e1n desapercibidos. Las brujas caballero se vuelven m\u00e1s fuertes con la gratitud y la confianza de los dem\u00e1s, y pueden obtenerlas de diferentes formas, aunque no todos los m\u00e9todos son sinceros. \u00bfHar\u00e1s cualquier cosa para ganar popularidad o te mantendr\u00e1s fiel a tus principios? La decisi\u00f3n est\u00e1 en tus manos. The Knight Witch se ha dise\u00f1ado, con mimo, como un metroidvania sin barreras dotado de un sistema de \u00abapuntado autom\u00e1tico\u00bb intuitivo, \u00abtrucos\u00bb que alteran el mundo y un sistema de navegaci\u00f3n centrado en la historia principal. \u00a1Nunca te perder\u00e1s y podr\u00e1s ajustar el juego a tu nivel!. The Knight Witch es la creaci\u00f3n de un equipo de desarrolladores veteranos con t\u00edtulos como RiME, Moonlighter y Plants VS Zombies a sus espaldas.<\/p>","protected":false},"excerpt":{"rendered":"<p>The Knight Witch es una aventura shoot&#8217;em up con toques de metroidvania, ambientada en un hermoso mundo dibujado a mano. Lanza hechizos devastadores con las cartas, forja v\u00ednculos y toma decisiones en tu misi\u00f3n por salvar tu hogar y descubrir qui\u00e9n se esconde tras la invasi\u00f3n de los g\u00f3lems. En tu paso por Dungeonidas, tus [&hellip;]<\/p>\n","protected":false},"featured_media":23174,"template":"","meta":{"ocean_post_layout":"","ocean_both_sidebars_style":"","ocean_both_sidebars_content_width":0,"ocean_both_sidebars_sidebars_width":0,"ocean_sidebar":"","ocean_second_sidebar":"","ocean_disable_margins":"enable","ocean_add_body_class":"","ocean_shortcode_before_top_bar":"","ocean_shortcode_after_top_bar":"","ocean_shortcode_before_header":"","ocean_shortcode_after_header":"","ocean_has_shortcode":"","ocean_shortcode_after_title":"","ocean_shortcode_before_footer_widgets":"","ocean_shortcode_after_footer_widgets":"","ocean_shortcode_before_footer_bottom":"","ocean_shortcode_after_footer_bottom":"","ocean_display_top_bar":"default","ocean_display_header":"default","ocean_header_style":"","ocean_center_header_left_menu":"","ocean_custom_header_template":"","ocean_custom_logo":0,"ocean_custom_retina_logo":0,"ocean_custom_logo_max_width":0,"ocean_custom_logo_tablet_max_width":0,"ocean_custom_logo_mobile_max_width":0,"ocean_custom_logo_max_height":0,"ocean_custom_logo_tablet_max_height":0,"ocean_custom_logo_mobile_max_height":0,"ocean_header_custom_menu":"","ocean_menu_typo_font_family":"","ocean_menu_typo_font_subset":"","ocean_menu_typo_font_size":0,"ocean_menu_typo_font_size_tablet":0,"ocean_menu_typo_font_size_mobile":0,"ocean_menu_typo_font_size_unit":"px","ocean_menu_typo_font_weight":"","ocean_menu_typo_font_weight_tablet":"","ocean_menu_typo_font_weight_mobile":"","ocean_menu_typo_transform":"","ocean_menu_typo_transform_tablet":"","ocean_menu_typo_transform_mobile":"","ocean_menu_typo_line_height":0,"ocean_menu_typo_line_height_tablet":0,"ocean_menu_typo_line_height_mobile":0,"ocean_menu_typo_line_height_unit":"","ocean_menu_typo_spacing":0,"ocean_menu_typo_spacing_tablet":0,"ocean_menu_typo_spacing_mobile":0,"ocean_menu_typo_spacing_unit":"","ocean_menu_link_color":"","ocean_menu_link_color_hover":"","ocean_menu_link_color_active":"","ocean_menu_link_background":"","ocean_menu_link_hover_background":"","ocean_menu_link_active_background":"","ocean_menu_social_links_bg":"","ocean_menu_social_hover_links_bg":"","ocean_menu_social_links_color":"","ocean_menu_social_hover_links_color":"","ocean_disable_title":"default","ocean_disable_heading":"default","ocean_post_title":"","ocean_post_subheading":"","ocean_post_title_style":"","ocean_post_title_background_color":"","ocean_post_title_background":0,"ocean_post_title_bg_image_position":"","ocean_post_title_bg_image_attachment":"","ocean_post_title_bg_image_repeat":"","ocean_post_title_bg_image_size":"","ocean_post_title_height":0,"ocean_post_title_bg_overlay":0.5,"ocean_post_title_bg_overlay_color":"","ocean_disable_breadcrumbs":"default","ocean_breadcrumbs_color":"","ocean_breadcrumbs_separator_color":"","ocean_breadcrumbs_links_color":"","ocean_breadcrumbs_links_hover_color":"","ocean_display_footer_widgets":"default","ocean_display_footer_bottom":"default","ocean_custom_footer_template":""},"product_brand":[],"product_cat":[107],"product_tag":[],"class_list":{"0":"post-32983","1":"product","2":"type-product","3":"status-publish","4":"has-post-thumbnail","6":"product_cat-playstation-4","8":"entry","9":"has-media","11":"first","12":"instock","13":"taxable","14":"shipping-taxable","15":"purchasable","16":"product-type-simple","17":"col","18":"span_1_of_3","19":"owp-content-center","20":"owp-thumbs-layout-horizontal","21":"owp-btn-normal","22":"owp-tabs-layout-horizontal"},"aioseo_notices":[],"_links":{"self":[{"href":"https:\/\/kaotostore.com\/en\/wp-json\/wp\/v2\/product\/32983","targetHints":{"allow":["GET"]}}],"collection":[{"href":"https:\/\/kaotostore.com\/en\/wp-json\/wp\/v2\/product"}],"about":[{"href":"https:\/\/kaotostore.com\/en\/wp-json\/wp\/v2\/types\/product"}],"wp:featuredmedia":[{"embeddable":true,"href":"https:\/\/kaotostore.com\/en\/wp-json\/wp\/v2\/media\/23174"}],"wp:attachment":[{"href":"https:\/\/kaotostore.com\/en\/wp-json\/wp\/v2\/media?parent=32983"}],"wp:term":[{"taxonomy":"product_brand","embeddable":true,"href":"https:\/\/kaotostore.com\/en\/wp-json\/wp\/v2\/product_brand?post=32983"},{"taxonomy":"product_cat","embeddable":true,"href":"https:\/\/kaotostore.com\/en\/wp-json\/wp\/v2\/product_cat?post=32983"},{"taxonomy":"product_tag","embeddable":true,"href":"https:\/\/kaotostore.com\/en\/wp-json\/wp\/v2\/product_tag?post=32983"}],"curies":[{"name":"wp","href":"https:\/\/api.w.org\/{rel}","templated":true}]}}