{"id":32982,"date":"2026-03-24T11:36:56","date_gmt":"2026-03-24T10:36:56","guid":{"rendered":"https:\/\/kaotostore.com\/producto\/the-king-of-fighters-xiv-playstation-4\/"},"modified":"2026-03-24T11:36:57","modified_gmt":"2026-03-24T10:36:57","slug":"the-king-of-fighters-xiv-playstation-4","status":"publish","type":"product","link":"https:\/\/kaotostore.com\/en\/product\/the-king-of-fighters-xiv-playstation-4\/","title":{"rendered":"The King of Fighters XIV PLAYSTATION 4"},"content":{"rendered":"<p>KOF se despliega en la nueva generaci\u00f3n de consolas por primera vez con KOF XIV, que da continuidad a su legado de m\u00e1s de 20 a\u00f1os en el \u00e1mbito de la lucha en exclusiva en el sistema de entretenimiento PlayStation 4.<br \/>KOF XIV mejora y amplia por completo las mec\u00e1nicas de lucha de la serie para llevar su estilo de juego al siguiente nivel. Regresa el tradicional Sistema de Batalla (Battle System) 3 contra 3 con 19 personajes jugables adicionales, lo que significa que habr\u00e1 un total de 50 entre los que escoger. El juego trasladar\u00e1 la lucha al entorno online con Batallas en Equipo (Party Battles), con amigos para hasta 6 jugadores en el enormemente mejorado netcode (juego en l\u00ednea). Cuando est\u00e9s en el ring, ejecuta los nuevos movimientos especiales EX en el realzado \u201cModo MAX\u201d y encadena tus Movimientos S\u00faper Especiales de forma conjunta con el \u201cCLIMAX CANCEL\u201d, para dar rienda suelta a combos devastadores.<br \/>KOF XIV es el t\u00edtulo m\u00e1s accesible de la franquicia, con la inclusi\u00f3n de la nueva caracter\u00edstica \u2018RUSH\u2019 que supone una simplificaci\u00f3n en la entrada de combos para luchadores novatos. La historia prosigue, varios a\u00f1os despu\u00e9s del \u00faltimo torneo, en KOF XIV con un robusto modo historia para un jugador.<\/p>","protected":false},"excerpt":{"rendered":"<p>KOF se despliega en la nueva generaci\u00f3n de consolas por primera vez con KOF XIV, que da continuidad a su legado de m\u00e1s de 20 a\u00f1os en el \u00e1mbito de la lucha en exclusiva en el sistema de entretenimiento PlayStation 4.KOF XIV mejora y amplia por completo las mec\u00e1nicas de lucha de la serie para [&hellip;]<\/p>\n","protected":false},"featured_media":23169,"template":"","meta":{"ocean_post_layout":"","ocean_both_sidebars_style":"","ocean_both_sidebars_content_width":0,"ocean_both_sidebars_sidebars_width":0,"ocean_sidebar":"","ocean_second_sidebar":"","ocean_disable_margins":"enable","ocean_add_body_class":"","ocean_shortcode_before_top_bar":"","ocean_shortcode_after_top_bar":"","ocean_shortcode_before_header":"","ocean_shortcode_after_header":"","ocean_has_shortcode":"","ocean_shortcode_after_title":"","ocean_shortcode_before_footer_widgets":"","ocean_shortcode_after_footer_widgets":"","ocean_shortcode_before_footer_bottom":"","ocean_shortcode_after_footer_bottom":"","ocean_display_top_bar":"default","ocean_display_header":"default","ocean_header_style":"","ocean_center_header_left_menu":"","ocean_custom_header_template":"","ocean_custom_logo":0,"ocean_custom_retina_logo":0,"ocean_custom_logo_max_width":0,"ocean_custom_logo_tablet_max_width":0,"ocean_custom_logo_mobile_max_width":0,"ocean_custom_logo_max_height":0,"ocean_custom_logo_tablet_max_height":0,"ocean_custom_logo_mobile_max_height":0,"ocean_header_custom_menu":"","ocean_menu_typo_font_family":"","ocean_menu_typo_font_subset":"","ocean_menu_typo_font_size":0,"ocean_menu_typo_font_size_tablet":0,"ocean_menu_typo_font_size_mobile":0,"ocean_menu_typo_font_size_unit":"px","ocean_menu_typo_font_weight":"","ocean_menu_typo_font_weight_tablet":"","ocean_menu_typo_font_weight_mobile":"","ocean_menu_typo_transform":"","ocean_menu_typo_transform_tablet":"","ocean_menu_typo_transform_mobile":"","ocean_menu_typo_line_height":0,"ocean_menu_typo_line_height_tablet":0,"ocean_menu_typo_line_height_mobile":0,"ocean_menu_typo_line_height_unit":"","ocean_menu_typo_spacing":0,"ocean_menu_typo_spacing_tablet":0,"ocean_menu_typo_spacing_mobile":0,"ocean_menu_typo_spacing_unit":"","ocean_menu_link_color":"","ocean_menu_link_color_hover":"","ocean_menu_link_color_active":"","ocean_menu_link_background":"","ocean_menu_link_hover_background":"","ocean_menu_link_active_background":"","ocean_menu_social_links_bg":"","ocean_menu_social_hover_links_bg":"","ocean_menu_social_links_color":"","ocean_menu_social_hover_links_color":"","ocean_disable_title":"default","ocean_disable_heading":"default","ocean_post_title":"","ocean_post_subheading":"","ocean_post_title_style":"","ocean_post_title_background_color":"","ocean_post_title_background":0,"ocean_post_title_bg_image_position":"","ocean_post_title_bg_image_attachment":"","ocean_post_title_bg_image_repeat":"","ocean_post_title_bg_image_size":"","ocean_post_title_height":0,"ocean_post_title_bg_overlay":0.5,"ocean_post_title_bg_overlay_color":"","ocean_disable_breadcrumbs":"default","ocean_breadcrumbs_color":"","ocean_breadcrumbs_separator_color":"","ocean_breadcrumbs_links_color":"","ocean_breadcrumbs_links_hover_color":"","ocean_display_footer_widgets":"default","ocean_display_footer_bottom":"default","ocean_custom_footer_template":""},"product_brand":[],"product_cat":[107],"product_tag":[],"class_list":{"0":"post-32982","1":"product","2":"type-product","3":"status-publish","4":"has-post-thumbnail","6":"product_cat-playstation-4","8":"entry","9":"has-media","11":"first","12":"instock","13":"taxable","14":"shipping-taxable","15":"purchasable","16":"product-type-simple","17":"col","18":"span_1_of_3","19":"owp-content-center","20":"owp-thumbs-layout-horizontal","21":"owp-btn-normal","22":"owp-tabs-layout-horizontal"},"aioseo_notices":[],"_links":{"self":[{"href":"https:\/\/kaotostore.com\/en\/wp-json\/wp\/v2\/product\/32982","targetHints":{"allow":["GET"]}}],"collection":[{"href":"https:\/\/kaotostore.com\/en\/wp-json\/wp\/v2\/product"}],"about":[{"href":"https:\/\/kaotostore.com\/en\/wp-json\/wp\/v2\/types\/product"}],"wp:featuredmedia":[{"embeddable":true,"href":"https:\/\/kaotostore.com\/en\/wp-json\/wp\/v2\/media\/23169"}],"wp:attachment":[{"href":"https:\/\/kaotostore.com\/en\/wp-json\/wp\/v2\/media?parent=32982"}],"wp:term":[{"taxonomy":"product_brand","embeddable":true,"href":"https:\/\/kaotostore.com\/en\/wp-json\/wp\/v2\/product_brand?post=32982"},{"taxonomy":"product_cat","embeddable":true,"href":"https:\/\/kaotostore.com\/en\/wp-json\/wp\/v2\/product_cat?post=32982"},{"taxonomy":"product_tag","embeddable":true,"href":"https:\/\/kaotostore.com\/en\/wp-json\/wp\/v2\/product_tag?post=32982"}],"curies":[{"name":"wp","href":"https:\/\/api.w.org\/{rel}","templated":true}]}}