{"id":32901,"date":"2026-03-24T11:35:30","date_gmt":"2026-03-24T10:35:30","guid":{"rendered":"https:\/\/kaotostore.com\/producto\/the-getaway-black-monday-playstation-2\/"},"modified":"2026-03-24T11:35:31","modified_gmt":"2026-03-24T10:35:31","slug":"the-getaway-black-monday-playstation-2","status":"publish","type":"product","link":"https:\/\/kaotostore.com\/en\/product\/the-getaway-black-monday-playstation-2\/","title":{"rendered":"The Getaway Black Monday PLAYSTATION 2"},"content":{"rendered":"<p>Con una mezcla de trama en\u00e9rgica para adultos, persecuciones de coches, tiroteos y un centro de Londres fotorrealista, Ahora vuelve m\u00e1s imponente, vulgar y sangriento que nunca con la exitosa secuela<span>\u00a0<\/span><em><strong>The Getaway: Black Monday<\/strong><\/em>.<\/p>\n<p>Explora m\u00e1s de 40 kil\u00f3metros cuadrados de calles londinenses incre\u00edblemente reales, como Trafalgar Square, Oxford Street y Thames Embankment, todas recreadas fielmente a partir de fotograf\u00edas y secuencias de v\u00eddeo de las zonas. A medida que se va desarrollando la oscura historia del hampa de Londres, ir\u00e1s explorando las cuatro esquinas de la capital inglesa a pie y en una variedad de veh\u00edculos, como motos de polic\u00eda, coches Smart y los m\u00edticos autobuses rojos de dos pisos.<\/p>\n<p>Tres vidas londinenses est\u00e1n a punto de chocar en una nube de violencia, intriga y asesinato. Es el primer d\u00eda de trabajo del Sargento Mitchell, reci\u00e9n incorporado al departamento de control de armas de la Metropolitan Police. Cuando el ataque militar de madrugada en una urbanizaci\u00f3n al este de Londres se vuelve peligroso, desencadena una serie de sucesos funestos que har\u00e1n que Mitch se enfrente al hombre m\u00e1s poderoso de Londres.<\/p>\n<p>Al otro lado de la ciudad, el duro boxeador Eddie O&#8217;Connor es duramente golpeado ya que el fracaso en el robo a un banco causa la muerte a gran parte de su banda. En este estado de desconcierto, su \u00fanica aliada ser\u00e1 una malhablada ladronzuela llamada Sam que es tan dura como guapa.<\/p>\n<p><!----><\/p>","protected":false},"excerpt":{"rendered":"<p>Con una mezcla de trama en\u00e9rgica para adultos, persecuciones de coches, tiroteos y un centro de Londres fotorrealista, Ahora vuelve m\u00e1s imponente, vulgar y sangriento que nunca con la exitosa secuela\u00a0The Getaway: Black Monday. Explora m\u00e1s de 40 kil\u00f3metros cuadrados de calles londinenses incre\u00edblemente reales, como Trafalgar Square, Oxford Street y Thames Embankment, todas recreadas [&hellip;]<\/p>\n","protected":false},"featured_media":23040,"template":"","meta":{"ocean_post_layout":"","ocean_both_sidebars_style":"","ocean_both_sidebars_content_width":0,"ocean_both_sidebars_sidebars_width":0,"ocean_sidebar":"","ocean_second_sidebar":"","ocean_disable_margins":"enable","ocean_add_body_class":"","ocean_shortcode_before_top_bar":"","ocean_shortcode_after_top_bar":"","ocean_shortcode_before_header":"","ocean_shortcode_after_header":"","ocean_has_shortcode":"","ocean_shortcode_after_title":"","ocean_shortcode_before_footer_widgets":"","ocean_shortcode_after_footer_widgets":"","ocean_shortcode_before_footer_bottom":"","ocean_shortcode_after_footer_bottom":"","ocean_display_top_bar":"default","ocean_display_header":"default","ocean_header_style":"","ocean_center_header_left_menu":"","ocean_custom_header_template":"","ocean_custom_logo":0,"ocean_custom_retina_logo":0,"ocean_custom_logo_max_width":0,"ocean_custom_logo_tablet_max_width":0,"ocean_custom_logo_mobile_max_width":0,"ocean_custom_logo_max_height":0,"ocean_custom_logo_tablet_max_height":0,"ocean_custom_logo_mobile_max_height":0,"ocean_header_custom_menu":"","ocean_menu_typo_font_family":"","ocean_menu_typo_font_subset":"","ocean_menu_typo_font_size":0,"ocean_menu_typo_font_size_tablet":0,"ocean_menu_typo_font_size_mobile":0,"ocean_menu_typo_font_size_unit":"px","ocean_menu_typo_font_weight":"","ocean_menu_typo_font_weight_tablet":"","ocean_menu_typo_font_weight_mobile":"","ocean_menu_typo_transform":"","ocean_menu_typo_transform_tablet":"","ocean_menu_typo_transform_mobile":"","ocean_menu_typo_line_height":0,"ocean_menu_typo_line_height_tablet":0,"ocean_menu_typo_line_height_mobile":0,"ocean_menu_typo_line_height_unit":"","ocean_menu_typo_spacing":0,"ocean_menu_typo_spacing_tablet":0,"ocean_menu_typo_spacing_mobile":0,"ocean_menu_typo_spacing_unit":"","ocean_menu_link_color":"","ocean_menu_link_color_hover":"","ocean_menu_link_color_active":"","ocean_menu_link_background":"","ocean_menu_link_hover_background":"","ocean_menu_link_active_background":"","ocean_menu_social_links_bg":"","ocean_menu_social_hover_links_bg":"","ocean_menu_social_links_color":"","ocean_menu_social_hover_links_color":"","ocean_disable_title":"default","ocean_disable_heading":"default","ocean_post_title":"","ocean_post_subheading":"","ocean_post_title_style":"","ocean_post_title_background_color":"","ocean_post_title_background":0,"ocean_post_title_bg_image_position":"","ocean_post_title_bg_image_attachment":"","ocean_post_title_bg_image_repeat":"","ocean_post_title_bg_image_size":"","ocean_post_title_height":0,"ocean_post_title_bg_overlay":0.5,"ocean_post_title_bg_overlay_color":"","ocean_disable_breadcrumbs":"default","ocean_breadcrumbs_color":"","ocean_breadcrumbs_separator_color":"","ocean_breadcrumbs_links_color":"","ocean_breadcrumbs_links_hover_color":"","ocean_display_footer_widgets":"default","ocean_display_footer_bottom":"default","ocean_custom_footer_template":""},"product_brand":[],"product_cat":[105,128],"product_tag":[],"class_list":{"0":"post-32901","1":"product","2":"type-product","3":"status-publish","4":"has-post-thumbnail","6":"product_cat-playstation-2","7":"product_cat-ultimas-entradas","9":"entry","10":"has-media","12":"first","13":"instock","14":"taxable","15":"shipping-taxable","16":"purchasable","17":"product-type-simple","18":"col","19":"span_1_of_3","20":"owp-content-center","21":"owp-thumbs-layout-horizontal","22":"owp-btn-normal","23":"owp-tabs-layout-horizontal","24":"has-no-thumbnails"},"aioseo_notices":[],"_links":{"self":[{"href":"https:\/\/kaotostore.com\/en\/wp-json\/wp\/v2\/product\/32901","targetHints":{"allow":["GET"]}}],"collection":[{"href":"https:\/\/kaotostore.com\/en\/wp-json\/wp\/v2\/product"}],"about":[{"href":"https:\/\/kaotostore.com\/en\/wp-json\/wp\/v2\/types\/product"}],"wp:featuredmedia":[{"embeddable":true,"href":"https:\/\/kaotostore.com\/en\/wp-json\/wp\/v2\/media\/23040"}],"wp:attachment":[{"href":"https:\/\/kaotostore.com\/en\/wp-json\/wp\/v2\/media?parent=32901"}],"wp:term":[{"taxonomy":"product_brand","embeddable":true,"href":"https:\/\/kaotostore.com\/en\/wp-json\/wp\/v2\/product_brand?post=32901"},{"taxonomy":"product_cat","embeddable":true,"href":"https:\/\/kaotostore.com\/en\/wp-json\/wp\/v2\/product_cat?post=32901"},{"taxonomy":"product_tag","embeddable":true,"href":"https:\/\/kaotostore.com\/en\/wp-json\/wp\/v2\/product_tag?post=32901"}],"curies":[{"name":"wp","href":"https:\/\/api.w.org\/{rel}","templated":true}]}}