{"id":32899,"date":"2026-03-24T11:35:27","date_gmt":"2026-03-24T10:35:27","guid":{"rendered":"https:\/\/kaotostore.com\/producto\/the-friends-of-ringo-ishikawa-arrest-of-a-stone-buddah-switch-importacion-japonesa\/"},"modified":"2026-03-24T11:35:28","modified_gmt":"2026-03-24T10:35:28","slug":"the-friends-of-ringo-ishikawa-arrest-of-a-stone-buddah-switch-importacion-japonesa","status":"publish","type":"product","link":"https:\/\/kaotostore.com\/en\/product\/the-friends-of-ringo-ishikawa-arrest-of-a-stone-buddah-switch-importacion-japonesa\/","title":{"rendered":"The Friends of Ringo Ishikawa + Arrest of a Stone Buddah SWITCH (Importaci\u00f3n japonesa)"},"content":{"rendered":"<p><strong><span style=\"color: rgb(255, 5, 5);\">Si desea im\u00e1genes adicionales del producto, puede solicitarlas desde el formulario de contacto o en el email kaototienda@gmail.com<\/span><\/p>\n<p>-Juego en castellano<br \/><\/strong><\/p>\n<p>\u00a0<\/p>\n<div class=\"col-xs-12 content\">\n<div class=\"col-xs-12 content\">\n<div class=\"row row-content\">\n<div class=\"col-xs-12 content\">\n<p>Ringo Ishikawa es el l\u00edder de un grupo de delincuentes y est\u00e1 en el \u00faltimo a\u00f1o del instituto, por lo que adem\u00e1s de distintos desaf\u00edos, tambi\u00e9n tendr\u00e1 que v\u00e9rselas con problemas cotidianos. T\u00fa decides qu\u00e9 hacer cada d\u00eda y, a medida que pasa el tiempo, empieza a desarrollarse la historia, inspirada en el mundo de la yakuza y la delincuencia. En esta historia encontrar\u00e1s bandas, amistades, pero, ante todo, el significado de hacerse mayor.<\/p>\n<p>Puedes enfrentarte a otras bandas y aprender a dominar los controles del juegos asestando pu\u00f1etazos, patadas y agarres mientras subes de nivel a Ringo y a sus secuaces. Tambi\u00e9n puedes ir de compras, tomarte algo en una local de comida r\u00e1pida o en una cafeter\u00eda, pasarte por el bar e, incluso, conseguir un trabajo para ganar dinero y gast\u00e1rtelo en comida, actividades, un televisor y muchas otras ventajas con las que podr\u00e1s desbloquear minijuegos. Por otro lado, tambi\u00e9n tienes que asistir a clase y hacer los deberes, y puedes elegir entre ser un alumno aplicado o hacer novillos.<\/p>\n<p>Los gr\u00e1ficos de estilo retro y la banda sonora crean una experiencia inolvidable. &#8220;The friends of Ringo Ishikawa&#8221; combina historia, acci\u00f3n y desaf\u00edos con un toque muy japon\u00e9s.<\/p>\n<p>Caracter\u00edsticas:<\/p>\n<p>\u25cf Un juego \u00fanico que combina un entorno muy variado con una historia detallada, mec\u00e1nicas de beat \u2018em up y mucho m\u00e1s.<\/p>\n<p>\u25cf Conoce al elenco de personajes y establece amistades, relaciones&#8230; \u00a1e incluso l\u00e1brate algunos enemigos!<\/p>\n<p>\u25cf Gr\u00e1ficos de estilo pixel de los que podr\u00e1s disfrutar tanto en el televisor como en la pantalla de la consola Nintendo Switch.<\/p>\n<p>\u25cf Una banda sonora memorable que le da mucha vida a la ciudad y a las zonas circundantes.<\/p>\n<p>\u25cf Gana dinero, mantente bien alimentado, estudia, ve a bares, cafeter\u00edas o restaurantes y disfruta de distintos minijuegos. \u00a1Hay muchas cosas que descubrir!<\/p>\n<\/div>\n<\/div>\n<\/div>\n<\/div>\n<p><strong><br \/><\/strong><\/p>\n<p>\u00a0<\/p>\n<p>\u00a0<\/p>\n<p><!----><\/p>","protected":false},"excerpt":{"rendered":"<p>Si desea im\u00e1genes adicionales del producto, puede solicitarlas desde el formulario de contacto o en el email kaototienda@gmail.com -Juego en castellano \u00a0 Ringo Ishikawa es el l\u00edder de un grupo de delincuentes y est\u00e1 en el \u00faltimo a\u00f1o del instituto, por lo que adem\u00e1s de distintos desaf\u00edos, tambi\u00e9n tendr\u00e1 que v\u00e9rselas con problemas cotidianos. T\u00fa [&hellip;]<\/p>\n","protected":false},"featured_media":23038,"template":"","meta":{"ocean_post_layout":"","ocean_both_sidebars_style":"","ocean_both_sidebars_content_width":0,"ocean_both_sidebars_sidebars_width":0,"ocean_sidebar":"","ocean_second_sidebar":"","ocean_disable_margins":"enable","ocean_add_body_class":"","ocean_shortcode_before_top_bar":"","ocean_shortcode_after_top_bar":"","ocean_shortcode_before_header":"","ocean_shortcode_after_header":"","ocean_has_shortcode":"","ocean_shortcode_after_title":"","ocean_shortcode_before_footer_widgets":"","ocean_shortcode_after_footer_widgets":"","ocean_shortcode_before_footer_bottom":"","ocean_shortcode_after_footer_bottom":"","ocean_display_top_bar":"default","ocean_display_header":"default","ocean_header_style":"","ocean_center_header_left_menu":"","ocean_custom_header_template":"","ocean_custom_logo":0,"ocean_custom_retina_logo":0,"ocean_custom_logo_max_width":0,"ocean_custom_logo_tablet_max_width":0,"ocean_custom_logo_mobile_max_width":0,"ocean_custom_logo_max_height":0,"ocean_custom_logo_tablet_max_height":0,"ocean_custom_logo_mobile_max_height":0,"ocean_header_custom_menu":"","ocean_menu_typo_font_family":"","ocean_menu_typo_font_subset":"","ocean_menu_typo_font_size":0,"ocean_menu_typo_font_size_tablet":0,"ocean_menu_typo_font_size_mobile":0,"ocean_menu_typo_font_size_unit":"px","ocean_menu_typo_font_weight":"","ocean_menu_typo_font_weight_tablet":"","ocean_menu_typo_font_weight_mobile":"","ocean_menu_typo_transform":"","ocean_menu_typo_transform_tablet":"","ocean_menu_typo_transform_mobile":"","ocean_menu_typo_line_height":0,"ocean_menu_typo_line_height_tablet":0,"ocean_menu_typo_line_height_mobile":0,"ocean_menu_typo_line_height_unit":"","ocean_menu_typo_spacing":0,"ocean_menu_typo_spacing_tablet":0,"ocean_menu_typo_spacing_mobile":0,"ocean_menu_typo_spacing_unit":"","ocean_menu_link_color":"","ocean_menu_link_color_hover":"","ocean_menu_link_color_active":"","ocean_menu_link_background":"","ocean_menu_link_hover_background":"","ocean_menu_link_active_background":"","ocean_menu_social_links_bg":"","ocean_menu_social_hover_links_bg":"","ocean_menu_social_links_color":"","ocean_menu_social_hover_links_color":"","ocean_disable_title":"default","ocean_disable_heading":"default","ocean_post_title":"","ocean_post_subheading":"","ocean_post_title_style":"","ocean_post_title_background_color":"","ocean_post_title_background":0,"ocean_post_title_bg_image_position":"","ocean_post_title_bg_image_attachment":"","ocean_post_title_bg_image_repeat":"","ocean_post_title_bg_image_size":"","ocean_post_title_height":0,"ocean_post_title_bg_overlay":0.5,"ocean_post_title_bg_overlay_color":"","ocean_disable_breadcrumbs":"default","ocean_breadcrumbs_color":"","ocean_breadcrumbs_separator_color":"","ocean_breadcrumbs_links_color":"","ocean_breadcrumbs_links_hover_color":"","ocean_display_footer_widgets":"default","ocean_display_footer_bottom":"default","ocean_custom_footer_template":""},"product_brand":[],"product_cat":[85,98,124,128],"product_tag":[],"class_list":{"0":"post-32899","1":"product","2":"type-product","3":"status-publish","4":"has-post-thumbnail","6":"product_cat-importacion","7":"product_cat-novedades","8":"product_cat-switch","9":"product_cat-ultimas-entradas","11":"entry","12":"has-media","14":"first","15":"instock","16":"taxable","17":"shipping-taxable","18":"purchasable","19":"product-type-simple","20":"col","21":"span_1_of_3","22":"owp-content-center","23":"owp-thumbs-layout-horizontal","24":"owp-btn-normal","25":"owp-tabs-layout-horizontal","26":"has-no-thumbnails"},"aioseo_notices":[],"_links":{"self":[{"href":"https:\/\/kaotostore.com\/en\/wp-json\/wp\/v2\/product\/32899","targetHints":{"allow":["GET"]}}],"collection":[{"href":"https:\/\/kaotostore.com\/en\/wp-json\/wp\/v2\/product"}],"about":[{"href":"https:\/\/kaotostore.com\/en\/wp-json\/wp\/v2\/types\/product"}],"wp:featuredmedia":[{"embeddable":true,"href":"https:\/\/kaotostore.com\/en\/wp-json\/wp\/v2\/media\/23038"}],"wp:attachment":[{"href":"https:\/\/kaotostore.com\/en\/wp-json\/wp\/v2\/media?parent=32899"}],"wp:term":[{"taxonomy":"product_brand","embeddable":true,"href":"https:\/\/kaotostore.com\/en\/wp-json\/wp\/v2\/product_brand?post=32899"},{"taxonomy":"product_cat","embeddable":true,"href":"https:\/\/kaotostore.com\/en\/wp-json\/wp\/v2\/product_cat?post=32899"},{"taxonomy":"product_tag","embeddable":true,"href":"https:\/\/kaotostore.com\/en\/wp-json\/wp\/v2\/product_tag?post=32899"}],"curies":[{"name":"wp","href":"https:\/\/api.w.org\/{rel}","templated":true}]}}