{"id":32814,"date":"2026-03-24T11:33:52","date_gmt":"2026-03-24T10:33:52","guid":{"rendered":"https:\/\/kaotostore.com\/producto\/the-art-of-blasphemous-ii\/"},"modified":"2026-04-09T12:14:08","modified_gmt":"2026-04-09T10:14:08","slug":"the-art-of-blasphemous-ii","status":"publish","type":"product","link":"https:\/\/kaotostore.com\/en\/product\/the-art-of-blasphemous-ii\/","title":{"rendered":"The Art of Blasphemous II"},"content":{"rendered":"<p><strong><span style=\"color: rgb(255, 5, 5);\">Si desea im\u00e1genes adicionales del producto, puede solicitarlas desde el formulario de contacto o en el email kaototienda@gmail.com<\/span><\/p>\n<p>-Libro en castellano<\/strong><\/p>\n<div class=\"av_promobox av-k4mqomu3-73dc09f72eb9de31970fb60d8353a83c avia-button-yes  avia-builder-el-15  el_after_av_hr  el_before_av_one_full\">\n<div class=\"avia-promocontent\">\n<p>\u00a0<\/p>\n<\/div>\n<\/div>\n<div class=\"flex_column av-3ocrbr-4026a1861abed1b446652b0d0a24bf83 av_one_full  avia-builder-el-16  el_after_av_promobox  el_before_av_one_full  first flex_column_div av-zero-column-padding\">\n<section class=\"avia_codeblock_section  avia_code_block_1\">\n<div class=\"avia_codeblock\">\n<div id=\"info\"><\/div>\n<\/div>\n<\/section>\n<section class=\"av_textblock_section av-zg2vuf-1-8ac8d4baed33d57ab662e720279fc65a\">\n<div class=\"avia_textblock\">\n<p>\u00bfEs cierto que el gobierno japon\u00e9s pidi\u00f3 a <strong>Enix<\/strong> que no lanzaran sus juegos entre semana para que los chavales no se saltaran las clases? \u00bfSab\u00edas que cierto cl\u00e1sico de Mega Drive naci\u00f3 originalmente como un spin-off de <strong><em>Dragon Quest<\/em><\/strong>? \u00bfC\u00f3mo afect\u00f3 a la franquicia la fusi\u00f3n entre <strong>Squaresoft<\/strong> y <strong>Enix<\/strong>?<\/p>\n<p>Encuentra la respuesta a estas y muchas otras preguntas en <strong><em>La Leyenda de Dragon Quest<\/em><\/strong>, el libro dedicado a la franquicia que sent\u00f3 las bases del g\u00e9nero JRPG.<\/p>\n<p>En sus p\u00e1ginas encontrar\u00e1s la historia de c\u00f3mo se gest\u00f3 cada juego y de la gente que estuvo detr\u00e1s, desde primer lanzamiento para Famicom hasta todas las entregas que llegar\u00edan despu\u00e9s a lo largo de las posteriores d\u00e9cadas, incluyendo los spin-off.<\/p>\n<p>Lejos de ofrecer la informaci\u00f3n habitual, el autor <strong>Daniel Andrey<\/strong> ha entrevistado a varios de los m\u00e1ximos implicados en la saga <strong><em>Dragon Quest<\/em><\/strong>, e incluso estuvo en las m\u00edticas colas en Akihabara (Jap\u00f3n) para adquirir algunos t\u00edtulos en su d\u00eda de lanzamiento y vivir esa experiencia.<\/p>\n<p>Conoce la fuente de inspiraci\u00f3n de <strong>Yuji Horii<\/strong> para crear el juego que sentar\u00eda las bases de los JRPG, y descubre c\u00f3mo \u2014o, mejor dicho, a trav\u00e9s de qui\u00e9n\u2014 se conocieron <strong>Horii <\/strong>y <strong>Akira Toriyama<\/strong>, el creador de <strong><em>Dr Slump<\/em><\/strong> y <strong><em>Dragon Ball<\/em><\/strong> que acabar\u00eda dise\u00f1ando todos los h\u00e9roes y monstruos de la franquicia.<\/p>\n<p>Avent\u00farate en las trilog\u00edas de Roto y Tenku, indaga en las repercusiones que tuvo el salto de la franquicia fuera del ecosistema de consolas Nintendo, sorpr\u00e9ndete con el impacto cultural de la saga en Jap\u00f3n, y ad\u00e9ntrate en las luces y sombras que envuelven la figura de <strong>Koichi Sugiyama<\/strong>, el genial compositor que envolvi\u00f3 el mundo de <strong><em>Dragon Quest<\/em><\/strong> de melod\u00edas inolvidables, incluyendo la fanfarria m\u00e1s reconocible de la historia de los videojuegos.<\/p>\n<p><strong><em>La Leyenda de Dragon Quest<\/em><\/strong> llega en una <strong>edici\u00f3n revisada y actualizada<\/strong>, con <strong>pr\u00f3logo de <\/strong><strong>Daniel Quesada<\/strong> (redactor de <em>Hobby Consolas<\/em> y devoto fan de la franquicia) y que incluye un<strong> cap\u00edtulo exclusivo escrito por<\/strong> <strong>Bruno Sol<\/strong>, que cubre todo los lanzamientos que han ido apareciendo en el mercado desde la salida del libro en el extranjero, as\u00ed como el futuro de una saga que ha marcado la vida de millones de jugadores.<\/p>\n<p>El libro que todo verdadero fan de <strong><em>Dragon Quest<\/em><\/strong> no se perder\u00e1.<\/p>\n<\/div>\n<\/section>\n<\/div>\n<div class=\"flex_column av-wfav5c-f43c363c4bc2d11224bb7a7596018aea av_one_full  avia-builder-el-19  el_after_av_one_full  el_before_av_one_full  first flex_column_div av-zero-column-padding  column-top-margin\">\n<section class=\"av_textblock_section av-lixhqig5-deec61591d35b3fbf0d8173bdd3f0a3c\">\n<div class=\"avia_textblock\">\n<p><span style=\"color: #3366ff;\"><strong>CLAVES DEL LIBRO:<\/strong><\/span><\/p>\n<ul>\n<li>224 p\u00e1ginas dedicadas \u00edntegramente a Dragon Quest<\/li>\n<li>Abarca toda la franquicia Dragon Quest, toda su historia desde sus or\u00edgenes hasta la actualidad tratados al detalle<\/li>\n<li>Todas las claves de la saga, cientos de curiosidades\u00a0y el por qu\u00e9 Dragon Quest es un s\u00edmbolo japon\u00e9s<\/li>\n<li>Descubre la vida de las personas que est\u00e1n detr\u00e1s de la franquicia<\/li>\n<li>Contenido proporcionado por el mismo autor, recopilado durante d\u00e9cadas de recopilar informaci\u00f3n, incluidas diversas entrevistas que \u00e9l mismo realiz\u00f3<\/li>\n<li>Cap\u00edtulo extra que actualiza el libro respecto a la edici\u00f3n internacional, exclusivo de esta edici\u00f3n, escrito por Bruno Sol<\/li>\n<li>Prologado por Daniel Quesada, redactor en Hobby Consolas y seguidor ac\u00e9rrimo de Dragon Quest<\/li>\n<li>Imprescindible si eres fan de los JRPG y quieres adentrarte a fondo en el mundo de Dragon Quest<\/li>\n<\/ul>\n<\/div>\n<\/section>\n<\/div>\n<p><span><br \/><\/span><\/p>\n<p><!----><\/p>","protected":false},"excerpt":{"rendered":"<p>Si desea im\u00e1genes adicionales del producto, puede solicitarlas desde el formulario de contacto o en el email kaototienda@gmail.com -Libro en castellano \u00a0 \u00bfEs cierto que el gobierno japon\u00e9s pidi\u00f3 a Enix que no lanzaran sus juegos entre semana para que los chavales no se saltaran las clases? \u00bfSab\u00edas que cierto cl\u00e1sico de Mega Drive naci\u00f3 [&hellip;]<\/p>\n","protected":false},"featured_media":22887,"template":"","meta":{"ocean_post_layout":"","ocean_both_sidebars_style":"","ocean_both_sidebars_content_width":0,"ocean_both_sidebars_sidebars_width":0,"ocean_sidebar":"","ocean_second_sidebar":"","ocean_disable_margins":"enable","ocean_add_body_class":"","ocean_shortcode_before_top_bar":"","ocean_shortcode_after_top_bar":"","ocean_shortcode_before_header":"","ocean_shortcode_after_header":"","ocean_has_shortcode":"","ocean_shortcode_after_title":"","ocean_shortcode_before_footer_widgets":"","ocean_shortcode_after_footer_widgets":"","ocean_shortcode_before_footer_bottom":"","ocean_shortcode_after_footer_bottom":"","ocean_display_top_bar":"default","ocean_display_header":"default","ocean_header_style":"","ocean_center_header_left_menu":"","ocean_custom_header_template":"","ocean_custom_logo":0,"ocean_custom_retina_logo":0,"ocean_custom_logo_max_width":0,"ocean_custom_logo_tablet_max_width":0,"ocean_custom_logo_mobile_max_width":0,"ocean_custom_logo_max_height":0,"ocean_custom_logo_tablet_max_height":0,"ocean_custom_logo_mobile_max_height":0,"ocean_header_custom_menu":"","ocean_menu_typo_font_family":"","ocean_menu_typo_font_subset":"","ocean_menu_typo_font_size":0,"ocean_menu_typo_font_size_tablet":0,"ocean_menu_typo_font_size_mobile":0,"ocean_menu_typo_font_size_unit":"px","ocean_menu_typo_font_weight":"","ocean_menu_typo_font_weight_tablet":"","ocean_menu_typo_font_weight_mobile":"","ocean_menu_typo_transform":"","ocean_menu_typo_transform_tablet":"","ocean_menu_typo_transform_mobile":"","ocean_menu_typo_line_height":0,"ocean_menu_typo_line_height_tablet":0,"ocean_menu_typo_line_height_mobile":0,"ocean_menu_typo_line_height_unit":"","ocean_menu_typo_spacing":0,"ocean_menu_typo_spacing_tablet":0,"ocean_menu_typo_spacing_mobile":0,"ocean_menu_typo_spacing_unit":"","ocean_menu_link_color":"","ocean_menu_link_color_hover":"","ocean_menu_link_color_active":"","ocean_menu_link_background":"","ocean_menu_link_hover_background":"","ocean_menu_link_active_background":"","ocean_menu_social_links_bg":"","ocean_menu_social_hover_links_bg":"","ocean_menu_social_links_color":"","ocean_menu_social_hover_links_color":"","ocean_disable_title":"default","ocean_disable_heading":"default","ocean_post_title":"","ocean_post_subheading":"","ocean_post_title_style":"","ocean_post_title_background_color":"","ocean_post_title_background":0,"ocean_post_title_bg_image_position":"","ocean_post_title_bg_image_attachment":"","ocean_post_title_bg_image_repeat":"","ocean_post_title_bg_image_size":"","ocean_post_title_height":0,"ocean_post_title_bg_overlay":0.5,"ocean_post_title_bg_overlay_color":"","ocean_disable_breadcrumbs":"default","ocean_breadcrumbs_color":"","ocean_breadcrumbs_separator_color":"","ocean_breadcrumbs_links_color":"","ocean_breadcrumbs_links_hover_color":"","ocean_display_footer_widgets":"default","ocean_display_footer_bottom":"default","ocean_custom_footer_template":""},"product_brand":[],"product_cat":[71,128],"product_tag":[],"class_list":{"0":"post-32814","1":"product","2":"type-product","3":"status-publish","4":"has-post-thumbnail","6":"product_cat-artbooks-libros-de-divulgacion-comic-manga-guias","7":"product_cat-ultimas-entradas","9":"entry","10":"has-media","12":"first","13":"instock","14":"taxable","15":"shipping-taxable","16":"purchasable","17":"product-type-simple","18":"col","19":"span_1_of_3","20":"owp-content-center","21":"owp-thumbs-layout-horizontal","22":"owp-btn-normal","23":"owp-tabs-layout-horizontal","24":"has-no-thumbnails"},"aioseo_notices":[],"_links":{"self":[{"href":"https:\/\/kaotostore.com\/en\/wp-json\/wp\/v2\/product\/32814","targetHints":{"allow":["GET"]}}],"collection":[{"href":"https:\/\/kaotostore.com\/en\/wp-json\/wp\/v2\/product"}],"about":[{"href":"https:\/\/kaotostore.com\/en\/wp-json\/wp\/v2\/types\/product"}],"wp:featuredmedia":[{"embeddable":true,"href":"https:\/\/kaotostore.com\/en\/wp-json\/wp\/v2\/media\/22887"}],"wp:attachment":[{"href":"https:\/\/kaotostore.com\/en\/wp-json\/wp\/v2\/media?parent=32814"}],"wp:term":[{"taxonomy":"product_brand","embeddable":true,"href":"https:\/\/kaotostore.com\/en\/wp-json\/wp\/v2\/product_brand?post=32814"},{"taxonomy":"product_cat","embeddable":true,"href":"https:\/\/kaotostore.com\/en\/wp-json\/wp\/v2\/product_cat?post=32814"},{"taxonomy":"product_tag","embeddable":true,"href":"https:\/\/kaotostore.com\/en\/wp-json\/wp\/v2\/product_tag?post=32814"}],"curies":[{"name":"wp","href":"https:\/\/api.w.org\/{rel}","templated":true}]}}