{"id":32813,"date":"2026-03-24T11:33:51","date_gmt":"2026-03-24T10:33:51","guid":{"rendered":"https:\/\/kaotostore.com\/producto\/the-art-of-blasphemous-complete-edition\/"},"modified":"2026-04-09T12:14:09","modified_gmt":"2026-04-09T10:14:09","slug":"the-art-of-blasphemous-complete-edition","status":"publish","type":"product","link":"https:\/\/kaotostore.com\/en\/product\/the-art-of-blasphemous-complete-edition\/","title":{"rendered":"The Art of Blasphemous Complete Edition"},"content":{"rendered":"<p><strong><span style=\"color: rgb(255, 5, 5);\">Si desea im\u00e1genes adicionales del producto, puede solicitarlas desde el formulario de contacto o en el email kaototienda@gmail.com<\/span><\/p>\n<p>-Libro en castellano<\/strong><\/p>\n<div class=\"av_promobox av-k4mqomu3-73dc09f72eb9de31970fb60d8353a83c avia-button-yes  avia-builder-el-15  el_after_av_hr  el_before_av_one_full\">\n<div class=\"avia-promocontent\">\n<p>\u00a0<\/p>\n<\/div>\n<\/div>\n<div class=\"flex_column av-3ocrbr-4026a1861abed1b446652b0d0a24bf83 av_one_full  avia-builder-el-16  el_after_av_promobox  el_before_av_one_full  first flex_column_div av-zero-column-padding\">\n<section class=\"avia_codeblock_section  avia_code_block_1\">\n<div class=\"avia_codeblock\">\n<div id=\"info\">\n<section id=\"info\" class=\"av_textblock_section av-zg2vuf-1-bb6d27dd836b899dd864a4cbc59d362c\" itemscope=\"itemscope\" itemtype=\"https:\/\/schema.org\/CreativeWork\">\n<div class=\"avia_textblock\" itemprop=\"text\">\n<p>Lleg\u00f3 la hora de regresar a Cvstodia.<\/p>\n<p><strong><em>The Art of Blasphemous Complete<\/em><\/strong> es la esperada edici\u00f3n revisada y ampliada del libro de arte del primer<strong> <em>Blasphemous<\/em><\/strong>, un volumen exhaustivo que re\u00fane todo el material visual creado para el juego original y sus tres <em>DLCs<\/em>: <em>The Stir of Dawn<\/em>, <em>Strife &amp; Ruin<\/em> y <em>Wounds of Eventide<\/em>. <strong>Concebido por The Game Kitchen<\/strong>, este libro ofrece la mirada m\u00e1s profunda y completa al proceso creativo del t\u00edtulo que dio inicio a la Penitencia.<\/p>\n<p>Esta edici\u00f3n monumental ampl\u00eda por completo el contenido del primer volumen, ofreciendo <strong>304 p\u00e1ginas<\/strong> (<strong>112 m\u00e1s que la edici\u00f3n original<\/strong>) repletas de ilustraciones conceptuales en alta resoluci\u00f3n, pixel art, bocetos, dise\u00f1os descartados, procesos creativos y una cuidada selecci\u00f3n de piezas in\u00e9ditas surgidas durante la producci\u00f3n.<\/p>\n<p>Cada apartado est\u00e1 acompa\u00f1ado por <strong>textos \u2014espa\u00f1ol e ingl\u00e9s\u2014 escritos por el propio equipo art\u00edstico<\/strong>, que desvelan la simbolog\u00eda, ideas y referencias que dieron forma al universo de Cvstodia.<\/p>\n<p>La edici\u00f3n destaca por su formato de 22,8 \u00d7 30,5 cm y por una producci\u00f3n de alt\u00edsima calidad: <strong>tapa dura<\/strong>, <strong>cubierta con relieve 3D y barniz<\/strong>, papel de alto gramaje con <strong>tratamiento antirreflejos<\/strong> e <strong>impresi\u00f3n offset LED a 7 colores<\/strong>, que proporciona una intensidad crom\u00e1tica excepcional. La encuadernaci\u00f3n cosida con hilo, el <strong>punto de libro de tela<\/strong> y las numerosas mejoras y correcciones respecto al primer volumen conforman una <strong>edici\u00f3n exquisitamente cuidada<\/strong>, que, adem\u00e1s, ha sido redise\u00f1ada para mantener plena coherencia visual con <strong><em>The Art of Blasphemous II<\/em><\/strong>.<\/p>\n<p>La obra definitiva para adentrarse por completo en el oscuro imaginario del primer <strong><em>Blasphemous<\/em><\/strong>.<\/p>\n<\/div>\n<\/section>\n<\/div>\n<\/div>\n<\/section>\n<\/div>","protected":false},"excerpt":{"rendered":"<p>Si desea im\u00e1genes adicionales del producto, puede solicitarlas desde el formulario de contacto o en el email kaototienda@gmail.com -Libro en castellano \u00a0 Lleg\u00f3 la hora de regresar a Cvstodia. The Art of Blasphemous Complete es la esperada edici\u00f3n revisada y ampliada del libro de arte del primer Blasphemous, un volumen exhaustivo que re\u00fane todo el [&hellip;]<\/p>\n","protected":false},"featured_media":22882,"template":"","meta":{"ocean_post_layout":"","ocean_both_sidebars_style":"","ocean_both_sidebars_content_width":0,"ocean_both_sidebars_sidebars_width":0,"ocean_sidebar":"","ocean_second_sidebar":"","ocean_disable_margins":"enable","ocean_add_body_class":"","ocean_shortcode_before_top_bar":"","ocean_shortcode_after_top_bar":"","ocean_shortcode_before_header":"","ocean_shortcode_after_header":"","ocean_has_shortcode":"","ocean_shortcode_after_title":"","ocean_shortcode_before_footer_widgets":"","ocean_shortcode_after_footer_widgets":"","ocean_shortcode_before_footer_bottom":"","ocean_shortcode_after_footer_bottom":"","ocean_display_top_bar":"default","ocean_display_header":"default","ocean_header_style":"","ocean_center_header_left_menu":"","ocean_custom_header_template":"","ocean_custom_logo":0,"ocean_custom_retina_logo":0,"ocean_custom_logo_max_width":0,"ocean_custom_logo_tablet_max_width":0,"ocean_custom_logo_mobile_max_width":0,"ocean_custom_logo_max_height":0,"ocean_custom_logo_tablet_max_height":0,"ocean_custom_logo_mobile_max_height":0,"ocean_header_custom_menu":"","ocean_menu_typo_font_family":"","ocean_menu_typo_font_subset":"","ocean_menu_typo_font_size":0,"ocean_menu_typo_font_size_tablet":0,"ocean_menu_typo_font_size_mobile":0,"ocean_menu_typo_font_size_unit":"px","ocean_menu_typo_font_weight":"","ocean_menu_typo_font_weight_tablet":"","ocean_menu_typo_font_weight_mobile":"","ocean_menu_typo_transform":"","ocean_menu_typo_transform_tablet":"","ocean_menu_typo_transform_mobile":"","ocean_menu_typo_line_height":0,"ocean_menu_typo_line_height_tablet":0,"ocean_menu_typo_line_height_mobile":0,"ocean_menu_typo_line_height_unit":"","ocean_menu_typo_spacing":0,"ocean_menu_typo_spacing_tablet":0,"ocean_menu_typo_spacing_mobile":0,"ocean_menu_typo_spacing_unit":"","ocean_menu_link_color":"","ocean_menu_link_color_hover":"","ocean_menu_link_color_active":"","ocean_menu_link_background":"","ocean_menu_link_hover_background":"","ocean_menu_link_active_background":"","ocean_menu_social_links_bg":"","ocean_menu_social_hover_links_bg":"","ocean_menu_social_links_color":"","ocean_menu_social_hover_links_color":"","ocean_disable_title":"default","ocean_disable_heading":"default","ocean_post_title":"","ocean_post_subheading":"","ocean_post_title_style":"","ocean_post_title_background_color":"","ocean_post_title_background":0,"ocean_post_title_bg_image_position":"","ocean_post_title_bg_image_attachment":"","ocean_post_title_bg_image_repeat":"","ocean_post_title_bg_image_size":"","ocean_post_title_height":0,"ocean_post_title_bg_overlay":0.5,"ocean_post_title_bg_overlay_color":"","ocean_disable_breadcrumbs":"default","ocean_breadcrumbs_color":"","ocean_breadcrumbs_separator_color":"","ocean_breadcrumbs_links_color":"","ocean_breadcrumbs_links_hover_color":"","ocean_display_footer_widgets":"default","ocean_display_footer_bottom":"default","ocean_custom_footer_template":""},"product_brand":[],"product_cat":[71,98,128],"product_tag":[],"class_list":{"0":"post-32813","1":"product","2":"type-product","3":"status-publish","4":"has-post-thumbnail","6":"product_cat-artbooks-libros-de-divulgacion-comic-manga-guias","7":"product_cat-novedades","8":"product_cat-ultimas-entradas","10":"entry","11":"has-media","13":"first","14":"instock","15":"taxable","16":"shipping-taxable","17":"purchasable","18":"product-type-simple","19":"col","20":"span_1_of_3","21":"owp-content-center","22":"owp-thumbs-layout-horizontal","23":"owp-btn-normal","24":"owp-tabs-layout-horizontal"},"aioseo_notices":[],"_links":{"self":[{"href":"https:\/\/kaotostore.com\/en\/wp-json\/wp\/v2\/product\/32813","targetHints":{"allow":["GET"]}}],"collection":[{"href":"https:\/\/kaotostore.com\/en\/wp-json\/wp\/v2\/product"}],"about":[{"href":"https:\/\/kaotostore.com\/en\/wp-json\/wp\/v2\/types\/product"}],"wp:featuredmedia":[{"embeddable":true,"href":"https:\/\/kaotostore.com\/en\/wp-json\/wp\/v2\/media\/22882"}],"wp:attachment":[{"href":"https:\/\/kaotostore.com\/en\/wp-json\/wp\/v2\/media?parent=32813"}],"wp:term":[{"taxonomy":"product_brand","embeddable":true,"href":"https:\/\/kaotostore.com\/en\/wp-json\/wp\/v2\/product_brand?post=32813"},{"taxonomy":"product_cat","embeddable":true,"href":"https:\/\/kaotostore.com\/en\/wp-json\/wp\/v2\/product_cat?post=32813"},{"taxonomy":"product_tag","embeddable":true,"href":"https:\/\/kaotostore.com\/en\/wp-json\/wp\/v2\/product_tag?post=32813"}],"curies":[{"name":"wp","href":"https:\/\/api.w.org\/{rel}","templated":true}]}}