{"id":32807,"date":"2026-03-24T11:33:44","date_gmt":"2026-03-24T10:33:44","guid":{"rendered":"https:\/\/kaotostore.com\/producto\/the-amazing-spider-man-vita\/"},"modified":"2026-04-09T15:34:52","modified_gmt":"2026-04-09T13:34:52","slug":"the-amazing-spider-man-vita","status":"publish","type":"product","link":"https:\/\/kaotostore.com\/en\/product\/the-amazing-spider-man-vita\/","title":{"rendered":"The Amazing Spider-Man VITA"},"content":{"rendered":"<div>\n<div><strong><span style=\"color: #ff0505;\">Si desea im\u00e1genes adicionales del producto, puede solicitarlas desde el formulario de contacto o en el email kaototienda@gmail.com<\/span><\/strong><\/div>\n<div><\/div>\n<div>\n<p>Los jugadores asumen el rol de Peter Parker cuando descubre sus nuevos poderes y se convierten en <em>Spider-Man<\/em>, un joven superh\u00e9roe con nuevas responsabilidades y usa el innovador sistema Web-Rush para desplazarse libremente por Manhattan y combatir a los criminales, sacados del cl\u00e1sico de Marvel S\u00faper Villanos. Juega en esta historia original creada por el escritor de Hollywood Seamus Kevin Fahey (Spartacus: Dioses de la Arena, Battlestar Gal\u00e1ctica) que sucede tras los acontecimientos de la pel\u00edcula.<\/p>\n<h4>Caracter\u00edsticas:<\/h4>\n<ul>\n<li><strong>Muestra tu habilidad como Productor<\/strong> &#8211; Demuestra que eres el productor perfecto para Idols CPU eligiendo sus actividades diarias, mejorar las estad\u00edsticas con diferentes lecciones e incrementar su base de fans con eventos.<\/li>\n<li><strong>Ponte a prueba<\/strong> &#8211; \u00a1Disfruta el estrafalario elenco de Neptunia mientras hablan por los codos en eventos!<\/li>\n<li><strong>\u00a1Luces, c\u00e1maras, moe!<\/strong> &#8211; Haz que tus CPUs sean las Idols m\u00e1s famosas de Gamindustri con dando estrafalarios conciertos, mezclando efectos del escenario y movimientos de c\u00e1mara profesionales para animar al p\u00fablico.<\/li>\n<li><strong>\u00a1Vestiros de etiqueta!<\/strong> &#8211; En el modo espectador, podr\u00e1s interactuar con las CPUs y personalizar su ropa, creando el look m\u00e1s estrafalario que puedas imaginar.<\/li>\n<\/ul>\n<\/div>\n<\/div>\n<p>&nbsp;<\/p>","protected":false},"excerpt":{"rendered":"<p>Si desea im\u00e1genes adicionales del producto, puede solicitarlas desde el formulario de contacto o en el email kaototienda@gmail.com Los jugadores asumen el rol de Peter Parker cuando descubre sus nuevos poderes y se convierten en Spider-Man, un joven superh\u00e9roe con nuevas responsabilidades y usa el innovador sistema Web-Rush para desplazarse libremente por Manhattan y combatir [&hellip;]<\/p>\n","protected":false},"featured_media":22869,"template":"","meta":{"ocean_post_layout":"","ocean_both_sidebars_style":"","ocean_both_sidebars_content_width":0,"ocean_both_sidebars_sidebars_width":0,"ocean_sidebar":"0","ocean_second_sidebar":"0","ocean_disable_margins":"enable","ocean_add_body_class":"","ocean_shortcode_before_top_bar":"","ocean_shortcode_after_top_bar":"","ocean_shortcode_before_header":"","ocean_shortcode_after_header":"","ocean_has_shortcode":"","ocean_shortcode_after_title":"","ocean_shortcode_before_footer_widgets":"","ocean_shortcode_after_footer_widgets":"","ocean_shortcode_before_footer_bottom":"","ocean_shortcode_after_footer_bottom":"","ocean_display_top_bar":"default","ocean_display_header":"default","ocean_header_style":"","ocean_center_header_left_menu":"0","ocean_custom_header_template":"0","ocean_custom_logo":0,"ocean_custom_retina_logo":0,"ocean_custom_logo_max_width":0,"ocean_custom_logo_tablet_max_width":0,"ocean_custom_logo_mobile_max_width":0,"ocean_custom_logo_max_height":0,"ocean_custom_logo_tablet_max_height":0,"ocean_custom_logo_mobile_max_height":0,"ocean_header_custom_menu":"0","ocean_menu_typo_font_family":"0","ocean_menu_typo_font_subset":"","ocean_menu_typo_font_size":0,"ocean_menu_typo_font_size_tablet":0,"ocean_menu_typo_font_size_mobile":0,"ocean_menu_typo_font_size_unit":"px","ocean_menu_typo_font_weight":"","ocean_menu_typo_font_weight_tablet":"","ocean_menu_typo_font_weight_mobile":"","ocean_menu_typo_transform":"","ocean_menu_typo_transform_tablet":"","ocean_menu_typo_transform_mobile":"","ocean_menu_typo_line_height":0,"ocean_menu_typo_line_height_tablet":0,"ocean_menu_typo_line_height_mobile":0,"ocean_menu_typo_line_height_unit":"","ocean_menu_typo_spacing":0,"ocean_menu_typo_spacing_tablet":0,"ocean_menu_typo_spacing_mobile":0,"ocean_menu_typo_spacing_unit":"","ocean_menu_link_color":"","ocean_menu_link_color_hover":"","ocean_menu_link_color_active":"","ocean_menu_link_background":"","ocean_menu_link_hover_background":"","ocean_menu_link_active_background":"","ocean_menu_social_links_bg":"","ocean_menu_social_hover_links_bg":"","ocean_menu_social_links_color":"","ocean_menu_social_hover_links_color":"","ocean_disable_title":"default","ocean_disable_heading":"default","ocean_post_title":"","ocean_post_subheading":"","ocean_post_title_style":"","ocean_post_title_background_color":"","ocean_post_title_background":0,"ocean_post_title_bg_image_position":"","ocean_post_title_bg_image_attachment":"","ocean_post_title_bg_image_repeat":"","ocean_post_title_bg_image_size":"","ocean_post_title_height":0,"ocean_post_title_bg_overlay":0.5,"ocean_post_title_bg_overlay_color":"","ocean_disable_breadcrumbs":"default","ocean_breadcrumbs_color":"","ocean_breadcrumbs_separator_color":"","ocean_breadcrumbs_links_color":"","ocean_breadcrumbs_links_hover_color":"","ocean_display_footer_widgets":"default","ocean_display_footer_bottom":"default","ocean_custom_footer_template":"0"},"product_brand":[],"product_cat":[128,131],"product_tag":[],"class_list":{"0":"post-32807","1":"product","2":"type-product","3":"status-publish","4":"has-post-thumbnail","6":"product_cat-ultimas-entradas","7":"product_cat-vita","9":"entry","10":"has-media","12":"first","13":"outofstock","14":"taxable","15":"shipping-taxable","16":"purchasable","17":"product-type-simple","18":"col","19":"span_1_of_3","20":"owp-content-center","21":"owp-thumbs-layout-horizontal","22":"owp-btn-normal","23":"owp-tabs-layout-horizontal","24":"has-no-thumbnails"},"aioseo_notices":[],"_links":{"self":[{"href":"https:\/\/kaotostore.com\/en\/wp-json\/wp\/v2\/product\/32807","targetHints":{"allow":["GET"]}}],"collection":[{"href":"https:\/\/kaotostore.com\/en\/wp-json\/wp\/v2\/product"}],"about":[{"href":"https:\/\/kaotostore.com\/en\/wp-json\/wp\/v2\/types\/product"}],"wp:featuredmedia":[{"embeddable":true,"href":"https:\/\/kaotostore.com\/en\/wp-json\/wp\/v2\/media\/22869"}],"wp:attachment":[{"href":"https:\/\/kaotostore.com\/en\/wp-json\/wp\/v2\/media?parent=32807"}],"wp:term":[{"taxonomy":"product_brand","embeddable":true,"href":"https:\/\/kaotostore.com\/en\/wp-json\/wp\/v2\/product_brand?post=32807"},{"taxonomy":"product_cat","embeddable":true,"href":"https:\/\/kaotostore.com\/en\/wp-json\/wp\/v2\/product_cat?post=32807"},{"taxonomy":"product_tag","embeddable":true,"href":"https:\/\/kaotostore.com\/en\/wp-json\/wp\/v2\/product_tag?post=32807"}],"curies":[{"name":"wp","href":"https:\/\/api.w.org\/{rel}","templated":true}]}}