{"id":32780,"date":"2026-03-24T11:33:19","date_gmt":"2026-03-24T10:33:19","guid":{"rendered":"https:\/\/kaotostore.com\/producto\/tetris-la-novela-grafica\/"},"modified":"2026-04-09T12:14:13","modified_gmt":"2026-04-09T10:14:13","slug":"tetris-la-novela-grafica","status":"publish","type":"product","link":"https:\/\/kaotostore.com\/en\/product\/tetris-la-novela-grafica\/","title":{"rendered":"Tetris La Novela Grafica"},"content":{"rendered":"<p><strong>-Libro en castellano<\/strong><\/p>\n<div class=\"av_promobox av-k4mqomu3-f844351c262b0e2803e99596238a56bb avia-button-yes  avia-builder-el-21  el_after_av_hr  el_before_av_hr\">\n<div class=\"avia-promocontent\"><\/div>\n<div class=\"avia-button-wrap av-k4mqomu3-dca8eb8e8b9f1a1515914c35cd629cbf-wrap avia-button-right\"><\/div>\n<\/div>\n<div class=\"hr av-k4mqtv6q-4-55f4dd7cfd6f4bd953ce720d106d63c1 hr-custom  avia-builder-el-22  el_after_av_promobox  el_before_av_one_full  hr-center hr-icon-no\">\n<span class=\"hr-inner inner-border-av-border-thin\"><span class=\"hr-inner-style\"><\/span><\/span>\n<\/div>\n<div class=\"flex_column av-3ocrbr-4026a1861abed1b446652b0d0a24bf83 av_one_full  avia-builder-el-23  el_after_av_hr  el_before_av_one_half  first flex_column_div av-zero-column-padding\">\n<section class=\"av_textblock_section av-zg2vuf-6f0bc0891d770ad4f32bf72db197d79e\" itemtype=\"https:\/\/schema.org\/CreativeWork\" itemscope=\"itemscope\">\n<div class=\"avia_textblock\" itemprop=\"text\">\n<p><span>Probablemente sea el videojuego perfecto. Simple pero adictivo, Tetris plantea un irresistible puzle sin fin que mantiene a los jugadores pegados a la pantalla. Si juegas durante un buen rato, observar\u00e1s esas coloridas formas geom\u00e9tricas por todas partes. \u00a1Incluso las ver\u00e1s en sue\u00f1os. Alexey Pajitnov tuvo una idea brillante. En 1984 cre\u00f3 Tetris mientras desarrollaba software para el Gobierno sovi\u00e9tico. Cuando eludi\u00f3 el tel\u00f3n de acero, tuvo un \u00e9xito inmediato. Nintendo, Atari, Sega y otras desarrolladoras de videojuegos, tanto grandes como peque\u00f1as, quer\u00edan el Tetris y, en consecuencia, se produjo toda una guerra de ofertas, viajes clandestinos a Mosc\u00fa, acuerdos a puerta cerrada, malentendidos innumerables y robos descarados. El autor superventas del New York Times, Box Brown, desenreda esta complicada trama y profundiza en el papel que desempe\u00f1an los juegos en el arte, la cultura y el comercio. Por primera vez y con todo lujo de detalles, Tetris: el juego del que todos hablan, cuenta la aut\u00e9ntica historia del videojuego m\u00e1s famoso del mundo.<\/span><\/p>\n<\/div>\n<\/section>\n<\/div>\n<p><!----><\/p>","protected":false},"excerpt":{"rendered":"<p>-Libro en castellano Probablemente sea el videojuego perfecto. Simple pero adictivo, Tetris plantea un irresistible puzle sin fin que mantiene a los jugadores pegados a la pantalla. Si juegas durante un buen rato, observar\u00e1s esas coloridas formas geom\u00e9tricas por todas partes. \u00a1Incluso las ver\u00e1s en sue\u00f1os. Alexey Pajitnov tuvo una idea brillante. En 1984 cre\u00f3 [&hellip;]<\/p>\n","protected":false},"featured_media":22832,"template":"","meta":{"ocean_post_layout":"","ocean_both_sidebars_style":"","ocean_both_sidebars_content_width":0,"ocean_both_sidebars_sidebars_width":0,"ocean_sidebar":"","ocean_second_sidebar":"","ocean_disable_margins":"enable","ocean_add_body_class":"","ocean_shortcode_before_top_bar":"","ocean_shortcode_after_top_bar":"","ocean_shortcode_before_header":"","ocean_shortcode_after_header":"","ocean_has_shortcode":"","ocean_shortcode_after_title":"","ocean_shortcode_before_footer_widgets":"","ocean_shortcode_after_footer_widgets":"","ocean_shortcode_before_footer_bottom":"","ocean_shortcode_after_footer_bottom":"","ocean_display_top_bar":"default","ocean_display_header":"default","ocean_header_style":"","ocean_center_header_left_menu":"","ocean_custom_header_template":"","ocean_custom_logo":0,"ocean_custom_retina_logo":0,"ocean_custom_logo_max_width":0,"ocean_custom_logo_tablet_max_width":0,"ocean_custom_logo_mobile_max_width":0,"ocean_custom_logo_max_height":0,"ocean_custom_logo_tablet_max_height":0,"ocean_custom_logo_mobile_max_height":0,"ocean_header_custom_menu":"","ocean_menu_typo_font_family":"","ocean_menu_typo_font_subset":"","ocean_menu_typo_font_size":0,"ocean_menu_typo_font_size_tablet":0,"ocean_menu_typo_font_size_mobile":0,"ocean_menu_typo_font_size_unit":"px","ocean_menu_typo_font_weight":"","ocean_menu_typo_font_weight_tablet":"","ocean_menu_typo_font_weight_mobile":"","ocean_menu_typo_transform":"","ocean_menu_typo_transform_tablet":"","ocean_menu_typo_transform_mobile":"","ocean_menu_typo_line_height":0,"ocean_menu_typo_line_height_tablet":0,"ocean_menu_typo_line_height_mobile":0,"ocean_menu_typo_line_height_unit":"","ocean_menu_typo_spacing":0,"ocean_menu_typo_spacing_tablet":0,"ocean_menu_typo_spacing_mobile":0,"ocean_menu_typo_spacing_unit":"","ocean_menu_link_color":"","ocean_menu_link_color_hover":"","ocean_menu_link_color_active":"","ocean_menu_link_background":"","ocean_menu_link_hover_background":"","ocean_menu_link_active_background":"","ocean_menu_social_links_bg":"","ocean_menu_social_hover_links_bg":"","ocean_menu_social_links_color":"","ocean_menu_social_hover_links_color":"","ocean_disable_title":"default","ocean_disable_heading":"default","ocean_post_title":"","ocean_post_subheading":"","ocean_post_title_style":"","ocean_post_title_background_color":"","ocean_post_title_background":0,"ocean_post_title_bg_image_position":"","ocean_post_title_bg_image_attachment":"","ocean_post_title_bg_image_repeat":"","ocean_post_title_bg_image_size":"","ocean_post_title_height":0,"ocean_post_title_bg_overlay":0.5,"ocean_post_title_bg_overlay_color":"","ocean_disable_breadcrumbs":"default","ocean_breadcrumbs_color":"","ocean_breadcrumbs_separator_color":"","ocean_breadcrumbs_links_color":"","ocean_breadcrumbs_links_hover_color":"","ocean_display_footer_widgets":"default","ocean_display_footer_bottom":"default","ocean_custom_footer_template":""},"product_brand":[],"product_cat":[71,128],"product_tag":[],"class_list":{"0":"post-32780","1":"product","2":"type-product","3":"status-publish","4":"has-post-thumbnail","6":"product_cat-artbooks-libros-de-divulgacion-comic-manga-guias","7":"product_cat-ultimas-entradas","9":"entry","10":"has-media","12":"first","13":"instock","14":"taxable","15":"shipping-taxable","16":"purchasable","17":"product-type-simple","18":"col","19":"span_1_of_3","20":"owp-content-center","21":"owp-thumbs-layout-horizontal","22":"owp-btn-normal","23":"owp-tabs-layout-horizontal","24":"has-no-thumbnails"},"aioseo_notices":[],"_links":{"self":[{"href":"https:\/\/kaotostore.com\/en\/wp-json\/wp\/v2\/product\/32780","targetHints":{"allow":["GET"]}}],"collection":[{"href":"https:\/\/kaotostore.com\/en\/wp-json\/wp\/v2\/product"}],"about":[{"href":"https:\/\/kaotostore.com\/en\/wp-json\/wp\/v2\/types\/product"}],"wp:featuredmedia":[{"embeddable":true,"href":"https:\/\/kaotostore.com\/en\/wp-json\/wp\/v2\/media\/22832"}],"wp:attachment":[{"href":"https:\/\/kaotostore.com\/en\/wp-json\/wp\/v2\/media?parent=32780"}],"wp:term":[{"taxonomy":"product_brand","embeddable":true,"href":"https:\/\/kaotostore.com\/en\/wp-json\/wp\/v2\/product_brand?post=32780"},{"taxonomy":"product_cat","embeddable":true,"href":"https:\/\/kaotostore.com\/en\/wp-json\/wp\/v2\/product_cat?post=32780"},{"taxonomy":"product_tag","embeddable":true,"href":"https:\/\/kaotostore.com\/en\/wp-json\/wp\/v2\/product_tag?post=32780"}],"curies":[{"name":"wp","href":"https:\/\/api.w.org\/{rel}","templated":true}]}}