{"id":32719,"date":"2026-03-24T11:32:16","date_gmt":"2026-03-24T10:32:16","guid":{"rendered":"https:\/\/kaotostore.com\/producto\/teenage-mutant-ninja-turtles-shredders-revenge-anniversary-switch\/"},"modified":"2026-05-06T12:28:53","modified_gmt":"2026-05-06T10:28:53","slug":"teenage-mutant-ninja-turtles-shredders-revenge-anniversary-switch","status":"publish","type":"product","link":"https:\/\/kaotostore.com\/en\/product\/teenage-mutant-ninja-turtles-shredders-revenge-anniversary-switch\/","title":{"rendered":"Teenage Mutant Ninja Turtles Shredders Revenge Anniversary SWITCH"},"content":{"rendered":"<div>\n<p><strong><span style=\"color: rgb(255, 5, 5);\">Si desea im\u00e1genes adicionales del producto, puede solicitarlas desde el formulario de contacto o en el email kaototienda@gmail.com<\/span><\/p>\n<p>Esta edici\u00f3n incluye el DLC Dimension Shellshock:<\/strong><br \/>\u00a0<\/p>\n<ul>\n<li>Demuestra tus dotes ninja en el nuevo modo supervivencia.<\/li>\n<li>Re\u00fane cristales y viaja por las dimensiones que rinden culto a toda la saga de las Tortugas Ninja.<\/li>\n<li>Nuevos personajes, incluido Usagi y Karai, para los modos historia, arcade y supervivencia.<\/li>\n<li>Nuevos e incre\u00edbles temas de Tee Lopes.<\/li>\n<li>Colores exclusivos que desbloquear. \u00a1Da rienda suelta al mutante que llevas dentro con los nuevos tonos!<\/li>\n<li>Lucha y gana combates para escalar puestos en el modo supervivencia.<\/li>\n<\/ul>\n<p>\u00c1brete paso a golpes por preciosos<strong> entornos pixelados <\/strong>y mata a toneladas de enemigos letales con tu tortuga favorita, cada una de ellas con sus propias habilidades y movimientos, \u00a1por lo que cada partida es \u00fanica! Elige un luchador, usa combos radicales para derrotar a tus rivales y experimenta intensos combates cargados de acci\u00f3n trepidante y extravagantes habilidades ninja. Mantente alerta en tu enfrentamiento en solitario con <strong>Shredder <\/strong>y su fiel <strong>Clan del Pie<\/strong>, \u00a1o \u00fanete a tus mejores amigos para jugar con hasta cuatro jugadores a la vez!<\/p>\n<p>Con el asalto de <strong>Bebop y Rocksteady <\/strong>al Canal 6 para robar dispositivos ultramolones para apoyar el \u00faltimo plan malvado de Krang y Shredder, en <strong>Teenage Mutant Ninja Turtles: Shredder\u2019s Revenge las tortugas tienen que pelear por una serie de escenarios cl\u00e1sicos de la franquicia<\/strong>. Desde Manhattan y Coney Island hasta las azoteas y las oscuras cloacas de la ciudad, ayuda al temible cuarteto a aplastar a soldados del Pie, guerreros triceratons y soldados de piedra para enviarlos de vuelta a la Dimensi\u00f3n X.<\/p>\n<p>Disfruta de <strong>impresionantes gr\u00e1ficos de pixel art a todo color y de un estilo de Tortugas Ninja retro que te devolver\u00e1 a los maravillosos 80<\/strong>. Cada personaje, veh\u00edculo, arma, objeto y escenario est\u00e1 directamente inspirado en la serie de TV de 1987, haci\u00e9ndote sentir como su te hubieras metido en el televisor\u2026 \u00a1con una <strong>mezcla flipante de humor hilarante y aventuras repletas de acci\u00f3n<\/strong>!<\/p>\n<p><strong>Caracter\u00edsticas:<\/strong><br \/>\u00a0<\/p>\n<ul>\n<li>El brutal dise\u00f1o de juego te retrotrae a los 80<\/li>\n<li>Magn\u00edficos gr\u00e1ficos de pixel art a todo color<\/li>\n<li>Estilo de juego retro mejorado con mec\u00e1nicas supernovedosas<\/li>\n<li>Hasta cuatro jugadores a la vez<\/li>\n<li>Juega con los ic\u00f3nicos personajes y veh\u00edculos de las Tortugas Ninja en distintas opciones de juego<\/li>\n<\/ul>\n<\/div>","protected":false},"excerpt":{"rendered":"<p>Si desea im\u00e1genes adicionales del producto, puede solicitarlas desde el formulario de contacto o en el email kaototienda@gmail.com Esta edici\u00f3n incluye el DLC Dimension Shellshock:\u00a0 Demuestra tus dotes ninja en el nuevo modo supervivencia. Re\u00fane cristales y viaja por las dimensiones que rinden culto a toda la saga de las Tortugas Ninja. Nuevos personajes, incluido [&hellip;]<\/p>\n","protected":false},"featured_media":22719,"template":"","meta":{"ocean_post_layout":"","ocean_both_sidebars_style":"","ocean_both_sidebars_content_width":0,"ocean_both_sidebars_sidebars_width":0,"ocean_sidebar":"","ocean_second_sidebar":"","ocean_disable_margins":"enable","ocean_add_body_class":"","ocean_shortcode_before_top_bar":"","ocean_shortcode_after_top_bar":"","ocean_shortcode_before_header":"","ocean_shortcode_after_header":"","ocean_has_shortcode":"","ocean_shortcode_after_title":"","ocean_shortcode_before_footer_widgets":"","ocean_shortcode_after_footer_widgets":"","ocean_shortcode_before_footer_bottom":"","ocean_shortcode_after_footer_bottom":"","ocean_display_top_bar":"default","ocean_display_header":"default","ocean_header_style":"","ocean_center_header_left_menu":"","ocean_custom_header_template":"","ocean_custom_logo":0,"ocean_custom_retina_logo":0,"ocean_custom_logo_max_width":0,"ocean_custom_logo_tablet_max_width":0,"ocean_custom_logo_mobile_max_width":0,"ocean_custom_logo_max_height":0,"ocean_custom_logo_tablet_max_height":0,"ocean_custom_logo_mobile_max_height":0,"ocean_header_custom_menu":"","ocean_menu_typo_font_family":"","ocean_menu_typo_font_subset":"","ocean_menu_typo_font_size":0,"ocean_menu_typo_font_size_tablet":0,"ocean_menu_typo_font_size_mobile":0,"ocean_menu_typo_font_size_unit":"px","ocean_menu_typo_font_weight":"","ocean_menu_typo_font_weight_tablet":"","ocean_menu_typo_font_weight_mobile":"","ocean_menu_typo_transform":"","ocean_menu_typo_transform_tablet":"","ocean_menu_typo_transform_mobile":"","ocean_menu_typo_line_height":0,"ocean_menu_typo_line_height_tablet":0,"ocean_menu_typo_line_height_mobile":0,"ocean_menu_typo_line_height_unit":"","ocean_menu_typo_spacing":0,"ocean_menu_typo_spacing_tablet":0,"ocean_menu_typo_spacing_mobile":0,"ocean_menu_typo_spacing_unit":"","ocean_menu_link_color":"","ocean_menu_link_color_hover":"","ocean_menu_link_color_active":"","ocean_menu_link_background":"","ocean_menu_link_hover_background":"","ocean_menu_link_active_background":"","ocean_menu_social_links_bg":"","ocean_menu_social_hover_links_bg":"","ocean_menu_social_links_color":"","ocean_menu_social_hover_links_color":"","ocean_disable_title":"default","ocean_disable_heading":"default","ocean_post_title":"","ocean_post_subheading":"","ocean_post_title_style":"","ocean_post_title_background_color":"","ocean_post_title_background":0,"ocean_post_title_bg_image_position":"","ocean_post_title_bg_image_attachment":"","ocean_post_title_bg_image_repeat":"","ocean_post_title_bg_image_size":"","ocean_post_title_height":0,"ocean_post_title_bg_overlay":0.5,"ocean_post_title_bg_overlay_color":"","ocean_disable_breadcrumbs":"default","ocean_breadcrumbs_color":"","ocean_breadcrumbs_separator_color":"","ocean_breadcrumbs_links_color":"","ocean_breadcrumbs_links_hover_color":"","ocean_display_footer_widgets":"default","ocean_display_footer_bottom":"default","ocean_custom_footer_template":""},"product_brand":[],"product_cat":[124,128],"product_tag":[],"class_list":{"0":"post-32719","1":"product","2":"type-product","3":"status-publish","4":"has-post-thumbnail","6":"product_cat-switch","7":"product_cat-ultimas-entradas","9":"entry","10":"has-media","12":"first","13":"instock","14":"taxable","15":"shipping-taxable","16":"purchasable","17":"product-type-simple","18":"col","19":"span_1_of_3","20":"owp-content-center","21":"owp-thumbs-layout-horizontal","22":"owp-btn-normal","23":"owp-tabs-layout-horizontal"},"aioseo_notices":[],"_links":{"self":[{"href":"https:\/\/kaotostore.com\/en\/wp-json\/wp\/v2\/product\/32719","targetHints":{"allow":["GET"]}}],"collection":[{"href":"https:\/\/kaotostore.com\/en\/wp-json\/wp\/v2\/product"}],"about":[{"href":"https:\/\/kaotostore.com\/en\/wp-json\/wp\/v2\/types\/product"}],"wp:featuredmedia":[{"embeddable":true,"href":"https:\/\/kaotostore.com\/en\/wp-json\/wp\/v2\/media\/22719"}],"wp:attachment":[{"href":"https:\/\/kaotostore.com\/en\/wp-json\/wp\/v2\/media?parent=32719"}],"wp:term":[{"taxonomy":"product_brand","embeddable":true,"href":"https:\/\/kaotostore.com\/en\/wp-json\/wp\/v2\/product_brand?post=32719"},{"taxonomy":"product_cat","embeddable":true,"href":"https:\/\/kaotostore.com\/en\/wp-json\/wp\/v2\/product_cat?post=32719"},{"taxonomy":"product_tag","embeddable":true,"href":"https:\/\/kaotostore.com\/en\/wp-json\/wp\/v2\/product_tag?post=32719"}],"curies":[{"name":"wp","href":"https:\/\/api.w.org\/{rel}","templated":true}]}}