{"id":32715,"date":"2026-03-24T11:32:13","date_gmt":"2026-03-24T10:32:13","guid":{"rendered":"https:\/\/kaotostore.com\/producto\/teenage-mutant-ninja-turtles-2-battlenexus-playstation-2\/"},"modified":"2026-04-09T11:32:27","modified_gmt":"2026-04-09T09:32:27","slug":"teenage-mutant-ninja-turtles-2-battlenexus-playstation-2","status":"publish","type":"product","link":"https:\/\/kaotostore.com\/en\/product\/teenage-mutant-ninja-turtles-2-battlenexus-playstation-2\/","title":{"rendered":"Teenage Mutant Ninja Turtles 2 BattleNexus PLAYSTATION 2"},"content":{"rendered":"<div>\n<div>\n<div>\n<div>\n<p><em>Teenage Mutant Ninja Turtles 2: BattleNexus<\/em> captura de nuevo el esp\u00edritu de la serie animada de televisi\u00f3n en una aventura llena de acci\u00f3n. Esta vez y gracias al Multitap, cuatro jugadores podr\u00e1n adoptar las personalidades de Leonardo, Michaelangelo, Donatello y Raphael simult\u00e1neamente.<\/p>\n<p>Elige a tu tortuga favorita y lucha contra ej\u00e9rcitos de adversarios y enormes jefes enemigos en cinco mundos impresionantes. Te encontrar\u00e1s con caras conocidas agradables y no tan agradables de la serie de televisi\u00f3n en el modo Story Mode, que sigue las tramas de la segunda temporada y te reta a abrirte camino por ellas.<\/p>\n<p>Desata tu furia con m\u00e1s de 30 ataques diferentes contra tus oponentes, con movimientos espec\u00edficos de cada Tortuga. Incluso tendr\u00e1s la oportunidad de poner en pr\u00e1ctica tu pericia con tus amigos en el modo BattleNexus Mode, con el que podr\u00e1s pugnar por la supremac\u00eda en \u00e1reas de combate dise\u00f1adas para la ocasi\u00f3n.<\/p>\n<p>Gracias a los hermosos personajes en \u00ab\u00bbcel-shaded\u00bb\u00bb y los fondos que imitan la est\u00e9tica de la serie, con este juego te sentir\u00e1s parte del mundo de las Tortugas Ninja.<\/p>\n<\/div>\n<\/div>\n<\/div>\n<\/div>","protected":false},"excerpt":{"rendered":"<p>Teenage Mutant Ninja Turtles 2: BattleNexus captura de nuevo el esp\u00edritu de la serie animada de televisi\u00f3n en una aventura llena de acci\u00f3n. Esta vez y gracias al Multitap, cuatro jugadores podr\u00e1n adoptar las personalidades de Leonardo, Michaelangelo, Donatello y Raphael simult\u00e1neamente. Elige a tu tortuga favorita y lucha contra ej\u00e9rcitos de adversarios y enormes [&hellip;]<\/p>\n","protected":false},"featured_media":22714,"template":"","meta":{"ocean_post_layout":"","ocean_both_sidebars_style":"","ocean_both_sidebars_content_width":0,"ocean_both_sidebars_sidebars_width":0,"ocean_sidebar":"","ocean_second_sidebar":"","ocean_disable_margins":"enable","ocean_add_body_class":"","ocean_shortcode_before_top_bar":"","ocean_shortcode_after_top_bar":"","ocean_shortcode_before_header":"","ocean_shortcode_after_header":"","ocean_has_shortcode":"","ocean_shortcode_after_title":"","ocean_shortcode_before_footer_widgets":"","ocean_shortcode_after_footer_widgets":"","ocean_shortcode_before_footer_bottom":"","ocean_shortcode_after_footer_bottom":"","ocean_display_top_bar":"default","ocean_display_header":"default","ocean_header_style":"","ocean_center_header_left_menu":"","ocean_custom_header_template":"","ocean_custom_logo":0,"ocean_custom_retina_logo":0,"ocean_custom_logo_max_width":0,"ocean_custom_logo_tablet_max_width":0,"ocean_custom_logo_mobile_max_width":0,"ocean_custom_logo_max_height":0,"ocean_custom_logo_tablet_max_height":0,"ocean_custom_logo_mobile_max_height":0,"ocean_header_custom_menu":"","ocean_menu_typo_font_family":"","ocean_menu_typo_font_subset":"","ocean_menu_typo_font_size":0,"ocean_menu_typo_font_size_tablet":0,"ocean_menu_typo_font_size_mobile":0,"ocean_menu_typo_font_size_unit":"px","ocean_menu_typo_font_weight":"","ocean_menu_typo_font_weight_tablet":"","ocean_menu_typo_font_weight_mobile":"","ocean_menu_typo_transform":"","ocean_menu_typo_transform_tablet":"","ocean_menu_typo_transform_mobile":"","ocean_menu_typo_line_height":0,"ocean_menu_typo_line_height_tablet":0,"ocean_menu_typo_line_height_mobile":0,"ocean_menu_typo_line_height_unit":"","ocean_menu_typo_spacing":0,"ocean_menu_typo_spacing_tablet":0,"ocean_menu_typo_spacing_mobile":0,"ocean_menu_typo_spacing_unit":"","ocean_menu_link_color":"","ocean_menu_link_color_hover":"","ocean_menu_link_color_active":"","ocean_menu_link_background":"","ocean_menu_link_hover_background":"","ocean_menu_link_active_background":"","ocean_menu_social_links_bg":"","ocean_menu_social_hover_links_bg":"","ocean_menu_social_links_color":"","ocean_menu_social_hover_links_color":"","ocean_disable_title":"default","ocean_disable_heading":"default","ocean_post_title":"","ocean_post_subheading":"","ocean_post_title_style":"","ocean_post_title_background_color":"","ocean_post_title_background":0,"ocean_post_title_bg_image_position":"","ocean_post_title_bg_image_attachment":"","ocean_post_title_bg_image_repeat":"","ocean_post_title_bg_image_size":"","ocean_post_title_height":0,"ocean_post_title_bg_overlay":0.5,"ocean_post_title_bg_overlay_color":"","ocean_disable_breadcrumbs":"default","ocean_breadcrumbs_color":"","ocean_breadcrumbs_separator_color":"","ocean_breadcrumbs_links_color":"","ocean_breadcrumbs_links_hover_color":"","ocean_display_footer_widgets":"default","ocean_display_footer_bottom":"default","ocean_custom_footer_template":""},"product_brand":[],"product_cat":[105,128],"product_tag":[],"class_list":{"0":"post-32715","1":"product","2":"type-product","3":"status-publish","4":"has-post-thumbnail","6":"product_cat-playstation-2","7":"product_cat-ultimas-entradas","9":"entry","10":"has-media","12":"first","13":"instock","14":"taxable","15":"shipping-taxable","16":"purchasable","17":"product-type-simple","18":"col","19":"span_1_of_3","20":"owp-content-center","21":"owp-thumbs-layout-horizontal","22":"owp-btn-normal","23":"owp-tabs-layout-horizontal","24":"has-no-thumbnails"},"aioseo_notices":[],"_links":{"self":[{"href":"https:\/\/kaotostore.com\/en\/wp-json\/wp\/v2\/product\/32715","targetHints":{"allow":["GET"]}}],"collection":[{"href":"https:\/\/kaotostore.com\/en\/wp-json\/wp\/v2\/product"}],"about":[{"href":"https:\/\/kaotostore.com\/en\/wp-json\/wp\/v2\/types\/product"}],"wp:featuredmedia":[{"embeddable":true,"href":"https:\/\/kaotostore.com\/en\/wp-json\/wp\/v2\/media\/22714"}],"wp:attachment":[{"href":"https:\/\/kaotostore.com\/en\/wp-json\/wp\/v2\/media?parent=32715"}],"wp:term":[{"taxonomy":"product_brand","embeddable":true,"href":"https:\/\/kaotostore.com\/en\/wp-json\/wp\/v2\/product_brand?post=32715"},{"taxonomy":"product_cat","embeddable":true,"href":"https:\/\/kaotostore.com\/en\/wp-json\/wp\/v2\/product_cat?post=32715"},{"taxonomy":"product_tag","embeddable":true,"href":"https:\/\/kaotostore.com\/en\/wp-json\/wp\/v2\/product_tag?post=32715"}],"curies":[{"name":"wp","href":"https:\/\/api.w.org\/{rel}","templated":true}]}}