{"id":32680,"date":"2026-03-24T11:31:42","date_gmt":"2026-03-24T10:31:42","guid":{"rendered":"https:\/\/kaotostore.com\/producto\/tanuki-justice-playstation-4\/"},"modified":"2026-05-06T12:28:48","modified_gmt":"2026-05-06T10:28:48","slug":"tanuki-justice-playstation-4","status":"publish","type":"product","link":"https:\/\/kaotostore.com\/en\/product\/tanuki-justice-playstation-4\/","title":{"rendered":"Tanuki Justice PLAYSTATION 4"},"content":{"rendered":"<p><strong><span style=\"color: rgb(255, 5, 5);\">Si desea im\u00e1genes adicionales del producto, puede solicitarlas desde el formulario de contacto o en el email kaototienda@gmail.com<\/span><\/strong><em><strong><\/p>\n<p>Tanuki Justice<\/strong><\/em> es un run&#8217;n gun de acci\u00f3n continua e intensiva en el que encarnas a un par de hermanos tanuki. Te enfrentar\u00e1s a cientos de enemigos en el Jap\u00f3n feudal. Ambientes variados con paisajes de todo tipo, m\u00fasica retro y un ritmo intenso, numerosas y dif\u00edciles situaciones que recuerdan a los viejos juegos de arcade. Una jugabilidad a la vez simple y rica que nos regala momentos de acci\u00f3n espectacular. Posibilidad de jugar a dobles para divertirse a\u00fan m\u00e1s. Y desaf\u00edos que desafiar\u00e1n incluso a los jugadores m\u00e1s h\u00e1biles. El tiempo ser\u00e1 tu peor enemigo.<\/p>\n<h4>Caracter\u00edsticas:<\/h4>\n<ul>\n<li>Juego din\u00e1mico con im\u00e1genes que se adaptan a la atm\u00f3sfera<\/li>\n<li>Decenas de diferentes tipos de enemigos<\/li>\n<li>Shurikens cl\u00e1sicos sobre la cabeza y un shuriken gigante para momentos dif\u00edciles<\/li>\n<li>Jugable en modo para uno o dos jugadore<\/li>\n<\/ul>\n<p><!----><\/p>","protected":false},"excerpt":{"rendered":"<p>Si desea im\u00e1genes adicionales del producto, puede solicitarlas desde el formulario de contacto o en el email kaototienda@gmail.com Tanuki Justice es un run&#8217;n gun de acci\u00f3n continua e intensiva en el que encarnas a un par de hermanos tanuki. Te enfrentar\u00e1s a cientos de enemigos en el Jap\u00f3n feudal. Ambientes variados con paisajes de todo [&hellip;]<\/p>\n","protected":false},"featured_media":22675,"template":"","meta":{"ocean_post_layout":"","ocean_both_sidebars_style":"","ocean_both_sidebars_content_width":0,"ocean_both_sidebars_sidebars_width":0,"ocean_sidebar":"","ocean_second_sidebar":"","ocean_disable_margins":"enable","ocean_add_body_class":"","ocean_shortcode_before_top_bar":"","ocean_shortcode_after_top_bar":"","ocean_shortcode_before_header":"","ocean_shortcode_after_header":"","ocean_has_shortcode":"","ocean_shortcode_after_title":"","ocean_shortcode_before_footer_widgets":"","ocean_shortcode_after_footer_widgets":"","ocean_shortcode_before_footer_bottom":"","ocean_shortcode_after_footer_bottom":"","ocean_display_top_bar":"default","ocean_display_header":"default","ocean_header_style":"","ocean_center_header_left_menu":"","ocean_custom_header_template":"","ocean_custom_logo":0,"ocean_custom_retina_logo":0,"ocean_custom_logo_max_width":0,"ocean_custom_logo_tablet_max_width":0,"ocean_custom_logo_mobile_max_width":0,"ocean_custom_logo_max_height":0,"ocean_custom_logo_tablet_max_height":0,"ocean_custom_logo_mobile_max_height":0,"ocean_header_custom_menu":"","ocean_menu_typo_font_family":"","ocean_menu_typo_font_subset":"","ocean_menu_typo_font_size":0,"ocean_menu_typo_font_size_tablet":0,"ocean_menu_typo_font_size_mobile":0,"ocean_menu_typo_font_size_unit":"px","ocean_menu_typo_font_weight":"","ocean_menu_typo_font_weight_tablet":"","ocean_menu_typo_font_weight_mobile":"","ocean_menu_typo_transform":"","ocean_menu_typo_transform_tablet":"","ocean_menu_typo_transform_mobile":"","ocean_menu_typo_line_height":0,"ocean_menu_typo_line_height_tablet":0,"ocean_menu_typo_line_height_mobile":0,"ocean_menu_typo_line_height_unit":"","ocean_menu_typo_spacing":0,"ocean_menu_typo_spacing_tablet":0,"ocean_menu_typo_spacing_mobile":0,"ocean_menu_typo_spacing_unit":"","ocean_menu_link_color":"","ocean_menu_link_color_hover":"","ocean_menu_link_color_active":"","ocean_menu_link_background":"","ocean_menu_link_hover_background":"","ocean_menu_link_active_background":"","ocean_menu_social_links_bg":"","ocean_menu_social_hover_links_bg":"","ocean_menu_social_links_color":"","ocean_menu_social_hover_links_color":"","ocean_disable_title":"default","ocean_disable_heading":"default","ocean_post_title":"","ocean_post_subheading":"","ocean_post_title_style":"","ocean_post_title_background_color":"","ocean_post_title_background":0,"ocean_post_title_bg_image_position":"","ocean_post_title_bg_image_attachment":"","ocean_post_title_bg_image_repeat":"","ocean_post_title_bg_image_size":"","ocean_post_title_height":0,"ocean_post_title_bg_overlay":0.5,"ocean_post_title_bg_overlay_color":"","ocean_disable_breadcrumbs":"default","ocean_breadcrumbs_color":"","ocean_breadcrumbs_separator_color":"","ocean_breadcrumbs_links_color":"","ocean_breadcrumbs_links_hover_color":"","ocean_display_footer_widgets":"default","ocean_display_footer_bottom":"default","ocean_custom_footer_template":""},"product_brand":[],"product_cat":[107,128],"product_tag":[],"class_list":{"0":"post-32680","1":"product","2":"type-product","3":"status-publish","4":"has-post-thumbnail","6":"product_cat-playstation-4","7":"product_cat-ultimas-entradas","9":"entry","10":"has-media","12":"first","13":"instock","14":"taxable","15":"shipping-taxable","16":"purchasable","17":"product-type-simple","18":"col","19":"span_1_of_3","20":"owp-content-center","21":"owp-thumbs-layout-horizontal","22":"owp-btn-normal","23":"owp-tabs-layout-horizontal"},"aioseo_notices":[],"_links":{"self":[{"href":"https:\/\/kaotostore.com\/en\/wp-json\/wp\/v2\/product\/32680","targetHints":{"allow":["GET"]}}],"collection":[{"href":"https:\/\/kaotostore.com\/en\/wp-json\/wp\/v2\/product"}],"about":[{"href":"https:\/\/kaotostore.com\/en\/wp-json\/wp\/v2\/types\/product"}],"wp:featuredmedia":[{"embeddable":true,"href":"https:\/\/kaotostore.com\/en\/wp-json\/wp\/v2\/media\/22675"}],"wp:attachment":[{"href":"https:\/\/kaotostore.com\/en\/wp-json\/wp\/v2\/media?parent=32680"}],"wp:term":[{"taxonomy":"product_brand","embeddable":true,"href":"https:\/\/kaotostore.com\/en\/wp-json\/wp\/v2\/product_brand?post=32680"},{"taxonomy":"product_cat","embeddable":true,"href":"https:\/\/kaotostore.com\/en\/wp-json\/wp\/v2\/product_cat?post=32680"},{"taxonomy":"product_tag","embeddable":true,"href":"https:\/\/kaotostore.com\/en\/wp-json\/wp\/v2\/product_tag?post=32680"}],"curies":[{"name":"wp","href":"https:\/\/api.w.org\/{rel}","templated":true}]}}