{"id":32663,"date":"2026-03-24T11:31:21","date_gmt":"2026-03-24T10:31:21","guid":{"rendered":"https:\/\/kaotostore.com\/producto\/tales-of-the-shire-a-lord-of-the-rings-game-switch\/"},"modified":"2026-04-09T11:32:41","modified_gmt":"2026-04-09T09:32:41","slug":"tales-of-the-shire-a-lord-of-the-rings-game-switch","status":"publish","type":"product","link":"https:\/\/kaotostore.com\/en\/product\/tales-of-the-shire-a-lord-of-the-rings-game-switch\/","title":{"rendered":"Tales of the Shire A Lord of the Rings Game SWITCH"},"content":{"rendered":"<p><strong><span><span style=\"color: rgb(255, 5, 5);\">Si desea im\u00e1genes adicionales del producto, puede solicitarlas desde el formulario de contacto o en el email kaototienda@gmail.com<\/span><\/span><\/strong><\/p>\n<p><strong><br \/><\/strong><\/p>\n<p><strong>Esta edici\u00f3n incluye:<\/strong><br \/>\u00a0<\/p>\n<ul>\n<li>Un hermoso mapa desplegable del pintoresco pueblo de Bywater.<\/li>\n<li>BSO Digital<\/li>\n<\/ul>\n<p>Crea tu propio hobbit mientras te estableces en <strong>Bywater<\/strong>. Si bien el lugar a\u00fan no es oficialmente un pueblo de Hobbiton, podr\u00e1s ayudar a que esta pintoresca poblaci\u00f3n florezca.<\/p>\n<p>Haz de tu casa un hogar al <strong>decorar tu propia madriguera hobbit<\/strong>, cuidar de tu jard\u00edn, pescar en los estanques de aguas claras, recolectar frutas y hierbas o intercambiar mercanc\u00edas con los lugare\u00f1os. <strong>Prepara comida casera <\/strong>para compartir con otros hobbits y cultivar tus v\u00ednculos.<\/p>\n<p>Rel\u00e1jate en el lugar en el que lo m\u00e1s importante son las peque\u00f1as cosas. Ayuda a unir a la comunidad para que Bywater se convierta en un pueblo.<\/p>\n<p><strong>Experimenta la vida de ensue\u00f1o de un hobbit<\/strong><br \/>\u00a1Personifica a un hobbit del universo de los aclamados libros de J.R.R. Tolkien! Personaliza tu aspecto y luce tu mejor atuendo de hobbit con una gran variedad de opciones.<\/p>\n<p><strong>Te damos la bienvenida a casa, hobbit<\/strong><br \/>Decora tu propio hogar hobbit y transforma el espacio para ubicar el mobiliario como m\u00e1s te guste, sin limitaciones de casillas. Descubre las maravillas que trae cada d\u00eda a Bywater mientras te asientas en tu serena vivienda y descansas como es debido.<\/p>\n<p><strong>Comida es Amor<\/strong><br \/>El d\u00eda de un hobbit no est\u00e1 completo sin una buena comida. Practica la pesca, la jardiner\u00eda y la recolecci\u00f3n para abastecer tu despensa con el fruto de tu trabajo. Cosecha los cultivos y las flores de temporada a medida que pasa el tiempo en tu morada.<\/p>\n<p>Disfruta de la calidez de la cocina y demuestra tus habilidades culinarias con recetas de todo tipo. Comparte un segundo desayuno u organiza una cena con otros hobbits. Comparte comidas con invitados para forjar nuevos v\u00ednculos.<\/p>\n<p><strong>Explora Bywater<\/strong><br \/>Explora el exterior para descubrir claros secretos y tesoros perdidos de la Comarca. Experimenta los cambios de clima que afectan la rutina, y las sorpresas de cada estaci\u00f3n del a\u00f1o. Obt\u00e9n recompensas por progresar a lo largo de toda la historia.<\/p>\n<p>Conoce a personajes ic\u00f3nicos y a familias hobbit conocidas para poder intercambiar mejoras de habilidades, vestimenta, hogar y m\u00e1s. \u00danete a las misiones de los clubes para completar actividades diarias y ayudar a que Bywater se convierta oficialmente en un pueblo<\/p>","protected":false},"excerpt":{"rendered":"<p>Si desea im\u00e1genes adicionales del producto, puede solicitarlas desde el formulario de contacto o en el email kaototienda@gmail.com Esta edici\u00f3n incluye:\u00a0 Un hermoso mapa desplegable del pintoresco pueblo de Bywater. BSO Digital Crea tu propio hobbit mientras te estableces en Bywater. Si bien el lugar a\u00fan no es oficialmente un pueblo de Hobbiton, podr\u00e1s ayudar [&hellip;]<\/p>\n","protected":false},"featured_media":22645,"template":"","meta":{"ocean_post_layout":"","ocean_both_sidebars_style":"","ocean_both_sidebars_content_width":0,"ocean_both_sidebars_sidebars_width":0,"ocean_sidebar":"","ocean_second_sidebar":"","ocean_disable_margins":"enable","ocean_add_body_class":"","ocean_shortcode_before_top_bar":"","ocean_shortcode_after_top_bar":"","ocean_shortcode_before_header":"","ocean_shortcode_after_header":"","ocean_has_shortcode":"","ocean_shortcode_after_title":"","ocean_shortcode_before_footer_widgets":"","ocean_shortcode_after_footer_widgets":"","ocean_shortcode_before_footer_bottom":"","ocean_shortcode_after_footer_bottom":"","ocean_display_top_bar":"default","ocean_display_header":"default","ocean_header_style":"","ocean_center_header_left_menu":"","ocean_custom_header_template":"","ocean_custom_logo":0,"ocean_custom_retina_logo":0,"ocean_custom_logo_max_width":0,"ocean_custom_logo_tablet_max_width":0,"ocean_custom_logo_mobile_max_width":0,"ocean_custom_logo_max_height":0,"ocean_custom_logo_tablet_max_height":0,"ocean_custom_logo_mobile_max_height":0,"ocean_header_custom_menu":"","ocean_menu_typo_font_family":"","ocean_menu_typo_font_subset":"","ocean_menu_typo_font_size":0,"ocean_menu_typo_font_size_tablet":0,"ocean_menu_typo_font_size_mobile":0,"ocean_menu_typo_font_size_unit":"px","ocean_menu_typo_font_weight":"","ocean_menu_typo_font_weight_tablet":"","ocean_menu_typo_font_weight_mobile":"","ocean_menu_typo_transform":"","ocean_menu_typo_transform_tablet":"","ocean_menu_typo_transform_mobile":"","ocean_menu_typo_line_height":0,"ocean_menu_typo_line_height_tablet":0,"ocean_menu_typo_line_height_mobile":0,"ocean_menu_typo_line_height_unit":"","ocean_menu_typo_spacing":0,"ocean_menu_typo_spacing_tablet":0,"ocean_menu_typo_spacing_mobile":0,"ocean_menu_typo_spacing_unit":"","ocean_menu_link_color":"","ocean_menu_link_color_hover":"","ocean_menu_link_color_active":"","ocean_menu_link_background":"","ocean_menu_link_hover_background":"","ocean_menu_link_active_background":"","ocean_menu_social_links_bg":"","ocean_menu_social_hover_links_bg":"","ocean_menu_social_links_color":"","ocean_menu_social_hover_links_color":"","ocean_disable_title":"default","ocean_disable_heading":"default","ocean_post_title":"","ocean_post_subheading":"","ocean_post_title_style":"","ocean_post_title_background_color":"","ocean_post_title_background":0,"ocean_post_title_bg_image_position":"","ocean_post_title_bg_image_attachment":"","ocean_post_title_bg_image_repeat":"","ocean_post_title_bg_image_size":"","ocean_post_title_height":0,"ocean_post_title_bg_overlay":0.5,"ocean_post_title_bg_overlay_color":"","ocean_disable_breadcrumbs":"default","ocean_breadcrumbs_color":"","ocean_breadcrumbs_separator_color":"","ocean_breadcrumbs_links_color":"","ocean_breadcrumbs_links_hover_color":"","ocean_display_footer_widgets":"default","ocean_display_footer_bottom":"default","ocean_custom_footer_template":""},"product_brand":[],"product_cat":[98,124,128],"product_tag":[],"class_list":{"0":"post-32663","1":"product","2":"type-product","3":"status-publish","4":"has-post-thumbnail","6":"product_cat-novedades","7":"product_cat-switch","8":"product_cat-ultimas-entradas","10":"entry","11":"has-media","13":"first","14":"instock","15":"taxable","16":"shipping-taxable","17":"purchasable","18":"product-type-simple","19":"col","20":"span_1_of_3","21":"owp-content-center","22":"owp-thumbs-layout-horizontal","23":"owp-btn-normal","24":"owp-tabs-layout-horizontal"},"aioseo_notices":[],"_links":{"self":[{"href":"https:\/\/kaotostore.com\/en\/wp-json\/wp\/v2\/product\/32663","targetHints":{"allow":["GET"]}}],"collection":[{"href":"https:\/\/kaotostore.com\/en\/wp-json\/wp\/v2\/product"}],"about":[{"href":"https:\/\/kaotostore.com\/en\/wp-json\/wp\/v2\/types\/product"}],"wp:featuredmedia":[{"embeddable":true,"href":"https:\/\/kaotostore.com\/en\/wp-json\/wp\/v2\/media\/22645"}],"wp:attachment":[{"href":"https:\/\/kaotostore.com\/en\/wp-json\/wp\/v2\/media?parent=32663"}],"wp:term":[{"taxonomy":"product_brand","embeddable":true,"href":"https:\/\/kaotostore.com\/en\/wp-json\/wp\/v2\/product_brand?post=32663"},{"taxonomy":"product_cat","embeddable":true,"href":"https:\/\/kaotostore.com\/en\/wp-json\/wp\/v2\/product_cat?post=32663"},{"taxonomy":"product_tag","embeddable":true,"href":"https:\/\/kaotostore.com\/en\/wp-json\/wp\/v2\/product_tag?post=32663"}],"curies":[{"name":"wp","href":"https:\/\/api.w.org\/{rel}","templated":true}]}}