{"id":32629,"date":"2026-03-24T11:30:41","date_gmt":"2026-03-24T10:30:41","guid":{"rendered":"https:\/\/kaotostore.com\/producto\/taito-milestones-switch\/"},"modified":"2026-04-09T11:32:42","modified_gmt":"2026-04-09T09:32:42","slug":"taito-milestones-switch","status":"publish","type":"product","link":"https:\/\/kaotostore.com\/en\/product\/taito-milestones-switch\/","title":{"rendered":"Taito Milestones SWITCH"},"content":{"rendered":"<p><span>El legado de los juegos de arcade de Taito comenz\u00f3 a principios de la d\u00e9cada de 1970, pero cobr\u00f3 fuerza en la d\u00e9cada de 1980. Ahora tienes la oportunidad de jugar a estos cl\u00e1sicos hist\u00f3ricos que prepararon el camino a las siguientes d\u00e9cadas de dominio arcade de Taito. Diez juegos, cada uno de los cuales representa una innovaci\u00f3n concreta en el desarrollo y la historia de los videojuegos, que abarcan una variedad de g\u00e9neros. Plataformas, deportes, tiro, rompecabezas y mucho m\u00e1s. \u00a1Y ahora estos 10 cl\u00e1sicos estar\u00e1n disponibles por primera vez como colecci\u00f3n en las consolas modernas! Sum\u00e9rgete en la historia de los videojuegos y revive los cl\u00e1sicos que ayudaron a darle forma.<\/span><\/p>\n<p><span>Caracter\u00edsticas:<\/span><\/p>\n<ul>\n<li><span>10 cl\u00e1sicos revolucionarios del mundo arcade de Taito.<\/span><\/li>\n<li><span>Una variedad de g\u00e9neros y estilos de juego.<\/span><\/li>\n<li><span>El origen de los gr\u00e1ficos y el arte de p\u00edxeles, con un aspecto atemporal.<\/span><\/li>\n<li>Juegos incluidos: QIX (1981), SPACE SEEKER (1981), ALPINE SKI (1982), FRONT LINE (1982), WILD WESTERN (1982), CHACK\u00b4N POP (1983), ELEVATOR ACTION (1983), THE FAIRYLAND STORY (1985), HALLEY\u2019S COMET (1986), THE NINJA WARRIORS (1987)<\/li>\n<\/ul>","protected":false},"excerpt":{"rendered":"<p>El legado de los juegos de arcade de Taito comenz\u00f3 a principios de la d\u00e9cada de 1970, pero cobr\u00f3 fuerza en la d\u00e9cada de 1980. Ahora tienes la oportunidad de jugar a estos cl\u00e1sicos hist\u00f3ricos que prepararon el camino a las siguientes d\u00e9cadas de dominio arcade de Taito. Diez juegos, cada uno de los cuales [&hellip;]<\/p>\n","protected":false},"featured_media":22593,"template":"","meta":{"ocean_post_layout":"","ocean_both_sidebars_style":"","ocean_both_sidebars_content_width":0,"ocean_both_sidebars_sidebars_width":0,"ocean_sidebar":"","ocean_second_sidebar":"","ocean_disable_margins":"enable","ocean_add_body_class":"","ocean_shortcode_before_top_bar":"","ocean_shortcode_after_top_bar":"","ocean_shortcode_before_header":"","ocean_shortcode_after_header":"","ocean_has_shortcode":"","ocean_shortcode_after_title":"","ocean_shortcode_before_footer_widgets":"","ocean_shortcode_after_footer_widgets":"","ocean_shortcode_before_footer_bottom":"","ocean_shortcode_after_footer_bottom":"","ocean_display_top_bar":"default","ocean_display_header":"default","ocean_header_style":"","ocean_center_header_left_menu":"","ocean_custom_header_template":"","ocean_custom_logo":0,"ocean_custom_retina_logo":0,"ocean_custom_logo_max_width":0,"ocean_custom_logo_tablet_max_width":0,"ocean_custom_logo_mobile_max_width":0,"ocean_custom_logo_max_height":0,"ocean_custom_logo_tablet_max_height":0,"ocean_custom_logo_mobile_max_height":0,"ocean_header_custom_menu":"","ocean_menu_typo_font_family":"","ocean_menu_typo_font_subset":"","ocean_menu_typo_font_size":0,"ocean_menu_typo_font_size_tablet":0,"ocean_menu_typo_font_size_mobile":0,"ocean_menu_typo_font_size_unit":"px","ocean_menu_typo_font_weight":"","ocean_menu_typo_font_weight_tablet":"","ocean_menu_typo_font_weight_mobile":"","ocean_menu_typo_transform":"","ocean_menu_typo_transform_tablet":"","ocean_menu_typo_transform_mobile":"","ocean_menu_typo_line_height":0,"ocean_menu_typo_line_height_tablet":0,"ocean_menu_typo_line_height_mobile":0,"ocean_menu_typo_line_height_unit":"","ocean_menu_typo_spacing":0,"ocean_menu_typo_spacing_tablet":0,"ocean_menu_typo_spacing_mobile":0,"ocean_menu_typo_spacing_unit":"","ocean_menu_link_color":"","ocean_menu_link_color_hover":"","ocean_menu_link_color_active":"","ocean_menu_link_background":"","ocean_menu_link_hover_background":"","ocean_menu_link_active_background":"","ocean_menu_social_links_bg":"","ocean_menu_social_hover_links_bg":"","ocean_menu_social_links_color":"","ocean_menu_social_hover_links_color":"","ocean_disable_title":"default","ocean_disable_heading":"default","ocean_post_title":"","ocean_post_subheading":"","ocean_post_title_style":"","ocean_post_title_background_color":"","ocean_post_title_background":0,"ocean_post_title_bg_image_position":"","ocean_post_title_bg_image_attachment":"","ocean_post_title_bg_image_repeat":"","ocean_post_title_bg_image_size":"","ocean_post_title_height":0,"ocean_post_title_bg_overlay":0.5,"ocean_post_title_bg_overlay_color":"","ocean_disable_breadcrumbs":"default","ocean_breadcrumbs_color":"","ocean_breadcrumbs_separator_color":"","ocean_breadcrumbs_links_color":"","ocean_breadcrumbs_links_hover_color":"","ocean_display_footer_widgets":"default","ocean_display_footer_bottom":"default","ocean_custom_footer_template":""},"product_brand":[],"product_cat":[124,128],"product_tag":[],"class_list":{"0":"post-32629","1":"product","2":"type-product","3":"status-publish","4":"has-post-thumbnail","6":"product_cat-switch","7":"product_cat-ultimas-entradas","9":"entry","10":"has-media","12":"first","13":"instock","14":"taxable","15":"shipping-taxable","16":"purchasable","17":"product-type-simple","18":"col","19":"span_1_of_3","20":"owp-content-center","21":"owp-thumbs-layout-horizontal","22":"owp-btn-normal","23":"owp-tabs-layout-horizontal","24":"has-no-thumbnails"},"aioseo_notices":[],"_links":{"self":[{"href":"https:\/\/kaotostore.com\/en\/wp-json\/wp\/v2\/product\/32629","targetHints":{"allow":["GET"]}}],"collection":[{"href":"https:\/\/kaotostore.com\/en\/wp-json\/wp\/v2\/product"}],"about":[{"href":"https:\/\/kaotostore.com\/en\/wp-json\/wp\/v2\/types\/product"}],"wp:featuredmedia":[{"embeddable":true,"href":"https:\/\/kaotostore.com\/en\/wp-json\/wp\/v2\/media\/22593"}],"wp:attachment":[{"href":"https:\/\/kaotostore.com\/en\/wp-json\/wp\/v2\/media?parent=32629"}],"wp:term":[{"taxonomy":"product_brand","embeddable":true,"href":"https:\/\/kaotostore.com\/en\/wp-json\/wp\/v2\/product_brand?post=32629"},{"taxonomy":"product_cat","embeddable":true,"href":"https:\/\/kaotostore.com\/en\/wp-json\/wp\/v2\/product_cat?post=32629"},{"taxonomy":"product_tag","embeddable":true,"href":"https:\/\/kaotostore.com\/en\/wp-json\/wp\/v2\/product_tag?post=32629"}],"curies":[{"name":"wp","href":"https:\/\/api.w.org\/{rel}","templated":true}]}}