{"id":32615,"date":"2026-03-24T11:30:25","date_gmt":"2026-03-24T10:30:25","guid":{"rendered":"https:\/\/kaotostore.com\/producto\/tadeo-jones-vita\/"},"modified":"2026-04-09T15:34:53","modified_gmt":"2026-04-09T13:34:53","slug":"tadeo-jones-vita","status":"publish","type":"product","link":"https:\/\/kaotostore.com\/en\/product\/tadeo-jones-vita\/","title":{"rendered":"Tadeo Jones VITA"},"content":{"rendered":"<div>\n<p>El videojuego Tadeo Jones contar\u00e1 con tres emocionantes y divertidos mundos: uno de ellos estar\u00e1 basado en la conocida y taquillera pel\u00edcula Las aventuras de Tadeo Jones estrenada en 2012 y los otros dos en los cortometrajes predecesores y ganadores de un premio Goya: Tadeo Jones, presentado en 2004 y Tadeo Jones y el s\u00f3tano maldito, publicado en 2006.<\/p>\n<p>Tadeo Jones, disponible en exclusiva para PS Vita, sumergir\u00e1 a los jugadores en un mundo lleno de obst\u00e1culos y trampas que tendr\u00e1n que superar, enemigos de los que escapar y entretenidos mini juegos y puzles que resolver. Aunque el protagonista del videojuego es Tadeo Jones, los usuarios podr\u00e1n revivir y disfrutar de las peripecias del famoso aspirante a arque\u00f3logo de la mano de los personajes m\u00e1s importantes de la pel\u00edcula como son: Sara, la inteligente y bella compa\u00f1era de Tadeo, Jeff, su inseparable perro, Freddy, el simp\u00e1tico vendedor ambulante o el Profesor Lavrof.<\/p>\n<p>Entre las principales caracter\u00edsticas del t\u00edtulo destaca su capacidad para sacar todo el partido de las funcionalidades de PS Vita. Haciendo uso de la pantalla t\u00e1ctil frontal se podr\u00e1 cambiar elementos de lugar, navegar por los men\u00fas o descifrar puzles; gracias al panel t\u00e1ctil trasero se podr\u00e1 interactuar con objetos, con enemigos y desbloquear puertas. Los jugadores tambi\u00e9n podr\u00e1n hacer fotos con la c\u00e1mara y utilizar tanto el joystick anal\u00f3gico como el aceler\u00f3metro para esquivar los obst\u00e1culos que se encontrar\u00e1n en los mini juegos.<\/p>\n<\/div>\n<p>&nbsp;<\/p>","protected":false},"excerpt":{"rendered":"<p>El videojuego Tadeo Jones contar\u00e1 con tres emocionantes y divertidos mundos: uno de ellos estar\u00e1 basado en la conocida y taquillera pel\u00edcula Las aventuras de Tadeo Jones estrenada en 2012 y los otros dos en los cortometrajes predecesores y ganadores de un premio Goya: Tadeo Jones, presentado en 2004 y Tadeo Jones y el s\u00f3tano [&hellip;]<\/p>\n","protected":false},"featured_media":22571,"template":"","meta":{"ocean_post_layout":"","ocean_both_sidebars_style":"","ocean_both_sidebars_content_width":0,"ocean_both_sidebars_sidebars_width":0,"ocean_sidebar":"0","ocean_second_sidebar":"0","ocean_disable_margins":"enable","ocean_add_body_class":"","ocean_shortcode_before_top_bar":"","ocean_shortcode_after_top_bar":"","ocean_shortcode_before_header":"","ocean_shortcode_after_header":"","ocean_has_shortcode":"","ocean_shortcode_after_title":"","ocean_shortcode_before_footer_widgets":"","ocean_shortcode_after_footer_widgets":"","ocean_shortcode_before_footer_bottom":"","ocean_shortcode_after_footer_bottom":"","ocean_display_top_bar":"default","ocean_display_header":"default","ocean_header_style":"","ocean_center_header_left_menu":"0","ocean_custom_header_template":"0","ocean_custom_logo":0,"ocean_custom_retina_logo":0,"ocean_custom_logo_max_width":0,"ocean_custom_logo_tablet_max_width":0,"ocean_custom_logo_mobile_max_width":0,"ocean_custom_logo_max_height":0,"ocean_custom_logo_tablet_max_height":0,"ocean_custom_logo_mobile_max_height":0,"ocean_header_custom_menu":"0","ocean_menu_typo_font_family":"0","ocean_menu_typo_font_subset":"","ocean_menu_typo_font_size":0,"ocean_menu_typo_font_size_tablet":0,"ocean_menu_typo_font_size_mobile":0,"ocean_menu_typo_font_size_unit":"px","ocean_menu_typo_font_weight":"","ocean_menu_typo_font_weight_tablet":"","ocean_menu_typo_font_weight_mobile":"","ocean_menu_typo_transform":"","ocean_menu_typo_transform_tablet":"","ocean_menu_typo_transform_mobile":"","ocean_menu_typo_line_height":0,"ocean_menu_typo_line_height_tablet":0,"ocean_menu_typo_line_height_mobile":0,"ocean_menu_typo_line_height_unit":"","ocean_menu_typo_spacing":0,"ocean_menu_typo_spacing_tablet":0,"ocean_menu_typo_spacing_mobile":0,"ocean_menu_typo_spacing_unit":"","ocean_menu_link_color":"","ocean_menu_link_color_hover":"","ocean_menu_link_color_active":"","ocean_menu_link_background":"","ocean_menu_link_hover_background":"","ocean_menu_link_active_background":"","ocean_menu_social_links_bg":"","ocean_menu_social_hover_links_bg":"","ocean_menu_social_links_color":"","ocean_menu_social_hover_links_color":"","ocean_disable_title":"default","ocean_disable_heading":"default","ocean_post_title":"","ocean_post_subheading":"","ocean_post_title_style":"","ocean_post_title_background_color":"","ocean_post_title_background":0,"ocean_post_title_bg_image_position":"","ocean_post_title_bg_image_attachment":"","ocean_post_title_bg_image_repeat":"","ocean_post_title_bg_image_size":"","ocean_post_title_height":0,"ocean_post_title_bg_overlay":0.5,"ocean_post_title_bg_overlay_color":"","ocean_disable_breadcrumbs":"default","ocean_breadcrumbs_color":"","ocean_breadcrumbs_separator_color":"","ocean_breadcrumbs_links_color":"","ocean_breadcrumbs_links_hover_color":"","ocean_display_footer_widgets":"default","ocean_display_footer_bottom":"default","ocean_custom_footer_template":"0"},"product_brand":[],"product_cat":[128,131],"product_tag":[],"class_list":{"0":"post-32615","1":"product","2":"type-product","3":"status-publish","4":"has-post-thumbnail","6":"product_cat-ultimas-entradas","7":"product_cat-vita","9":"entry","10":"has-media","12":"first","13":"outofstock","14":"taxable","15":"shipping-taxable","16":"purchasable","17":"product-type-simple","18":"col","19":"span_1_of_3","20":"owp-content-center","21":"owp-thumbs-layout-horizontal","22":"owp-btn-normal","23":"owp-tabs-layout-horizontal","24":"has-no-thumbnails"},"aioseo_notices":[],"_links":{"self":[{"href":"https:\/\/kaotostore.com\/en\/wp-json\/wp\/v2\/product\/32615","targetHints":{"allow":["GET"]}}],"collection":[{"href":"https:\/\/kaotostore.com\/en\/wp-json\/wp\/v2\/product"}],"about":[{"href":"https:\/\/kaotostore.com\/en\/wp-json\/wp\/v2\/types\/product"}],"wp:featuredmedia":[{"embeddable":true,"href":"https:\/\/kaotostore.com\/en\/wp-json\/wp\/v2\/media\/22571"}],"wp:attachment":[{"href":"https:\/\/kaotostore.com\/en\/wp-json\/wp\/v2\/media?parent=32615"}],"wp:term":[{"taxonomy":"product_brand","embeddable":true,"href":"https:\/\/kaotostore.com\/en\/wp-json\/wp\/v2\/product_brand?post=32615"},{"taxonomy":"product_cat","embeddable":true,"href":"https:\/\/kaotostore.com\/en\/wp-json\/wp\/v2\/product_cat?post=32615"},{"taxonomy":"product_tag","embeddable":true,"href":"https:\/\/kaotostore.com\/en\/wp-json\/wp\/v2\/product_tag?post=32615"}],"curies":[{"name":"wp","href":"https:\/\/api.w.org\/{rel}","templated":true}]}}