{"id":32572,"date":"2026-03-24T11:29:42","date_gmt":"2026-03-24T10:29:42","guid":{"rendered":"https:\/\/kaotostore.com\/producto\/super-technos-world-river-city-and-technos-arcade-collection-switch-importacion-japonesa\/"},"modified":"2026-05-06T14:03:29","modified_gmt":"2026-05-06T12:03:29","slug":"super-technos-world-river-city-and-technos-arcade-collection-switch-importacion-japonesa","status":"publish","type":"product","link":"https:\/\/kaotostore.com\/en\/product\/super-technos-world-river-city-and-technos-arcade-collection-switch-importacion-japonesa\/","title":{"rendered":"Super Technos World River City and Technos Arcade Collection SWITCH (Importaci\u00f3n japonesa)"},"content":{"rendered":"<p><strong><span style=\"color: rgb(255, 5, 5);\">Si desea im\u00e1genes adicionales del producto, puede solicitarlas desde el formulario de contacto o en el email kaototienda@gmail.com<br \/><\/span><br \/>-Juego en ingl\u00e9s<br \/>-Banda sonora de regalo<\/strong><\/p>\n<p>\u00a0<\/p>\n<div class=\"row row-content\">\n<div class=\"col-xs-12 content\">\n<div class=\"row row-content\">\n<div class=\"col-xs-12 content\">\n<div class=\"row row-content\">\n<div class=\"col-xs-12 content\">\n<p>Esta emocionante colecci\u00f3n te trae 12 juegos en uno, del desarrollador Technos Japan, conocido por crear las legendarias series River City y Double Dragon. Este variado paquete de t\u00edtulos incluye algunas joyas que no han sido portadas con anterioridad. Desde cl\u00e1sicos arcade hasta t\u00edtulos exclusivos de una regi\u00f3n, \u00a1en esta colecci\u00f3n tendr\u00e1s mucho que explorar! \u00a1Hazte con estos exclusivos juegos de leyenda!<\/p>\n<p>\u25bc \u00a1Desde nost\u00e1lgicos favoritos de arcade hasta juegos de fiesta!<\/p>\n<p>Sum\u00e9rgete en los divertidos recuerdos de los salones recreativos de anta\u00f1o con los juegos arcade de los 80 incluidos en esta colecci\u00f3n. \u00a1Incluso hay juegos de fiesta para consola y RPG en el pack para satisfacer a los fans de todos los g\u00e9neros!<\/p>\n<p>\u25bc \u00a1Con raros cl\u00e1sicos de River City!<\/p>\n<p>Desde el cl\u00e1sico y querido River City Renegade original hasta el primer juego de puzles con ca\u00edda de la serie, Kunio&#8217;s Oden, e incluso el hiper raro juego Super Dodge Ball, \u00a1puedes vivir la historia de River City!<\/p>\n<p>\u00a1\u25bc Pr\u00e1cticas funciones nuevas para disfrutar de una experiencia de juego fluida!<\/p>\n<p>La nueva funci\u00f3n \u00abSuspender guardado\u00bb permite a los jugadores guardar el estado actual a mitad de partida en cualquier momento. Tambi\u00e9n se han solucionado los problemas cr\u00edticos que imped\u00edan la progresi\u00f3n del juego, para que no haya obst\u00e1culos imprevistos a la hora de completar las partidas. La compatibilidad en l\u00ednea permite jugar con o contra amigos que se encuentren lejos. Tanto los fans de siempre como los nuevos jugadores disfrutar\u00e1n con estos 12 juegos de muchos g\u00e9neros.<\/p>\n<p>\u25bc Lista de juegos<\/p>\n<p>River City Renegade<\/p>\n<p>La hora del bal\u00f3n prisionero de Kunio, \u00a1vamos chicos!<\/p>\n<p>Historia del b\u00e9isbol en el centro de River City<\/p>\n<p>Kunio&#8217;s Oden<\/p>\n<p>LOS COMBATIENTES<\/p>\n<p>SugoroQuest++ -DICENICS-<\/p>\n<p>DunQuest<\/p>\n<p>Super Dodge Ball<\/p>\n<p>XAIN&#8217;D SLEENA<\/p>\n<p>PUERTA DE CHINA<\/p>\n<p>THE COMBATRIBES (Arcade)<\/p>\n<p>FUERZA DE LAS SOMBRAS<\/p>\n<p>*Ten en cuenta que SugoroQuest++ -DICENICS- y DunQuest s\u00f3lo est\u00e1n disponibles en japon\u00e9s.<\/p>\n<p>XAIN&#8217;D SLEENA (N\u00famero de jugadores: 1)<\/p>\n<p>DunQuest (N\u00famero de jugadores: 1)<\/p>\n<p>River City Renegade (N\u00famero de jugadores: 1-2)<\/p>\n<p>Kunio&#8217;s Dodgeball Time, C&#8217;mon Guys! (N\u00famero de jugadores: 1-2)<\/p>\n<p>Downtown River City Baseball Story (N\u00famero de jugadores: 1-2)<\/p>\n<p>Kunio\u2019s Oden (N\u00famero de jugadores: 1-2)<\/p>\n<p>THE COMBATRIBES (N\u00famero de jugadores: 1-2)<\/p>\n<p>THE COMBATRIBES (Arcade) (N\u00famero de jugadores: 1-3)<\/p>\n<p>Super Dodge Ball (N\u00famero de jugadores: 1-2)<\/p>\n<p>CHINA GATE (N\u00famero de jugadores: 1-2)<\/p>\n<p>SHADOW FORCE (N\u00famero de jugadores: 1-2)<\/p>\n<p>SugoroQuest++ -DICENICS- (N\u00famero de jugadores: 1-4)<\/p>\n<\/div>\n<\/div>\n<\/div>\n<\/div>\n<\/div>\n<\/div>","protected":false},"excerpt":{"rendered":"<p>Si desea im\u00e1genes adicionales del producto, puede solicitarlas desde el formulario de contacto o en el email kaototienda@gmail.com-Juego en ingl\u00e9s-Banda sonora de regalo \u00a0 Esta emocionante colecci\u00f3n te trae 12 juegos en uno, del desarrollador Technos Japan, conocido por crear las legendarias series River City y Double Dragon. Este variado paquete de t\u00edtulos incluye algunas [&hellip;]<\/p>\n","protected":false},"featured_media":22496,"template":"","meta":{"ocean_post_layout":"","ocean_both_sidebars_style":"","ocean_both_sidebars_content_width":0,"ocean_both_sidebars_sidebars_width":0,"ocean_sidebar":"","ocean_second_sidebar":"","ocean_disable_margins":"enable","ocean_add_body_class":"","ocean_shortcode_before_top_bar":"","ocean_shortcode_after_top_bar":"","ocean_shortcode_before_header":"","ocean_shortcode_after_header":"","ocean_has_shortcode":"","ocean_shortcode_after_title":"","ocean_shortcode_before_footer_widgets":"","ocean_shortcode_after_footer_widgets":"","ocean_shortcode_before_footer_bottom":"","ocean_shortcode_after_footer_bottom":"","ocean_display_top_bar":"default","ocean_display_header":"default","ocean_header_style":"","ocean_center_header_left_menu":"","ocean_custom_header_template":"","ocean_custom_logo":0,"ocean_custom_retina_logo":0,"ocean_custom_logo_max_width":0,"ocean_custom_logo_tablet_max_width":0,"ocean_custom_logo_mobile_max_width":0,"ocean_custom_logo_max_height":0,"ocean_custom_logo_tablet_max_height":0,"ocean_custom_logo_mobile_max_height":0,"ocean_header_custom_menu":"","ocean_menu_typo_font_family":"","ocean_menu_typo_font_subset":"","ocean_menu_typo_font_size":0,"ocean_menu_typo_font_size_tablet":0,"ocean_menu_typo_font_size_mobile":0,"ocean_menu_typo_font_size_unit":"px","ocean_menu_typo_font_weight":"","ocean_menu_typo_font_weight_tablet":"","ocean_menu_typo_font_weight_mobile":"","ocean_menu_typo_transform":"","ocean_menu_typo_transform_tablet":"","ocean_menu_typo_transform_mobile":"","ocean_menu_typo_line_height":0,"ocean_menu_typo_line_height_tablet":0,"ocean_menu_typo_line_height_mobile":0,"ocean_menu_typo_line_height_unit":"","ocean_menu_typo_spacing":0,"ocean_menu_typo_spacing_tablet":0,"ocean_menu_typo_spacing_mobile":0,"ocean_menu_typo_spacing_unit":"","ocean_menu_link_color":"","ocean_menu_link_color_hover":"","ocean_menu_link_color_active":"","ocean_menu_link_background":"","ocean_menu_link_hover_background":"","ocean_menu_link_active_background":"","ocean_menu_social_links_bg":"","ocean_menu_social_hover_links_bg":"","ocean_menu_social_links_color":"","ocean_menu_social_hover_links_color":"","ocean_disable_title":"default","ocean_disable_heading":"default","ocean_post_title":"","ocean_post_subheading":"","ocean_post_title_style":"","ocean_post_title_background_color":"","ocean_post_title_background":0,"ocean_post_title_bg_image_position":"","ocean_post_title_bg_image_attachment":"","ocean_post_title_bg_image_repeat":"","ocean_post_title_bg_image_size":"","ocean_post_title_height":0,"ocean_post_title_bg_overlay":0.5,"ocean_post_title_bg_overlay_color":"","ocean_disable_breadcrumbs":"default","ocean_breadcrumbs_color":"","ocean_breadcrumbs_separator_color":"","ocean_breadcrumbs_links_color":"","ocean_breadcrumbs_links_hover_color":"","ocean_display_footer_widgets":"default","ocean_display_footer_bottom":"default","ocean_custom_footer_template":""},"product_brand":[],"product_cat":[98,124,128],"product_tag":[],"class_list":{"0":"post-32572","1":"product","2":"type-product","3":"status-publish","4":"has-post-thumbnail","6":"product_cat-novedades","7":"product_cat-switch","8":"product_cat-ultimas-entradas","10":"entry","11":"has-media","13":"first","14":"outofstock","15":"taxable","16":"shipping-taxable","17":"purchasable","18":"product-type-simple","19":"col","20":"span_1_of_3","21":"owp-content-center","22":"owp-thumbs-layout-horizontal","23":"owp-btn-normal","24":"owp-tabs-layout-horizontal"},"aioseo_notices":[],"_links":{"self":[{"href":"https:\/\/kaotostore.com\/en\/wp-json\/wp\/v2\/product\/32572","targetHints":{"allow":["GET"]}}],"collection":[{"href":"https:\/\/kaotostore.com\/en\/wp-json\/wp\/v2\/product"}],"about":[{"href":"https:\/\/kaotostore.com\/en\/wp-json\/wp\/v2\/types\/product"}],"wp:featuredmedia":[{"embeddable":true,"href":"https:\/\/kaotostore.com\/en\/wp-json\/wp\/v2\/media\/22496"}],"wp:attachment":[{"href":"https:\/\/kaotostore.com\/en\/wp-json\/wp\/v2\/media?parent=32572"}],"wp:term":[{"taxonomy":"product_brand","embeddable":true,"href":"https:\/\/kaotostore.com\/en\/wp-json\/wp\/v2\/product_brand?post=32572"},{"taxonomy":"product_cat","embeddable":true,"href":"https:\/\/kaotostore.com\/en\/wp-json\/wp\/v2\/product_cat?post=32572"},{"taxonomy":"product_tag","embeddable":true,"href":"https:\/\/kaotostore.com\/en\/wp-json\/wp\/v2\/product_tag?post=32572"}],"curies":[{"name":"wp","href":"https:\/\/api.w.org\/{rel}","templated":true}]}}